{"id":37962,"date":"2025-09-08T13:04:09","date_gmt":"2025-09-08T13:04:09","guid":{"rendered":"https:\/\/ledsteplight.com\/import-placeholder-for-37025\/"},"modified":"2026-01-03T07:30:47","modified_gmt":"2026-01-03T07:30:47","slug":"mg-sn038-t1-3w-recessed-led-step-light-osram-cree-indoor-footlight","status":"publish","type":"product","link":"https:\/\/ledsteplight.com\/hu\/mg-sn038-t1-3w-recessed-led-step-light-osram-cree-indoor-footlight\/","title":{"rendered":"MG-SN038-T1 3W Be\u00e9p\u00edtett LED l\u00e9pcs\u0151f\u00e9ny | OSRAM\/CREE Belt\u00e9ri l\u00e1mpa"},"content":{"rendered":"<table class=\"OxEWNITQ\">\n<thead>\n<tr>\n<th>Param\u00e9ter<\/th>\n<th>Specifik\u00e1ci\u00f3<\/th>\n<\/tr>\n<\/thead>\n<tbody>\n<tr>\n<td>Term\u00e9kk\u00f3d<\/td>\n<td>MG-SN038-T1<\/td>\n<\/tr>\n<tr>\n<td>Term\u00e9k m\u00e9rete (M\u00e9ret)<\/td>\n<td>L87<em>W87<\/em>H35mm<\/td>\n<\/tr>\n<tr>\n<td>V\u00e1g\u00e1si m\u00e9ret (V\u00e1g\u00e1si m\u00e9ret)<\/td>\n<td>86 El\u0151re be\u00e1sott doboz<\/td>\n<\/tr>\n<tr>\n<td>Funkci\u00f3 vez\u00e9rl\u00e9s (Funkci\u00f3 vez\u00e9rl\u00e9s)<\/td>\n<td>(Nem kifejezetten az eredeti adatokban megadva, de \u00e1ltal\u00e1ban tartalmaz olyan funkci\u00f3kat, mint <strong><a href=\"https:\/\/ledsteplight.com\/hu\/pir-sensor-step-light-top-advantages-for-safety\/\" class=\"waam-auto-link\" title=\"mozg\u00e1s\u00e9rz\u00e9kel\u0151t\u0151l\">mozg\u00e1s\u00e9rz\u00e9kel\u0151t\u0151l<\/a><\/strong> \u00e9s f\u00e9nyvez\u00e9rl\u00e9s hasonl\u00f3 modellek alapj\u00e1n)<\/td>\n<\/tr>\n<tr>\n<td>F\u00e9nyforr\u00e1s (F\u00e9nyforr\u00e1s)<\/td>\n<td>OSRAM \/ CREE<\/td>\n<\/tr>\n<tr>\n<td>Fogyaszt\u00e1s (Watt)<\/td>\n<td>3W (700mA)<\/td>\n<\/tr>\n<tr>\n<td>Term\u00e9k S\u00falya (S\u00faly)<\/td>\n<td>0,45kg<\/td>\n<\/tr>\n<tr>\n<td>Bemeneti Elektromos Param\u00e9terek (AC Bemenet)<\/td>\n<td>100-240V, 50~60HZ<\/td>\n<\/tr>\n<tr>\n<td>Vez\u00e9rl\u0151 (Vez\u00e9rl\u0151)<\/td>\n<td>eaglerise<\/td>\n<\/tr>\n<tr>\n<td>Reflektor Sz\u00f6ge (Reflektor Sz\u00f6ge)<\/td>\n<td>(Nem szerepel az adatok k\u00f6z\u00f6tt)<\/td>\n<\/tr>\n<tr>\n<td><strong><a href=\"https:\/\/ledsteplight.com\/hu\/dm36b-pro-honeycomb-anti-glare-led-in-ground-light-ip67-24v-dc\/\" class=\"waam-auto-link\" title=\"Sz\u00ednh\u0151m\u00e9rs\u00e9klet\">Sz\u00ednh\u0151m\u00e9rs\u00e9klet<\/a><\/strong> (Sz\u00ednh\u0151m\u00e9rs\u00e9klet)<\/td>\n<td>2700K, 3000K, 4000K, 6000K<\/td>\n<\/tr>\n<tr>\n<td>Vezet\u00e9k\/Hossz\/Csatlakoz\u00f3 (Csatlakoz\u00e1s)<\/td>\n<td>(Nem szerepel az adatok k\u00f6z\u00f6tt)<\/td>\n<\/tr>\n<tr>\n<td>Term\u00e9k Anyaga (Anyag)<\/td>\n<td>Alum\u00ednium<\/td>\n<\/tr>\n<tr>\n<td>Sz\u00edn\/Bevonat (Sz\u00edn)<\/td>\n<td>Feh\u00e9r, Fekete, Ez\u00fcst<\/td>\n<\/tr>\n<tr>\n<td>IP Oszt\u00e1lyoz\u00e1s (IP)<\/td>\n<td>IP20<\/td>\n<\/tr>\n<tr>\n<td>Szerel\u00e9si M\u00f3d (Szerel\u00e9s)<\/td>\n<td>Rejtett be\u00e9p\u00edt\u00e9s\u0171 (el\u0151re be\u00e1sott dobozzal)<\/td>\n<\/tr>\n<\/tbody>\n<\/table>\n<p><b data-path-to-node=\"8\" data-index-in-node=\"21\">MG-SN038-T1<\/b> egy magas teljes\u00edtm\u00e9ny\u0171, 3W-es be\u00e9p\u00edtett <strong><a href=\"https:\/\/ledsteplight.com\/hu\/3w-cob-led-inground-light-outdoor-waterproof-ip65\/\" class=\"waam-auto-link\" title=\"LED l\u00e9pcs\u0151f\u00e9ny\">LED l\u00e9pcs\u0151f\u00e9ny<\/a><\/strong> kifinomult bels\u0151 t\u00e9rhez tervezve <strong><a href=\"https:\/\/ledsteplight.com\/hu\/cree-bridgelux-chip-ip65-led-fixture-for-garden-facade-lighting\/\" class=\"waam-auto-link\" title=\"\u00e9p\u00edt\u00e9szeti vil\u00e1g\u00edt\u00e1st\">\u00e9p\u00edt\u00e9szeti vil\u00e1g\u00edt\u00e1st<\/a><\/strong>. Kiv\u00e1l\u00f3 min\u0151s\u00e9g\u0171vel tervezve <b data-path-to-node=\"8\" data-index-in-node=\"167\">OSRAM vagy CREE LED chipekkel<\/b> \u00e9s egy megb\u00edzhat\u00f3 <b data-path-to-node=\"8\" data-index-in-node=\"206\">Eaglerise driverrel<\/b>, l\u00e1gy, vak\u00edt\u00e1smentes vil\u00e1g\u00edt\u00e1st ny\u00fajt a biztons\u00e1g \u00e9s hangulat \u00e9rdek\u00e9ben. Minimalista n\u00e9gyzet alak\u00fa kialak\u00edt\u00e1sa \u00e9s s\u00edk fel\u00fclet\u0171 szerel\u00e9se ide\u00e1liss\u00e1 teszi modern lak\u00f3- \u00e9s kereskedelmi projektekhez.<\/p>","protected":false},"excerpt":{"rendered":"<p data-start=\"2697\" data-end=\"2811\">Az MG-SN038-T1 egy 3W be\u00e9p\u00edtett LED l\u00e9pcs\u0151f\u00e9ny, amely OSRAM\/CREE chipeket \u00e9s Eaglerise meghajt\u00f3kat tartalmaz. Tart\u00f3s alum\u00ednium szerkezet, IP20 besorol\u00e1s\u00fa, \u00e9s kompatibilis 86 el\u0151re be\u00e9p\u00edtett dobozokkal.<\/p>","protected":false},"featured_media":37147,"comment_status":"open","ping_status":"closed","template":"","meta":[],"product_brand":[],"product_cat":[116,100,426,427,428,439,429,440,430,441,431,442,443,432,433,444,445,446,434,435,436,437],"product_tag":[117,120,121,122,123,103,124,125],"class_list":{"0":"post-37962","1":"product","2":"type-product","3":"status-publish","4":"has-post-thumbnail","6":"product_cat-038-series","7":"product_cat-aluminum-ground-light","8":"product_cat-ceiling-recessed","9":"product_cat-ceiling-surface","10":"product_cat-ceiling-suspended","11":"product_cat-commercial","12":"product_cat-drivers","13":"product_cat-education","14":"product_cat-freestanding-light","15":"product_cat-hospitality","16":"product_cat-industrial","17":"product_cat-infrastructure","18":"product_cat-landscape","19":"product_cat-landscaping","20":"product_cat-linear","21":"product_cat-office","22":"product_cat-residential","23":"product_cat-retail","24":"product_cat-table-lamp","25":"product_cat-track","26":"product_cat-wall-recessed","27":"product_cat-wall-surface","28":"product_tag-038-series","29":"product_tag-2w-led-fixture","30":"product_tag-3000k-led-light","31":"product_tag-4000k-led-light","32":"product_tag-5700k-led-light","33":"product_tag-aluminum-ground-light","34":"product_tag-aluminum-led-light","35":"product_tag-brushed-black-led-fixture","37":"first","38":"instock","39":"shipping-taxable","40":"product-type-simple"},"_links":{"self":[{"href":"https:\/\/ledsteplight.com\/hu\/wp-json\/wp\/v2\/product\/37962","targetHints":{"allow":["GET"]}}],"collection":[{"href":"https:\/\/ledsteplight.com\/hu\/wp-json\/wp\/v2\/product"}],"about":[{"href":"https:\/\/ledsteplight.com\/hu\/wp-json\/wp\/v2\/types\/product"}],"replies":[{"embeddable":true,"href":"https:\/\/ledsteplight.com\/hu\/wp-json\/wp\/v2\/comments?post=37962"}],"version-history":[{"count":3,"href":"https:\/\/ledsteplight.com\/hu\/wp-json\/wp\/v2\/product\/37962\/revisions"}],"predecessor-version":[{"id":38725,"href":"https:\/\/ledsteplight.com\/hu\/wp-json\/wp\/v2\/product\/37962\/revisions\/38725"}],"wp:featuredmedia":[{"embeddable":true,"href":"https:\/\/ledsteplight.com\/hu\/wp-json\/wp\/v2\/media\/37147"}],"wp:attachment":[{"href":"https:\/\/ledsteplight.com\/hu\/wp-json\/wp\/v2\/media?parent=37962"}],"wp:term":[{"taxonomy":"product_brand","embeddable":true,"href":"https:\/\/ledsteplight.com\/hu\/wp-json\/wp\/v2\/product_brand?post=37962"},{"taxonomy":"product_cat","embeddable":true,"href":"https:\/\/ledsteplight.com\/hu\/wp-json\/wp\/v2\/product_cat?post=37962"},{"taxonomy":"product_tag","embeddable":true,"href":"https:\/\/ledsteplight.com\/hu\/wp-json\/wp\/v2\/product_tag?post=37962"}],"curies":[{"name":"wp","href":"https:\/\/api.w.org\/{rel}","templated":true}]}}