{"id":37963,"date":"2025-09-08T13:04:09","date_gmt":"2025-09-08T13:04:09","guid":{"rendered":"https:\/\/ledsteplight.com\/import-placeholder-for-37034\/"},"modified":"2026-01-05T10:30:06","modified_gmt":"2026-01-05T10:30:06","slug":"mg-sn038-t4-3w-ip65-waterproof-led-step-light-die-cast-aluminum-outdoor-path-landscape-lighting","status":"publish","type":"product","link":"https:\/\/ledsteplight.com\/hu\/mg-sn038-t4-3w-ip65-waterproof-led-step-light-die-cast-aluminum-outdoor-path-landscape-lighting\/","title":{"rendered":"MG-SN038-T4 3W IP65 v\u00edz\u00e1ll\u00f3 LED l\u00e9pcs\u0151f\u00e9ny \u2013 \u00f6nt\u00f6tt alum\u00ednium k\u00fclt\u00e9ri \u00fat- \u00e9s t\u00e1jvil\u00e1g\u00edt\u00e1s"},"content":{"rendered":"<table data-start=\"55\" data-end=\"1313\">\n<thead data-start=\"55\" data-end=\"138\">\n<tr data-start=\"55\" data-end=\"138\">\n<th data-start=\"55\" data-end=\"84\"><strong data-start=\"57\" data-end=\"70\">Param\u00e9ter<\/strong><\/th>\n<th data-start=\"84\" data-end=\"138\"><strong data-start=\"86\" data-end=\"97\">R\u00e9szletek<\/strong><\/th>\n<\/tr>\n<\/thead>\n<tbody data-start=\"223\" data-end=\"1313\">\n<tr data-start=\"223\" data-end=\"306\">\n<td><strong data-start=\"225\" data-end=\"234\">Modell<\/strong><\/td>\n<td>MG-SN038-T4<\/td>\n<\/tr>\n<tr data-start=\"307\" data-end=\"390\">\n<td><strong data-start=\"309\" data-end=\"320\">Teljes\u00edtm\u00e9ny<\/strong><\/td>\n<td>3W<\/td>\n<\/tr>\n<tr data-start=\"391\" data-end=\"474\">\n<td><strong data-start=\"393\" data-end=\"405\">LED T\u00edpus<\/strong><\/td>\n<td>COB LED<\/td>\n<\/tr>\n<tr data-start=\"475\" data-end=\"558\">\n<td><strong data-start=\"477\" data-end=\"488\">Fesz\u00fclts\u00e9g<\/strong><\/td>\n<td>AC220V<\/td>\n<\/tr>\n<tr data-start=\"559\" data-end=\"642\">\n<td><strong data-start=\"561\" data-end=\"582\"><strong><a href=\"https:\/\/ledsteplight.com\/hu\/dm36b-pro-honeycomb-anti-glare-led-in-ground-light-ip67-24v-dc\/\" class=\"waam-auto-link\" title=\"Sz\u00ednh\u0151m\u00e9rs\u00e9klet\">Sz\u00ednh\u0151m\u00e9rs\u00e9klet<\/a><\/strong><\/strong><\/td>\n<td>3000K \/ 6000K<\/td>\n<\/tr>\n<tr data-start=\"643\" data-end=\"726\">\n<td><strong data-start=\"645\" data-end=\"659\">F\u00e9nycs\u00f3va sz\u00f6ge<\/strong><\/td>\n<td>120\u00b0<\/td>\n<\/tr>\n<tr data-start=\"727\" data-end=\"810\">\n<td><strong data-start=\"729\" data-end=\"750\">V\u00edz\u00e1ll\u00f3s\u00e1gi besorol\u00e1s<\/strong><\/td>\n<td><strong><a href=\"https:\/\/ledsteplight.com\/hu\/cree-bridgelux-chip-ip65-led-fixture-for-garden-facade-lighting\/\" class=\"waam-auto-link\" title=\"IP65\">IP65<\/a><\/strong><\/td>\n<\/tr>\n<tr data-start=\"811\" data-end=\"894\">\n<td><strong data-start=\"813\" data-end=\"825\">Anyag<\/strong><\/td>\n<td>\u00f6nt\u00f6tt alum\u00ednium<\/td>\n<\/tr>\n<tr data-start=\"895\" data-end=\"978\">\n<td><strong data-start=\"897\" data-end=\"909\">\u00c9lettartam<\/strong><\/td>\n<td>40 000 \u00f3ra<\/td>\n<\/tr>\n<tr data-start=\"979\" data-end=\"1062\">\n<td><strong data-start=\"981\" data-end=\"1002\">Telep\u00edt\u00e9si T\u00edpus<\/strong><\/td>\n<td><strong><a href=\"https:\/\/ledsteplight.com\/hu\/5w-led-in-ground-lights-ip65-waterproof-outdoor-driveway-garden-floor-lighting\/\" class=\"waam-auto-link\" title=\"Be\u00e1gyazott telep\u00edt\u00e9s\">Be\u00e1gyazott telep\u00edt\u00e9s<\/a><\/strong><\/td>\n<\/tr>\n<tr data-start=\"1063\" data-end=\"1146\">\n<td><strong data-start=\"1065\" data-end=\"1090\">\u00dczemel\u00e9si h\u0151m\u00e9rs\u00e9klet<\/strong><\/td>\n<td>-20\u00b0C-t\u00f3l +50\u00b0C-ig<\/td>\n<\/tr>\n<tr data-start=\"1147\" data-end=\"1230\">\n<td><strong data-start=\"1149\" data-end=\"1161\">Garancia<\/strong><\/td>\n<td>3 \u00e9v<\/td>\n<\/tr>\n<tr data-start=\"1231\" data-end=\"1313\">\n<td><strong data-start=\"1233\" data-end=\"1249\">Alkalmaz\u00e1sok<\/strong><\/td>\n<td>J\u00e1rd\u00e1k, kertek, l\u00e9pcs\u0151k, t\u00e1jak, kereskedelmi<\/td>\n<\/tr>\n<\/tbody>\n<\/table>\n<p>&nbsp;<\/p>","protected":false},"excerpt":{"rendered":"<p data-start=\"102\" data-end=\"520\">MG-SN038-T4 3W IP65 v\u00edz\u00e1ll\u00f3 LED l\u00e9pcs\u0151f\u00e9ny \u2013 \u00f6nt\u00f6tt alum\u00ednium k\u00fclt\u00e9ri \u00fat- \u00e9s t\u00e1jvil\u00e1g\u00edt\u00e1s, ez a 3W COB LED l\u00e1mpa l\u00e1gy, magas hat\u00e9konys\u00e1g\u00fa vil\u00e1g\u00edt\u00e1st biztos\u00edt mind lakoss\u00e1gi, mind kereskedelmi k\u00fclt\u00e9ri k\u00f6rnyezetben<\/p>","protected":false},"featured_media":37151,"comment_status":"open","ping_status":"closed","template":"","meta":[],"product_brand":[],"product_cat":[116,100,426,427,428,439,429,440,430,441,431,442,443,432,433,444,445,446,434,435,436,437],"product_tag":[117,82,103,76,77],"class_list":{"0":"post-37963","1":"product","2":"type-product","3":"status-publish","4":"has-post-thumbnail","6":"product_cat-038-series","7":"product_cat-aluminum-ground-light","8":"product_cat-ceiling-recessed","9":"product_cat-ceiling-surface","10":"product_cat-ceiling-suspended","11":"product_cat-commercial","12":"product_cat-drivers","13":"product_cat-education","14":"product_cat-freestanding-light","15":"product_cat-hospitality","16":"product_cat-industrial","17":"product_cat-infrastructure","18":"product_cat-landscape","19":"product_cat-landscaping","20":"product_cat-linear","21":"product_cat-office","22":"product_cat-residential","23":"product_cat-retail","24":"product_cat-table-lamp","25":"product_cat-track","26":"product_cat-wall-recessed","27":"product_cat-wall-surface","28":"product_tag-038-series","29":"product_tag-3w-led","30":"product_tag-aluminum-ground-light","31":"product_tag-aluminum-housing","32":"product_tag-ground-light","34":"first","35":"instock","36":"shipping-taxable","37":"product-type-simple"},"_links":{"self":[{"href":"https:\/\/ledsteplight.com\/hu\/wp-json\/wp\/v2\/product\/37963","targetHints":{"allow":["GET"]}}],"collection":[{"href":"https:\/\/ledsteplight.com\/hu\/wp-json\/wp\/v2\/product"}],"about":[{"href":"https:\/\/ledsteplight.com\/hu\/wp-json\/wp\/v2\/types\/product"}],"replies":[{"embeddable":true,"href":"https:\/\/ledsteplight.com\/hu\/wp-json\/wp\/v2\/comments?post=37963"}],"version-history":[{"count":3,"href":"https:\/\/ledsteplight.com\/hu\/wp-json\/wp\/v2\/product\/37963\/revisions"}],"predecessor-version":[{"id":38727,"href":"https:\/\/ledsteplight.com\/hu\/wp-json\/wp\/v2\/product\/37963\/revisions\/38727"}],"wp:featuredmedia":[{"embeddable":true,"href":"https:\/\/ledsteplight.com\/hu\/wp-json\/wp\/v2\/media\/37151"}],"wp:attachment":[{"href":"https:\/\/ledsteplight.com\/hu\/wp-json\/wp\/v2\/media?parent=37963"}],"wp:term":[{"taxonomy":"product_brand","embeddable":true,"href":"https:\/\/ledsteplight.com\/hu\/wp-json\/wp\/v2\/product_brand?post=37963"},{"taxonomy":"product_cat","embeddable":true,"href":"https:\/\/ledsteplight.com\/hu\/wp-json\/wp\/v2\/product_cat?post=37963"},{"taxonomy":"product_tag","embeddable":true,"href":"https:\/\/ledsteplight.com\/hu\/wp-json\/wp\/v2\/product_tag?post=37963"}],"curies":[{"name":"wp","href":"https:\/\/api.w.org\/{rel}","templated":true}]}}