{"id":37964,"date":"2025-09-08T13:04:09","date_gmt":"2025-09-08T13:04:09","guid":{"rendered":"https:\/\/ledsteplight.com\/import-placeholder-for-37035\/"},"modified":"2026-01-07T03:35:38","modified_gmt":"2026-01-07T03:35:38","slug":"mg-sn040-3w-professional-cob-led-ground-light","status":"publish","type":"product","link":"https:\/\/ledsteplight.com\/hu\/mg-sn040-3w-professional-cob-led-ground-light\/","title":{"rendered":"MG-SN040 | 3W Professzion\u00e1lis COB LED F\u00f6ldi L\u00e1mpa"},"content":{"rendered":"<p>Itt tal\u00e1lhat\u00f3 egy param\u00e9tert\u00e1bla a <strong>MG-SN040<\/strong>:<\/p>\n<table>\n<thead>\n<tr>\n<th><strong>Param\u00e9ter<\/strong><\/th>\n<th><strong>R\u00e9szletek<\/strong><\/th>\n<\/tr>\n<\/thead>\n<tbody>\n<tr>\n<td><strong>Modell<\/strong><\/td>\n<td>MG-SN040<\/td>\n<\/tr>\n<tr>\n<td><strong>Teljes\u00edtm\u00e9ny<\/strong><\/td>\n<td>3W<\/td>\n<\/tr>\n<tr>\n<td><strong>LED T\u00edpus<\/strong><\/td>\n<td>COB LED<\/td>\n<\/tr>\n<tr>\n<td><strong>Fesz\u00fclts\u00e9g<\/strong><\/td>\n<td>AC220V<\/td>\n<\/tr>\n<tr>\n<td><strong><strong><a href=\"https:\/\/ledsteplight.com\/hu\/dm36b-pro-honeycomb-anti-glare-led-in-ground-light-ip67-24v-dc\/\" class=\"waam-auto-link\" title=\"Sz\u00ednh\u0151m\u00e9rs\u00e9klet\">Sz\u00ednh\u0151m\u00e9rs\u00e9klet<\/a><\/strong><\/strong><\/td>\n<td>3000K \/ 6000K<\/td>\n<\/tr>\n<tr>\n<td><strong>F\u00e9nycs\u00f3va sz\u00f6ge<\/strong><\/td>\n<td>120\u00b0<\/td>\n<\/tr>\n<tr>\n<td><strong>V\u00edz\u00e1ll\u00f3s\u00e1gi besorol\u00e1s<\/strong><\/td>\n<td>IP65<\/td>\n<\/tr>\n<tr>\n<td><strong>Anyag<\/strong><\/td>\n<td>\u00f6nt\u00f6tt alum\u00ednium<\/td>\n<\/tr>\n<tr>\n<td><strong>\u00c9lettartam<\/strong><\/td>\n<td>40 000 \u00f3ra<\/td>\n<\/tr>\n<tr>\n<td><strong>Telep\u00edt\u00e9si T\u00edpus<\/strong><\/td>\n<td><strong><a href=\"https:\/\/ledsteplight.com\/hu\/5w-led-in-ground-lights-ip65-waterproof-outdoor-driveway-garden-floor-lighting\/\" class=\"waam-auto-link\" title=\"Be\u00e1gyazott telep\u00edt\u00e9s\">Be\u00e1gyazott telep\u00edt\u00e9s<\/a><\/strong><\/td>\n<\/tr>\n<tr>\n<td><strong>\u00dczemel\u00e9si h\u0151m\u00e9rs\u00e9klet<\/strong><\/td>\n<td>-20\u00b0C-t\u00f3l +50\u00b0C-ig<\/td>\n<\/tr>\n<tr>\n<td><strong>Garancia<\/strong><\/td>\n<td>3 \u00e9v<\/td>\n<\/tr>\n<tr>\n<td><strong>Alkalmaz\u00e1sok<\/strong><\/td>\n<td>K\u00fclt\u00e9ri, \u00dat <strong><a href=\"https:\/\/ledsteplight.com\/hu\/pir-sensor-step-light-top-advantages-for-safety\/\" class=\"waam-auto-link\" title=\"L\u00e9pcs\u0151vil\u00e1g\u00edt\u00e1s\">L\u00e9pcs\u0151vil\u00e1g\u00edt\u00e1s<\/a><\/strong>, <strong><a href=\"https:\/\/ledsteplight.com\/hu\/cree-bridgelux-chip-ip65-led-fixture-for-garden-facade-lighting\/\" class=\"waam-auto-link\" title=\"Kerti vil\u00e1g\u00edt\u00e1s\">Kerti vil\u00e1g\u00edt\u00e1s<\/a><\/strong><\/td>\n<\/tr>\n<\/tbody>\n<\/table>\n<p>&nbsp;<\/p>\n<p>&nbsp;<\/p>","protected":false},"excerpt":{"rendered":"<p data-start=\"57\" data-end=\"93\"><b data-path-to-node=\"4\" data-index-in-node=\"4\">MG-SN040<\/b> egy pr\u00e9mium, alacsony profil\u00fa be\u00e9p\u00edtett f\u00f6ldalatti l\u00e1mpa, amely eleg\u00e1ns \u00e9s hat\u00e9kony megvil\u00e1g\u00edt\u00e1st ny\u00fajt modern k\u00fclt\u00e9ri t\u00e1jakhoz. Magas teljes\u00edtm\u00e9ny\u0171 COB (Chip on Board) LED technol\u00f3gi\u00e1val felszerelve, ez a l\u00e1mpa er\u0151teljes <b data-path-to-node=\"4\" data-index-in-node=\"243\">3W-os teljes\u00edtm\u00e9nyt<\/b> ny\u00fajt, kiv\u00e1l\u00f3 f\u00e9nyegys\u00e9gess\u00e9ggel, \u00edgy ide\u00e1lis v\u00e1laszt\u00e1s biztons\u00e1gi \u00e9s eszt\u00e9tikai vil\u00e1g\u00edt\u00e1shoz kereskedelmi \u00e9s lakoss\u00e1gi projektekben.<\/p>","protected":false},"featured_media":37158,"comment_status":"open","ping_status":"closed","template":"","meta":[],"product_brand":[],"product_cat":[116,86,100,426,427,428,71,439,429,440,430,441,431,442,443,432,433,444,445,446,434,435,436,437],"product_tag":[117,82,103,76,75,77],"class_list":{"0":"post-37964","1":"product","2":"type-product","3":"status-publish","4":"has-post-thumbnail","6":"product_cat-038-series","7":"product_cat-3w-power","8":"product_cat-aluminum-ground-light","9":"product_cat-ceiling-recessed","10":"product_cat-ceiling-surface","11":"product_cat-ceiling-suspended","12":"product_cat-cob","13":"product_cat-commercial","14":"product_cat-drivers","15":"product_cat-education","16":"product_cat-freestanding-light","17":"product_cat-hospitality","18":"product_cat-industrial","19":"product_cat-infrastructure","20":"product_cat-landscape","21":"product_cat-landscaping","22":"product_cat-linear","23":"product_cat-office","24":"product_cat-residential","25":"product_cat-retail","26":"product_cat-table-lamp","27":"product_cat-track","28":"product_cat-wall-recessed","29":"product_cat-wall-surface","30":"product_tag-038-series","31":"product_tag-3w-led","32":"product_tag-aluminum-ground-light","33":"product_tag-aluminum-housing","34":"product_tag-cob-light","35":"product_tag-ground-light","37":"first","38":"instock","39":"shipping-taxable","40":"product-type-simple"},"_links":{"self":[{"href":"https:\/\/ledsteplight.com\/hu\/wp-json\/wp\/v2\/product\/37964","targetHints":{"allow":["GET"]}}],"collection":[{"href":"https:\/\/ledsteplight.com\/hu\/wp-json\/wp\/v2\/product"}],"about":[{"href":"https:\/\/ledsteplight.com\/hu\/wp-json\/wp\/v2\/types\/product"}],"replies":[{"embeddable":true,"href":"https:\/\/ledsteplight.com\/hu\/wp-json\/wp\/v2\/comments?post=37964"}],"version-history":[{"count":3,"href":"https:\/\/ledsteplight.com\/hu\/wp-json\/wp\/v2\/product\/37964\/revisions"}],"predecessor-version":[{"id":38738,"href":"https:\/\/ledsteplight.com\/hu\/wp-json\/wp\/v2\/product\/37964\/revisions\/38738"}],"wp:featuredmedia":[{"embeddable":true,"href":"https:\/\/ledsteplight.com\/hu\/wp-json\/wp\/v2\/media\/37158"}],"wp:attachment":[{"href":"https:\/\/ledsteplight.com\/hu\/wp-json\/wp\/v2\/media?parent=37964"}],"wp:term":[{"taxonomy":"product_brand","embeddable":true,"href":"https:\/\/ledsteplight.com\/hu\/wp-json\/wp\/v2\/product_brand?post=37964"},{"taxonomy":"product_cat","embeddable":true,"href":"https:\/\/ledsteplight.com\/hu\/wp-json\/wp\/v2\/product_cat?post=37964"},{"taxonomy":"product_tag","embeddable":true,"href":"https:\/\/ledsteplight.com\/hu\/wp-json\/wp\/v2\/product_tag?post=37964"}],"curies":[{"name":"wp","href":"https:\/\/api.w.org\/{rel}","templated":true}]}}