{"id":37965,"date":"2025-09-08T13:04:10","date_gmt":"2025-09-08T13:04:10","guid":{"rendered":"https:\/\/ledsteplight.com\/import-placeholder-for-37044\/"},"modified":"2026-01-07T03:34:50","modified_gmt":"2026-01-07T03:34:50","slug":"mg-linar-d1-modern-3w-cob-led-surface-mount-ground-light","status":"publish","type":"product","link":"https:\/\/ledsteplight.com\/hu\/mg-linar-d1-modern-3w-cob-led-surface-mount-ground-light\/","title":{"rendered":"MG-LINAR-D1 | Modern 3W COB LED fel\u00fcletre szerelhet\u0151 f\u00f6ldalatti l\u00e1mpa"},"content":{"rendered":"<h3 data-start=\"129\" data-end=\"164\"><strong data-start=\"133\" data-end=\"164\">Term\u00e9k specifik\u00e1ci\u00f3s t\u00e1bl\u00e1zat<\/strong><\/h3>\n<table data-start=\"166\" data-end=\"1360\">\n<thead data-start=\"166\" data-end=\"239\">\n<tr data-start=\"166\" data-end=\"239\">\n<th data-start=\"166\" data-end=\"188\"><strong data-start=\"168\" data-end=\"185\">Specifik\u00e1ci\u00f3<\/strong><\/th>\n<th data-start=\"188\" data-end=\"239\"><strong data-start=\"190\" data-end=\"201\">R\u00e9szletek<\/strong><\/th>\n<\/tr>\n<\/thead>\n<tbody data-start=\"314\" data-end=\"1360\">\n<tr data-start=\"314\" data-end=\"388\">\n<td><strong data-start=\"316\" data-end=\"325\">Modell<\/strong><\/td>\n<td>MG-LINAR-D1<\/td>\n<\/tr>\n<tr data-start=\"389\" data-end=\"463\">\n<td><strong data-start=\"391\" data-end=\"403\">LED T\u00edpus<\/strong><\/td>\n<td>3W COB LED<\/td>\n<\/tr>\n<tr data-start=\"464\" data-end=\"538\">\n<td><strong data-start=\"466\" data-end=\"477\">Fesz\u00fclts\u00e9g<\/strong><\/td>\n<td>85-265V<\/td>\n<\/tr>\n<tr data-start=\"539\" data-end=\"613\">\n<td><strong data-start=\"541\" data-end=\"562\"><strong><a href=\"https:\/\/ledsteplight.com\/hu\/dm36b-pro-honeycomb-anti-glare-led-in-ground-light-ip67-24v-dc\/\" class=\"waam-auto-link\" title=\"Sz\u00ednh\u0151m\u00e9rs\u00e9klet\">Sz\u00ednh\u0151m\u00e9rs\u00e9klet<\/a><\/strong><\/strong><\/td>\n<td>3000K \/ 6000K<\/td>\n<\/tr>\n<tr data-start=\"614\" data-end=\"688\">\n<td><strong data-start=\"616\" data-end=\"629\">IP besorol\u00e1s<\/strong><\/td>\n<td><strong><a href=\"https:\/\/ledsteplight.com\/hu\/cree-bridgelux-chip-ip65-led-fixture-for-garden-facade-lighting\/\" class=\"waam-auto-link\" title=\"IP65\">IP65<\/a><\/strong><\/td>\n<\/tr>\n<tr data-start=\"689\" data-end=\"763\">\n<td><strong data-start=\"691\" data-end=\"708\">F\u00e9ny\u00e1ram<\/strong><\/td>\n<td>(Opcion\u00e1lis)<\/td>\n<\/tr>\n<tr data-start=\"764\" data-end=\"838\">\n<td><strong data-start=\"766\" data-end=\"775\">Teljes\u00edtm\u00e9ny<\/strong><\/td>\n<td>3W<\/td>\n<\/tr>\n<tr data-start=\"839\" data-end=\"913\">\n<td><strong data-start=\"841\" data-end=\"853\">\u00c9lettartam<\/strong><\/td>\n<td>40 000 \u00f3ra<\/td>\n<\/tr>\n<tr data-start=\"914\" data-end=\"987\">\n<td><strong data-start=\"916\" data-end=\"932\">Telep\u00edt\u00e9s<\/strong><\/td>\n<td><strong><a href=\"https:\/\/ledsteplight.com\/hu\/5w-led-in-ground-lights-ip65-waterproof-outdoor-driveway-garden-floor-lighting\/\" class=\"waam-auto-link\" title=\"Fel\u00fcletre szerelhet\u0151 telep\u00edt\u00e9s\">Fel\u00fcletre szerelhet\u0151 telep\u00edt\u00e9s<\/a><\/strong><\/td>\n<\/tr>\n<tr data-start=\"988\" data-end=\"1061\">\n<td><strong data-start=\"990\" data-end=\"1002\">Anyag<\/strong><\/td>\n<td>\u00f6ntv\u00e9ny alum\u00ednium<\/td>\n<\/tr>\n<tr data-start=\"1062\" data-end=\"1136\">\n<td><strong data-start=\"1064\" data-end=\"1078\">M\u00e9ret<\/strong><\/td>\n<td>(Opcion\u00e1lis)<\/td>\n<\/tr>\n<tr data-start=\"1137\" data-end=\"1211\">\n<td><strong data-start=\"1139\" data-end=\"1151\">Garancia<\/strong><\/td>\n<td>3 \u00e9v<\/td>\n<\/tr>\n<tr data-start=\"1212\" data-end=\"1286\">\n<td><strong data-start=\"1214\" data-end=\"1224\">S\u00faly<\/strong><\/td>\n<td>(Opcion\u00e1lis)<\/td>\n<\/tr>\n<tr data-start=\"1287\" data-end=\"1360\">\n<td><strong data-start=\"1289\" data-end=\"1304\">K\u00f6rnyezet<\/strong><\/td>\n<td>K\u00fclt\u00e9ri \/ P\u00e1r\u00e1s k\u00f6rnyezet<\/td>\n<\/tr>\n<\/tbody>\n<\/table>\n<p>&nbsp;<\/p>\n<p>&nbsp;<\/p>","protected":false},"excerpt":{"rendered":"<p><b data-path-to-node=\"4\" data-index-in-node=\"4\">MG-LINAR-D1<\/b> a modern minimalista design \u00e9s a magas teljes\u00edtm\u00e9ny\u0171 k\u00fclt\u00e9ri vil\u00e1g\u00edt\u00e1s tal\u00e1lkoz\u00e1s\u00e1t k\u00e9pviseli. A hagyom\u00e1nyos be\u00e9p\u00edtett l\u00e1mp\u00e1kkal ellent\u00e9tben ez a l\u00e1mpa egy eleg\u00e1ns <b data-path-to-node=\"4\" data-index-in-node=\"177\">fel\u00fcletre szerelhet\u0151 kialak\u00edt\u00e1ssal<\/b>, amely sokoldal\u00fa megold\u00e1st ny\u00fajt olyan helyeken, ahol nem lehets\u00e9ges m\u00e9ly \u00e1sat\u00e1s. A felhaszn\u00e1l\u00e1s\u00e1val <b data-path-to-node=\"4\" data-index-in-node=\"294\">3W COB LED<\/b>-t haszn\u00e1lva, f\u00f3kusz\u00e1lt, energiatakar\u00e9kos vil\u00e1g\u00edt\u00e1st biztos\u00edt kort\u00e1rs \u00e9p\u00edt\u00e9szeti t\u00e1jakhoz.<\/p>","protected":false},"featured_media":37160,"comment_status":"open","ping_status":"closed","template":"","meta":[],"product_brand":[],"product_cat":[100,426,427,428,71,439,429,440,430,73,441,126,431,442,443,432,433,444,112,445,446,106,434,435,436,437],"product_tag":[82,103,76,75,77,127,113,108],"class_list":{"0":"post-37965","1":"product","2":"type-product","3":"status-publish","4":"has-post-thumbnail","6":"product_cat-aluminum-ground-light","7":"product_cat-ceiling-recessed","8":"product_cat-ceiling-surface","9":"product_cat-ceiling-suspended","10":"product_cat-cob","11":"product_cat-commercial","12":"product_cat-drivers","13":"product_cat-education","14":"product_cat-freestanding-light","15":"product_cat-ground-light","16":"product_cat-hospitality","17":"product_cat-in-ground-light","18":"product_cat-industrial","19":"product_cat-infrastructure","20":"product_cat-landscape","21":"product_cat-landscaping","22":"product_cat-linear","23":"product_cat-office","24":"product_cat-outdoor-ground-light","25":"product_cat-residential","26":"product_cat-retail","27":"product_cat-round-ground-light","28":"product_cat-table-lamp","29":"product_cat-track","30":"product_cat-wall-recessed","31":"product_cat-wall-surface","32":"product_tag-3w-led","33":"product_tag-aluminum-ground-light","34":"product_tag-aluminum-housing","35":"product_tag-cob-light","36":"product_tag-ground-light","37":"product_tag-in-ground-light","38":"product_tag-outdoor-ground-light","39":"product_tag-round-ground-light","41":"first","42":"instock","43":"shipping-taxable","44":"product-type-simple"},"_links":{"self":[{"href":"https:\/\/ledsteplight.com\/hu\/wp-json\/wp\/v2\/product\/37965","targetHints":{"allow":["GET"]}}],"collection":[{"href":"https:\/\/ledsteplight.com\/hu\/wp-json\/wp\/v2\/product"}],"about":[{"href":"https:\/\/ledsteplight.com\/hu\/wp-json\/wp\/v2\/types\/product"}],"replies":[{"embeddable":true,"href":"https:\/\/ledsteplight.com\/hu\/wp-json\/wp\/v2\/comments?post=37965"}],"version-history":[{"count":3,"href":"https:\/\/ledsteplight.com\/hu\/wp-json\/wp\/v2\/product\/37965\/revisions"}],"predecessor-version":[{"id":38737,"href":"https:\/\/ledsteplight.com\/hu\/wp-json\/wp\/v2\/product\/37965\/revisions\/38737"}],"wp:featuredmedia":[{"embeddable":true,"href":"https:\/\/ledsteplight.com\/hu\/wp-json\/wp\/v2\/media\/37160"}],"wp:attachment":[{"href":"https:\/\/ledsteplight.com\/hu\/wp-json\/wp\/v2\/media?parent=37965"}],"wp:term":[{"taxonomy":"product_brand","embeddable":true,"href":"https:\/\/ledsteplight.com\/hu\/wp-json\/wp\/v2\/product_brand?post=37965"},{"taxonomy":"product_cat","embeddable":true,"href":"https:\/\/ledsteplight.com\/hu\/wp-json\/wp\/v2\/product_cat?post=37965"},{"taxonomy":"product_tag","embeddable":true,"href":"https:\/\/ledsteplight.com\/hu\/wp-json\/wp\/v2\/product_tag?post=37965"}],"curies":[{"name":"wp","href":"https:\/\/api.w.org\/{rel}","templated":true}]}}