{"id":37966,"date":"2025-09-08T13:04:10","date_gmt":"2025-09-08T13:04:10","guid":{"rendered":"https:\/\/ledsteplight.com\/import-placeholder-for-37045\/"},"modified":"2026-01-15T04:29:25","modified_gmt":"2026-01-15T04:29:25","slug":"mg-gyd038-t3-ip65-waterproof-led-step-light-3w-cree-outdoor-recessed-ground-light-for-gardens-paths","status":"publish","type":"product","link":"https:\/\/ledsteplight.com\/hu\/mg-gyd038-t3-ip65-waterproof-led-step-light-3w-cree-outdoor-recessed-ground-light-for-gardens-paths\/","title":{"rendered":"MG-GYD038-T3 IP65 V\u00edz\u00e1ll\u00f3 LED l\u00e9pcs\u0151f\u00e9ny | 3W CREE k\u00fclt\u00e9ri be\u00e9p\u00edthet\u0151 f\u00f6ldf\u00e9ny kertekhez \u00e9s s\u00e9t\u00e1nyokhoz"},"content":{"rendered":"<h3 data-start=\"117\" data-end=\"152\"><strong data-start=\"121\" data-end=\"152\">Term\u00e9k specifik\u00e1ci\u00f3s t\u00e1bl\u00e1zat<\/strong><\/h3>\n<table data-start=\"154\" data-end=\"1347\">\n<thead data-start=\"154\" data-end=\"227\">\n<tr data-start=\"154\" data-end=\"227\">\n<th data-start=\"154\" data-end=\"176\"><strong data-start=\"156\" data-end=\"173\">Specifik\u00e1ci\u00f3<\/strong><\/th>\n<th data-start=\"176\" data-end=\"227\"><strong data-start=\"178\" data-end=\"189\">R\u00e9szletek<\/strong><\/th>\n<\/tr>\n<\/thead>\n<tbody data-start=\"302\" data-end=\"1347\">\n<tr data-start=\"302\" data-end=\"375\">\n<td><strong data-start=\"304\" data-end=\"313\">Modell<\/strong><\/td>\n<td>MG-GYD038-T3<\/td>\n<\/tr>\n<tr data-start=\"376\" data-end=\"449\">\n<td><strong data-start=\"378\" data-end=\"390\">LED T\u00edpus<\/strong><\/td>\n<td>3W <strong><a href=\"https:\/\/ledsteplight.com\/hu\/cree-bridgelux-chip-ip65-led-fixture-for-garden-facade-lighting\/\" class=\"waam-auto-link\" title=\"CREE LED\">CREE LED<\/a><\/strong><\/td>\n<\/tr>\n<tr data-start=\"450\" data-end=\"524\">\n<td><strong data-start=\"452\" data-end=\"463\">Fesz\u00fclts\u00e9g<\/strong><\/td>\n<td>85-265V<\/td>\n<\/tr>\n<tr data-start=\"525\" data-end=\"599\">\n<td><strong data-start=\"527\" data-end=\"548\"><strong><a href=\"https:\/\/ledsteplight.com\/hu\/dm36b-pro-honeycomb-anti-glare-led-in-ground-light-ip67-24v-dc\/\" class=\"waam-auto-link\" title=\"Sz\u00ednh\u0151m\u00e9rs\u00e9klet\">Sz\u00ednh\u0151m\u00e9rs\u00e9klet<\/a><\/strong><\/strong><\/td>\n<td>3000K \/ 6000K<\/td>\n<\/tr>\n<tr data-start=\"600\" data-end=\"674\">\n<td><strong data-start=\"602\" data-end=\"615\">IP besorol\u00e1s<\/strong><\/td>\n<td>IP65<\/td>\n<\/tr>\n<tr data-start=\"675\" data-end=\"749\">\n<td><strong data-start=\"677\" data-end=\"694\">F\u00e9ny\u00e1ram<\/strong><\/td>\n<td>(Opcion\u00e1lis)<\/td>\n<\/tr>\n<tr data-start=\"750\" data-end=\"824\">\n<td><strong data-start=\"752\" data-end=\"761\">Teljes\u00edtm\u00e9ny<\/strong><\/td>\n<td>3W<\/td>\n<\/tr>\n<tr data-start=\"825\" data-end=\"899\">\n<td><strong data-start=\"827\" data-end=\"839\">\u00c9lettartam<\/strong><\/td>\n<td>30 000 \u00f3ra<\/td>\n<\/tr>\n<tr data-start=\"900\" data-end=\"973\">\n<td><strong data-start=\"902\" data-end=\"918\">Telep\u00edt\u00e9s<\/strong><\/td>\n<td><strong><a href=\"https:\/\/ledsteplight.com\/hu\/5w-led-in-ground-lights-ip65-waterproof-outdoor-driveway-garden-floor-lighting\/\" class=\"waam-auto-link\" title=\"Be\u00e1gyazott telep\u00edt\u00e9s\">Be\u00e1gyazott telep\u00edt\u00e9s<\/a><\/strong><\/td>\n<\/tr>\n<tr data-start=\"974\" data-end=\"1048\">\n<td><strong data-start=\"976\" data-end=\"988\">Anyag<\/strong><\/td>\n<td>Alum\u00ednium\u00f6tv\u00f6zet<\/td>\n<\/tr>\n<tr data-start=\"1049\" data-end=\"1123\">\n<td><strong data-start=\"1051\" data-end=\"1065\">M\u00e9ret<\/strong><\/td>\n<td>(Opcion\u00e1lis)<\/td>\n<\/tr>\n<tr data-start=\"1124\" data-end=\"1198\">\n<td><strong data-start=\"1126\" data-end=\"1138\">Garancia<\/strong><\/td>\n<td>3 \u00e9v<\/td>\n<\/tr>\n<tr data-start=\"1199\" data-end=\"1273\">\n<td><strong data-start=\"1201\" data-end=\"1211\">S\u00faly<\/strong><\/td>\n<td>(Opcion\u00e1lis)<\/td>\n<\/tr>\n<tr data-start=\"1274\" data-end=\"1347\">\n<td><strong data-start=\"1276\" data-end=\"1291\">K\u00f6rnyezet<\/strong><\/td>\n<td>K\u00fclt\u00e9ri \/ P\u00e1r\u00e1s k\u00f6rnyezet<\/td>\n<\/tr>\n<\/tbody>\n<\/table>\n<p>&nbsp;<\/p>","protected":false},"excerpt":{"rendered":"<p>N\u00f6velje k\u00fclt\u00e9ri biztons\u00e1g\u00e1t az MG-GYD038-T3 v\u00edz\u00e1ll\u00f3 LED f\u00f6ldl\u00e1mp\u00e1val. Egy 3W CREE LED-et \u00e9s IP65 v\u00e9delmet k\u00edn\u00e1l, ez a be\u00e9p\u00edthet\u0151 86 t\u00edpus\u00fa l\u00e1mpa ide\u00e1lis kertekhez, l\u00e9pcs\u0151kh\u00f6z \u00e9s teraszokhoz. Tart\u00f3s alum\u00ednium \u00f6tv\u00f6zetb\u0151l k\u00e9sz\u00fclt, sz\u00e9les fesz\u00fclts\u00e9gtartom\u00e1nnyal, AC85-265V. V\u00e1s\u00e1roljon megb\u00edzhat\u00f3 k\u00fclt\u00e9ri \u00fatburkolati vil\u00e1g\u00edt\u00e1st 3 \u00e9v garanci\u00e1val.<\/p>","protected":false},"featured_media":37163,"comment_status":"open","ping_status":"closed","template":"","meta":[],"product_brand":[],"product_cat":[116,100,426,427,428,439,87,429,440,430,441,431,442,443,432,433,444,445,446,101,434,435,436,437],"product_tag":[117,82,103,76,90,77,78,104],"class_list":{"0":"post-37966","1":"product","2":"type-product","3":"status-publish","4":"has-post-thumbnail","6":"product_cat-038-series","7":"product_cat-aluminum-ground-light","8":"product_cat-ceiling-recessed","9":"product_cat-ceiling-surface","10":"product_cat-ceiling-suspended","11":"product_cat-commercial","12":"product_cat-cree","13":"product_cat-drivers","14":"product_cat-education","15":"product_cat-freestanding-light","16":"product_cat-hospitality","17":"product_cat-industrial","18":"product_cat-infrastructure","19":"product_cat-landscape","20":"product_cat-landscaping","21":"product_cat-linear","22":"product_cat-office","23":"product_cat-residential","24":"product_cat-retail","25":"product_cat-sensor-ground-light","26":"product_cat-table-lamp","27":"product_cat-track","28":"product_cat-wall-recessed","29":"product_cat-wall-surface","30":"product_tag-038-series","31":"product_tag-3w-led","32":"product_tag-aluminum-ground-light","33":"product_tag-aluminum-housing","34":"product_tag-cree-chip","35":"product_tag-ground-light","36":"product_tag-outdoor-lighting","37":"product_tag-sensor-ground-light","39":"first","40":"instock","41":"shipping-taxable","42":"product-type-simple"},"_links":{"self":[{"href":"https:\/\/ledsteplight.com\/hu\/wp-json\/wp\/v2\/product\/37966","targetHints":{"allow":["GET"]}}],"collection":[{"href":"https:\/\/ledsteplight.com\/hu\/wp-json\/wp\/v2\/product"}],"about":[{"href":"https:\/\/ledsteplight.com\/hu\/wp-json\/wp\/v2\/types\/product"}],"replies":[{"embeddable":true,"href":"https:\/\/ledsteplight.com\/hu\/wp-json\/wp\/v2\/comments?post=37966"}],"version-history":[{"count":3,"href":"https:\/\/ledsteplight.com\/hu\/wp-json\/wp\/v2\/product\/37966\/revisions"}],"predecessor-version":[{"id":38749,"href":"https:\/\/ledsteplight.com\/hu\/wp-json\/wp\/v2\/product\/37966\/revisions\/38749"}],"wp:featuredmedia":[{"embeddable":true,"href":"https:\/\/ledsteplight.com\/hu\/wp-json\/wp\/v2\/media\/37163"}],"wp:attachment":[{"href":"https:\/\/ledsteplight.com\/hu\/wp-json\/wp\/v2\/media?parent=37966"}],"wp:term":[{"taxonomy":"product_brand","embeddable":true,"href":"https:\/\/ledsteplight.com\/hu\/wp-json\/wp\/v2\/product_brand?post=37966"},{"taxonomy":"product_cat","embeddable":true,"href":"https:\/\/ledsteplight.com\/hu\/wp-json\/wp\/v2\/product_cat?post=37966"},{"taxonomy":"product_tag","embeddable":true,"href":"https:\/\/ledsteplight.com\/hu\/wp-json\/wp\/v2\/product_tag?post=37966"}],"curies":[{"name":"wp","href":"https:\/\/api.w.org\/{rel}","templated":true}]}}