{"id":37968,"date":"2025-09-08T13:04:10","date_gmt":"2025-09-08T13:04:10","guid":{"rendered":"https:\/\/ledsteplight.com\/import-placeholder-for-37047\/"},"modified":"2025-12-19T03:29:32","modified_gmt":"2025-12-19T03:29:32","slug":"mg-sn038c-3w-cob-led-ground-light-ip65-waterproof-landscape","status":"publish","type":"product","link":"https:\/\/ledsteplight.com\/hu\/mg-sn038c-3w-cob-led-ground-light-ip65-waterproof-landscape\/","title":{"rendered":"MG-SN038C 3W COB LED f\u00f6ldvil\u00e1g\u00edt\u00e1s | IP65 v\u00edz\u00e1ll\u00f3 t\u00e1jvil\u00e1g\u00edt\u00e1s"},"content":{"rendered":"<h3 data-start=\"121\" data-end=\"156\"><strong data-start=\"125\" data-end=\"156\">Term\u00e9k specifik\u00e1ci\u00f3s t\u00e1bl\u00e1zat<\/strong><\/h3>\n<table data-start=\"158\" data-end=\"1353\">\n<thead data-start=\"158\" data-end=\"231\">\n<tr data-start=\"158\" data-end=\"231\">\n<th data-start=\"158\" data-end=\"180\"><strong data-start=\"160\" data-end=\"177\">Specifik\u00e1ci\u00f3<\/strong><\/th>\n<th data-start=\"180\" data-end=\"231\"><strong data-start=\"182\" data-end=\"193\">R\u00e9szletek<\/strong><\/th>\n<\/tr>\n<\/thead>\n<tbody data-start=\"306\" data-end=\"1353\">\n<tr data-start=\"306\" data-end=\"380\">\n<td><strong data-start=\"308\" data-end=\"317\">Modell<\/strong><\/td>\n<td>MG-SN038C<\/td>\n<\/tr>\n<tr data-start=\"381\" data-end=\"455\">\n<td><strong data-start=\"383\" data-end=\"395\">LED T\u00edpus<\/strong><\/td>\n<td>3W COB LED<\/td>\n<\/tr>\n<tr data-start=\"456\" data-end=\"530\">\n<td><strong data-start=\"458\" data-end=\"469\">Fesz\u00fclts\u00e9g<\/strong><\/td>\n<td>85-265V<\/td>\n<\/tr>\n<tr data-start=\"531\" data-end=\"605\">\n<td><strong data-start=\"533\" data-end=\"554\"><strong><a href=\"https:\/\/ledsteplight.com\/hu\/dm36b-pro-honeycomb-anti-glare-led-in-ground-light-ip67-24v-dc\/\" class=\"waam-auto-link\" title=\"Sz\u00ednh\u0151m\u00e9rs\u00e9klet\">Sz\u00ednh\u0151m\u00e9rs\u00e9klet<\/a><\/strong><\/strong><\/td>\n<td>3000K \/ 6000K<\/td>\n<\/tr>\n<tr data-start=\"606\" data-end=\"680\">\n<td><strong data-start=\"608\" data-end=\"621\">IP besorol\u00e1s<\/strong><\/td>\n<td><strong><a href=\"https:\/\/ledsteplight.com\/hu\/cree-bridgelux-chip-ip65-led-fixture-for-garden-facade-lighting\/\" class=\"waam-auto-link\" title=\"IP65\">IP65<\/a><\/strong><\/td>\n<\/tr>\n<tr data-start=\"681\" data-end=\"755\">\n<td><strong data-start=\"683\" data-end=\"700\">F\u00e9ny\u00e1ram<\/strong><\/td>\n<td>(Opcion\u00e1lis)<\/td>\n<\/tr>\n<tr data-start=\"756\" data-end=\"830\">\n<td><strong data-start=\"758\" data-end=\"767\">Teljes\u00edtm\u00e9ny<\/strong><\/td>\n<td>3W<\/td>\n<\/tr>\n<tr data-start=\"831\" data-end=\"905\">\n<td><strong data-start=\"833\" data-end=\"845\">\u00c9lettartam<\/strong><\/td>\n<td>40 000 \u00f3ra<\/td>\n<\/tr>\n<tr data-start=\"906\" data-end=\"979\">\n<td><strong data-start=\"908\" data-end=\"924\">Telep\u00edt\u00e9s<\/strong><\/td>\n<td><strong><a href=\"https:\/\/ledsteplight.com\/hu\/5w-led-in-ground-lights-ip65-waterproof-outdoor-driveway-garden-floor-lighting\/\" class=\"waam-auto-link\" title=\"Be\u00e1gyazott telep\u00edt\u00e9s\">Be\u00e1gyazott telep\u00edt\u00e9s<\/a><\/strong><\/td>\n<\/tr>\n<tr data-start=\"980\" data-end=\"1054\">\n<td><strong data-start=\"982\" data-end=\"994\">Anyag<\/strong><\/td>\n<td>Alum\u00ednium\u00f6tv\u00f6zet<\/td>\n<\/tr>\n<tr data-start=\"1055\" data-end=\"1129\">\n<td><strong data-start=\"1057\" data-end=\"1071\">M\u00e9ret<\/strong><\/td>\n<td>(Opcion\u00e1lis)<\/td>\n<\/tr>\n<tr data-start=\"1130\" data-end=\"1204\">\n<td><strong data-start=\"1132\" data-end=\"1144\">Garancia<\/strong><\/td>\n<td>3 \u00e9v<\/td>\n<\/tr>\n<tr data-start=\"1205\" data-end=\"1279\">\n<td><strong data-start=\"1207\" data-end=\"1217\">S\u00faly<\/strong><\/td>\n<td>(Opcion\u00e1lis)<\/td>\n<\/tr>\n<tr data-start=\"1280\" data-end=\"1353\">\n<td><strong data-start=\"1282\" data-end=\"1297\">K\u00f6rnyezet<\/strong><\/td>\n<td>K\u00fclt\u00e9ri \/ P\u00e1r\u00e1s k\u00f6rnyezet<\/td>\n<\/tr>\n<\/tbody>\n<\/table>\n<h3 data-start=\"127\" data-end=\"162\"><\/h3>\n<p><b data-path-to-node=\"14\" data-index-in-node=\"4\">MG-SN038C<\/b> egy magas teljes\u00edtm\u00e9ny\u0171 <b data-path-to-node=\"14\" data-index-in-node=\"36\">3W COB <strong><a href=\"https:\/\/ledsteplight.com\/hu\/wholesale-1w-3w-surface-mount-led-ground-light-ip65-304-stainless-steel\/\" class=\"waam-auto-link\" title=\"LED f\u00f6ldvil\u00e1g\u00edt\u00f3\">LED f\u00f6ldvil\u00e1g\u00edt\u00f3<\/a><\/strong><\/b> kiv\u00e1l\u00f3 k\u00fclt\u00e9ri t\u00e1j\u00e9p\u00edt\u00e9szeti projektekhez tervezve. Fejlett <b data-path-to-node=\"14\" data-index-in-node=\"130\">Chip-on-Board (COB) technol\u00f3gi\u00e1t<\/b>-t alkalmazva, ez a l\u00e1mpa koncentr\u00e1lt, egyenletes sugarat biztos\u00edt, amely n\u00f6veli a kertek, s\u00e9t\u00e1nyok \u00e9s \u00e9p\u00edt\u00e9szeti elemek vizu\u00e1lis m\u00e9lys\u00e9g\u00e9t. Tart\u00f3s <b data-path-to-node=\"14\" data-index-in-node=\"311\">alum\u00ednium\u00f6tv\u00f6zet<\/b> anyagb\u00f3l k\u00e9sz\u00fclt <b data-path-to-node=\"14\" data-index-in-node=\"334\">IP65 v\u00edz\u00e1ll\u00f3 besorol\u00e1s<\/b>\u00e9s <b data-path-to-node=\"14\" data-index-in-node=\"459\">85-265V<\/b> kivitel\u00e9vel, ez a l\u00e1mpa ellen\u00e1ll a zord id\u0151j\u00e1r\u00e1si k\u00f6r\u00fclm\u00e9nyeknek \u00e9s a nedves k\u00f6rnyezetnek. Sz\u00e9les bemeneti fesz\u00fclts\u00e9gtartom\u00e1nnyal <b data-path-to-node=\"14\" data-index-in-node=\"473\">Hossz\u00fa<\/b>\u00e9s <b data-path-to-node=\"14\" data-index-in-node=\"571\">3 \u00e9ves garancia<\/b> alacsony karbantart\u00e1sig\u00e9ny\u0171, energiatakar\u00e9kos vil\u00e1g\u00edt\u00e1si megold\u00e1st k\u00edn\u00e1l, amelyet egy<\/p>","protected":false},"excerpt":{"rendered":"<p>Magas min\u0151s\u00e9g\u0171 MG-SN038C 3W COB LED f\u00f6ld alatti l\u00e1mpa. IP65 v\u00edz\u00e1ll\u00f3, alum\u00ednium \u00f6tv\u00f6zet test, 85-265V. T\u00f6k\u00e9letes k\u00fclt\u00e9ri kert\u00e9szeti \u00f6sv\u00e9nyekhez \u00e9s t\u00e1j\u00e9p\u00edt\u00e9shez. 3 \u00e9v garancia<\/p>","protected":false},"featured_media":37166,"comment_status":"open","ping_status":"closed","template":"","meta":[],"product_brand":[],"product_cat":[116,100,426,427,428,71,439,429,440,430,441,431,442,443,432,433,444,445,446,434,435,436,437],"product_tag":[117,82,103,76,75,77,83],"class_list":{"0":"post-37968","1":"product","2":"type-product","3":"status-publish","4":"has-post-thumbnail","6":"product_cat-038-series","7":"product_cat-aluminum-ground-light","8":"product_cat-ceiling-recessed","9":"product_cat-ceiling-surface","10":"product_cat-ceiling-suspended","11":"product_cat-cob","12":"product_cat-commercial","13":"product_cat-drivers","14":"product_cat-education","15":"product_cat-freestanding-light","16":"product_cat-hospitality","17":"product_cat-industrial","18":"product_cat-infrastructure","19":"product_cat-landscape","20":"product_cat-landscaping","21":"product_cat-linear","22":"product_cat-office","23":"product_cat-residential","24":"product_cat-retail","25":"product_cat-table-lamp","26":"product_cat-track","27":"product_cat-wall-recessed","28":"product_cat-wall-surface","29":"product_tag-038-series","30":"product_tag-3w-led","31":"product_tag-aluminum-ground-light","32":"product_tag-aluminum-housing","33":"product_tag-cob-light","34":"product_tag-ground-light","35":"product_tag-waterproof-fixture","37":"first","38":"instock","39":"shipping-taxable","40":"product-type-simple"},"_links":{"self":[{"href":"https:\/\/ledsteplight.com\/hu\/wp-json\/wp\/v2\/product\/37968","targetHints":{"allow":["GET"]}}],"collection":[{"href":"https:\/\/ledsteplight.com\/hu\/wp-json\/wp\/v2\/product"}],"about":[{"href":"https:\/\/ledsteplight.com\/hu\/wp-json\/wp\/v2\/types\/product"}],"replies":[{"embeddable":true,"href":"https:\/\/ledsteplight.com\/hu\/wp-json\/wp\/v2\/comments?post=37968"}],"version-history":[{"count":3,"href":"https:\/\/ledsteplight.com\/hu\/wp-json\/wp\/v2\/product\/37968\/revisions"}],"predecessor-version":[{"id":38701,"href":"https:\/\/ledsteplight.com\/hu\/wp-json\/wp\/v2\/product\/37968\/revisions\/38701"}],"wp:featuredmedia":[{"embeddable":true,"href":"https:\/\/ledsteplight.com\/hu\/wp-json\/wp\/v2\/media\/37166"}],"wp:attachment":[{"href":"https:\/\/ledsteplight.com\/hu\/wp-json\/wp\/v2\/media?parent=37968"}],"wp:term":[{"taxonomy":"product_brand","embeddable":true,"href":"https:\/\/ledsteplight.com\/hu\/wp-json\/wp\/v2\/product_brand?post=37968"},{"taxonomy":"product_cat","embeddable":true,"href":"https:\/\/ledsteplight.com\/hu\/wp-json\/wp\/v2\/product_cat?post=37968"},{"taxonomy":"product_tag","embeddable":true,"href":"https:\/\/ledsteplight.com\/hu\/wp-json\/wp\/v2\/product_tag?post=37968"}],"curies":[{"name":"wp","href":"https:\/\/api.w.org\/{rel}","templated":true}]}}