{"id":37969,"date":"2025-09-08T13:04:10","date_gmt":"2025-09-08T13:04:10","guid":{"rendered":"https:\/\/ledsteplight.com\/import-placeholder-for-37060\/"},"modified":"2025-12-20T04:29:33","modified_gmt":"2025-12-20T04:29:33","slug":"3w-cob-led-ground-light-ip65-outdoor-waterproof-in-ground-lamp","status":"publish","type":"product","link":"https:\/\/ledsteplight.com\/hu\/3w-cob-led-ground-light-ip65-outdoor-waterproof-in-ground-lamp\/","title":{"rendered":"3W COB LED F\u00f6ldi L\u00e1mpa IP65 \u2013 K\u00fclt\u00e9ri V\u00edz\u00e1ll\u00f3 F\u00f6ldbe Szerelhet\u0151 L\u00e1mpa"},"content":{"rendered":"<h3 data-start=\"123\" data-end=\"158\"><strong data-start=\"127\" data-end=\"158\">Term\u00e9k specifik\u00e1ci\u00f3s t\u00e1bl\u00e1zat<\/strong><\/h3>\n<table data-start=\"160\" data-end=\"1325\">\n<thead data-start=\"160\" data-end=\"232\">\n<tr data-start=\"160\" data-end=\"232\">\n<th data-start=\"160\" data-end=\"182\"><strong data-start=\"162\" data-end=\"179\">Specifik\u00e1ci\u00f3<\/strong><\/th>\n<th data-start=\"182\" data-end=\"232\"><strong data-start=\"184\" data-end=\"195\">R\u00e9szletek<\/strong><\/th>\n<\/tr>\n<\/thead>\n<tbody data-start=\"306\" data-end=\"1325\">\n<tr data-start=\"306\" data-end=\"378\">\n<td><strong data-start=\"308\" data-end=\"317\">Modell<\/strong><\/td>\n<td>MG-SN0357066<\/td>\n<\/tr>\n<tr data-start=\"379\" data-end=\"451\">\n<td><strong data-start=\"381\" data-end=\"393\">LED T\u00edpus<\/strong><\/td>\n<td>3W COB LED<\/td>\n<\/tr>\n<tr data-start=\"452\" data-end=\"524\">\n<td><strong data-start=\"454\" data-end=\"465\">Fesz\u00fclts\u00e9g<\/strong><\/td>\n<td>85-265V<\/td>\n<\/tr>\n<tr data-start=\"525\" data-end=\"597\">\n<td><strong data-start=\"527\" data-end=\"548\"><strong><a href=\"https:\/\/ledsteplight.com\/hu\/dm36b-pro-honeycomb-anti-glare-led-in-ground-light-ip67-24v-dc\/\" class=\"waam-auto-link\" title=\"Sz\u00ednh\u0151m\u00e9rs\u00e9klet\">Sz\u00ednh\u0151m\u00e9rs\u00e9klet<\/a><\/strong><\/strong><\/td>\n<td>3000K\/6000K<\/td>\n<\/tr>\n<tr data-start=\"598\" data-end=\"670\">\n<td><strong data-start=\"600\" data-end=\"613\">IP besorol\u00e1s<\/strong><\/td>\n<td>IP65<\/td>\n<\/tr>\n<tr data-start=\"671\" data-end=\"743\">\n<td><strong data-start=\"673\" data-end=\"690\">F\u00e9ny\u00e1ram<\/strong><\/td>\n<td>(Opcion\u00e1lis)<\/td>\n<\/tr>\n<tr data-start=\"744\" data-end=\"816\">\n<td><strong data-start=\"746\" data-end=\"755\">Teljes\u00edtm\u00e9ny<\/strong><\/td>\n<td>3W<\/td>\n<\/tr>\n<tr data-start=\"817\" data-end=\"889\">\n<td><strong data-start=\"819\" data-end=\"831\">\u00c9lettartam<\/strong><\/td>\n<td>40 000 \u00f3ra<\/td>\n<\/tr>\n<tr data-start=\"890\" data-end=\"961\">\n<td><strong data-start=\"892\" data-end=\"908\">Telep\u00edt\u00e9s<\/strong><\/td>\n<td><strong><a href=\"https:\/\/ledsteplight.com\/hu\/5w-led-in-ground-lights-ip65-waterproof-outdoor-driveway-garden-floor-lighting\/\" class=\"waam-auto-link\" title=\"Be\u00e1gyazott telep\u00edt\u00e9s\">Be\u00e1gyazott telep\u00edt\u00e9s<\/a><\/strong><\/td>\n<\/tr>\n<tr data-start=\"962\" data-end=\"1034\">\n<td><strong data-start=\"964\" data-end=\"976\">Anyag<\/strong><\/td>\n<td>Alum\u00ednium\u00f6tv\u00f6zet<\/td>\n<\/tr>\n<tr data-start=\"1035\" data-end=\"1107\">\n<td><strong data-start=\"1037\" data-end=\"1051\">M\u00e9ret<\/strong><\/td>\n<td>(Opcion\u00e1lis)<\/td>\n<\/tr>\n<tr data-start=\"1108\" data-end=\"1180\">\n<td><strong data-start=\"1110\" data-end=\"1122\">Garancia<\/strong><\/td>\n<td>3 \u00e9v<\/td>\n<\/tr>\n<tr data-start=\"1181\" data-end=\"1253\">\n<td><strong data-start=\"1183\" data-end=\"1193\">S\u00faly<\/strong><\/td>\n<td>(Opcion\u00e1lis)<\/td>\n<\/tr>\n<tr data-start=\"1254\" data-end=\"1325\">\n<td><strong data-start=\"1256\" data-end=\"1271\">K\u00f6rnyezet<\/strong><\/td>\n<td>K\u00fclt\u00e9ri \/ P\u00e1r\u00e1s k\u00f6rnyezet<\/td>\n<\/tr>\n<\/tbody>\n<\/table>\n<p>&nbsp;<\/p>\n<ul>\n<li>\n<p data-path-to-node=\"18,0,0\"><b data-path-to-node=\"18,0,0\" data-index-in-node=\"0\">Kulcssz\u00f3 F\u00f3kusz:<\/b> Haszn\u00e1lt\u00e1k a \u201e3W COB LED\u201d-t, \u201e<strong><a href=\"https:\/\/ledsteplight.com\/hu\/cree-bridgelux-chip-ip65-led-fixture-for-garden-facade-lighting\/\" class=\"waam-auto-link\" title=\"F\u00f6ldi f\u00e9ny\">F\u00f6ldi f\u00e9ny<\/a><\/strong>,\u201d \u201eV\u00edz\u00e1ll\u00f3,\u201d \u00e9s \u201eIP65\u201d kifejez\u00e9seket, hogy megfeleljenek a gyakori keres\u00e9si lek\u00e9rdez\u00e9seknek.<\/p>\n<\/li>\n<li>\n<p data-path-to-node=\"18,1,0\"><b data-path-to-node=\"18,1,0\" data-index-in-node=\"0\">Szerkezet:<\/b> A legfontosabb inform\u00e1ci\u00f3kat (Teljes\u00edtm\u00e9ny \u00e9s Modell T\u00edpus) a c\u00edm elej\u00e9re helyezze.<\/p>\n<\/li>\n<li>\n<p data-path-to-node=\"18,2,0\"><b data-path-to-node=\"18,2,0\" data-index-in-node=\"0\">B2B Sz\u00e1nd\u00e9k:<\/b> Olyan kifejez\u00e9seket adtak hozz\u00e1, mint a \u201eNagykereskedelem\u201d \u00e9s a \u201eK\u00f6zvetlen \u00e9rt\u00e9kes\u00edt\u00e9s\u201d, hogy \u00fczleti v\u00e1s\u00e1rl\u00f3kat vonzzanak, nemcsak kiskereskedelmi \u00fcgyfeleket.<\/p>\n<\/li>\n<\/ul>","protected":false},"excerpt":{"rendered":"<p>Magas min\u0151s\u00e9g\u0171 3W COB LED f\u00f6ldvil\u00e1g\u00edt\u00e1s nagykereskedelemre. IP65 v\u00edz\u00e1ll\u00f3 alum\u00ednium\u00f6tv\u00f6zet kialak\u00edt\u00e1s. Ide\u00e1lis k\u00fclt\u00e9ri s\u00e9t\u00e1nyokhoz \u00e9s kert\u00e9szeti t\u00e1j\u00e9p\u00edt\u00e9shez. V\u00e1s\u00e1roljon B2B ma.<\/p>","protected":false},"featured_media":37167,"comment_status":"open","ping_status":"closed","template":"","meta":[],"product_brand":[],"product_cat":[100,426,427,428,71,439,429,440,430,441,431,442,443,432,433,444,445,446,434,435,436,437],"product_tag":[82,103,76,75,77,83],"class_list":{"0":"post-37969","1":"product","2":"type-product","3":"status-publish","4":"has-post-thumbnail","6":"product_cat-aluminum-ground-light","7":"product_cat-ceiling-recessed","8":"product_cat-ceiling-surface","9":"product_cat-ceiling-suspended","10":"product_cat-cob","11":"product_cat-commercial","12":"product_cat-drivers","13":"product_cat-education","14":"product_cat-freestanding-light","15":"product_cat-hospitality","16":"product_cat-industrial","17":"product_cat-infrastructure","18":"product_cat-landscape","19":"product_cat-landscaping","20":"product_cat-linear","21":"product_cat-office","22":"product_cat-residential","23":"product_cat-retail","24":"product_cat-table-lamp","25":"product_cat-track","26":"product_cat-wall-recessed","27":"product_cat-wall-surface","28":"product_tag-3w-led","29":"product_tag-aluminum-ground-light","30":"product_tag-aluminum-housing","31":"product_tag-cob-light","32":"product_tag-ground-light","33":"product_tag-waterproof-fixture","35":"first","36":"instock","37":"shipping-taxable","38":"product-type-simple"},"_links":{"self":[{"href":"https:\/\/ledsteplight.com\/hu\/wp-json\/wp\/v2\/product\/37969","targetHints":{"allow":["GET"]}}],"collection":[{"href":"https:\/\/ledsteplight.com\/hu\/wp-json\/wp\/v2\/product"}],"about":[{"href":"https:\/\/ledsteplight.com\/hu\/wp-json\/wp\/v2\/types\/product"}],"replies":[{"embeddable":true,"href":"https:\/\/ledsteplight.com\/hu\/wp-json\/wp\/v2\/comments?post=37969"}],"version-history":[{"count":3,"href":"https:\/\/ledsteplight.com\/hu\/wp-json\/wp\/v2\/product\/37969\/revisions"}],"predecessor-version":[{"id":38703,"href":"https:\/\/ledsteplight.com\/hu\/wp-json\/wp\/v2\/product\/37969\/revisions\/38703"}],"wp:featuredmedia":[{"embeddable":true,"href":"https:\/\/ledsteplight.com\/hu\/wp-json\/wp\/v2\/media\/37167"}],"wp:attachment":[{"href":"https:\/\/ledsteplight.com\/hu\/wp-json\/wp\/v2\/media?parent=37969"}],"wp:term":[{"taxonomy":"product_brand","embeddable":true,"href":"https:\/\/ledsteplight.com\/hu\/wp-json\/wp\/v2\/product_brand?post=37969"},{"taxonomy":"product_cat","embeddable":true,"href":"https:\/\/ledsteplight.com\/hu\/wp-json\/wp\/v2\/product_cat?post=37969"},{"taxonomy":"product_tag","embeddable":true,"href":"https:\/\/ledsteplight.com\/hu\/wp-json\/wp\/v2\/product_tag?post=37969"}],"curies":[{"name":"wp","href":"https:\/\/api.w.org\/{rel}","templated":true}]}}