{"id":37970,"date":"2025-09-08T13:04:10","date_gmt":"2025-09-08T13:04:10","guid":{"rendered":"https:\/\/ledsteplight.com\/import-placeholder-for-37061\/"},"modified":"2025-12-23T03:38:19","modified_gmt":"2025-12-23T03:38:19","slug":"mg-gyd025-3w-led-ground-light-ip65-motion-sensor-garden-lamp","status":"publish","type":"product","link":"https:\/\/ledsteplight.com\/hu\/mg-gyd025-3w-led-ground-light-ip65-motion-sensor-garden-lamp\/","title":{"rendered":"MG-GYD025 3W LED f\u00f6ldl\u00e1mpa | IP65 mozg\u00e1s\u00e9rz\u00e9kel\u0151s kertl\u00e1mpa"},"content":{"rendered":"<table data-start=\"236\" data-end=\"1301\">\n<thead data-start=\"236\" data-end=\"306\">\n<tr data-start=\"236\" data-end=\"306\">\n<th data-start=\"236\" data-end=\"263\"><strong data-start=\"238\" data-end=\"251\">Param\u00e9ter<\/strong><\/th>\n<th data-start=\"263\" data-end=\"306\"><strong data-start=\"265\" data-end=\"276\">R\u00e9szletek<\/strong><\/th>\n<\/tr>\n<\/thead>\n<tbody data-start=\"378\" data-end=\"1301\">\n<tr data-start=\"378\" data-end=\"449\">\n<td><strong data-start=\"380\" data-end=\"389\">Modell<\/strong><\/td>\n<td>MG-GYD025<\/td>\n<\/tr>\n<tr data-start=\"450\" data-end=\"520\">\n<td><strong data-start=\"452\" data-end=\"463\">Teljes\u00edtm\u00e9ny<\/strong><\/td>\n<td>3W<\/td>\n<\/tr>\n<tr data-start=\"521\" data-end=\"591\">\n<td><strong data-start=\"523\" data-end=\"535\">LED T\u00edpus<\/strong><\/td>\n<td><strong><a href=\"https:\/\/ledsteplight.com\/hu\/cree-bridgelux-chip-ip65-led-fixture-for-garden-facade-lighting\/\" class=\"waam-auto-link\" title=\"CREE LED\">CREE LED<\/a><\/strong><\/td>\n<\/tr>\n<tr data-start=\"592\" data-end=\"662\">\n<td><strong data-start=\"594\" data-end=\"615\"><strong><a href=\"https:\/\/ledsteplight.com\/hu\/dm36b-pro-honeycomb-anti-glare-led-in-ground-light-ip67-24v-dc\/\" class=\"waam-auto-link\" title=\"Sz\u00ednh\u0151m\u00e9rs\u00e9klet\">Sz\u00ednh\u0151m\u00e9rs\u00e9klet<\/a><\/strong><\/strong><\/td>\n<td>3000K\/6000K<\/td>\n<\/tr>\n<tr data-start=\"663\" data-end=\"733\">\n<td><strong data-start=\"665\" data-end=\"686\">V\u00e9delmi besorol\u00e1s<\/strong><\/td>\n<td>IP65<\/td>\n<\/tr>\n<tr data-start=\"734\" data-end=\"804\">\n<td><strong data-start=\"736\" data-end=\"748\">\u00c9lettartam<\/strong><\/td>\n<td>30 000 \u00f3ra<\/td>\n<\/tr>\n<tr data-start=\"805\" data-end=\"875\">\n<td><strong data-start=\"807\" data-end=\"819\">Anyag<\/strong><\/td>\n<td>\u00f6nt\u00f6tt alum\u00ednium<\/td>\n<\/tr>\n<tr data-start=\"876\" data-end=\"946\">\n<td><strong data-start=\"878\" data-end=\"890\">Garancia<\/strong><\/td>\n<td>3 \u00e9v<\/td>\n<\/tr>\n<tr data-start=\"947\" data-end=\"1017\">\n<td><strong data-start=\"949\" data-end=\"963\">F\u00e9nycs\u00f3va sz\u00f6ge<\/strong><\/td>\n<td>120\u00b0<\/td>\n<\/tr>\n<tr data-start=\"1018\" data-end=\"1088\">\n<td><strong data-start=\"1020\" data-end=\"1031\">Fesz\u00fclts\u00e9g<\/strong><\/td>\n<td>AC85-265V<\/td>\n<\/tr>\n<tr data-start=\"1089\" data-end=\"1159\">\n<td><strong data-start=\"1091\" data-end=\"1107\">Telep\u00edt\u00e9s<\/strong><\/td>\n<td>Be\u00e1gyazott vagy fel\u00fcleti szerel\u00e9s<\/td>\n<\/tr>\n<tr data-start=\"1160\" data-end=\"1230\">\n<td><strong data-start=\"1162\" data-end=\"1182\">\u00c9rz\u00e9kel\u00e9si t\u00e1vols\u00e1g<\/strong><\/td>\n<td>3-5 m\u00e9ter<\/td>\n<\/tr>\n<tr data-start=\"1231\" data-end=\"1301\">\n<td><strong data-start=\"1233\" data-end=\"1251\">Tan\u00fas\u00edtv\u00e1nyok<\/strong><\/td>\n<td>CE, RoHS<\/td>\n<\/tr>\n<\/tbody>\n<\/table>\n<p data-path-to-node=\"14\"><b data-path-to-node=\"14\" data-index-in-node=\"4\">MG-GYD025<\/b> egy magas teljes\u00edtm\u00e9ny\u0171 <b data-path-to-node=\"14\" data-index-in-node=\"36\">3W <strong><a href=\"https:\/\/ledsteplight.com\/hu\/wholesale-1w-3w-surface-mount-led-ground-light-ip65-304-stainless-steel\/\" class=\"waam-auto-link\" title=\"LED f\u00f6ldvil\u00e1g\u00edt\u00f3\">LED f\u00f6ldvil\u00e1g\u00edt\u00f3<\/a><\/strong><\/b> k\u00fcl\u00f6n\u00f6sen modern k\u00fclt\u00e9ri biztons\u00e1gi \u00e9s t\u00e1jautomatikai alkalmaz\u00e1sokhoz tervezve. Pr\u00e9mium <b data-path-to-node=\"14\" data-index-in-node=\"150\">CREE LED<\/b> chipeket tartalmaz, kiv\u00e9teles f\u00e9nyer\u0151t k\u00edn\u00e1l magas CRI-vel, f\u00f3kusz\u00e1lt megvil\u00e1g\u00edt\u00e1st biztos\u00edtva 120\u00b0-os sug\u00e1rir\u00e1nyon kereszt\u00fcl. Az integr\u00e1lt <b data-path-to-node=\"14\" data-index-in-node=\"290\">PIR <strong><a href=\"https:\/\/ledsteplight.com\/hu\/pir-sensor-step-light-top-advantages-for-safety\/\" class=\"waam-auto-link\" title=\"mozg\u00e1s\u00e9rz\u00e9kel\u0151t\u0151l\">mozg\u00e1s\u00e9rz\u00e9kel\u0151t\u0151l<\/a><\/strong><\/b> \u00e9rz\u00e9kel\u00e9si tartom\u00e1nyt biztos\u00edt <b data-path-to-node=\"14\" data-index-in-node=\"338\">3-5 m\u00e9ter<\/b>, \u00edgy a f\u00e9ny csak sz\u00fcks\u00e9g eset\u00e9n kapcsol be, maximaliz\u00e1lva az energiahat\u00e9konys\u00e1got \u00e9s a biztons\u00e1got.<\/p>\n<p data-path-to-node=\"15\">","protected":false},"excerpt":{"rendered":"<p>MG-GYD025 3W LED f\u00f6ldvil\u00e1g\u00edt\u00e1s mozg\u00e1s\u00e9rz\u00e9kel\u0151vel (3-5m hat\u00f3t\u00e1v) \u00e9s \u00e1ll\u00edthat\u00f3 CCT-vel. IP65 v\u00edz\u00e1ll\u00f3 \u00f6nt\u00f6tt alum\u00ednium, CE\/RoHS tan\u00fas\u00edtv\u00e1nnyal. T\u00f6k\u00e9letes kertbiztons\u00e1ghoz.<\/p>","protected":false},"featured_media":37168,"comment_status":"open","ping_status":"closed","template":"","meta":[],"product_brand":[],"product_cat":[100,426,427,428,439,429,440,430,441,431,442,443,432,433,444,112,445,446,101,434,435,436,437],"product_tag":[82,103,76,77,113,78,104,83],"class_list":{"0":"post-37970","1":"product","2":"type-product","3":"status-publish","4":"has-post-thumbnail","6":"product_cat-aluminum-ground-light","7":"product_cat-ceiling-recessed","8":"product_cat-ceiling-surface","9":"product_cat-ceiling-suspended","10":"product_cat-commercial","11":"product_cat-drivers","12":"product_cat-education","13":"product_cat-freestanding-light","14":"product_cat-hospitality","15":"product_cat-industrial","16":"product_cat-infrastructure","17":"product_cat-landscape","18":"product_cat-landscaping","19":"product_cat-linear","20":"product_cat-office","21":"product_cat-outdoor-ground-light","22":"product_cat-residential","23":"product_cat-retail","24":"product_cat-sensor-ground-light","25":"product_cat-table-lamp","26":"product_cat-track","27":"product_cat-wall-recessed","28":"product_cat-wall-surface","29":"product_tag-3w-led","30":"product_tag-aluminum-ground-light","31":"product_tag-aluminum-housing","32":"product_tag-ground-light","33":"product_tag-outdoor-ground-light","34":"product_tag-outdoor-lighting","35":"product_tag-sensor-ground-light","36":"product_tag-waterproof-fixture","38":"first","39":"instock","40":"shipping-taxable","41":"product-type-simple"},"_links":{"self":[{"href":"https:\/\/ledsteplight.com\/hu\/wp-json\/wp\/v2\/product\/37970","targetHints":{"allow":["GET"]}}],"collection":[{"href":"https:\/\/ledsteplight.com\/hu\/wp-json\/wp\/v2\/product"}],"about":[{"href":"https:\/\/ledsteplight.com\/hu\/wp-json\/wp\/v2\/types\/product"}],"replies":[{"embeddable":true,"href":"https:\/\/ledsteplight.com\/hu\/wp-json\/wp\/v2\/comments?post=37970"}],"version-history":[{"count":3,"href":"https:\/\/ledsteplight.com\/hu\/wp-json\/wp\/v2\/product\/37970\/revisions"}],"predecessor-version":[{"id":38706,"href":"https:\/\/ledsteplight.com\/hu\/wp-json\/wp\/v2\/product\/37970\/revisions\/38706"}],"wp:featuredmedia":[{"embeddable":true,"href":"https:\/\/ledsteplight.com\/hu\/wp-json\/wp\/v2\/media\/37168"}],"wp:attachment":[{"href":"https:\/\/ledsteplight.com\/hu\/wp-json\/wp\/v2\/media?parent=37970"}],"wp:term":[{"taxonomy":"product_brand","embeddable":true,"href":"https:\/\/ledsteplight.com\/hu\/wp-json\/wp\/v2\/product_brand?post=37970"},{"taxonomy":"product_cat","embeddable":true,"href":"https:\/\/ledsteplight.com\/hu\/wp-json\/wp\/v2\/product_cat?post=37970"},{"taxonomy":"product_tag","embeddable":true,"href":"https:\/\/ledsteplight.com\/hu\/wp-json\/wp\/v2\/product_tag?post=37970"}],"curies":[{"name":"wp","href":"https:\/\/api.w.org\/{rel}","templated":true}]}}