{"id":37972,"date":"2025-09-08T13:04:10","date_gmt":"2025-09-08T13:04:10","guid":{"rendered":"https:\/\/ledsteplight.com\/import-placeholder-for-37063\/"},"modified":"2025-12-26T03:28:55","modified_gmt":"2025-12-26T03:28:55","slug":"mg-gyd026-3w-cree-led-ground-light-ip65-motion-sensor-lamp","status":"publish","type":"product","link":"https:\/\/ledsteplight.com\/hu\/mg-gyd026-3w-cree-led-ground-light-ip65-motion-sensor-lamp\/","title":{"rendered":"MG-GYD026 3W CREE LED F\u00f6ldvil\u00e1g\u00edt\u00f3 | IP65 Mozg\u00e1s\u00e9rz\u00e9kel\u0151s L\u00e1mpa"},"content":{"rendered":"<table data-start=\"116\" data-end=\"1181\">\n<thead data-start=\"116\" data-end=\"186\">\n<tr data-start=\"116\" data-end=\"186\">\n<th data-start=\"116\" data-end=\"143\"><strong data-start=\"118\" data-end=\"131\">Param\u00e9ter<\/strong><\/th>\n<th data-start=\"143\" data-end=\"186\"><strong data-start=\"145\" data-end=\"156\">R\u00e9szletek<\/strong><\/th>\n<\/tr>\n<\/thead>\n<tbody data-start=\"258\" data-end=\"1181\">\n<tr data-start=\"258\" data-end=\"329\">\n<td><strong data-start=\"260\" data-end=\"269\">Modell<\/strong><\/td>\n<td>MG-GYD026<\/td>\n<\/tr>\n<tr data-start=\"330\" data-end=\"400\">\n<td><strong data-start=\"332\" data-end=\"343\">Teljes\u00edtm\u00e9ny<\/strong><\/td>\n<td>3W<\/td>\n<\/tr>\n<tr data-start=\"401\" data-end=\"471\">\n<td><strong data-start=\"403\" data-end=\"415\">LED T\u00edpus<\/strong><\/td>\n<td><strong><a href=\"https:\/\/ledsteplight.com\/hu\/cree-bridgelux-chip-ip65-led-fixture-for-garden-facade-lighting\/\" class=\"waam-auto-link\" title=\"CREE LED\">CREE LED<\/a><\/strong><\/td>\n<\/tr>\n<tr data-start=\"472\" data-end=\"542\">\n<td><strong data-start=\"474\" data-end=\"495\">Sz\u00ednh\u0151m\u00e9rs\u00e9klet<\/strong><\/td>\n<td>3000K\/6000K<\/td>\n<\/tr>\n<tr data-start=\"543\" data-end=\"613\">\n<td><strong data-start=\"545\" data-end=\"566\">V\u00e9delmi besorol\u00e1s<\/strong><\/td>\n<td>IP65<\/td>\n<\/tr>\n<tr data-start=\"614\" data-end=\"684\">\n<td><strong data-start=\"616\" data-end=\"628\">\u00c9lettartam<\/strong><\/td>\n<td>30 000 \u00f3ra<\/td>\n<\/tr>\n<tr data-start=\"685\" data-end=\"755\">\n<td><strong data-start=\"687\" data-end=\"699\">Anyag<\/strong><\/td>\n<td>Alum\u00ednium\u00f6tv\u00f6zet<\/td>\n<\/tr>\n<tr data-start=\"756\" data-end=\"826\">\n<td><strong data-start=\"758\" data-end=\"770\">Garancia<\/strong><\/td>\n<td>3 \u00e9v<\/td>\n<\/tr>\n<tr data-start=\"827\" data-end=\"897\">\n<td><strong data-start=\"829\" data-end=\"843\">F\u00e9nycs\u00f3va sz\u00f6ge<\/strong><\/td>\n<td>120\u00b0<\/td>\n<\/tr>\n<tr data-start=\"898\" data-end=\"968\">\n<td><strong data-start=\"900\" data-end=\"911\">Fesz\u00fclts\u00e9g<\/strong><\/td>\n<td>AC85-265V<\/td>\n<\/tr>\n<tr data-start=\"969\" data-end=\"1039\">\n<td><strong data-start=\"971\" data-end=\"987\">Telep\u00edt\u00e9s<\/strong><\/td>\n<td>Be\u00e9p\u00edtett vagy fel\u00fcletre szerelt<\/td>\n<\/tr>\n<tr data-start=\"1040\" data-end=\"1110\">\n<td><strong data-start=\"1042\" data-end=\"1062\">\u00c9rz\u00e9kel\u00e9si t\u00e1vols\u00e1g<\/strong><\/td>\n<td>3-5 m\u00e9ter<\/td>\n<\/tr>\n<tr data-start=\"1111\" data-end=\"1181\">\n<td><strong data-start=\"1113\" data-end=\"1131\">Tan\u00fas\u00edtv\u00e1nyok<\/strong><\/td>\n<td>CE, RoHS<\/td>\n<\/tr>\n<\/tbody>\n<\/table>\n<p><b data-path-to-node=\"14\" data-index-in-node=\"4\">MG-GYD026<\/b> egy pr\u00e9mium <b data-path-to-node=\"14\" data-index-in-node=\"27\"><strong><a href=\"https:\/\/ledsteplight.com\/hu\/mg-gyd025-3w-led-ground-light-ip65-motion-sensor-garden-lamp\/\" class=\"waam-auto-link\" title=\"3W LED f\u00f6ldvil\u00e1g\u00edt\u00e1s\">3W LED f\u00f6ldvil\u00e1g\u00edt\u00e1s<\/a><\/strong><\/b> amely intelligens automatiz\u00e1l\u00e1st \u00f6tv\u00f6z strapab\u00edr\u00f3 k\u00fclt\u00e9ri tart\u00f3ss\u00e1ggal. Egy hiteles <b data-path-to-node=\"14\" data-index-in-node=\"134\">CREE LED<\/b> chip \u00e1ltal m\u0171k\u00f6dtetve magas intenzit\u00e1s\u00fa, energiahat\u00e9kony vil\u00e1g\u00edt\u00e1st ny\u00fajt sz\u00e9les <b data-path-to-node=\"14\" data-index-in-node=\"219\">120\u00b0 sug\u00e1rz\u00e1si sz\u00f6g<\/b>, t\u00f6k\u00e9letes nagy ter\u00fcleti lefedetts\u00e9ghez. A be\u00e9p\u00edtett nagy\u00e9rz\u00e9kenys\u00e9g\u0171 <b data-path-to-node=\"14\" data-index-in-node=\"299\"><strong><a href=\"https:\/\/ledsteplight.com\/hu\/pir-sensor-step-light-top-advantages-for-safety\/\" class=\"waam-auto-link\" title=\"mozg\u00e1s\u00e9rz\u00e9kel\u0151t\u0151l\">mozg\u00e1s\u00e9rz\u00e9kel\u0151t\u0151l<\/a><\/strong><\/b> \u00e9szleli a mozg\u00e1st <b data-path-to-node=\"14\" data-index-in-node=\"337\">3 \u00e9s 5 m\u00e9ter k\u00f6z\u00f6tt<\/b>okos vil\u00e1g\u00edt\u00e1s-sz\u00fcks\u00e9glet szerinti megold\u00e1st ny\u00fajtva, amely n\u00f6veli a helysz\u00edn biztons\u00e1g\u00e1t mik\u00f6zben cs\u00f6kkenti <strong><a href=\"https:\/\/ledsteplight.com\/hu\/dm36b-pro-honeycomb-anti-glare-led-in-ground-light-ip67-24v-dc\/\" class=\"waam-auto-link\" title=\"energiafogyaszt\u00e1st\">energiafogyaszt\u00e1st<\/a><\/strong>.<\/p>","protected":false},"excerpt":{"rendered":"<p data-start=\"4870\" data-end=\"5233\">MG-GYD026 3W CREE LED f\u00f6ldvil\u00e1g\u00edt\u00e1s. IP65 v\u00edz\u00e1ll\u00f3, mozg\u00e1s\u00e9rz\u00e9kel\u0151 (3-5m), \u00e9s tart\u00f3s alum\u00ednium\u00f6tv\u00f6zet. T\u00e1mogatja az 85-265V-ot. Ide\u00e1lis k\u00fclt\u00e9ri biztons\u00e1gi \u00e9s t\u00e1jvil\u00e1g\u00edt\u00e1shoz.<\/p>","protected":false},"featured_media":37178,"comment_status":"open","ping_status":"closed","template":"","meta":[],"product_brand":[],"product_cat":[100,426,427,428,439,429,440,430,441,431,442,443,432,433,444,112,445,446,101,434,435,436,437],"product_tag":[82,103,76,77,113,78,104,83],"class_list":{"0":"post-37972","1":"product","2":"type-product","3":"status-publish","4":"has-post-thumbnail","6":"product_cat-aluminum-ground-light","7":"product_cat-ceiling-recessed","8":"product_cat-ceiling-surface","9":"product_cat-ceiling-suspended","10":"product_cat-commercial","11":"product_cat-drivers","12":"product_cat-education","13":"product_cat-freestanding-light","14":"product_cat-hospitality","15":"product_cat-industrial","16":"product_cat-infrastructure","17":"product_cat-landscape","18":"product_cat-landscaping","19":"product_cat-linear","20":"product_cat-office","21":"product_cat-outdoor-ground-light","22":"product_cat-residential","23":"product_cat-retail","24":"product_cat-sensor-ground-light","25":"product_cat-table-lamp","26":"product_cat-track","27":"product_cat-wall-recessed","28":"product_cat-wall-surface","29":"product_tag-3w-led","30":"product_tag-aluminum-ground-light","31":"product_tag-aluminum-housing","32":"product_tag-ground-light","33":"product_tag-outdoor-ground-light","34":"product_tag-outdoor-lighting","35":"product_tag-sensor-ground-light","36":"product_tag-waterproof-fixture","38":"first","39":"instock","40":"shipping-taxable","41":"product-type-simple"},"_links":{"self":[{"href":"https:\/\/ledsteplight.com\/hu\/wp-json\/wp\/v2\/product\/37972","targetHints":{"allow":["GET"]}}],"collection":[{"href":"https:\/\/ledsteplight.com\/hu\/wp-json\/wp\/v2\/product"}],"about":[{"href":"https:\/\/ledsteplight.com\/hu\/wp-json\/wp\/v2\/types\/product"}],"replies":[{"embeddable":true,"href":"https:\/\/ledsteplight.com\/hu\/wp-json\/wp\/v2\/comments?post=37972"}],"version-history":[{"count":3,"href":"https:\/\/ledsteplight.com\/hu\/wp-json\/wp\/v2\/product\/37972\/revisions"}],"predecessor-version":[{"id":38710,"href":"https:\/\/ledsteplight.com\/hu\/wp-json\/wp\/v2\/product\/37972\/revisions\/38710"}],"wp:featuredmedia":[{"embeddable":true,"href":"https:\/\/ledsteplight.com\/hu\/wp-json\/wp\/v2\/media\/37178"}],"wp:attachment":[{"href":"https:\/\/ledsteplight.com\/hu\/wp-json\/wp\/v2\/media?parent=37972"}],"wp:term":[{"taxonomy":"product_brand","embeddable":true,"href":"https:\/\/ledsteplight.com\/hu\/wp-json\/wp\/v2\/product_brand?post=37972"},{"taxonomy":"product_cat","embeddable":true,"href":"https:\/\/ledsteplight.com\/hu\/wp-json\/wp\/v2\/product_cat?post=37972"},{"taxonomy":"product_tag","embeddable":true,"href":"https:\/\/ledsteplight.com\/hu\/wp-json\/wp\/v2\/product_tag?post=37972"}],"curies":[{"name":"wp","href":"https:\/\/api.w.org\/{rel}","templated":true}]}}