{"id":37973,"date":"2025-09-08T13:04:10","date_gmt":"2025-09-08T13:04:10","guid":{"rendered":"https:\/\/ledsteplight.com\/import-placeholder-for-37064\/"},"modified":"2025-12-29T02:28:53","modified_gmt":"2025-12-29T02:28:53","slug":"sn015-86x-3w-led-ground-light-ip65-waterproof-in-ground-lighting","status":"publish","type":"product","link":"https:\/\/ledsteplight.com\/hu\/sn015-86x-3w-led-ground-light-ip65-waterproof-in-ground-lighting\/","title":{"rendered":"SN015-86X 3W LED f\u00f6ldalatti l\u00e1mpa | IP65 v\u00edz\u00e1ll\u00f3 f\u00f6ld alatti vil\u00e1g\u00edt\u00e1s"},"content":{"rendered":"<table data-start=\"1263\" data-end=\"2398\">\n<thead data-start=\"1263\" data-end=\"1333\">\n<tr data-start=\"1263\" data-end=\"1333\">\n<th data-start=\"1263\" data-end=\"1290\"><strong data-start=\"1265\" data-end=\"1278\">Param\u00e9ter<\/strong><\/th>\n<th data-start=\"1290\" data-end=\"1333\"><strong data-start=\"1292\" data-end=\"1303\">R\u00e9szletek<\/strong><\/th>\n<\/tr>\n<\/thead>\n<tbody data-start=\"1405\" data-end=\"2398\">\n<tr data-start=\"1405\" data-end=\"1475\">\n<td><strong data-start=\"1407\" data-end=\"1416\">Modell<\/strong><\/td>\n<td>MG-SN015-86X<\/td>\n<\/tr>\n<tr data-start=\"1476\" data-end=\"1546\">\n<td><strong data-start=\"1478\" data-end=\"1489\">Teljes\u00edtm\u00e9ny<\/strong><\/td>\n<td>3W<\/td>\n<\/tr>\n<tr data-start=\"1547\" data-end=\"1617\">\n<td><strong data-start=\"1549\" data-end=\"1570\"><strong><a href=\"https:\/\/ledsteplight.com\/hu\/dm36b-pro-honeycomb-anti-glare-led-in-ground-light-ip67-24v-dc\/\" class=\"waam-auto-link\" title=\"Sz\u00ednh\u0151m\u00e9rs\u00e9klet\">Sz\u00ednh\u0151m\u00e9rs\u00e9klet<\/a><\/strong><\/strong><\/td>\n<td>\u00c1ll\u00edthat\u00f3<\/td>\n<\/tr>\n<tr data-start=\"1618\" data-end=\"1688\">\n<td><strong data-start=\"1620\" data-end=\"1641\">V\u00e9delmi besorol\u00e1s<\/strong><\/td>\n<td><strong><a href=\"https:\/\/ledsteplight.com\/hu\/cree-bridgelux-chip-ip65-led-fixture-for-garden-facade-lighting\/\" class=\"waam-auto-link\" title=\"IP65\">IP65<\/a><\/strong><\/td>\n<\/tr>\n<tr data-start=\"1689\" data-end=\"1759\">\n<td><strong data-start=\"1691\" data-end=\"1703\">\u00c9lettartam<\/strong><\/td>\n<td>40 000 \u00f3ra<\/td>\n<\/tr>\n<tr data-start=\"1760\" data-end=\"1830\">\n<td><strong data-start=\"1762\" data-end=\"1774\">Anyag<\/strong><\/td>\n<td>Alum\u00ednium<\/td>\n<\/tr>\n<tr data-start=\"1831\" data-end=\"1901\">\n<td><strong data-start=\"1833\" data-end=\"1845\">Garancia<\/strong><\/td>\n<td>3 \u00e9v<\/td>\n<\/tr>\n<tr data-start=\"1902\" data-end=\"1972\">\n<td><strong data-start=\"1904\" data-end=\"1918\">F\u00e9nycs\u00f3va sz\u00f6ge<\/strong><\/td>\n<td>120\u00b0<\/td>\n<\/tr>\n<tr data-start=\"1973\" data-end=\"2043\">\n<td><strong data-start=\"1975\" data-end=\"1986\">Fesz\u00fclts\u00e9g<\/strong><\/td>\n<td>AC85-265V<\/td>\n<\/tr>\n<tr data-start=\"2044\" data-end=\"2114\">\n<td><strong data-start=\"2046\" data-end=\"2057\">Jelenlegi<\/strong><\/td>\n<td>&#8211;<\/td>\n<\/tr>\n<tr data-start=\"2115\" data-end=\"2185\">\n<td><strong data-start=\"2117\" data-end=\"2129\">LED T\u00edpus<\/strong><\/td>\n<td>COB LED<\/td>\n<\/tr>\n<tr data-start=\"2186\" data-end=\"2256\">\n<td><strong data-start=\"2188\" data-end=\"2208\">Dimmel\u00e9si funkci\u00f3<\/strong><\/td>\n<td>No<\/td>\n<\/tr>\n<tr data-start=\"2257\" data-end=\"2327\">\n<td><strong data-start=\"2259\" data-end=\"2277\">Tan\u00fas\u00edtv\u00e1nyok<\/strong><\/td>\n<td>CE, RoHS<\/td>\n<\/tr>\n<tr data-start=\"2328\" data-end=\"2398\">\n<td><strong data-start=\"2330\" data-end=\"2346\">Telep\u00edt\u00e9s<\/strong><\/td>\n<td>Be\u00e9p\u00edtett vagy fel\u00fcletre szerelt<\/td>\n<\/tr>\n<\/tbody>\n<\/table>\n<p>&nbsp;<\/p>","protected":false},"excerpt":{"rendered":"<p data-start=\"5493\" data-end=\"5877\">V\u00e1s\u00e1rolja meg a SN015-86X 3W LED f\u00f6ldalatti l\u00e1mp\u00e1t. IP65 v\u00edz\u00e1ll\u00f3, 120\u00b0 sug\u00e1rir\u00e1ny, \u00e9s 40 000 \u00f3r\u00e1s \u00e9lettartam. T\u00f6k\u00e9letes professzion\u00e1lis t\u00e1j- \u00e9s \u00e9p\u00edt\u00e9szeti vil\u00e1g\u00edt\u00e1shoz.<\/p>","protected":false},"featured_media":37180,"comment_status":"open","ping_status":"closed","template":"","meta":[],"product_brand":[],"product_cat":[105,100,426,427,428,439,429,440,430,441,431,442,443,432,433,444,112,445,446,434,435,436,437],"product_tag":[107,82,103,76,77,113,78,83],"class_list":{"0":"post-37973","1":"product","2":"type-product","3":"status-publish","4":"has-post-thumbnail","6":"product_cat-015-series","7":"product_cat-aluminum-ground-light","8":"product_cat-ceiling-recessed","9":"product_cat-ceiling-surface","10":"product_cat-ceiling-suspended","11":"product_cat-commercial","12":"product_cat-drivers","13":"product_cat-education","14":"product_cat-freestanding-light","15":"product_cat-hospitality","16":"product_cat-industrial","17":"product_cat-infrastructure","18":"product_cat-landscape","19":"product_cat-landscaping","20":"product_cat-linear","21":"product_cat-office","22":"product_cat-outdoor-ground-light","23":"product_cat-residential","24":"product_cat-retail","25":"product_cat-table-lamp","26":"product_cat-track","27":"product_cat-wall-recessed","28":"product_cat-wall-surface","29":"product_tag-015-series","30":"product_tag-3w-led","31":"product_tag-aluminum-ground-light","32":"product_tag-aluminum-housing","33":"product_tag-ground-light","34":"product_tag-outdoor-ground-light","35":"product_tag-outdoor-lighting","36":"product_tag-waterproof-fixture","38":"first","39":"instock","40":"featured","41":"downloadable","42":"shipping-taxable","43":"product-type-simple"},"_links":{"self":[{"href":"https:\/\/ledsteplight.com\/hu\/wp-json\/wp\/v2\/product\/37973","targetHints":{"allow":["GET"]}}],"collection":[{"href":"https:\/\/ledsteplight.com\/hu\/wp-json\/wp\/v2\/product"}],"about":[{"href":"https:\/\/ledsteplight.com\/hu\/wp-json\/wp\/v2\/types\/product"}],"replies":[{"embeddable":true,"href":"https:\/\/ledsteplight.com\/hu\/wp-json\/wp\/v2\/comments?post=37973"}],"version-history":[{"count":3,"href":"https:\/\/ledsteplight.com\/hu\/wp-json\/wp\/v2\/product\/37973\/revisions"}],"predecessor-version":[{"id":38713,"href":"https:\/\/ledsteplight.com\/hu\/wp-json\/wp\/v2\/product\/37973\/revisions\/38713"}],"wp:featuredmedia":[{"embeddable":true,"href":"https:\/\/ledsteplight.com\/hu\/wp-json\/wp\/v2\/media\/37180"}],"wp:attachment":[{"href":"https:\/\/ledsteplight.com\/hu\/wp-json\/wp\/v2\/media?parent=37973"}],"wp:term":[{"taxonomy":"product_brand","embeddable":true,"href":"https:\/\/ledsteplight.com\/hu\/wp-json\/wp\/v2\/product_brand?post=37973"},{"taxonomy":"product_cat","embeddable":true,"href":"https:\/\/ledsteplight.com\/hu\/wp-json\/wp\/v2\/product_cat?post=37973"},{"taxonomy":"product_tag","embeddable":true,"href":"https:\/\/ledsteplight.com\/hu\/wp-json\/wp\/v2\/product_tag?post=37973"}],"curies":[{"name":"wp","href":"https:\/\/api.w.org\/{rel}","templated":true}]}}