{"id":37974,"date":"2025-09-08T13:04:10","date_gmt":"2025-09-08T13:04:10","guid":{"rendered":"https:\/\/ledsteplight.com\/import-placeholder-for-37088\/"},"modified":"2025-12-15T09:28:45","modified_gmt":"2025-12-15T09:28:45","slug":"outdoor-3w-cob-well-light-ip65-die-cast-aluminum-landscape-lighting-fixture","status":"publish","type":"product","link":"https:\/\/ledsteplight.com\/hu\/outdoor-3w-cob-well-light-ip65-die-cast-aluminum-landscape-lighting-fixture\/","title":{"rendered":"K\u00fclt\u00e9ri 3W COB k\u00fatvil\u00e1g\u00edt\u00e1s IP65 | \u00d6nt\u00f6tt alum\u00ednium t\u00e1jvil\u00e1g\u00edt\u00e1si l\u00e1mpa"},"content":{"rendered":"<h3 data-start=\"120\" data-end=\"155\"><strong data-start=\"124\" data-end=\"155\">Term\u00e9k specifik\u00e1ci\u00f3s t\u00e1bl\u00e1zat<\/strong><\/h3>\n<table data-start=\"157\" data-end=\"1345\">\n<thead data-start=\"157\" data-end=\"228\">\n<tr data-start=\"157\" data-end=\"228\">\n<th data-start=\"157\" data-end=\"179\"><strong data-start=\"159\" data-end=\"176\">Specifik\u00e1ci\u00f3<\/strong><\/th>\n<th data-start=\"179\" data-end=\"228\">**R\u00e9szletek<\/th>\n<\/tr>\n<\/thead>\n<tbody data-start=\"303\" data-end=\"1345\">\n<tr data-start=\"303\" data-end=\"376\">\n<td><strong data-start=\"305\" data-end=\"314\">Modell<\/strong><\/td>\n<td>MG-SN030<\/td>\n<\/tr>\n<tr data-start=\"377\" data-end=\"449\">\n<td><strong data-start=\"379\" data-end=\"391\">LED T\u00edpus<\/strong><\/td>\n<td>3W COB LED<\/td>\n<\/tr>\n<tr data-start=\"450\" data-end=\"524\">\n<td><strong data-start=\"452\" data-end=\"463\">Fesz\u00fclts\u00e9g<\/strong><\/td>\n<td>85-265V<\/td>\n<\/tr>\n<tr data-start=\"525\" data-end=\"599\">\n<td><strong data-start=\"527\" data-end=\"548\"><strong><a href=\"https:\/\/ledsteplight.com\/hu\/dm36b-pro-honeycomb-anti-glare-led-in-ground-light-ip67-24v-dc\/\" class=\"waam-auto-link\" title=\"Sz\u00ednh\u0151m\u00e9rs\u00e9klet\">Sz\u00ednh\u0151m\u00e9rs\u00e9klet<\/a><\/strong><\/strong><\/td>\n<td>3000K \/ 6000K<\/td>\n<\/tr>\n<tr data-start=\"600\" data-end=\"674\">\n<td><strong data-start=\"602\" data-end=\"615\">IP besorol\u00e1s<\/strong><\/td>\n<td><strong><a href=\"https:\/\/ledsteplight.com\/hu\/cree-bridgelux-chip-ip65-led-fixture-for-garden-facade-lighting\/\" class=\"waam-auto-link\" title=\"IP65\">IP65<\/a><\/strong><\/td>\n<\/tr>\n<tr data-start=\"675\" data-end=\"749\">\n<td><strong data-start=\"677\" data-end=\"694\">F\u00e9ny\u00e1ram<\/strong><\/td>\n<td>(Opcion\u00e1lis)<\/td>\n<\/tr>\n<tr data-start=\"750\" data-end=\"824\">\n<td><strong data-start=\"752\" data-end=\"761\">Teljes\u00edtm\u00e9ny<\/strong><\/td>\n<td>3W<\/td>\n<\/tr>\n<tr data-start=\"825\" data-end=\"899\">\n<td><strong data-start=\"827\" data-end=\"839\">\u00c9lettartam<\/strong><\/td>\n<td>40 000 \u00f3ra<\/td>\n<\/tr>\n<tr data-start=\"900\" data-end=\"972\">\n<td><strong data-start=\"902\" data-end=\"918\">Telep\u00edt\u00e9s<\/strong><\/td>\n<td>Fel\u00fcleti szerel\u00e9s vagy <strong><a href=\"https:\/\/ledsteplight.com\/hu\/5w-led-in-ground-lights-ip65-waterproof-outdoor-driveway-garden-floor-lighting\/\" class=\"waam-auto-link\" title=\"be\u00e1gyazott telep\u00edt\u00e9s\">be\u00e1gyazott telep\u00edt\u00e9s<\/a><\/strong><\/td>\n<\/tr>\n<tr data-start=\"973\" data-end=\"1046\">\n<td><strong data-start=\"975\" data-end=\"987\">Anyag<\/strong><\/td>\n<td>\u00f6ntv\u00e9ny alum\u00ednium<\/td>\n<\/tr>\n<tr data-start=\"1047\" data-end=\"1121\">\n<td><strong data-start=\"1049\" data-end=\"1063\">M\u00e9ret<\/strong><\/td>\n<td>(Opcion\u00e1lis)<\/td>\n<\/tr>\n<tr data-start=\"1122\" data-end=\"1196\">\n<td><strong data-start=\"1124\" data-end=\"1136\">Garancia<\/strong><\/td>\n<td>3 \u00e9v<\/td>\n<\/tr>\n<tr data-start=\"1197\" data-end=\"1271\">\n<td><strong data-start=\"1199\" data-end=\"1209\">S\u00faly<\/strong><\/td>\n<td>(Opcion\u00e1lis)<\/td>\n<\/tr>\n<tr data-start=\"1272\" data-end=\"1345\">\n<td><strong data-start=\"1274\" data-end=\"1289\">K\u00f6rnyezet<\/strong><\/td>\n<td>K\u00fclt\u00e9ri \/ P\u00e1r\u00e1s k\u00f6rnyezet<\/td>\n<\/tr>\n<\/tbody>\n<\/table>\n<p>&nbsp;<\/p>\n<ul data-path-to-node=\"15\">\n<li>\n<p data-path-to-node=\"15,0,0\"><b>Pontoss\u00e1g\u00fa COB technol\u00f3gia:<\/b> Jellemz\u0151je egy magas min\u0151s\u00e9g\u0171 <b>3W COB LED chip<\/b> amely sima, egyenletes f\u00e9nyt ad, an\u00e9lk\u00fcl, hogy a hagyom\u00e1nyos izz\u00f3kra jellemz\u0151 vak\u00edt\u00e1st okozna. El\u00e9rhet\u0151 <b>3000K meleg feh\u00e9r<\/b> hangulathoz vagy <b>6000K hideg feh\u00e9r<\/b> tisztas\u00e1g\u00e9rt.<\/p>\n<\/li>\n<li>\n<p data-path-to-node=\"15,1,0\"><b>IP65 id\u0151j\u00e1r\u00e1s\u00e1ll\u00f3 besorol\u00e1s:<\/b> Kialak\u00edtva az es\u0151, h\u00f3 \u00e9s \u00f6nt\u00f6z\u0151sz\u00f3r\u00f3k ellen. A szorosan z\u00e1rt burkolat megakad\u00e1lyozza a nedvess\u00e9g behatol\u00e1s\u00e1t, \u00edgy megb\u00edzhat\u00f3 v\u00e1laszt\u00e1s <b>nedves k\u00fclt\u00e9ri k\u00f6rnyezetekhez<\/b>.<\/p>\n<\/li>\n<li>\n<p data-path-to-node=\"15,2,0\"><b>Egyszer\u0171 telep\u00edt\u00e9s (85-265V):<\/b> Bels\u0151 meghajt\u00f3val tervezve, amely elfogadja <b>AC 85-265V<\/b>, \u00edgy nincs sz\u00fcks\u00e9g nagyobb k\u00fcls\u0151 transzform\u00e1torokra. Alkalmas mind <b>be\u00e1gyazott (rejtett)<\/b> \u00e9s <b>fel\u00fcletre szerelhet\u0151<\/b> alkalmaz\u00e1sokhoz.<\/p>\n<\/li>\n<li>\n<p data-path-to-node=\"15,3,0\"><b>Nehezebb \u00c9p\u00edtkez\u00e9s:<\/b> Az strapab\u00edr\u00f3 <b>\u00f6ntv\u00e9ny alum\u00ednium test<\/b> ellen\u00e1ll a rozsda \u00e9s korr\u00f3zi\u00f3 ellen, hossz\u00fa \u00e9lettartamot biztos\u00edtva t\u00f6bb mint <b>40 000 \u00f3ra<\/b>. Megb\u00edzhat\u00f3 <b>3 \u00e9ves garancia<\/b>.<\/p>\n<\/li>\n<\/ul>\n<p>&nbsp;<\/p>","protected":false},"excerpt":{"rendered":"<p>MG-SN030 egy sokoldal\u00fa 3W COB LED eltemetett l\u00e1mpa, amelyet modern t\u00e1j\u00e9p\u00edt\u00e9szeti projektekbe val\u00f3 z\u00f6kken\u0151mentes beilleszt\u00e9sre terveztek. Ak\u00e1r fa teraszt, k\u0151j\u00e1rd\u00e1t vagy kertszeg\u00e9lyt vil\u00e1g\u00edt meg, ez a l\u00e1mpa hat\u00e9kony megvil\u00e1g\u00edt\u00e1st ny\u00fajt minim\u00e1lis l\u00e1bnyommal. \u00d6nt\u00f6tt alum\u00ednium h\u00e1za kiv\u00e1l\u00f3 h\u0151kezel\u00e9st biztos\u00edt, \u00edgy stabil teljes\u00edtm\u00e9nyt ny\u00fajt minden id\u0151j\u00e1r\u00e1si k\u00f6r\u00fclm\u00e9ny k\u00f6z\u00f6tt.<\/p>","protected":false},"featured_media":37184,"comment_status":"open","ping_status":"closed","template":"","meta":[],"product_brand":[],"product_cat":[99,86,100,426,427,428,71,439,429,440,430,441,431,442,443,432,433,444,445,446,434,435,436,437],"product_tag":[102,82,103,76,75,77,83],"class_list":{"0":"post-37974","1":"product","2":"type-product","3":"status-publish","4":"has-post-thumbnail","6":"product_cat-039-series","7":"product_cat-3w-power","8":"product_cat-aluminum-ground-light","9":"product_cat-ceiling-recessed","10":"product_cat-ceiling-surface","11":"product_cat-ceiling-suspended","12":"product_cat-cob","13":"product_cat-commercial","14":"product_cat-drivers","15":"product_cat-education","16":"product_cat-freestanding-light","17":"product_cat-hospitality","18":"product_cat-industrial","19":"product_cat-infrastructure","20":"product_cat-landscape","21":"product_cat-landscaping","22":"product_cat-linear","23":"product_cat-office","24":"product_cat-residential","25":"product_cat-retail","26":"product_cat-table-lamp","27":"product_cat-track","28":"product_cat-wall-recessed","29":"product_cat-wall-surface","30":"product_tag-039-series","31":"product_tag-3w-led","32":"product_tag-aluminum-ground-light","33":"product_tag-aluminum-housing","34":"product_tag-cob-light","35":"product_tag-ground-light","36":"product_tag-waterproof-fixture","38":"first","39":"instock","40":"shipping-taxable","41":"product-type-simple"},"_links":{"self":[{"href":"https:\/\/ledsteplight.com\/hu\/wp-json\/wp\/v2\/product\/37974","targetHints":{"allow":["GET"]}}],"collection":[{"href":"https:\/\/ledsteplight.com\/hu\/wp-json\/wp\/v2\/product"}],"about":[{"href":"https:\/\/ledsteplight.com\/hu\/wp-json\/wp\/v2\/types\/product"}],"replies":[{"embeddable":true,"href":"https:\/\/ledsteplight.com\/hu\/wp-json\/wp\/v2\/comments?post=37974"}],"version-history":[{"count":3,"href":"https:\/\/ledsteplight.com\/hu\/wp-json\/wp\/v2\/product\/37974\/revisions"}],"predecessor-version":[{"id":38679,"href":"https:\/\/ledsteplight.com\/hu\/wp-json\/wp\/v2\/product\/37974\/revisions\/38679"}],"wp:featuredmedia":[{"embeddable":true,"href":"https:\/\/ledsteplight.com\/hu\/wp-json\/wp\/v2\/media\/37184"}],"wp:attachment":[{"href":"https:\/\/ledsteplight.com\/hu\/wp-json\/wp\/v2\/media?parent=37974"}],"wp:term":[{"taxonomy":"product_brand","embeddable":true,"href":"https:\/\/ledsteplight.com\/hu\/wp-json\/wp\/v2\/product_brand?post=37974"},{"taxonomy":"product_cat","embeddable":true,"href":"https:\/\/ledsteplight.com\/hu\/wp-json\/wp\/v2\/product_cat?post=37974"},{"taxonomy":"product_tag","embeddable":true,"href":"https:\/\/ledsteplight.com\/hu\/wp-json\/wp\/v2\/product_tag?post=37974"}],"curies":[{"name":"wp","href":"https:\/\/api.w.org\/{rel}","templated":true}]}}