{"id":37975,"date":"2025-09-08T13:04:10","date_gmt":"2025-09-08T13:04:10","guid":{"rendered":"https:\/\/ledsteplight.com\/import-placeholder-for-37089\/"},"modified":"2025-12-17T09:31:15","modified_gmt":"2025-12-17T09:31:15","slug":"wholesale-1w-3w-surface-mount-led-ground-light-ip65-304-stainless-steel","status":"publish","type":"product","link":"https:\/\/ledsteplight.com\/hu\/wholesale-1w-3w-surface-mount-led-ground-light-ip65-304-stainless-steel\/","title":{"rendered":"Nagykereskedelmi 1W\/3W fel\u00fcleti szerel\u00e9s\u0171 LED f\u00f6ldvil\u00e1g\u00edt\u00e1s | IP65 304 rozsdamentes ac\u00e9l"},"content":{"rendered":"<table data-start=\"222\" data-end=\"1285\">\n<thead data-start=\"222\" data-end=\"292\">\n<tr data-start=\"222\" data-end=\"292\">\n<th data-start=\"222\" data-end=\"249\"><strong data-start=\"224\" data-end=\"237\">Param\u00e9ter<\/strong><\/th>\n<th data-start=\"249\" data-end=\"292\"><strong data-start=\"251\" data-end=\"262\">R\u00e9szletek<\/strong><\/th>\n<\/tr>\n<\/thead>\n<tbody data-start=\"364\" data-end=\"1285\">\n<tr data-start=\"364\" data-end=\"434\">\n<td><strong data-start=\"366\" data-end=\"375\">Modell<\/strong><\/td>\n<td>MG-SN010<\/td>\n<\/tr>\n<tr data-start=\"435\" data-end=\"505\">\n<td><strong data-start=\"437\" data-end=\"448\">Teljes\u00edtm\u00e9ny<\/strong><\/td>\n<td>1W \/ 3W<\/td>\n<\/tr>\n<tr data-start=\"506\" data-end=\"576\">\n<td><strong data-start=\"508\" data-end=\"529\"><strong><a href=\"https:\/\/ledsteplight.com\/hu\/dm36b-pro-honeycomb-anti-glare-led-in-ground-light-ip67-24v-dc\/\" class=\"waam-auto-link\" title=\"Sz\u00ednh\u0151m\u00e9rs\u00e9klet\">Sz\u00ednh\u0151m\u00e9rs\u00e9klet<\/a><\/strong><\/strong><\/td>\n<td>\u00c1ll\u00edthat\u00f3 (3000K\/6000K)<\/td>\n<\/tr>\n<tr data-start=\"577\" data-end=\"647\">\n<td><strong data-start=\"579\" data-end=\"600\">V\u00e9delmi besorol\u00e1s<\/strong><\/td>\n<td>IP65<\/td>\n<\/tr>\n<tr data-start=\"648\" data-end=\"718\">\n<td><strong data-start=\"650\" data-end=\"662\">\u00c9lettartam<\/strong><\/td>\n<td>40 000 \u00f3ra<\/td>\n<\/tr>\n<tr data-start=\"719\" data-end=\"788\">\n<td><strong data-start=\"721\" data-end=\"733\">Anyag<\/strong><\/td>\n<td>304 rozsdamentes ac\u00e9l \/ Alum\u00ednium\u00f6tv\u00f6zet<\/td>\n<\/tr>\n<tr data-start=\"789\" data-end=\"859\">\n<td><strong data-start=\"791\" data-end=\"803\">Garancia<\/strong><\/td>\n<td>3 \u00e9v<\/td>\n<\/tr>\n<tr data-start=\"860\" data-end=\"930\">\n<td><strong data-start=\"862\" data-end=\"876\">F\u00e9nycs\u00f3va sz\u00f6ge<\/strong><\/td>\n<td>120\u00b0<\/td>\n<\/tr>\n<tr data-start=\"931\" data-end=\"1001\">\n<td><strong data-start=\"933\" data-end=\"944\">Fesz\u00fclts\u00e9g<\/strong><\/td>\n<td>100-230V<\/td>\n<\/tr>\n<tr data-start=\"1002\" data-end=\"1072\">\n<td><strong data-start=\"1004\" data-end=\"1016\">LED T\u00edpus<\/strong><\/td>\n<td><strong><a href=\"https:\/\/ledsteplight.com\/hu\/cree-bridgelux-chip-ip65-led-fixture-for-garden-facade-lighting\/\" class=\"waam-auto-link\" title=\"CREE LED\">CREE LED<\/a><\/strong><\/td>\n<\/tr>\n<tr data-start=\"1073\" data-end=\"1143\">\n<td><strong data-start=\"1075\" data-end=\"1095\">Dimmel\u00e9si funkci\u00f3<\/strong><\/td>\n<td>No<\/td>\n<\/tr>\n<tr data-start=\"1144\" data-end=\"1214\">\n<td><strong data-start=\"1146\" data-end=\"1164\">Tan\u00fas\u00edtv\u00e1nyok<\/strong><\/td>\n<td>CE, RoHS<\/td>\n<\/tr>\n<tr data-start=\"1215\" data-end=\"1285\">\n<td><strong data-start=\"1217\" data-end=\"1233\">Telep\u00edt\u00e9s<\/strong><\/td>\n<td>Fel\u00fcleti szerel\u00e9s<\/td>\n<\/tr>\n<\/tbody>\n<\/table>\n<p>Az MG-SN010 kiv\u00e1l\u00f3 min\u0151s\u00e9g\u0171 k\u00fclt\u00e9ri projekteket c\u00e9loz meg, ahol a tart\u00f3ss\u00e1g \u00e9s a k\u00f6nny\u0171 telep\u00edt\u00e9s a legfontosabb szempontok. Ellent\u00e9tben a hagyom\u00e1nyos <strong><a href=\"https:\/\/ledsteplight.com\/hu\/ip67-waterproof-led-ground-lights-easy-garden-lighting-solutions\/\" class=\"waam-auto-link\" title=\"f\u00f6ldbe s\u00fcllyesztett l\u00e1mp\u00e1k\">f\u00f6ldbe s\u00fcllyesztett l\u00e1mp\u00e1k<\/a><\/strong>Ez a szerelv\u00e9ny okos fel\u00fcletre szerelhet\u0151 kialak\u00edt\u00e1ssal rendelkezik\u2014nem sz\u00fcks\u00e9ges bonyolult \u00e1s\u00e1s vagy f\u00f6ldmunka. Els\u0151 oszt\u00e1ly\u00fa 304 rozsdamentes ac\u00e9lb\u00f3l \u00e9s strapab\u00edr\u00f3 alum\u00ednium \u00f6tv\u00f6zet testb\u0151l k\u00e9sz\u00fclt, \u00fagy tervezt\u00e9k, hogy ellen\u00e1lljon a s\u00f3s leveg\u0151nek, nedvess\u00e9gnek \u00e9s a nagy forgalm\u00fa ter\u00fcleteknek an\u00e9lk\u00fcl, hogy elvesz\u00edten\u00e9 a fel\u00fclet\u00e9t. IP65 v\u00edz\u00e1ll\u00f3s\u00e1gi besorol\u00e1ssal \u00e9s 40 000 \u00f3r\u00e1s \u00e9lettartammal ez a \u201e\u00e1ll\u00edtsd be \u00e9s felejtsd el\u201d vil\u00e1g\u00edt\u00e1s, amely cs\u00f6kkenti a karbantart\u00e1si h\u00edv\u00e1sokat az \u00fcgyfeleid sz\u00e1m\u00e1ra.<\/p>","protected":false},"excerpt":{"rendered":"<p data-start=\"5152\" data-end=\"5513\">Nagykereskedelmi 1W\/3W CREE LED F\u00f6ldvil\u00e1g\u00edt\u00e1sok (SN010). 304 rozsdamentes ac\u00e9l testtel \u00e9s k\u00f6nny\u0171 fel\u00fcletre szerelhet\u0151s\u00e9ggel. K\u00e9rje ma a gy\u00e1rilag nagy t\u00e9telben \u00e9s egyedi megrendel\u00e9sekre vonatkoz\u00f3 \u00e1raj\u00e1nlatot.<\/p>","protected":false},"featured_media":37186,"comment_status":"open","ping_status":"closed","template":"","meta":[],"product_brand":[],"product_cat":[85,100,426,427,428,439,429,440,430,441,431,442,443,432,433,444,445,446,434,435,436,437],"product_tag":[89,82,103,76,77,83],"class_list":{"0":"post-37975","1":"product","2":"type-product","3":"status-publish","4":"has-post-thumbnail","6":"product_cat-1w","7":"product_cat-aluminum-ground-light","8":"product_cat-ceiling-recessed","9":"product_cat-ceiling-surface","10":"product_cat-ceiling-suspended","11":"product_cat-commercial","12":"product_cat-drivers","13":"product_cat-education","14":"product_cat-freestanding-light","15":"product_cat-hospitality","16":"product_cat-industrial","17":"product_cat-infrastructure","18":"product_cat-landscape","19":"product_cat-landscaping","20":"product_cat-linear","21":"product_cat-office","22":"product_cat-residential","23":"product_cat-retail","24":"product_cat-table-lamp","25":"product_cat-track","26":"product_cat-wall-recessed","27":"product_cat-wall-surface","28":"product_tag-1w-led","29":"product_tag-3w-led","30":"product_tag-aluminum-ground-light","31":"product_tag-aluminum-housing","32":"product_tag-ground-light","33":"product_tag-waterproof-fixture","35":"first","36":"instock","37":"shipping-taxable","38":"product-type-simple"},"_links":{"self":[{"href":"https:\/\/ledsteplight.com\/hu\/wp-json\/wp\/v2\/product\/37975","targetHints":{"allow":["GET"]}}],"collection":[{"href":"https:\/\/ledsteplight.com\/hu\/wp-json\/wp\/v2\/product"}],"about":[{"href":"https:\/\/ledsteplight.com\/hu\/wp-json\/wp\/v2\/types\/product"}],"replies":[{"embeddable":true,"href":"https:\/\/ledsteplight.com\/hu\/wp-json\/wp\/v2\/comments?post=37975"}],"version-history":[{"count":3,"href":"https:\/\/ledsteplight.com\/hu\/wp-json\/wp\/v2\/product\/37975\/revisions"}],"predecessor-version":[{"id":38686,"href":"https:\/\/ledsteplight.com\/hu\/wp-json\/wp\/v2\/product\/37975\/revisions\/38686"}],"wp:featuredmedia":[{"embeddable":true,"href":"https:\/\/ledsteplight.com\/hu\/wp-json\/wp\/v2\/media\/37186"}],"wp:attachment":[{"href":"https:\/\/ledsteplight.com\/hu\/wp-json\/wp\/v2\/media?parent=37975"}],"wp:term":[{"taxonomy":"product_brand","embeddable":true,"href":"https:\/\/ledsteplight.com\/hu\/wp-json\/wp\/v2\/product_brand?post=37975"},{"taxonomy":"product_cat","embeddable":true,"href":"https:\/\/ledsteplight.com\/hu\/wp-json\/wp\/v2\/product_cat?post=37975"},{"taxonomy":"product_tag","embeddable":true,"href":"https:\/\/ledsteplight.com\/hu\/wp-json\/wp\/v2\/product_tag?post=37975"}],"curies":[{"name":"wp","href":"https:\/\/api.w.org\/{rel}","templated":true}]}}