{"id":37976,"date":"2025-09-08T13:04:10","date_gmt":"2025-09-08T13:04:10","guid":{"rendered":"https:\/\/ledsteplight.com\/import-placeholder-for-37090\/"},"modified":"2025-12-16T05:29:22","modified_gmt":"2025-12-16T05:29:22","slug":"mg-sn015-48-3w-cct-adjustable-led-ground-light-3-in-1-color-temp-warm-cool-daylight-ip65","status":"publish","type":"product","link":"https:\/\/ledsteplight.com\/hu\/mg-sn015-48-3w-cct-adjustable-led-ground-light-3-in-1-color-temp-warm-cool-daylight-ip65\/","title":{"rendered":"MG-SN015-48 3W CCT \u00c1ll\u00edthat\u00f3 LED F\u00f6ldi L\u00e1mpa | 3-in-1 Sz\u00ednh\u0151m\u00e9rs\u00e9klet (Meleg\/H\u0171v\u00f6s\/Nappali) IP65"},"content":{"rendered":"<table data-start=\"230\" data-end=\"1294\">\n<thead data-start=\"230\" data-end=\"300\">\n<tr data-start=\"230\" data-end=\"300\">\n<th data-start=\"230\" data-end=\"257\"><strong data-start=\"232\" data-end=\"245\">Param\u00e9ter<\/strong><\/th>\n<th data-start=\"257\" data-end=\"300\"><strong data-start=\"259\" data-end=\"270\">R\u00e9szletek<\/strong><\/th>\n<\/tr>\n<\/thead>\n<tbody data-start=\"372\" data-end=\"1294\">\n<tr data-start=\"372\" data-end=\"442\">\n<td><strong data-start=\"374\" data-end=\"383\">Modell<\/strong><\/td>\n<td>MG-SN015-48<\/td>\n<\/tr>\n<tr data-start=\"443\" data-end=\"513\">\n<td><strong data-start=\"445\" data-end=\"456\">Teljes\u00edtm\u00e9ny<\/strong><\/td>\n<td>3W<\/td>\n<\/tr>\n<tr data-start=\"514\" data-end=\"584\">\n<td><strong data-start=\"516\" data-end=\"537\"><strong><a href=\"https:\/\/ledsteplight.com\/hu\/dm36b-pro-honeycomb-anti-glare-led-in-ground-light-ip67-24v-dc\/\" class=\"waam-auto-link\" title=\"Sz\u00ednh\u0151m\u00e9rs\u00e9klet\">Sz\u00ednh\u0151m\u00e9rs\u00e9klet<\/a><\/strong><\/strong><\/td>\n<td>\u00c1ll\u00edthat\u00f3<\/td>\n<\/tr>\n<tr data-start=\"585\" data-end=\"655\">\n<td><strong data-start=\"587\" data-end=\"608\">V\u00e9delmi besorol\u00e1s<\/strong><\/td>\n<td><strong><a href=\"https:\/\/ledsteplight.com\/hu\/cree-bridgelux-chip-ip65-led-fixture-for-garden-facade-lighting\/\" class=\"waam-auto-link\" title=\"IP65\">IP65<\/a><\/strong><\/td>\n<\/tr>\n<tr data-start=\"656\" data-end=\"726\">\n<td><strong data-start=\"658\" data-end=\"670\">\u00c9lettartam<\/strong><\/td>\n<td>40 000 \u00f3ra<\/td>\n<\/tr>\n<tr data-start=\"727\" data-end=\"797\">\n<td><strong data-start=\"729\" data-end=\"741\">Anyag<\/strong><\/td>\n<td>Alum\u00ednium<\/td>\n<\/tr>\n<tr data-start=\"798\" data-end=\"868\">\n<td><strong data-start=\"800\" data-end=\"812\">Garancia<\/strong><\/td>\n<td>3 \u00e9v<\/td>\n<\/tr>\n<tr data-start=\"869\" data-end=\"939\">\n<td><strong data-start=\"871\" data-end=\"885\">F\u00e9nycs\u00f3va sz\u00f6ge<\/strong><\/td>\n<td>120\u00b0<\/td>\n<\/tr>\n<tr data-start=\"940\" data-end=\"1010\">\n<td><strong data-start=\"942\" data-end=\"953\">Fesz\u00fclts\u00e9g<\/strong><\/td>\n<td>AC85-265V<\/td>\n<\/tr>\n<tr data-start=\"1011\" data-end=\"1081\">\n<td><strong data-start=\"1013\" data-end=\"1025\">LED T\u00edpus<\/strong><\/td>\n<td>COB LED<\/td>\n<\/tr>\n<tr data-start=\"1082\" data-end=\"1152\">\n<td><strong data-start=\"1084\" data-end=\"1104\">Dimmel\u00e9si funkci\u00f3<\/strong><\/td>\n<td>No<\/td>\n<\/tr>\n<tr data-start=\"1153\" data-end=\"1223\">\n<td><strong data-start=\"1155\" data-end=\"1173\">Tan\u00fas\u00edtv\u00e1nyok<\/strong><\/td>\n<td>CE, RoHS<\/td>\n<\/tr>\n<tr data-start=\"1224\" data-end=\"1294\">\n<td><strong data-start=\"1226\" data-end=\"1242\">Telep\u00edt\u00e9s<\/strong><\/td>\n<td>Be\u00e9p\u00edtett vagy fel\u00fcletre szerelt<\/td>\n<\/tr>\n<\/tbody>\n<\/table>\n<p>Egyszer\u0171s\u00edtse vil\u00e1g\u00edt\u00e1si projektjeit a sokoldal\u00faval <b>MG-SN015-48 3W CCT \u00c1ll\u00edthat\u00f3 <strong><a href=\"https:\/\/ledsteplight.com\/hu\/heavy-duty-5w-led-driveway-light-waterproof-ip65-garden\/\" class=\"waam-auto-link\" title=\"LED f\u00f6ldvil\u00e1g\u00edt\u00f3\">LED f\u00f6ldvil\u00e1g\u00edt\u00f3<\/a><\/strong><\/b>. A hagyom\u00e1nyos fix sz\u00edn\u0171 l\u00e1mp\u00e1kkal ellent\u00e9tben ez az okos t\u00e1jvil\u00e1g\u00edt\u00e1s lehet\u0151v\u00e9 teszi, hogy kiv\u00e1lassza a t\u00f6k\u00e9letes sz\u00ednh\u0151m\u00e9rs\u00e9kletet az \u00e9p\u00edt\u00e9szeti st\u00edlus\u00e1nak megfelel\u0151en. Egy <b>sz\u00e9les 120\u00b0-os sug\u00e1rz\u00e1si sz\u00f6ggel<\/b>, ez a v\u00e9gs\u0151 megold\u00e1s falak mos\u00e1s\u00e1ra, sz\u00e9les s\u00e9t\u00e1nyok megvil\u00e1g\u00edt\u00e1s\u00e1ra \u00e9s a kert text\u00far\u00e1j\u00e1nak kiemel\u00e9s\u00e9re.<\/p>","protected":false},"excerpt":{"rendered":"<p data-start=\"4885\" data-end=\"5181\">Egy f\u00e9ny, t\u00f6bb sz\u00edn. Az MG-SN015-48 egy 3W-os CCT \u00e1ll\u00edthat\u00f3 LED f\u00f6ldl\u00e1mpa (3000K\/4000K\/6000K). Sz\u00e9les 120\u00b0-os sug\u00e1rz\u00e1si sz\u00f6ggel rendelkezik a vil\u00e1g\u00edt\u00e1si feladatokra, IP65 v\u00edz\u00e1ll\u00f3 besorol\u00e1ssal \u00e9s AC85-265V bemenettel. Ide\u00e1lis k\u00e9szletcs\u00f6kkent\u00e9shez. 3 \u00e9v garancia<\/p>","protected":false},"featured_media":37187,"comment_status":"open","ping_status":"closed","template":"","meta":[],"product_brand":[],"product_cat":[105,100,426,427,428,439,429,440,430,441,431,442,443,432,433,444,445,446,434,435,436,437],"product_tag":[107,82,103,76,77,83],"class_list":{"0":"post-37976","1":"product","2":"type-product","3":"status-publish","4":"has-post-thumbnail","6":"product_cat-015-series","7":"product_cat-aluminum-ground-light","8":"product_cat-ceiling-recessed","9":"product_cat-ceiling-surface","10":"product_cat-ceiling-suspended","11":"product_cat-commercial","12":"product_cat-drivers","13":"product_cat-education","14":"product_cat-freestanding-light","15":"product_cat-hospitality","16":"product_cat-industrial","17":"product_cat-infrastructure","18":"product_cat-landscape","19":"product_cat-landscaping","20":"product_cat-linear","21":"product_cat-office","22":"product_cat-residential","23":"product_cat-retail","24":"product_cat-table-lamp","25":"product_cat-track","26":"product_cat-wall-recessed","27":"product_cat-wall-surface","28":"product_tag-015-series","29":"product_tag-3w-led","30":"product_tag-aluminum-ground-light","31":"product_tag-aluminum-housing","32":"product_tag-ground-light","33":"product_tag-waterproof-fixture","35":"first","36":"instock","37":"shipping-taxable","38":"product-type-simple"},"_links":{"self":[{"href":"https:\/\/ledsteplight.com\/hu\/wp-json\/wp\/v2\/product\/37976","targetHints":{"allow":["GET"]}}],"collection":[{"href":"https:\/\/ledsteplight.com\/hu\/wp-json\/wp\/v2\/product"}],"about":[{"href":"https:\/\/ledsteplight.com\/hu\/wp-json\/wp\/v2\/types\/product"}],"replies":[{"embeddable":true,"href":"https:\/\/ledsteplight.com\/hu\/wp-json\/wp\/v2\/comments?post=37976"}],"version-history":[{"count":4,"href":"https:\/\/ledsteplight.com\/hu\/wp-json\/wp\/v2\/product\/37976\/revisions"}],"predecessor-version":[{"id":38683,"href":"https:\/\/ledsteplight.com\/hu\/wp-json\/wp\/v2\/product\/37976\/revisions\/38683"}],"wp:featuredmedia":[{"embeddable":true,"href":"https:\/\/ledsteplight.com\/hu\/wp-json\/wp\/v2\/media\/37187"}],"wp:attachment":[{"href":"https:\/\/ledsteplight.com\/hu\/wp-json\/wp\/v2\/media?parent=37976"}],"wp:term":[{"taxonomy":"product_brand","embeddable":true,"href":"https:\/\/ledsteplight.com\/hu\/wp-json\/wp\/v2\/product_brand?post=37976"},{"taxonomy":"product_cat","embeddable":true,"href":"https:\/\/ledsteplight.com\/hu\/wp-json\/wp\/v2\/product_cat?post=37976"},{"taxonomy":"product_tag","embeddable":true,"href":"https:\/\/ledsteplight.com\/hu\/wp-json\/wp\/v2\/product_tag?post=37976"}],"curies":[{"name":"wp","href":"https:\/\/api.w.org\/{rel}","templated":true}]}}