{"id":37979,"date":"2025-09-08T13:04:10","date_gmt":"2025-09-08T13:04:10","guid":{"rendered":"https:\/\/ledsteplight.com\/import-placeholder-for-37093\/"},"modified":"2025-12-16T05:30:21","modified_gmt":"2025-12-16T05:30:21","slug":"mg-bd035-40-5w-led-landscape-spotlight-ip65-outdoor-inground-uplight-for-trees-columns","status":"publish","type":"product","link":"https:\/\/ledsteplight.com\/hu\/mg-bd035-40-5w-led-landscape-spotlight-ip65-outdoor-inground-uplight-for-trees-columns\/","title":{"rendered":"MG-BD035-40 5W LED t\u00e1jvil\u00e1g\u00edt\u00f3 reflektor | IP65 k\u00fclt\u00e9ri f\u00f6ldbe s\u00fcllyesztett f\u00e9nysz\u00f3r\u00f3 f\u00e1khoz \u00e9s oszlopokhoz"},"content":{"rendered":"<h3 data-start=\"123\" data-end=\"158\"><strong data-start=\"127\" data-end=\"158\">Term\u00e9k specifik\u00e1ci\u00f3s t\u00e1bl\u00e1zat<\/strong><\/h3>\n<table data-start=\"160\" data-end=\"1353\">\n<thead data-start=\"160\" data-end=\"233\">\n<tr data-start=\"160\" data-end=\"233\">\n<th data-start=\"160\" data-end=\"182\"><strong data-start=\"162\" data-end=\"179\">Specifik\u00e1ci\u00f3<\/strong><\/th>\n<th data-start=\"182\" data-end=\"233\"><strong data-start=\"184\" data-end=\"195\">R\u00e9szletek<\/strong><\/th>\n<\/tr>\n<\/thead>\n<tbody data-start=\"308\" data-end=\"1353\">\n<tr data-start=\"308\" data-end=\"382\">\n<td><strong data-start=\"310\" data-end=\"319\">Modell<\/strong><\/td>\n<td>MG-BD035-40<\/td>\n<\/tr>\n<tr data-start=\"383\" data-end=\"457\">\n<td><strong data-start=\"385\" data-end=\"397\">LED T\u00edpus<\/strong><\/td>\n<td>5W COB LED<\/td>\n<\/tr>\n<tr data-start=\"458\" data-end=\"532\">\n<td><strong data-start=\"460\" data-end=\"471\">Fesz\u00fclts\u00e9g<\/strong><\/td>\n<td>85-265V<\/td>\n<\/tr>\n<tr data-start=\"533\" data-end=\"607\">\n<td><strong data-start=\"535\" data-end=\"556\"><strong><a href=\"https:\/\/ledsteplight.com\/hu\/dm36b-pro-honeycomb-anti-glare-led-in-ground-light-ip67-24v-dc\/\" class=\"waam-auto-link\" title=\"Sz\u00ednh\u0151m\u00e9rs\u00e9klet\">Sz\u00ednh\u0151m\u00e9rs\u00e9klet<\/a><\/strong><\/strong><\/td>\n<td>3000K \/ 6000K<\/td>\n<\/tr>\n<tr data-start=\"608\" data-end=\"682\">\n<td><strong data-start=\"610\" data-end=\"623\">IP besorol\u00e1s<\/strong><\/td>\n<td><strong><a href=\"https:\/\/ledsteplight.com\/hu\/cree-bridgelux-chip-ip65-led-fixture-for-garden-facade-lighting\/\" class=\"waam-auto-link\" title=\"IP65\">IP65<\/a><\/strong><\/td>\n<\/tr>\n<tr data-start=\"683\" data-end=\"757\">\n<td><strong data-start=\"685\" data-end=\"702\">F\u00e9ny\u00e1ram<\/strong><\/td>\n<td>(Opcion\u00e1lis)<\/td>\n<\/tr>\n<tr data-start=\"758\" data-end=\"832\">\n<td><strong data-start=\"760\" data-end=\"769\">Teljes\u00edtm\u00e9ny<\/strong><\/td>\n<td>5W<\/td>\n<\/tr>\n<tr data-start=\"833\" data-end=\"907\">\n<td><strong data-start=\"835\" data-end=\"847\">\u00c9lettartam<\/strong><\/td>\n<td>40 000 \u00f3ra<\/td>\n<\/tr>\n<tr data-start=\"908\" data-end=\"980\">\n<td><strong data-start=\"910\" data-end=\"926\">Telep\u00edt\u00e9s<\/strong><\/td>\n<td>Fel\u00fcleti szerel\u00e9s vagy <strong><a href=\"https:\/\/ledsteplight.com\/hu\/5w-led-in-ground-lights-ip65-waterproof-outdoor-driveway-garden-floor-lighting\/\" class=\"waam-auto-link\" title=\"be\u00e1gyazott telep\u00edt\u00e9s\">be\u00e1gyazott telep\u00edt\u00e9s<\/a><\/strong><\/td>\n<\/tr>\n<tr data-start=\"981\" data-end=\"1054\">\n<td><strong data-start=\"983\" data-end=\"995\">Anyag<\/strong><\/td>\n<td>\u00f6ntv\u00e9ny alum\u00ednium<\/td>\n<\/tr>\n<tr data-start=\"1055\" data-end=\"1129\">\n<td><strong data-start=\"1057\" data-end=\"1071\">M\u00e9ret<\/strong><\/td>\n<td>(Opcion\u00e1lis)<\/td>\n<\/tr>\n<tr data-start=\"1130\" data-end=\"1204\">\n<td><strong data-start=\"1132\" data-end=\"1144\">Garancia<\/strong><\/td>\n<td>3 \u00e9v<\/td>\n<\/tr>\n<tr data-start=\"1205\" data-end=\"1279\">\n<td><strong data-start=\"1207\" data-end=\"1217\">S\u00faly<\/strong><\/td>\n<td>(Opcion\u00e1lis)<\/td>\n<\/tr>\n<tr data-start=\"1280\" data-end=\"1353\">\n<td><strong data-start=\"1282\" data-end=\"1297\">K\u00f6rnyezet<\/strong><\/td>\n<td>K\u00fclt\u00e9ri \/ P\u00e1r\u00e1s k\u00f6rnyezet<\/td>\n<\/tr>\n<\/tbody>\n<\/table>\n<p>&nbsp;<\/p>\n<p>Leny\u0171g\u00f6z\u0151 f\u00f3kuszpontokat hozzon l\u00e9tre az MG-BD035-40 5W seg\u00edts\u00e9g\u00e9vel <strong><a href=\"https:\/\/ledsteplight.com\/hu\/heavy-duty-5w-led-driveway-light-waterproof-ip65-garden\/\" class=\"waam-auto-link\" title=\"LED f\u00f6ldvil\u00e1g\u00edt\u00f3\">LED f\u00f6ldvil\u00e1g\u00edt\u00f3<\/a><\/strong>. \u00d6nt\u00f6tt alum\u00edniumb\u00f3l k\u00e9sz\u00fclt, IP65 v\u00edz\u00e1ll\u00f3s\u00e1gi besorol\u00e1ssal a zord k\u00fclt\u00e9ri k\u00f6r\u00fclm\u00e9nyekhez. Ide\u00e1lis \u00e9p\u00edt\u00e9szeti fel\u00fclf\u00e9nyel\u00e9shez \u00e9s kertvil\u00e1g\u00edt\u00e1shoz. 85-265V glob\u00e1lis fesz\u00fclts\u00e9g. 3 \u00e9ves garancia.<\/p>","protected":false},"excerpt":{"rendered":"<p>Hozzon l\u00e9tre leny\u0171g\u00f6z\u0151 k\u00f6z\u00e9ppontokat az MG-BD035-40 5W LED f\u00f6ldalatti l\u00e1mp\u00e1val. \u00d6nt\u00f6tt alum\u00edniumb\u00f3l k\u00e9sz\u00fclt, IP65 v\u00edz\u00e1ll\u00f3s\u00e1gi besorol\u00e1ssal a zord k\u00fclt\u00e9ri k\u00f6r\u00fclm\u00e9nyekhez. Ide\u00e1lis \u00e9p\u00edt\u00e9szeti felvil\u00e1g\u00edt\u00e1shoz \u00e9s kertkiemel\u00e9shez. 85-265V glob\u00e1lis fesz\u00fclts\u00e9g. 3 \u00e9ves garancia.<\/p>","protected":false},"featured_media":37197,"comment_status":"open","ping_status":"closed","template":"","meta":[],"product_brand":[],"product_cat":[69,100,426,427,428,439,429,440,430,441,431,442,443,432,433,444,445,446,106,434,435,128,436,437],"product_tag":[74,103,76,77,108,129,83],"class_list":{"0":"post-37979","1":"product","2":"type-product","3":"status-publish","4":"has-post-thumbnail","6":"product_cat-5w","7":"product_cat-aluminum-ground-light","8":"product_cat-ceiling-recessed","9":"product_cat-ceiling-surface","10":"product_cat-ceiling-suspended","11":"product_cat-commercial","12":"product_cat-drivers","13":"product_cat-education","14":"product_cat-freestanding-light","15":"product_cat-hospitality","16":"product_cat-industrial","17":"product_cat-infrastructure","18":"product_cat-landscape","19":"product_cat-landscaping","20":"product_cat-linear","21":"product_cat-office","22":"product_cat-residential","23":"product_cat-retail","24":"product_cat-round-ground-light","25":"product_cat-table-lamp","26":"product_cat-track","27":"product_cat-wall-light-series","28":"product_cat-wall-recessed","29":"product_cat-wall-surface","30":"product_tag-5w-led","31":"product_tag-aluminum-ground-light","32":"product_tag-aluminum-housing","33":"product_tag-ground-light","34":"product_tag-round-ground-light","35":"product_tag-wall-light-series","36":"product_tag-waterproof-fixture","38":"first","39":"instock","40":"featured","41":"downloadable","42":"shipping-taxable","43":"product-type-simple"},"_links":{"self":[{"href":"https:\/\/ledsteplight.com\/hu\/wp-json\/wp\/v2\/product\/37979","targetHints":{"allow":["GET"]}}],"collection":[{"href":"https:\/\/ledsteplight.com\/hu\/wp-json\/wp\/v2\/product"}],"about":[{"href":"https:\/\/ledsteplight.com\/hu\/wp-json\/wp\/v2\/types\/product"}],"replies":[{"embeddable":true,"href":"https:\/\/ledsteplight.com\/hu\/wp-json\/wp\/v2\/comments?post=37979"}],"version-history":[{"count":3,"href":"https:\/\/ledsteplight.com\/hu\/wp-json\/wp\/v2\/product\/37979\/revisions"}],"predecessor-version":[{"id":38684,"href":"https:\/\/ledsteplight.com\/hu\/wp-json\/wp\/v2\/product\/37979\/revisions\/38684"}],"wp:featuredmedia":[{"embeddable":true,"href":"https:\/\/ledsteplight.com\/hu\/wp-json\/wp\/v2\/media\/37197"}],"wp:attachment":[{"href":"https:\/\/ledsteplight.com\/hu\/wp-json\/wp\/v2\/media?parent=37979"}],"wp:term":[{"taxonomy":"product_brand","embeddable":true,"href":"https:\/\/ledsteplight.com\/hu\/wp-json\/wp\/v2\/product_brand?post=37979"},{"taxonomy":"product_cat","embeddable":true,"href":"https:\/\/ledsteplight.com\/hu\/wp-json\/wp\/v2\/product_cat?post=37979"},{"taxonomy":"product_tag","embeddable":true,"href":"https:\/\/ledsteplight.com\/hu\/wp-json\/wp\/v2\/product_tag?post=37979"}],"curies":[{"name":"wp","href":"https:\/\/api.w.org\/{rel}","templated":true}]}}