{"id":38010,"date":"2025-09-08T13:04:16","date_gmt":"2025-09-08T13:04:16","guid":{"rendered":"https:\/\/ledsteplight.com\/import-placeholder-for-37107\/"},"modified":"2025-12-11T22:30:19","modified_gmt":"2025-12-11T22:30:19","slug":"5w-led-in-ground-lights-ip65-waterproof-outdoor-driveway-garden-floor-lighting","status":"publish","type":"product","link":"https:\/\/ledsteplight.com\/hu\/5w-led-in-ground-lights-ip65-waterproof-outdoor-driveway-garden-floor-lighting\/","title":{"rendered":"5W LED f\u00f6ld alatti l\u00e1mp\u00e1k IP65 v\u00edz\u00e1ll\u00f3 | K\u00fclt\u00e9ri j\u00e1rda \u00e9s kertpadl\u00f3 vil\u00e1g\u00edt\u00e1s"},"content":{"rendered":"<h3 data-start=\"133\" data-end=\"168\"><strong data-start=\"137\" data-end=\"168\">Term\u00e9k specifik\u00e1ci\u00f3s t\u00e1bl\u00e1zat<\/strong><\/h3>\n<table data-start=\"170\" data-end=\"1361\">\n<thead data-start=\"170\" data-end=\"241\">\n<tr data-start=\"170\" data-end=\"241\">\n<th data-start=\"170\" data-end=\"192\"><strong data-start=\"172\" data-end=\"189\">Specifik\u00e1ci\u00f3<\/strong><\/th>\n<th data-start=\"192\" data-end=\"241\">R\u00e9szletek<\/th>\n<\/tr>\n<\/thead>\n<tbody data-start=\"316\" data-end=\"1361\">\n<tr data-start=\"316\" data-end=\"390\">\n<td><strong data-start=\"318\" data-end=\"327\">Modell<\/strong><\/td>\n<td>MG-BD035-50<\/td>\n<\/tr>\n<tr data-start=\"391\" data-end=\"465\">\n<td><strong data-start=\"393\" data-end=\"405\">LED T\u00edpus<\/strong><\/td>\n<td>5W COB LED<\/td>\n<\/tr>\n<tr data-start=\"466\" data-end=\"540\">\n<td><strong data-start=\"468\" data-end=\"479\">Fesz\u00fclts\u00e9g<\/strong><\/td>\n<td>85-265V<\/td>\n<\/tr>\n<tr data-start=\"541\" data-end=\"615\">\n<td><strong data-start=\"543\" data-end=\"564\"><strong><a href=\"https:\/\/ledsteplight.com\/hu\/dm36b-pro-honeycomb-anti-glare-led-in-ground-light-ip67-24v-dc\/\" class=\"waam-auto-link\" title=\"Sz\u00ednh\u0151m\u00e9rs\u00e9klet\">Sz\u00ednh\u0151m\u00e9rs\u00e9klet<\/a><\/strong><\/strong><\/td>\n<td>3000K \/ 6000K<\/td>\n<\/tr>\n<tr data-start=\"616\" data-end=\"690\">\n<td><strong data-start=\"618\" data-end=\"631\">IP besorol\u00e1s<\/strong><\/td>\n<td>IP65<\/td>\n<\/tr>\n<tr data-start=\"691\" data-end=\"765\">\n<td><strong data-start=\"693\" data-end=\"710\">F\u00e9ny\u00e1ram<\/strong><\/td>\n<td>(Opcion\u00e1lis)<\/td>\n<\/tr>\n<tr data-start=\"766\" data-end=\"840\">\n<td><strong data-start=\"768\" data-end=\"777\">Teljes\u00edtm\u00e9ny<\/strong><\/td>\n<td>5W<\/td>\n<\/tr>\n<tr data-start=\"841\" data-end=\"915\">\n<td><strong data-start=\"843\" data-end=\"855\">\u00c9lettartam<\/strong><\/td>\n<td>40 000 \u00f3ra<\/td>\n<\/tr>\n<tr data-start=\"916\" data-end=\"988\">\n<td><strong data-start=\"918\" data-end=\"934\">Telep\u00edt\u00e9s<\/strong><\/td>\n<td>Fel\u00fcletre szerelhet\u0151 vagy be\u00e9p\u00edtett telep\u00edt\u00e9s<\/td>\n<\/tr>\n<tr data-start=\"989\" data-end=\"1062\">\n<td><strong data-start=\"991\" data-end=\"1003\">Anyag<\/strong><\/td>\n<td>\u00f6ntv\u00e9ny alum\u00ednium<\/td>\n<\/tr>\n<tr data-start=\"1063\" data-end=\"1137\">\n<td><strong data-start=\"1065\" data-end=\"1079\">M\u00e9ret<\/strong><\/td>\n<td>(Opcion\u00e1lis)<\/td>\n<\/tr>\n<tr data-start=\"1138\" data-end=\"1212\">\n<td><strong data-start=\"1140\" data-end=\"1152\">Garancia<\/strong><\/td>\n<td>3 \u00e9v<\/td>\n<\/tr>\n<tr data-start=\"1213\" data-end=\"1287\">\n<td><strong data-start=\"1215\" data-end=\"1225\">S\u00faly<\/strong><\/td>\n<td>(Opcion\u00e1lis)<\/td>\n<\/tr>\n<tr data-start=\"1288\" data-end=\"1361\">\n<td><strong data-start=\"1290\" data-end=\"1305\">K\u00f6rnyezet<\/strong><\/td>\n<td>K\u00fclt\u00e9ri \/ P\u00e1r\u00e1s k\u00f6rnyezet<\/td>\n<\/tr>\n<\/tbody>\n<\/table>\n<p>&nbsp;<\/p>\n<p data-path-to-node=\"14\"><b>\u00c1ttekint\u00e9s:<\/b> Vil\u00e1g\u00edtsa meg k\u00fclt\u00e9ri tereit biztons\u00e1ggal \u00e9s st\u00edlussal a <b>Model MG-BD035-50 LED <strong><a href=\"https:\/\/ledsteplight.com\/hu\/cree-bridgelux-chip-ip65-led-fixture-for-garden-facade-lighting\/\" class=\"waam-auto-link\" title=\"F\u00f6ldi f\u00e9ny\">F\u00f6ldi f\u00e9ny<\/a><\/strong><\/b>. Tart\u00f3s\u00e1gra \u00e9s magas teljes\u00edtm\u00e9nyre tervezve, ez a 5W-os l\u00e1mpa ide\u00e1lis megold\u00e1s otthoni \u00e9s kivitelez\u0151i sz\u00e1m\u00e1ra, akik megb\u00edzhat\u00f3 <b>k\u00fcls\u0151 <strong><a href=\"https:\/\/ledsteplight.com\/hu\/ultimate-guide-to-landscape-inground-lighting-solutions\/\" class=\"waam-auto-link\" title=\"f\u00f6ldi vil\u00e1g\u00edt\u00e1s\">f\u00f6ldi vil\u00e1g\u00edt\u00e1s<\/a><\/strong><\/b>. Ak\u00e1r bej\u00e1ratot, kertet vagy \u00e9p\u00edt\u00e9szeti elemeket vil\u00e1g\u00edt meg, ez a f\u00e9ny minden id\u0151j\u00e1r\u00e1si k\u00f6r\u00fclm\u00e9ny k\u00f6z\u00f6tt egyenletes f\u00e9nyer\u0151t biztos\u00edt.<\/p>","protected":false},"excerpt":{"rendered":"<p data-start=\"5050\" data-end=\"5399\">Friss\u00edtse kertj\u00e9t a <b>5W COB LED f\u00f6ldalatti l\u00e1mp\u00e1nkkal<\/b>. Jellemz\u0151i <b>IP65 v\u00edz\u00e1ll\u00f3<\/b> \u00e9rt\u00e9kel\u00e9s, tart\u00f3s \u00f6nt\u00f6tt alum\u00ednium h\u00e1z, \u00e9s sz\u00e9les 85-265V fesz\u00fclts\u00e9g. T\u00f6k\u00e9letes bej\u00e1ratokhoz \u00e9s j\u00e1rd\u00e1khoz. 3 \u00e9v garancia!<\/p>","protected":false},"featured_media":37198,"comment_status":"open","ping_status":"closed","template":"","meta":[],"product_brand":[],"product_cat":[100,426,427,428,439,429,440,430,441,431,442,443,432,433,444,112,445,446,106,434,435,128,436,437],"product_tag":[103,76,77,113,78,108,129,83],"class_list":{"0":"post-38010","1":"product","2":"type-product","3":"status-publish","4":"has-post-thumbnail","6":"product_cat-aluminum-ground-light","7":"product_cat-ceiling-recessed","8":"product_cat-ceiling-surface","9":"product_cat-ceiling-suspended","10":"product_cat-commercial","11":"product_cat-drivers","12":"product_cat-education","13":"product_cat-freestanding-light","14":"product_cat-hospitality","15":"product_cat-industrial","16":"product_cat-infrastructure","17":"product_cat-landscape","18":"product_cat-landscaping","19":"product_cat-linear","20":"product_cat-office","21":"product_cat-outdoor-ground-light","22":"product_cat-residential","23":"product_cat-retail","24":"product_cat-round-ground-light","25":"product_cat-table-lamp","26":"product_cat-track","27":"product_cat-wall-light-series","28":"product_cat-wall-recessed","29":"product_cat-wall-surface","30":"product_tag-aluminum-ground-light","31":"product_tag-aluminum-housing","32":"product_tag-ground-light","33":"product_tag-outdoor-ground-light","34":"product_tag-outdoor-lighting","35":"product_tag-round-ground-light","36":"product_tag-wall-light-series","37":"product_tag-waterproof-fixture","39":"first","40":"instock","41":"featured","42":"downloadable","43":"shipping-taxable","44":"product-type-simple"},"_links":{"self":[{"href":"https:\/\/ledsteplight.com\/hu\/wp-json\/wp\/v2\/product\/38010","targetHints":{"allow":["GET"]}}],"collection":[{"href":"https:\/\/ledsteplight.com\/hu\/wp-json\/wp\/v2\/product"}],"about":[{"href":"https:\/\/ledsteplight.com\/hu\/wp-json\/wp\/v2\/types\/product"}],"replies":[{"embeddable":true,"href":"https:\/\/ledsteplight.com\/hu\/wp-json\/wp\/v2\/comments?post=38010"}],"version-history":[{"count":4,"href":"https:\/\/ledsteplight.com\/hu\/wp-json\/wp\/v2\/product\/38010\/revisions"}],"predecessor-version":[{"id":38642,"href":"https:\/\/ledsteplight.com\/hu\/wp-json\/wp\/v2\/product\/38010\/revisions\/38642"}],"wp:featuredmedia":[{"embeddable":true,"href":"https:\/\/ledsteplight.com\/hu\/wp-json\/wp\/v2\/media\/37198"}],"wp:attachment":[{"href":"https:\/\/ledsteplight.com\/hu\/wp-json\/wp\/v2\/media?parent=38010"}],"wp:term":[{"taxonomy":"product_brand","embeddable":true,"href":"https:\/\/ledsteplight.com\/hu\/wp-json\/wp\/v2\/product_brand?post=38010"},{"taxonomy":"product_cat","embeddable":true,"href":"https:\/\/ledsteplight.com\/hu\/wp-json\/wp\/v2\/product_cat?post=38010"},{"taxonomy":"product_tag","embeddable":true,"href":"https:\/\/ledsteplight.com\/hu\/wp-json\/wp\/v2\/product_tag?post=38010"}],"curies":[{"name":"wp","href":"https:\/\/api.w.org\/{rel}","templated":true}]}}