{"id":38011,"date":"2025-09-08T13:04:16","date_gmt":"2025-09-08T13:04:16","guid":{"rendered":"https:\/\/ledsteplight.com\/import-placeholder-for-37108\/"},"modified":"2025-12-12T05:29:20","modified_gmt":"2025-12-12T05:29:20","slug":"heavy-duty-5w-led-driveway-light-waterproof-ip65-garden","status":"publish","type":"product","link":"https:\/\/ledsteplight.com\/hu\/heavy-duty-5w-led-driveway-light-waterproof-ip65-garden\/","title":{"rendered":"Nehez\u00edtett 5W LED Kertkapu Vil\u00e1g\u00edt\u00e1s | V\u00edz\u00e1ll\u00f3 IP65 Kert"},"content":{"rendered":"<h3 data-start=\"124\" data-end=\"159\"><strong data-start=\"128\" data-end=\"159\">Term\u00e9k specifik\u00e1ci\u00f3s t\u00e1bl\u00e1zat<\/strong><\/h3>\n<table data-start=\"161\" data-end=\"1360\">\n<thead data-start=\"161\" data-end=\"235\">\n<tr data-start=\"161\" data-end=\"235\">\n<th data-start=\"161\" data-end=\"183\"><strong data-start=\"163\" data-end=\"180\">Specifik\u00e1ci\u00f3<\/strong><\/th>\n<th data-start=\"183\" data-end=\"235\"><strong data-start=\"185\" data-end=\"196\">R\u00e9szletek<\/strong><\/th>\n<\/tr>\n<\/thead>\n<tbody data-start=\"311\" data-end=\"1360\">\n<tr data-start=\"311\" data-end=\"386\">\n<td><strong data-start=\"313\" data-end=\"322\">Modell<\/strong><\/td>\n<td>MG-BD035-50B<\/td>\n<\/tr>\n<tr data-start=\"387\" data-end=\"461\">\n<td><strong data-start=\"389\" data-end=\"401\">LED T\u00edpus<\/strong><\/td>\n<td>5W COB LED<\/td>\n<\/tr>\n<tr data-start=\"462\" data-end=\"536\">\n<td><strong data-start=\"464\" data-end=\"475\">Fesz\u00fclts\u00e9g<\/strong><\/td>\n<td>85-265V<\/td>\n<\/tr>\n<tr data-start=\"537\" data-end=\"611\">\n<td><strong data-start=\"539\" data-end=\"560\"><strong><a href=\"https:\/\/ledsteplight.com\/hu\/dm36b-pro-honeycomb-anti-glare-led-in-ground-light-ip67-24v-dc\/\" class=\"waam-auto-link\" title=\"Sz\u00ednh\u0151m\u00e9rs\u00e9klet\">Sz\u00ednh\u0151m\u00e9rs\u00e9klet<\/a><\/strong><\/strong><\/td>\n<td>3000K \/ 6000K<\/td>\n<\/tr>\n<tr data-start=\"612\" data-end=\"686\">\n<td><strong data-start=\"614\" data-end=\"627\">IP besorol\u00e1s<\/strong><\/td>\n<td>IP65<\/td>\n<\/tr>\n<tr data-start=\"687\" data-end=\"761\">\n<td><strong data-start=\"689\" data-end=\"706\">F\u00e9ny\u00e1ram<\/strong><\/td>\n<td>(Opcion\u00e1lis)<\/td>\n<\/tr>\n<tr data-start=\"762\" data-end=\"836\">\n<td><strong data-start=\"764\" data-end=\"773\">Teljes\u00edtm\u00e9ny<\/strong><\/td>\n<td>5W<\/td>\n<\/tr>\n<tr data-start=\"837\" data-end=\"911\">\n<td><strong data-start=\"839\" data-end=\"851\">\u00c9lettartam<\/strong><\/td>\n<td>40 000 \u00f3ra<\/td>\n<\/tr>\n<tr data-start=\"912\" data-end=\"985\">\n<td><strong data-start=\"914\" data-end=\"930\">Telep\u00edt\u00e9s<\/strong><\/td>\n<td>Fel\u00fcleti szerel\u00e9s vagy <strong><a href=\"https:\/\/ledsteplight.com\/hu\/5w-led-in-ground-lights-ip65-waterproof-outdoor-driveway-garden-floor-lighting\/\" class=\"waam-auto-link\" title=\"be\u00e1gyazott telep\u00edt\u00e9s\">be\u00e1gyazott telep\u00edt\u00e9s<\/a><\/strong><\/td>\n<\/tr>\n<tr data-start=\"986\" data-end=\"1060\">\n<td><strong data-start=\"988\" data-end=\"1000\">Anyag<\/strong><\/td>\n<td>\u00f6ntv\u00e9ny alum\u00ednium<\/td>\n<\/tr>\n<tr data-start=\"1061\" data-end=\"1135\">\n<td><strong data-start=\"1063\" data-end=\"1077\">M\u00e9ret<\/strong><\/td>\n<td>(Opcion\u00e1lis)<\/td>\n<\/tr>\n<tr data-start=\"1136\" data-end=\"1210\">\n<td><strong data-start=\"1138\" data-end=\"1150\">Garancia<\/strong><\/td>\n<td>3 \u00e9v<\/td>\n<\/tr>\n<tr data-start=\"1211\" data-end=\"1285\">\n<td><strong data-start=\"1213\" data-end=\"1223\">S\u00faly<\/strong><\/td>\n<td>(Opcion\u00e1lis)<\/td>\n<\/tr>\n<tr data-start=\"1286\" data-end=\"1360\">\n<td><strong data-start=\"1288\" data-end=\"1303\">K\u00f6rnyezet<\/strong><\/td>\n<td>K\u00fclt\u00e9ri \/ P\u00e1r\u00e1s k\u00f6rnyezet<\/td>\n<\/tr>\n<\/tbody>\n<\/table>\n<p>&nbsp;<\/p>\n<p>Vil\u00e1g\u00edtsa meg \u00e9p\u00edt\u00e9szeti jellemz\u0151it \u00e9s t\u00e1jait er\u0151teljes <b>MG-BD035-50B 5W LED <strong><a href=\"https:\/\/ledsteplight.com\/hu\/cree-bridgelux-chip-ip65-led-fixture-for-garden-facade-lighting\/\" class=\"waam-auto-link\" title=\"F\u00f6ldi f\u00e9ny\">F\u00f6ldi f\u00e9ny<\/a><\/strong><\/b>. Magas teljes\u00edtm\u00e9ny\u0171 <b>5W COB LED<\/b>, ez a l\u00e1mpa kiv\u00e1l\u00f3 f\u00e9nyer\u0151t biztos\u00edt, \u00edgy ide\u00e1lis k\u00f6zepes m\u00e9ret\u0171 f\u00e1k, \u00e9p\u00fclethomlokzatok \u00e9s nagy kerti s\u00e9t\u00e1nyok kiemel\u00e9s\u00e9re. A <b>\u00f6nt\u00f6tt alum\u00ednium szerkezet<\/b> kiv\u00e1l\u00f3 h\u0151kezel\u00e9st \u00e9s korr\u00f3zi\u00f3\u00e1ll\u00f3s\u00e1got garant\u00e1l.<\/p>","protected":false},"excerpt":{"rendered":"<p>Friss\u00edtse k\u00fclt\u00e9ri vil\u00e1g\u00edt\u00e1s\u00e1t az MG-BD035-50B 5W COB LED talajl\u00e1mp\u00e1val. Jellemz\u0151je egy massz\u00edv \u00f6nt\u00f6tt alum\u00ednium test, IP65 v\u00edz\u00e1ll\u00f3s\u00e1gi besorol\u00e1s \u00e9s sz\u00e9les fesz\u00fclts\u00e9gtartom\u00e1ny (AC 85-265V). Ide\u00e1lis f\u00e1k, falak \u00e9s bej\u00e1r\u00f3k megvil\u00e1g\u00edt\u00e1s\u00e1ra magas f\u00e9nyer\u0151ss\u00e9ggel. 3 \u00e9v garancia.<\/p>","protected":false},"featured_media":37202,"comment_status":"open","ping_status":"closed","template":"","meta":[],"product_brand":[],"product_cat":[69,100,426,427,428,439,429,440,430,441,431,442,443,432,433,444,112,445,446,106,434,435,128,436,437],"product_tag":[74,103,76,77,113,78,108,129],"class_list":{"0":"post-38011","1":"product","2":"type-product","3":"status-publish","4":"has-post-thumbnail","6":"product_cat-5w","7":"product_cat-aluminum-ground-light","8":"product_cat-ceiling-recessed","9":"product_cat-ceiling-surface","10":"product_cat-ceiling-suspended","11":"product_cat-commercial","12":"product_cat-drivers","13":"product_cat-education","14":"product_cat-freestanding-light","15":"product_cat-hospitality","16":"product_cat-industrial","17":"product_cat-infrastructure","18":"product_cat-landscape","19":"product_cat-landscaping","20":"product_cat-linear","21":"product_cat-office","22":"product_cat-outdoor-ground-light","23":"product_cat-residential","24":"product_cat-retail","25":"product_cat-round-ground-light","26":"product_cat-table-lamp","27":"product_cat-track","28":"product_cat-wall-light-series","29":"product_cat-wall-recessed","30":"product_cat-wall-surface","31":"product_tag-5w-led","32":"product_tag-aluminum-ground-light","33":"product_tag-aluminum-housing","34":"product_tag-ground-light","35":"product_tag-outdoor-ground-light","36":"product_tag-outdoor-lighting","37":"product_tag-round-ground-light","38":"product_tag-wall-light-series","40":"first","41":"instock","42":"featured","43":"downloadable","44":"shipping-taxable","45":"product-type-simple"},"_links":{"self":[{"href":"https:\/\/ledsteplight.com\/hu\/wp-json\/wp\/v2\/product\/38011","targetHints":{"allow":["GET"]}}],"collection":[{"href":"https:\/\/ledsteplight.com\/hu\/wp-json\/wp\/v2\/product"}],"about":[{"href":"https:\/\/ledsteplight.com\/hu\/wp-json\/wp\/v2\/types\/product"}],"replies":[{"embeddable":true,"href":"https:\/\/ledsteplight.com\/hu\/wp-json\/wp\/v2\/comments?post=38011"}],"version-history":[{"count":3,"href":"https:\/\/ledsteplight.com\/hu\/wp-json\/wp\/v2\/product\/38011\/revisions"}],"predecessor-version":[{"id":38653,"href":"https:\/\/ledsteplight.com\/hu\/wp-json\/wp\/v2\/product\/38011\/revisions\/38653"}],"wp:featuredmedia":[{"embeddable":true,"href":"https:\/\/ledsteplight.com\/hu\/wp-json\/wp\/v2\/media\/37202"}],"wp:attachment":[{"href":"https:\/\/ledsteplight.com\/hu\/wp-json\/wp\/v2\/media?parent=38011"}],"wp:term":[{"taxonomy":"product_brand","embeddable":true,"href":"https:\/\/ledsteplight.com\/hu\/wp-json\/wp\/v2\/product_brand?post=38011"},{"taxonomy":"product_cat","embeddable":true,"href":"https:\/\/ledsteplight.com\/hu\/wp-json\/wp\/v2\/product_cat?post=38011"},{"taxonomy":"product_tag","embeddable":true,"href":"https:\/\/ledsteplight.com\/hu\/wp-json\/wp\/v2\/product_tag?post=38011"}],"curies":[{"name":"wp","href":"https:\/\/api.w.org\/{rel}","templated":true}]}}