{"id":38014,"date":"2025-09-08T13:04:16","date_gmt":"2025-09-08T13:04:16","guid":{"rendered":"https:\/\/ledsteplight.com\/import-placeholder-for-37124\/"},"modified":"2026-01-19T02:15:17","modified_gmt":"2026-01-19T02:15:17","slug":"cree-bridgelux-chip-ip65-led-fixture-for-garden-facade-lighting","status":"publish","type":"product","link":"https:\/\/ledsteplight.com\/hu\/cree-bridgelux-chip-ip65-led-fixture-for-garden-facade-lighting\/","title":{"rendered":"CREE\/Bridgelux Chip IP65 LED l\u00e1mpa kert- \u00e9s homlokzatvil\u00e1g\u00edt\u00e1shoz"},"content":{"rendered":"<table data-path-to-node=\"10\">\n<thead>\n<tr>\n<td><strong>Param\u00e9ter<\/strong><\/td>\n<td><strong>Specifik\u00e1ci\u00f3<\/strong><\/td>\n<td><strong>Megjegyz\u00e9sek<\/strong><\/td>\n<\/tr>\n<\/thead>\n<tbody>\n<tr>\n<td><span data-path-to-node=\"10,1,0,0\"><b>Term\u00e9kk\u00f3d<\/b><\/span><\/td>\n<td><span data-path-to-node=\"10,1,1,0\"><b>MG-MZ100<\/b><\/span><\/td>\n<td><span data-path-to-node=\"10,1,2,0\">Magas felismer\u00e9si k\u00e9pess\u00e9g\u0171 professzion\u00e1lis SKU.<\/span><\/td>\n<\/tr>\n<tr>\n<td><span data-path-to-node=\"10,2,0,0\"><b>Telep\u00edt\u00e9s<\/b><\/span><\/td>\n<td><span data-path-to-node=\"10,2,1,0\"><b>Fel\u00fcletre szerelt<\/b><\/span><\/td>\n<td><span data-path-to-node=\"10,2,2,0\">Egyszer\u0171 telep\u00edt\u00e9s falra, l\u00e9pcs\u0151re vagy talajra.<\/span><\/td>\n<\/tr>\n<tr>\n<td><span data-path-to-node=\"10,3,0,0\"><b>Term\u00e9k m\u00e9rete<\/b><\/span><\/td>\n<td><span data-path-to-node=\"10,3,1,0\"><span class=\"math-inline\" data-math=\"phi 100 times H 35text{mm}\">$phi 100 alkalommal H 35text{mm}$<\/span><\/span><\/td>\n<td><span data-path-to-node=\"10,3,2,0\">Kompakt, alacsony profil\u00fa kialak\u00edt\u00e1s.<\/span><\/td>\n<\/tr>\n<tr>\n<td><span data-path-to-node=\"10,4,0,0\"><b>F\u00e9nyforr\u00e1s<\/b><\/span><\/td>\n<td><span data-path-to-node=\"10,4,1,0\">Bridgelux \/ CREE<\/span><\/td>\n<td><span data-path-to-node=\"10,4,2,0\">Nemzetk\u00f6zi m\u00e1rk\u00e1zott LED chipek magas teljes\u00edtm\u00e9ny\u00e9rt.<\/span><\/td>\n<\/tr>\n<tr>\n<td><span data-path-to-node=\"10,5,0,0\"><b>Watt<\/b><\/span><\/td>\n<td><span data-path-to-node=\"10,5,1,0\"><span class=\"math-inline\" data-math=\"text{3W (300mA)}\">$text{3W (300mA)}$<\/span><\/span><\/td>\n<td><span data-path-to-node=\"10,5,2,0\">Energiatakar\u00e9kos nagy teljes\u00edtm\u00e9ny\u0171 LED.<\/span><\/td>\n<\/tr>\n<tr>\n<td><span data-path-to-node=\"10,6,0,0\"><b>AC bemenet<\/b><\/span><\/td>\n<td><span data-path-to-node=\"10,6,1,0\"><span class=\"math-inline\" data-math=\"text{100-240V, 50\/60HZ}\">$text{100-240V, 50\/60HZ}$<\/span> \/ <span class=\"math-inline\" data-math=\"text{DC12\/24V}\">$text{DC12\/24V}$<\/span><\/span><\/td>\n<td><span data-path-to-node=\"10,6,2,0\">K\u00e9tfesz\u00fclts\u00e9g\u0171 bemeneti lehet\u0151s\u00e9gek k\u00fcl\u00f6nb\u00f6z\u0151 projektekhez.<\/span><\/td>\n<\/tr>\n<tr>\n<td><span data-path-to-node=\"10,7,0,0\"><b>Vez\u00e9rl\u0151<\/b><\/span><\/td>\n<td><span data-path-to-node=\"10,7,1,0\">CAIJIE<\/span><\/td>\n<td><span data-path-to-node=\"10,7,2,0\">Megb\u00edzhat\u00f3 t\u00e1pegys\u00e9g stabil \u00e1ramell\u00e1t\u00e1shoz.<\/span><\/td>\n<\/tr>\n<tr>\n<td><span data-path-to-node=\"10,8,0,0\"><b>Reflektor sz\u00f6g<\/b><\/span><\/td>\n<td><span data-path-to-node=\"10,8,1,0\"><i>Fix (K\u00f6zvetlen <strong><a href=\"https:\/\/ledsteplight.com\/hu\/pir-sensor-step-light-top-advantages-for-safety\/\" class=\"waam-auto-link\" title=\"Vil\u00e1g\u00edt\u00e1s\">Vil\u00e1g\u00edt\u00e1s<\/a><\/strong>)<\/i><\/span><\/td>\n<td><span data-path-to-node=\"10,8,2,0\">Optim\u00e1lis hangs\u00faly- \u00e9s p\u00e1szt\u00e1z\u00f3 vil\u00e1g\u00edt\u00e1shoz.<\/span><\/td>\n<\/tr>\n<tr>\n<td><span data-path-to-node=\"10,9,0,0\"><b><strong><a href=\"https:\/\/ledsteplight.com\/hu\/dm36b-pro-honeycomb-anti-glare-led-in-ground-light-ip67-24v-dc\/\" class=\"waam-auto-link\" title=\"Sz\u00ednh\u0151m\u00e9rs\u00e9klet\">Sz\u00ednh\u0151m\u00e9rs\u00e9klet<\/a><\/strong><\/b><\/span><\/td>\n<td><span data-path-to-node=\"10,9,1,0\"><span class=\"math-inline\" data-math=\"text{3000K}\">$text{3000K}$<\/span> (Meleg Feh\u00e9r), <span class=\"math-inline\" data-math=\"text{4000K}\">$text{4000K}$<\/span> (Term\u00e9szetes Feh\u00e9r), <span class=\"math-inline\" data-math=\"text{5700K}\">$text{5700K}$<\/span> (H\u0171v\u00f6s Feh\u00e9r)<\/span><\/td>\n<td><span data-path-to-node=\"10,9,2,0\">Sokoldal\u00fa CCT opci\u00f3k.<\/span><\/td>\n<\/tr>\n<tr>\n<td><span data-path-to-node=\"10,10,0,0\"><b>Anyag<\/b><\/span><\/td>\n<td><span data-path-to-node=\"10,10,1,0\">Alum\u00ednium<\/span><\/td>\n<td><span data-path-to-node=\"10,10,2,0\">Kiv\u00e1l\u00f3 h\u0151elvezet\u00e9s \u00e9s korr\u00f3zi\u00f3\u00e1ll\u00f3s\u00e1g.<\/span><\/td>\n<\/tr>\n<tr>\n<td><span data-path-to-node=\"10,11,0,0\"><b>F\u00e9nyforr\u00e1s Sz\u00edne<\/b><\/span><\/td>\n<td><span data-path-to-node=\"10,11,1,0\">Feh\u00e9r, Fekete<\/span><\/td>\n<td><span data-path-to-node=\"10,11,2,0\">Semleges sz\u00ednek a modern \u00e9p\u00edt\u00e9szethez.<\/span><\/td>\n<\/tr>\n<tr>\n<td><span data-path-to-node=\"10,12,0,0\"><b>IP besorol\u00e1s<\/b><\/span><\/td>\n<td><span data-path-to-node=\"10,12,1,0\"><b>IP65<\/b><\/span><\/td>\n<td><span data-path-to-node=\"10,12,2,0\">Magas szint\u0171 v\u00e9delem por \u00e9s v\u00edzsugarak ellen.<\/span><\/td>\n<\/tr>\n<tr>\n<td><span data-path-to-node=\"10,13,0,0\"><b>S\u00faly<\/b><\/span><\/td>\n<td><span data-path-to-node=\"10,13,1,0\"><span class=\"math-inline\" data-math=\"text{0.65kg}\">$text{0,65kg}$<\/span><\/span><\/td>\n<td><span data-path-to-node=\"10,13,2,0\">Szil\u00e1rd \u00e9s tart\u00f3s szerkezet.<\/span><\/td>\n<\/tr>\n<tr>\n<td><span data-path-to-node=\"10,14,0,0\"><b>Vez\u00e9rl\u00e9s<\/b><\/span><\/td>\n<td><span data-path-to-node=\"10,14,1,0\">Kapcsol\u00f3vez\u00e9rl\u00e9s<\/span><\/td>\n<td><span data-path-to-node=\"10,14,2,0\">Egyszer\u0171 \u00e9s megb\u00edzhat\u00f3 m\u0171k\u00f6d\u00e9s.<\/span><\/p>\n<p>&nbsp;<\/td>\n<\/tr>\n<\/tbody>\n<\/table>\n<ul>\n<li>\n<p data-path-to-node=\"16,0,0\"><b>Kiv\u00e9teles tart\u00f3ss\u00e1g (IP65 besorol\u00e1s):<\/b> Magas min\u0151s\u00e9g\u0171 alum\u00edniumb\u00f3l k\u00e9sz\u00fclt, az MG-MZ100 olyan kialak\u00edt\u00e1ssal rendelkezik, <b>IP65 v\u00edz\u00e1ll\u00f3 besorol\u00e1s<\/b>, amely maxim\u00e1lis v\u00e9delmet ny\u00fajt er\u0151s es\u0151, por \u00e9s kem\u00e9ny k\u00fclt\u00e9ri k\u00f6r\u00fclm\u00e9nyek ellen.<\/p>\n<\/li>\n<li>\n<p data-path-to-node=\"16,1,0\"><b>M\u00e1rk\u00e1zott LED forr\u00e1s:<\/b> Pr\u00e9mium <b>CREE vagy Bridgelux<\/b> chipek, ez <strong><a href=\"https:\/\/ledsteplight.com\/hu\/furniture\/\" class=\"waam-auto-link\" title=\"f\u00e9nyforr\u00e1s\">f\u00e9nyforr\u00e1s<\/a><\/strong> stabil, nagy teljes\u00edtm\u00e9ny\u0171 vil\u00e1g\u00edt\u00e1st ny\u00fajt rendk\u00edv\u00fcl hat\u00e9kony <span class=\"math-inline\" data-math=\"text{3W}\">$text{3W}$<\/span> fogyaszt\u00e1s, hossz\u00fa t\u00e1v\u00fa teljes\u00edtm\u00e9ny \u00e9s cs\u00f6kkentett karbantart\u00e1si k\u00f6lts\u00e9gek biztos\u00edt\u00e1sa \u00e9rdek\u00e9ben.<\/p>\n<\/li>\n<li>\n<p data-path-to-node=\"16,2,0\"><b>Rugalmas T\u00e1pell\u00e1t\u00e1s:<\/b> Mindkett\u0151vel <b><span class=\"math-inline\" data-math=\"text{100-240V AC}\">$text{100-240V AC}$<\/span><\/b> \u00e9s alacsony fesz\u00fclts\u00e9g\u0171 <b><span class=\"math-inline\" data-math=\"text{DC12\/24V}\">$text{DC12\/24V}$<\/span><\/b> opci\u00f3kkal, az MG-MZ100 z\u00f6kken\u0151mentesen illeszkedik k\u00fcl\u00f6nb\u00f6z\u0151 vil\u00e1g\u00edt\u00e1si rendszerekhez, az otthoni kertekt\u0151l a nagy kereskedelmi komplexumokig.<\/p>\n<\/li>\n<li>\n<p data-path-to-node=\"16,3,0\"><b>Sokoldal\u00fa CCT V\u00e1laszt\u00e9k:<\/b> El\u00e9rhet\u0151 <span class=\"math-inline\" data-math=\"text{3000K}\">$text{3000K}$<\/span>, <span class=\"math-inline\" data-math=\"text{4000K}\">$text{4000K}$<\/span>, \u00e9s <span class=\"math-inline\" data-math=\"text{5700K}\">$text{5700K}$<\/span>, \u00edgy t\u00f6k\u00e9letesen szem\u00e9lyre szabhatja a vil\u00e1g\u00edt\u00e1s hangulat\u00e1t \u2013 a meleg, h\u00edvogat\u00f3 f\u00e9nyt\u0151l a \u00e9les, modern feh\u00e9r f\u00e9nyig.<\/p>\n<\/li>\n<li>\n<p data-path-to-node=\"16,4,0\"><b>Minimalista Tervez\u00e9s:<\/b> Az alacsony profil\u00fa <span class=\"math-inline\" data-math=\"phi 100 times H 35text{mm}\">$phi 100 alkalommal H 35text{mm}$<\/span> kerek test standard Feh\u00e9r \u00e9s Fekete kivitelben \u00e9rhet\u0151 el, eszt\u00e9tikusan illeszkedve b\u00e1rmilyen kort\u00e1rs \u00e9p\u00edt\u0151anyaghoz.<\/p>\n<\/li>\n<\/ul>\n<p>&nbsp;<\/p>","protected":false},"excerpt":{"rendered":"<p><b>MG-MZ100<\/b> MG-MZ100 egy rendk\u00edv\u00fcl sokoldal\u00fa \u00e9s massz\u00edv 3W LED l\u00e1mpa, amelyet magas sz\u00ednvonal\u00fa k\u00fclt\u00e9ri \u00e9s belt\u00e9ri vil\u00e1g\u00edt\u00e1si projektekhez terveztek. Fel\u00fcletre szerelhet\u0151 egys\u00e9gk\u00e9nt kik\u00fcsz\u00f6b\u00f6li a bonyolult kiv\u00e1g\u00e1sok sz\u00fcks\u00e9gess\u00e9g\u00e9t, kiv\u00e9teles rugalmass\u00e1got biztos\u00edtva telep\u00edt\u00e9shez teraszokon, p\u00e1zsitokon, l\u00e9pcs\u0151k\u00f6n, homlokzatokon \u00e9s j\u00e1rd\u00e1kon.<\/p>","protected":false},"featured_media":37214,"comment_status":"open","ping_status":"closed","template":"","meta":[],"product_brand":[],"product_cat":[100,426,427,428,439,429,440,430,441,431,442,443,432,433,444,112,464,445,446,106,434,435,128,436,437],"product_tag":[103,76,77,113,78,108,129],"class_list":{"0":"post-38014","1":"product","2":"type-product","3":"status-publish","4":"has-post-thumbnail","6":"product_cat-aluminum-ground-light","7":"product_cat-ceiling-recessed","8":"product_cat-ceiling-surface","9":"product_cat-ceiling-suspended","10":"product_cat-commercial","11":"product_cat-drivers","12":"product_cat-education","13":"product_cat-freestanding-light","14":"product_cat-hospitality","15":"product_cat-industrial","16":"product_cat-infrastructure","17":"product_cat-landscape","18":"product_cat-landscaping","19":"product_cat-linear","20":"product_cat-office","21":"product_cat-outdoor-ground-light","22":"product_cat-c-outdoor-lighting","23":"product_cat-residential","24":"product_cat-retail","25":"product_cat-round-ground-light","26":"product_cat-table-lamp","27":"product_cat-track","28":"product_cat-wall-light-series","29":"product_cat-wall-recessed","30":"product_cat-wall-surface","31":"product_tag-aluminum-ground-light","32":"product_tag-aluminum-housing","33":"product_tag-ground-light","34":"product_tag-outdoor-ground-light","35":"product_tag-outdoor-lighting","36":"product_tag-round-ground-light","37":"product_tag-wall-light-series","39":"first","40":"instock","41":"featured","42":"downloadable","43":"shipping-taxable","44":"product-type-simple"},"_links":{"self":[{"href":"https:\/\/ledsteplight.com\/hu\/wp-json\/wp\/v2\/product\/38014","targetHints":{"allow":["GET"]}}],"collection":[{"href":"https:\/\/ledsteplight.com\/hu\/wp-json\/wp\/v2\/product"}],"about":[{"href":"https:\/\/ledsteplight.com\/hu\/wp-json\/wp\/v2\/types\/product"}],"replies":[{"embeddable":true,"href":"https:\/\/ledsteplight.com\/hu\/wp-json\/wp\/v2\/comments?post=38014"}],"version-history":[{"count":3,"href":"https:\/\/ledsteplight.com\/hu\/wp-json\/wp\/v2\/product\/38014\/revisions"}],"predecessor-version":[{"id":38644,"href":"https:\/\/ledsteplight.com\/hu\/wp-json\/wp\/v2\/product\/38014\/revisions\/38644"}],"wp:featuredmedia":[{"embeddable":true,"href":"https:\/\/ledsteplight.com\/hu\/wp-json\/wp\/v2\/media\/37214"}],"wp:attachment":[{"href":"https:\/\/ledsteplight.com\/hu\/wp-json\/wp\/v2\/media?parent=38014"}],"wp:term":[{"taxonomy":"product_brand","embeddable":true,"href":"https:\/\/ledsteplight.com\/hu\/wp-json\/wp\/v2\/product_brand?post=38014"},{"taxonomy":"product_cat","embeddable":true,"href":"https:\/\/ledsteplight.com\/hu\/wp-json\/wp\/v2\/product_cat?post=38014"},{"taxonomy":"product_tag","embeddable":true,"href":"https:\/\/ledsteplight.com\/hu\/wp-json\/wp\/v2\/product_tag?post=38014"}],"curies":[{"name":"wp","href":"https:\/\/api.w.org\/{rel}","templated":true}]}}