{"id":38015,"date":"2025-09-08T13:04:16","date_gmt":"2025-09-08T13:04:16","guid":{"rendered":"https:\/\/ledsteplight.com\/import-placeholder-for-37125\/"},"modified":"2026-01-19T02:15:17","modified_gmt":"2026-01-19T02:15:17","slug":"30w-linear-in-ground-light-narrow-frame-outdoor-led-floor-lamp","status":"publish","type":"product","link":"https:\/\/ledsteplight.com\/hu\/30w-linear-in-ground-light-narrow-frame-outdoor-led-floor-lamp\/","title":{"rendered":"30W Line\u00e1ris f\u00f6ldalatti vil\u00e1g\u00edt\u00e1s \u2013 Keskeny keret k\u00fclt\u00e9ri LED padl\u00f3l\u00e1mpa"},"content":{"rendered":"<table data-start=\"66\" data-end=\"1379\">\n<thead data-start=\"66\" data-end=\"135\">\n<tr data-start=\"66\" data-end=\"135\">\n<th data-start=\"66\" data-end=\"89\">Specifik\u00e1ci\u00f3<\/th>\n<th data-start=\"89\" data-end=\"135\">R\u00e9szletek<\/th>\n<\/tr>\n<\/thead>\n<tbody data-start=\"203\" data-end=\"1379\">\n<tr data-start=\"203\" data-end=\"268\">\n<td><strong data-start=\"205\" data-end=\"214\">Modell<\/strong><\/td>\n<td>MG-MH7030<\/td>\n<\/tr>\n<tr data-start=\"269\" data-end=\"334\">\n<td><strong data-start=\"271\" data-end=\"280\">Teljes\u00edtm\u00e9ny<\/strong><\/td>\n<td>30W<\/td>\n<\/tr>\n<tr data-start=\"335\" data-end=\"400\">\n<td><strong data-start=\"337\" data-end=\"349\">Anyag<\/strong><\/td>\n<td>Alum\u00ednium\u00f6tv\u00f6zet<\/td>\n<\/tr>\n<tr data-start=\"401\" data-end=\"466\">\n<td><strong data-start=\"403\" data-end=\"420\">Bemeneti fesz\u00fclts\u00e9g<\/strong><\/td>\n<td>AC85-265V<\/td>\n<\/tr>\n<tr data-start=\"467\" data-end=\"532\">\n<td><strong data-start=\"469\" data-end=\"481\">LED T\u00edpus<\/strong><\/td>\n<td>COB LED<\/td>\n<\/tr>\n<tr data-start=\"533\" data-end=\"598\">\n<td><strong data-start=\"535\" data-end=\"552\">F\u00e9ny\u00e1ram<\/strong><\/td>\n<td>90-110LM\/W<\/td>\n<\/tr>\n<tr data-start=\"599\" data-end=\"664\">\n<td><strong data-start=\"601\" data-end=\"622\"><strong><a href=\"https:\/\/ledsteplight.com\/hu\/dm36b-pro-honeycomb-anti-glare-led-in-ground-light-ip67-24v-dc\/\" class=\"waam-auto-link\" title=\"Sz\u00ednh\u0151m\u00e9rs\u00e9klet\">Sz\u00ednh\u0151m\u00e9rs\u00e9klet<\/a><\/strong><\/strong><\/td>\n<td>3000K \/ 6000K (Opcion\u00e1lis)<\/td>\n<\/tr>\n<tr data-start=\"665\" data-end=\"730\">\n<td><strong data-start=\"667\" data-end=\"681\">F\u00e9nycs\u00f3va sz\u00f6ge<\/strong><\/td>\n<td>120\u00b0<\/td>\n<\/tr>\n<tr data-start=\"731\" data-end=\"795\">\n<td><strong data-start=\"733\" data-end=\"753\">V\u00e9delmi szint<\/strong><\/td>\n<td>IP65 (V\u00edz\u00e1ll\u00f3 \u00e9s por\u00e1ll\u00f3)<\/td>\n<\/tr>\n<tr data-start=\"796\" data-end=\"860\">\n<td><strong data-start=\"798\" data-end=\"810\">\u00c9lettartam<\/strong><\/td>\n<td>40 000 \u00f3ra<\/td>\n<\/tr>\n<tr data-start=\"861\" data-end=\"925\">\n<td><strong data-start=\"863\" data-end=\"886\">Szerel\u00e9si m\u00f3d<\/strong><\/td>\n<td>Rejtett telep\u00edt\u00e9s<\/td>\n<\/tr>\n<tr data-start=\"926\" data-end=\"990\">\n<td><strong data-start=\"928\" data-end=\"942\">Test sz\u00edne<\/strong><\/td>\n<td>Ez\u00fcst \/ Fekete (Testreszabhat\u00f3)<\/td>\n<\/tr>\n<tr data-start=\"991\" data-end=\"1056\">\n<td><strong data-start=\"993\" data-end=\"1018\">\u00dczemel\u00e9si h\u0151m\u00e9rs\u00e9klet<\/strong><\/td>\n<td>-20\u00b0C-t\u00f3l 45\u00b0C-ig<\/td>\n<\/tr>\n<tr data-start=\"1057\" data-end=\"1121\">\n<td><strong data-start=\"1059\" data-end=\"1073\">M\u00e9ret<\/strong><\/td>\n<td>Testreszabhat\u00f3 (K\u00e9rj\u00fck, \u00e9rdekl\u0151dj\u00f6n)<\/td>\n<\/tr>\n<tr data-start=\"1122\" data-end=\"1186\">\n<td><strong data-start=\"1124\" data-end=\"1134\">S\u00faly<\/strong><\/td>\n<td>K\u00f6r\u00fclbel\u00fcl [S\u00faly beilleszt\u00e9se] (Ha el\u00e9rhet\u0151)<\/td>\n<\/tr>\n<tr data-start=\"1187\" data-end=\"1313\">\n<td><strong data-start=\"1189\" data-end=\"1204\">Alkalmaz\u00e1s<\/strong><\/td>\n<td><strong><a href=\"https:\/\/ledsteplight.com\/hu\/ip67-waterproof-led-ground-lights-easy-garden-lighting-solutions\/\" class=\"waam-auto-link\" title=\"K\u00fclt\u00e9ri t\u00e1jvil\u00e1g\u00edt\u00e1s\">K\u00fclt\u00e9ri t\u00e1jvil\u00e1g\u00edt\u00e1s<\/a><\/strong>, j\u00e1rdavil\u00e1g\u00edt\u00e1s, udvari megvil\u00e1g\u00edt\u00e1s, \u00e9p\u00edt\u00e9szeti <strong><a href=\"https:\/\/ledsteplight.com\/hu\/cree-bridgelux-chip-ip65-led-fixture-for-garden-facade-lighting\/\" class=\"waam-auto-link\" title=\"homlokzatvil\u00e1g\u00edt\u00e1s\">homlokzatvil\u00e1g\u00edt\u00e1s<\/a><\/strong><\/td>\n<\/tr>\n<tr data-start=\"1314\" data-end=\"1379\">\n<td><strong data-start=\"1316\" data-end=\"1328\">Garancia<\/strong><\/td>\n<td>3 \u00e9v<\/td>\n<\/tr>\n<\/tbody>\n<\/table>\n<p data-path-to-node=\"13\"><b>Eleg\u00e1ns line\u00e1ris kialak\u00edt\u00e1s modern \u00e9p\u00edt\u00e9szethez<\/b> Az MG-MH7030 kifinomult \u201eKeskeny Keret\u201d profil\u00fa, \u00edgy pr\u00e9mium v\u00e1laszt\u00e1s a magas sz\u00ednvonal\u00fa <b>k\u00fclt\u00e9ri padl\u00f3 l\u00e1mp\u00e1k<\/b>. Minimalista alum\u00ednium \u00f6tv\u00f6zet test\u00e9nek k\u00f6sz\u00f6nhet\u0151en z\u00f6kken\u0151mentesen beilleszthet\u0151 t\u00e9rk\u00f6vekbe vagy betonba, folyamatos, tiszta f\u00e9nycs\u00edkot alkotva. Ide\u00e1lis <b>\u00e9p\u00edt\u00e9szeti homlokzatvil\u00e1g\u00edt\u00e1shoz<\/b> \u00e9s kereskedelmi udvarok meghat\u00e1roz\u00e1s\u00e1ra, ez <b>line\u00e1ris f\u00f6ldalatti vil\u00e1g\u00edt\u00e1s<\/b> sz\u00e9les 120\u00b0-os sug\u00e1rz\u00e1si sz\u00f6get biztos\u00edt, egyenletes falmos\u00f3 hat\u00e1st \u00e9s modern <b><strong><a href=\"https:\/\/ledsteplight.com\/hu\/the-ultimate-guide-to-led-landscape-lighting-design-installation-and-costs\/\" class=\"waam-auto-link\" title=\"kertvil\u00e1g\u00edt\u00e1s\">kertvil\u00e1g\u00edt\u00e1s<\/a><\/strong><\/b> eszt\u00e9tik\u00e1t ny\u00fajt.<\/p>\n<p data-path-to-node=\"14\"><b>Nagy teljes\u00edtm\u00e9ny\u0171 \u00e9s tart\u00f3s kivitel<\/b> Szakmai projektekhez tervezve, ez a 30W-os <b>f\u00f6ld alatti vil\u00e1g\u00edt\u00e1s<\/b> l\u00e1mpa fejlett COB LED technol\u00f3gi\u00e1t (90-110LM\/W) alkalmaz a kiv\u00e1l\u00f3 f\u00e9nyer\u0151\u00e9rt. Kompatibilis a glob\u00e1lis <b>AC85-265V<\/b> fesz\u00fclts\u00e9grendszerekkel, stabil m\u0171k\u00f6d\u00e9st biztos\u00edt exportpiacokra. IP65 v\u00edz\u00e1ll\u00f3s\u00e1gi besorol\u00e1ssal \u00e9s 40 000 \u00f3r\u00e1s \u00e9lettartammal rendelkezik, ezek <b>f\u00e9nyek a talajhoz<\/b> ellen\u00e1llnak a zord id\u0151j\u00e1r\u00e1si k\u00f6r\u00fclm\u00e9nyeknek, megb\u00edzhat\u00f3 <b><strong><a href=\"https:\/\/ledsteplight.com\/hu\/mistakes-to-avoid-when-installing-in-ground-driveway-lights\/\" class=\"waam-auto-link\" title=\"j\u00e1rd\u00e1k vil\u00e1g\u00edt\u00e1s\u00e1ra a f\u00f6ld\u00f6n\">j\u00e1rd\u00e1k vil\u00e1g\u00edt\u00e1s\u00e1ra a f\u00f6ld\u00f6n<\/a><\/strong><\/b> vagy biztons\u00e1gi <b>j\u00e1rdavil\u00e1g\u00edt\u00e1s<\/b> nyilv\u00e1nos helyeken.<\/p>","protected":false},"excerpt":{"rendered":"<p data-start=\"41\" data-end=\"392\">Nagykereskedelmi 30W sz\u0171k keretes LED f\u00f6ldbe s\u00fcllyeszthet\u0151 l\u00e1mp\u00e1k. Nagy teljes\u00edtm\u00e9ny\u0171 IP65 COB line\u00e1ris k\u00fclt\u00e9ri padl\u00f3 l\u00e1mp\u00e1k \u00e9p\u00edt\u00e9szeti homlokzatokhoz. AC85-265V be\u00e9p\u00edthet\u0151 \u00fat menti vil\u00e1g\u00edt\u00e1s.<\/p>","protected":false},"featured_media":37216,"comment_status":"open","ping_status":"closed","template":"","meta":[],"product_brand":[],"product_cat":[100,426,427,428,439,429,440,430,73,441,431,442,443,432,433,444,464,445,446,434,435,436,437],"product_tag":[103,76,77,109,114,115],"class_list":{"0":"post-38015","1":"product","2":"type-product","3":"status-publish","4":"has-post-thumbnail","6":"product_cat-aluminum-ground-light","7":"product_cat-ceiling-recessed","8":"product_cat-ceiling-surface","9":"product_cat-ceiling-suspended","10":"product_cat-commercial","11":"product_cat-drivers","12":"product_cat-education","13":"product_cat-freestanding-light","14":"product_cat-ground-light","15":"product_cat-hospitality","16":"product_cat-industrial","17":"product_cat-infrastructure","18":"product_cat-landscape","19":"product_cat-landscaping","20":"product_cat-linear","21":"product_cat-office","22":"product_cat-c-outdoor-lighting","23":"product_cat-residential","24":"product_cat-retail","25":"product_cat-table-lamp","26":"product_cat-track","27":"product_cat-wall-recessed","28":"product_cat-wall-surface","29":"product_tag-aluminum-ground-light","30":"product_tag-aluminum-housing","31":"product_tag-ground-light","32":"product_tag-led-fixture","33":"product_tag-pathway-light","34":"product_tag-recessed-light","36":"first","37":"instock","38":"shipping-taxable","39":"product-type-simple"},"_links":{"self":[{"href":"https:\/\/ledsteplight.com\/hu\/wp-json\/wp\/v2\/product\/38015","targetHints":{"allow":["GET"]}}],"collection":[{"href":"https:\/\/ledsteplight.com\/hu\/wp-json\/wp\/v2\/product"}],"about":[{"href":"https:\/\/ledsteplight.com\/hu\/wp-json\/wp\/v2\/types\/product"}],"replies":[{"embeddable":true,"href":"https:\/\/ledsteplight.com\/hu\/wp-json\/wp\/v2\/comments?post=38015"}],"version-history":[{"count":3,"href":"https:\/\/ledsteplight.com\/hu\/wp-json\/wp\/v2\/product\/38015\/revisions"}],"predecessor-version":[{"id":38645,"href":"https:\/\/ledsteplight.com\/hu\/wp-json\/wp\/v2\/product\/38015\/revisions\/38645"}],"wp:featuredmedia":[{"embeddable":true,"href":"https:\/\/ledsteplight.com\/hu\/wp-json\/wp\/v2\/media\/37216"}],"wp:attachment":[{"href":"https:\/\/ledsteplight.com\/hu\/wp-json\/wp\/v2\/media?parent=38015"}],"wp:term":[{"taxonomy":"product_brand","embeddable":true,"href":"https:\/\/ledsteplight.com\/hu\/wp-json\/wp\/v2\/product_brand?post=38015"},{"taxonomy":"product_cat","embeddable":true,"href":"https:\/\/ledsteplight.com\/hu\/wp-json\/wp\/v2\/product_cat?post=38015"},{"taxonomy":"product_tag","embeddable":true,"href":"https:\/\/ledsteplight.com\/hu\/wp-json\/wp\/v2\/product_tag?post=38015"}],"curies":[{"name":"wp","href":"https:\/\/api.w.org\/{rel}","templated":true}]}}