{"id":38016,"date":"2025-09-08T13:04:16","date_gmt":"2025-09-08T13:04:16","guid":{"rendered":"https:\/\/ledsteplight.com\/import-placeholder-for-37126\/"},"modified":"2026-01-19T02:15:16","modified_gmt":"2026-01-19T02:15:16","slug":"3w-led-in-ground-lights-ac100-240v-recessed-outdoor-lighting","status":"publish","type":"product","link":"https:\/\/ledsteplight.com\/hu\/3w-led-in-ground-lights-ac100-240v-recessed-outdoor-lighting\/","title":{"rendered":"3W LED f\u00f6ldbe s\u00fcllyesztett l\u00e1mp\u00e1k AC100-240V \u2013 Be\u00e9p\u00edtett k\u00fclt\u00e9ri vil\u00e1g\u00edt\u00e1s"},"content":{"rendered":"<table data-start=\"123\" data-end=\"1400\">\n<thead data-start=\"123\" data-end=\"198\">\n<tr data-start=\"123\" data-end=\"198\">\n<th data-start=\"123\" data-end=\"148\">Specifik\u00e1ci\u00f3<\/th>\n<th data-start=\"148\" data-end=\"198\">R\u00e9szletek<\/th>\n<\/tr>\n<\/thead>\n<tbody data-start=\"274\" data-end=\"1400\">\n<tr data-start=\"274\" data-end=\"348\">\n<td><strong data-start=\"276\" data-end=\"293\">Term\u00e9kk\u00f3d<\/strong><\/td>\n<td>MG-SN015-60T<\/td>\n<\/tr>\n<tr data-start=\"349\" data-end=\"432\">\n<td><strong data-start=\"351\" data-end=\"367\">Term\u00e9k m\u00e9rete<\/strong><\/td>\n<td>\u00d860mm \u00d7 H35mm (K\u00f6r alak\u00fa) \/ L60 \u00d7 W60 \u00d7 H35mm (N\u00e9gyzet alak\u00fa)<\/td>\n<\/tr>\n<tr data-start=\"433\" data-end=\"507\">\n<td><strong data-start=\"435\" data-end=\"447\">V\u00e1g\u00e1si m\u00e9ret<\/strong><\/td>\n<td>\u00d850mm \u00d7 H75mm (K\u00f6r alak\u00fa)<\/td>\n<\/tr>\n<tr data-start=\"508\" data-end=\"582\">\n<td><strong data-start=\"510\" data-end=\"526\">F\u00e9nyforr\u00e1s<\/strong><\/td>\n<td>OSRAM \/ CREE<\/td>\n<\/tr>\n<tr data-start=\"583\" data-end=\"657\">\n<td><strong data-start=\"585\" data-end=\"606\"><strong><a href=\"https:\/\/ledsteplight.com\/hu\/dm36b-pro-honeycomb-anti-glare-led-in-ground-light-ip67-24v-dc\/\" class=\"waam-auto-link\" title=\"Fogyaszt\u00e1s\">Fogyaszt\u00e1s<\/a><\/strong><\/strong><\/td>\n<td>3W (700mA)<\/td>\n<\/tr>\n<tr data-start=\"658\" data-end=\"731\">\n<td><strong data-start=\"660\" data-end=\"670\">S\u00faly<\/strong><\/td>\n<td>0,45kg<\/td>\n<\/tr>\n<tr data-start=\"732\" data-end=\"806\">\n<td><strong data-start=\"734\" data-end=\"754\">AC bemeneti fesz\u00fclts\u00e9g<\/strong><\/td>\n<td>100-240V, 50~60Hz<\/td>\n<\/tr>\n<tr data-start=\"807\" data-end=\"880\">\n<td><strong data-start=\"809\" data-end=\"819\">Vez\u00e9rl\u0151<\/strong><\/td>\n<td>Eagerise<\/td>\n<\/tr>\n<tr data-start=\"881\" data-end=\"954\">\n<td><strong data-start=\"883\" data-end=\"902\">Reflektor sz\u00f6g<\/strong><\/td>\n<td>N\/A<\/td>\n<\/tr>\n<tr data-start=\"955\" data-end=\"1029\">\n<td><strong data-start=\"957\" data-end=\"978\">Sz\u00ednh\u0151m\u00e9rs\u00e9klet<\/strong><\/td>\n<td>3000K, 4000K, 5700K<\/td>\n<\/tr>\n<tr data-start=\"1030\" data-end=\"1103\">\n<td><strong data-start=\"1032\" data-end=\"1051\">Csatlakoz\u00e1si t\u00edpus<\/strong><\/td>\n<td>N\/A<\/td>\n<\/tr>\n<tr data-start=\"1104\" data-end=\"1176\">\n<td><strong data-start=\"1106\" data-end=\"1118\">Anyag<\/strong><\/td>\n<td>Alum\u00ednium<\/td>\n<\/tr>\n<tr data-start=\"1177\" data-end=\"1251\">\n<td><strong data-start=\"1179\" data-end=\"1199\">El\u00e9rhet\u0151 sz\u00ednek<\/strong><\/td>\n<td>Feh\u00e9r, Fekete, Ez\u00fcst<\/td>\n<\/tr>\n<tr data-start=\"1252\" data-end=\"1326\">\n<td><strong data-start=\"1254\" data-end=\"1267\">IP besorol\u00e1s<\/strong><\/td>\n<td>IP54 \/ IP65 (V\u00edz- \u00e9s por\u00e1ll\u00f3)<\/td>\n<\/tr>\n<tr data-start=\"1327\" data-end=\"1400\">\n<td><strong data-start=\"1329\" data-end=\"1352\">Szerel\u00e9si m\u00f3d<\/strong><\/td>\n<td>Rejtett (be\u00e1gyazott alkatr\u00e9szekkel)<\/td>\n<\/tr>\n<\/tbody>\n<\/table>\n<p data-path-to-node=\"16\"><b>Modern \u00e9p\u00edt\u00e9szeti kialak\u00edt\u00e1s \u00e9s pr\u00e9mium kivitel<\/b> Az MG-SN015-60T egy magas sz\u00ednvonal\u00fa <b>k\u00fcls\u0151 padl\u00f3 l\u00e1mpa<\/b> kifejezetten kifinomult \u00e9p\u00edt\u00e9szeti alkalmaz\u00e1sokhoz tervezve. Szil\u00e1rd rep\u00fcl\u0151g\u00e9p-alum\u00edniumb\u00f3l k\u00e9sz\u00fclt, kompakt \u00d860mm profilj\u00e1val ez a kreat\u00edv l\u00e1mpa z\u00f6kken\u0151mentes, minimalista megjelen\u00e9st k\u00f6lcs\u00f6n\u00f6z modern tereknek, fa teraszoknak \u00e9s luxus teraszoknak. Feh\u00e9r, Fekete vagy Ez\u00fcst sz\u00ednben el\u00e9rhet\u0151, eleg\u00e1ns <b>in <strong><a href=\"https:\/\/ledsteplight.com\/hu\/cree-bridgelux-chip-ip65-led-fixture-for-garden-facade-lighting\/\" class=\"waam-auto-link\" title=\"f\u00f6ldi vil\u00e1g\u00edt\u00e1s\">f\u00f6ldi vil\u00e1g\u00edt\u00e1s<\/a><\/strong><\/b> megold\u00e1s, amely t\u00f6k\u00e9letesen illeszkedik a magas min\u0151s\u00e9g\u0171 burkolatokhoz, \u00e9s n\u00f6veli b\u00e1rmely <b><strong><a href=\"https:\/\/ledsteplight.com\/hu\/mistakes-to-avoid-when-installing-in-ground-driveway-lights\/\" class=\"waam-auto-link\" title=\"kertvil\u00e1g\u00edt\u00e1s\">kertvil\u00e1g\u00edt\u00e1s<\/a><\/strong><\/b> projekt vizu\u00e1lis vonzerej\u00e9t an\u00e9lk\u00fcl, hogy tolakod\u00f3 lenne.<\/p>\n<p data-path-to-node=\"17\"><b>Szakmai teljes\u00edtm\u00e9ny glob\u00e1lis projektekhez<\/b> A tart\u00f3ss\u00e1gra \u00e9s a k\u00f6nny\u0171 telep\u00edt\u00e9sre tervezve, ez a 3W <b>f\u00f6ld alatti vil\u00e1g\u00edt\u00e1s<\/b> l\u00e1mpa els\u0151 oszt\u00e1ly\u00fa <b>OSRAM\/CREE LED<\/b> forr\u00e1sokat tartalmaz, \u00e9s t\u00e1mogatja a k\u00f6zvetlen <b>AC 100-240V<\/b> bemutat\u00f3, k\u00fcls\u0151 transzform\u00e1torokra nincs sz\u00fcks\u00e9g. Megb\u00edzhat\u00f3an m\u0171k\u00f6dik egy er\u0151s IP65 v\u00edz\u00e1ll\u00f3 \u00e9rt\u00e9kel\u00e9ssel \u00e9s nyom\u00e1s\u00e1ll\u00f3 szerkezettel, mint <b><strong><a href=\"https:\/\/ledsteplight.com\/hu\/30w-linear-in-ground-light-narrow-frame-outdoor-led-floor-lamp\/\" class=\"waam-auto-link\" title=\"j\u00e1rd\u00e1k vil\u00e1g\u00edt\u00e1s\u00e1ra a f\u00f6ld\u00f6n\">j\u00e1rd\u00e1k vil\u00e1g\u00edt\u00e1s\u00e1ra a f\u00f6ld\u00f6n<\/a><\/strong><\/b> vagy j\u00e1rdajelz\u0151k. Ak\u00e1r kereskedelmi, ak\u00e1r lakoss\u00e1gi exportpiacokra, ez <b>be\u00e1gyazott <strong><a href=\"https:\/\/ledsteplight.com\/hu\/5w-led-in-ground-lights-ip65-waterproof-outdoor-driveway-garden-floor-lighting\/\" class=\"waam-auto-link\" title=\"k\u00fcls\u0151 talajvil\u00e1g\u00edt\u00e1shoz\">k\u00fcls\u0151 talajvil\u00e1g\u00edt\u00e1shoz<\/a><\/strong><\/b> biztos\u00edtja az egys\u00e9ges, magas CRI-t <strong><a href=\"https:\/\/ledsteplight.com\/hu\/pir-sensor-step-light-top-advantages-for-safety\/\" class=\"waam-auto-link\" title=\"megvil\u00e1g\u00edt\u00e1s\u00e9rt\">megvil\u00e1g\u00edt\u00e1s\u00e9rt<\/a><\/strong> kem\u00e9ny k\u00fclt\u00e9ri k\u00f6rnyezetben.<\/p>","protected":false},"excerpt":{"rendered":"<p data-start=\"3621\" data-end=\"3987\"><b>Nagykereskedelmi pr\u00e9mium 3W LED f\u00f6ldbe s\u00fcllyesztett l\u00e1mp\u00e1k. AC 100-240V IP65 alum\u00ednium szerelv\u00e9ny OSRAM chipekkel. Modern be\u00e9p\u00edtett k\u00fclt\u00e9ri padl\u00f3vil\u00e1g\u00edt\u00e1s \u00e9p\u00edt\u00e9szeti projektekhez.<\/b><\/p>","protected":false},"featured_media":37218,"comment_status":"open","ping_status":"closed","template":"","meta":[],"product_brand":[],"product_cat":[105,100,426,427,428,439,429,440,430,441,431,442,443,432,433,444,112,464,445,446,106,434,435,436,437],"product_tag":[107,103,76,77,113,78,108],"class_list":{"0":"post-38016","1":"product","2":"type-product","3":"status-publish","4":"has-post-thumbnail","6":"product_cat-015-series","7":"product_cat-aluminum-ground-light","8":"product_cat-ceiling-recessed","9":"product_cat-ceiling-surface","10":"product_cat-ceiling-suspended","11":"product_cat-commercial","12":"product_cat-drivers","13":"product_cat-education","14":"product_cat-freestanding-light","15":"product_cat-hospitality","16":"product_cat-industrial","17":"product_cat-infrastructure","18":"product_cat-landscape","19":"product_cat-landscaping","20":"product_cat-linear","21":"product_cat-office","22":"product_cat-outdoor-ground-light","23":"product_cat-c-outdoor-lighting","24":"product_cat-residential","25":"product_cat-retail","26":"product_cat-round-ground-light","27":"product_cat-table-lamp","28":"product_cat-track","29":"product_cat-wall-recessed","30":"product_cat-wall-surface","31":"product_tag-015-series","32":"product_tag-aluminum-ground-light","33":"product_tag-aluminum-housing","34":"product_tag-ground-light","35":"product_tag-outdoor-ground-light","36":"product_tag-outdoor-lighting","37":"product_tag-round-ground-light","39":"first","40":"instock","41":"featured","42":"downloadable","43":"shipping-taxable","44":"product-type-simple"},"_links":{"self":[{"href":"https:\/\/ledsteplight.com\/hu\/wp-json\/wp\/v2\/product\/38016","targetHints":{"allow":["GET"]}}],"collection":[{"href":"https:\/\/ledsteplight.com\/hu\/wp-json\/wp\/v2\/product"}],"about":[{"href":"https:\/\/ledsteplight.com\/hu\/wp-json\/wp\/v2\/types\/product"}],"replies":[{"embeddable":true,"href":"https:\/\/ledsteplight.com\/hu\/wp-json\/wp\/v2\/comments?post=38016"}],"version-history":[{"count":3,"href":"https:\/\/ledsteplight.com\/hu\/wp-json\/wp\/v2\/product\/38016\/revisions"}],"predecessor-version":[{"id":38646,"href":"https:\/\/ledsteplight.com\/hu\/wp-json\/wp\/v2\/product\/38016\/revisions\/38646"}],"wp:featuredmedia":[{"embeddable":true,"href":"https:\/\/ledsteplight.com\/hu\/wp-json\/wp\/v2\/media\/37218"}],"wp:attachment":[{"href":"https:\/\/ledsteplight.com\/hu\/wp-json\/wp\/v2\/media?parent=38016"}],"wp:term":[{"taxonomy":"product_brand","embeddable":true,"href":"https:\/\/ledsteplight.com\/hu\/wp-json\/wp\/v2\/product_brand?post=38016"},{"taxonomy":"product_cat","embeddable":true,"href":"https:\/\/ledsteplight.com\/hu\/wp-json\/wp\/v2\/product_cat?post=38016"},{"taxonomy":"product_tag","embeddable":true,"href":"https:\/\/ledsteplight.com\/hu\/wp-json\/wp\/v2\/product_tag?post=38016"}],"curies":[{"name":"wp","href":"https:\/\/api.w.org\/{rel}","templated":true}]}}