{"id":38017,"date":"2025-09-08T13:04:16","date_gmt":"2025-09-08T13:04:16","guid":{"rendered":"https:\/\/ledsteplight.com\/import-placeholder-for-37140\/"},"modified":"2026-01-19T02:15:16","modified_gmt":"2026-01-19T02:15:16","slug":"ip65-outdoor-recessed-led-step-ground-light-3w-landscape-lighting-fixture","status":"publish","type":"product","link":"https:\/\/ledsteplight.com\/hu\/ip65-outdoor-recessed-led-step-ground-light-3w-landscape-lighting-fixture\/","title":{"rendered":"IP65 k\u00fclt\u00e9ri be\u00e9p\u00edthet\u0151 LED l\u00e9pcs\u0151- \u00e9s talajvil\u00e1g\u00edt\u00e1s | 3W t\u00e1jvil\u00e1g\u00edt\u00e1si l\u00e1mpa"},"content":{"rendered":"<table data-start=\"43\" data-end=\"909\">\n<thead data-start=\"43\" data-end=\"114\">\n<tr data-start=\"43\" data-end=\"114\">\n<th data-start=\"43\" data-end=\"68\"><strong data-start=\"45\" data-end=\"58\">Param\u00e9ter<\/strong><\/th>\n<th data-start=\"68\" data-end=\"114\"><strong data-start=\"70\" data-end=\"81\">R\u00e9szletek<\/strong><\/th>\n<\/tr>\n<\/thead>\n<tbody data-start=\"181\" data-end=\"909\">\n<tr data-start=\"181\" data-end=\"246\">\n<td><strong data-start=\"183\" data-end=\"192\">Teljes\u00edtm\u00e9ny<\/strong><\/td>\n<td>3W<\/td>\n<\/tr>\n<tr data-start=\"247\" data-end=\"312\">\n<td><strong data-start=\"249\" data-end=\"265\">F\u00e9nyforr\u00e1s<\/strong><\/td>\n<td>COB LED<\/td>\n<\/tr>\n<tr data-start=\"313\" data-end=\"377\">\n<td><strong data-start=\"315\" data-end=\"332\">Bemeneti fesz\u00fclts\u00e9g<\/strong><\/td>\n<td>AC85-265V \/ 12V \/ 24V<\/td>\n<\/tr>\n<tr data-start=\"378\" data-end=\"447\">\n<td><strong data-start=\"380\" data-end=\"401\"><strong><a href=\"https:\/\/ledsteplight.com\/hu\/dm36b-pro-honeycomb-anti-glare-led-in-ground-light-ip67-24v-dc\/\" class=\"waam-auto-link\" title=\"Sz\u00ednh\u0151m\u00e9rs\u00e9klet\">Sz\u00ednh\u0151m\u00e9rs\u00e9klet<\/a><\/strong><\/strong><\/td>\n<td>3000K (Meleg Feh\u00e9r) \/ 6000K (Hideg Feh\u00e9r)<\/td>\n<\/tr>\n<tr data-start=\"448\" data-end=\"512\">\n<td><strong data-start=\"450\" data-end=\"467\">F\u00e9ny\u00e1ram<\/strong><\/td>\n<td>90-110LM\/W<\/td>\n<\/tr>\n<tr data-start=\"513\" data-end=\"578\">\n<td><strong data-start=\"515\" data-end=\"529\">F\u00e9nycs\u00f3va sz\u00f6ge<\/strong><\/td>\n<td>120\u00b0<\/td>\n<\/tr>\n<tr data-start=\"579\" data-end=\"644\">\n<td><strong data-start=\"581\" data-end=\"593\">Anyag<\/strong><\/td>\n<td>\u00f6nt\u00f6tt alum\u00ednium<\/td>\n<\/tr>\n<tr data-start=\"645\" data-end=\"709\">\n<td><strong data-start=\"647\" data-end=\"660\">IP besorol\u00e1s<\/strong><\/td>\n<td>IP65 (V\u00edz\u00e1ll\u00f3 \u00e9s por\u00e1ll\u00f3)<\/td>\n<\/tr>\n<tr data-start=\"710\" data-end=\"774\">\n<td><strong data-start=\"712\" data-end=\"724\">\u00c9lettartam<\/strong><\/td>\n<td>40 000 \u00f3ra<\/td>\n<\/tr>\n<tr data-start=\"775\" data-end=\"843\">\n<td><strong data-start=\"777\" data-end=\"800\">Szerel\u00e9si m\u00f3d<\/strong><\/td>\n<td>Rejtett szerel\u00e9s<\/td>\n<\/tr>\n<tr data-start=\"844\" data-end=\"909\">\n<td><strong data-start=\"846\" data-end=\"858\">Garancia<\/strong><\/td>\n<td>3 \u00e9v<\/td>\n<\/tr>\n<\/tbody>\n<\/table>\n<p data-start=\"675\" data-end=\"1021\">SN041 be\u00e9p\u00edthet\u0151 LED <strong><a href=\"https:\/\/ledsteplight.com\/hu\/cree-bridgelux-chip-ip65-led-fixture-for-garden-facade-lighting\/\" class=\"waam-auto-link\" title=\"f\u00f6ldi vil\u00e1g\u00edt\u00e1s\">f\u00f6ldi vil\u00e1g\u00edt\u00e1s<\/a><\/strong> tiszta, tart\u00f3s k\u00fclt\u00e9ri haszn\u00e1latra tervezt\u00e9k <strong><a href=\"https:\/\/ledsteplight.com\/hu\/pir-sensor-step-light-top-advantages-for-safety\/\" class=\"waam-auto-link\" title=\"megvil\u00e1g\u00edt\u00e1s\u00e9rt\">megvil\u00e1g\u00edt\u00e1s\u00e9rt<\/a><\/strong>. Egy kompakt 3W COB LED \u00e9s 120\u00b0-os sug\u00e1rz\u00e1si sz\u00f6g mellett sima, egyenletes vil\u00e1g\u00edt\u00e1st biztos\u00edt j\u00e1rd\u00e1khoz, l\u00e9pcs\u0151kh\u00f6z \u00e9s t\u00e1jk\u00e9pi r\u00e9szletekhez. A l\u00e1mpa \u00f6nt\u00f6tt alum\u00edniumb\u00f3l k\u00e9sz\u00fclt, amely egy szil\u00e1rd szerkezetet \u00e9s hat\u00e9kony h\u0151elvezet\u00e9st \u00f6tv\u00f6z a hossz\u00fa t\u00e1v\u00fa teljes\u00edtm\u00e9ny \u00e9rdek\u00e9ben.<\/p>\n<p data-start=\"1023\" data-end=\"1390\">IP65 besorol\u00e1s\u00fa, ez a l\u00e1mpa teljesen v\u00e9dett az es\u0151 \u00e9s por ellen, \u00edgy alkalmas mind lakoss\u00e1gi, mind kereskedelmi felhaszn\u00e1l\u00e1sra. Meleg feh\u00e9r (3000K) \u00e9s hideg feh\u00e9r (6000K) sz\u00ednben \u00e9rhet\u0151 el, t\u00f6bbfajta fesz\u00fclts\u00e9ggel kompatibilis (AC85\u2013265V \/ 12V \/ 24V), \u00e9s k\u00f6nnyen telep\u00edthet\u0151 be\u00e9p\u00edtett szerelv\u00e9ny\u00e9vel. Ide\u00e1lis sz\u00e1llod\u00e1khoz, vill\u00e1khoz, kertekhez, teraszokhoz \u00e9s \u00e9p\u00edt\u00e9szeti s\u00e9t\u00e1nyokhoz.<\/p>","protected":false},"excerpt":{"rendered":"<p data-start=\"3754\" data-end=\"4115\">3W be\u00e9p\u00edthet\u0151 LED l\u00e9pcs\u0151- \u00e9s talajvil\u00e1g\u00edt\u00e1s IP65 v\u00edz\u00e1ll\u00f3 kialak\u00edt\u00e1ssal. Tart\u00f3s alum\u00ednium h\u00e1z k\u00fclt\u00e9ri j\u00e1rd\u00e1khoz, l\u00e9pcs\u0151kh\u00f6z \u00e9s t\u00e1jvil\u00e1g\u00edt\u00e1shoz. Ide\u00e1lis \u00e9p\u00edt\u00e9szeti \u00e9s kert\u00e9szeti projektekhez.<\/p>","protected":false},"featured_media":37224,"comment_status":"open","ping_status":"closed","template":"","meta":[],"product_brand":[],"product_cat":[100,426,427,428,439,429,440,430,73,441,431,442,443,432,433,444,112,464,445,446,434,435,436,437],"product_tag":[103,76,77,113,78],"class_list":{"0":"post-38017","1":"product","2":"type-product","3":"status-publish","4":"has-post-thumbnail","6":"product_cat-aluminum-ground-light","7":"product_cat-ceiling-recessed","8":"product_cat-ceiling-surface","9":"product_cat-ceiling-suspended","10":"product_cat-commercial","11":"product_cat-drivers","12":"product_cat-education","13":"product_cat-freestanding-light","14":"product_cat-ground-light","15":"product_cat-hospitality","16":"product_cat-industrial","17":"product_cat-infrastructure","18":"product_cat-landscape","19":"product_cat-landscaping","20":"product_cat-linear","21":"product_cat-office","22":"product_cat-outdoor-ground-light","23":"product_cat-c-outdoor-lighting","24":"product_cat-residential","25":"product_cat-retail","26":"product_cat-table-lamp","27":"product_cat-track","28":"product_cat-wall-recessed","29":"product_cat-wall-surface","30":"product_tag-aluminum-ground-light","31":"product_tag-aluminum-housing","32":"product_tag-ground-light","33":"product_tag-outdoor-ground-light","34":"product_tag-outdoor-lighting","36":"first","37":"instock","38":"featured","39":"downloadable","40":"shipping-taxable","41":"product-type-simple"},"_links":{"self":[{"href":"https:\/\/ledsteplight.com\/hu\/wp-json\/wp\/v2\/product\/38017","targetHints":{"allow":["GET"]}}],"collection":[{"href":"https:\/\/ledsteplight.com\/hu\/wp-json\/wp\/v2\/product"}],"about":[{"href":"https:\/\/ledsteplight.com\/hu\/wp-json\/wp\/v2\/types\/product"}],"replies":[{"embeddable":true,"href":"https:\/\/ledsteplight.com\/hu\/wp-json\/wp\/v2\/comments?post=38017"}],"version-history":[{"count":3,"href":"https:\/\/ledsteplight.com\/hu\/wp-json\/wp\/v2\/product\/38017\/revisions"}],"predecessor-version":[{"id":38647,"href":"https:\/\/ledsteplight.com\/hu\/wp-json\/wp\/v2\/product\/38017\/revisions\/38647"}],"wp:featuredmedia":[{"embeddable":true,"href":"https:\/\/ledsteplight.com\/hu\/wp-json\/wp\/v2\/media\/37224"}],"wp:attachment":[{"href":"https:\/\/ledsteplight.com\/hu\/wp-json\/wp\/v2\/media?parent=38017"}],"wp:term":[{"taxonomy":"product_brand","embeddable":true,"href":"https:\/\/ledsteplight.com\/hu\/wp-json\/wp\/v2\/product_brand?post=38017"},{"taxonomy":"product_cat","embeddable":true,"href":"https:\/\/ledsteplight.com\/hu\/wp-json\/wp\/v2\/product_cat?post=38017"},{"taxonomy":"product_tag","embeddable":true,"href":"https:\/\/ledsteplight.com\/hu\/wp-json\/wp\/v2\/product_tag?post=38017"}],"curies":[{"name":"wp","href":"https:\/\/api.w.org\/{rel}","templated":true}]}}