{"id":38020,"date":"2025-09-08T13:04:17","date_gmt":"2025-09-08T13:04:17","guid":{"rendered":"https:\/\/ledsteplight.com\/import-placeholder-for-37143\/"},"modified":"2026-01-19T02:15:15","modified_gmt":"2026-01-19T02:15:15","slug":"mg-dm36a-pro-smart-led-in-ground-lights-24v-landscape-system","status":"publish","type":"product","link":"https:\/\/ledsteplight.com\/hu\/mg-dm36a-pro-smart-led-in-ground-lights-24v-landscape-system\/","title":{"rendered":"MG-DM36A PRO Okos LED F\u00f6ldbe S\u00fcllyesztett L\u00e1mp\u00e1k | 24V T\u00e1j\u00e9p\u00edt\u00e9szeti Rendszer"},"content":{"rendered":"<h3 data-start=\"100\" data-end=\"126\">\u00d6sszes Term\u00e9kparam\u00e9ter<\/h3>\n<table data-start=\"128\" data-end=\"1347\">\n<thead data-start=\"128\" data-end=\"208\">\n<tr data-start=\"128\" data-end=\"208\">\n<th data-start=\"128\" data-end=\"157\"><strong data-start=\"130\" data-end=\"143\">Param\u00e9ter<\/strong><\/th>\n<th data-start=\"157\" data-end=\"208\"><strong data-start=\"159\" data-end=\"188\">Jellemz\u0151 \/ Le\u00edr\u00e1s<\/strong><\/th>\n<\/tr>\n<\/thead>\n<tbody data-start=\"290\" data-end=\"1347\">\n<tr data-start=\"290\" data-end=\"370\">\n<td><strong data-start=\"292\" data-end=\"309\">Term\u00e9kk\u00f3d<\/strong><\/td>\n<td>MG-DM36A PRO<\/td>\n<\/tr>\n<tr data-start=\"371\" data-end=\"451\">\n<td><strong data-start=\"373\" data-end=\"393\">Term\u00e9kkateg\u00f3ria<\/strong><\/td>\n<td><strong><a href=\"https:\/\/ledsteplight.com\/hu\/dm36b-pro-honeycomb-anti-glare-led-in-ground-light-ip67-24v-dc\/\" class=\"waam-auto-link\" title=\"LED f\u00f6ld alatti vil\u00e1g\u00edt\u00e1si rendszer\">LED f\u00f6ld alatti vil\u00e1g\u00edt\u00e1si rendszer<\/a><\/strong><\/td>\n<\/tr>\n<tr data-start=\"452\" data-end=\"532\">\n<td><strong data-start=\"454\" data-end=\"475\">\u00dczemi fesz\u00fclts\u00e9g<\/strong><\/td>\n<td>24V DC <em data-start=\"490\" data-end=\"507\">(p\u00e9ld\u00e1ul \u00e9rt\u00e9k)<\/em><\/td>\n<\/tr>\n<tr data-start=\"533\" data-end=\"613\">\n<td><strong data-start=\"535\" data-end=\"556\">\u00dczemi \u00e1ram<\/strong><\/td>\n<td>\u2014 (Nincs megadva)<\/td>\n<\/tr>\n<tr data-start=\"614\" data-end=\"694\">\n<td><strong data-start=\"616\" data-end=\"637\">Fogyaszt\u00e1s<\/strong><\/td>\n<td>&lt; 40W <em data-start=\"651\" data-end=\"668\">(p\u00e9ld\u00e1ul \u00e9rt\u00e9k)<\/em><\/td>\n<\/tr>\n<tr data-start=\"695\" data-end=\"775\">\n<td><strong data-start=\"697\" data-end=\"713\">Lumen kimenet<\/strong><\/td>\n<td>3000 lm <em data-start=\"734\" data-end=\"751\">(p\u00e9ld\u00e1ul \u00e9rt\u00e9k)<\/em><\/td>\n<\/tr>\n<tr data-start=\"776\" data-end=\"856\">\n<td><strong data-start=\"778\" data-end=\"799\">Sz\u00ednh\u0151m\u00e9rs\u00e9klet<\/strong><\/td>\n<td>4000K<\/td>\n<\/tr>\n<tr data-start=\"857\" data-end=\"937\">\n<td><strong data-start=\"859\" data-end=\"872\">IP besorol\u00e1s<\/strong><\/td>\n<td>IP67 (V\u00edz\u00e1ll\u00f3 \u00e9s por\u00e1ll\u00f3)<\/td>\n<\/tr>\n<tr data-start=\"938\" data-end=\"1018\">\n<td><strong data-start=\"940\" data-end=\"965\">\u00dczemel\u00e9si h\u0151m\u00e9rs\u00e9klet<\/strong><\/td>\n<td>-20\u00b0C-t\u00f3l +60\u00b0C-ig<\/td>\n<\/tr>\n<tr data-start=\"1019\" data-end=\"1099\">\n<td><strong data-start=\"1021\" data-end=\"1035\">M\u00e9ret<\/strong><\/td>\n<td>\u2014 (Nincs megadva)<\/td>\n<\/tr>\n<tr data-start=\"1100\" data-end=\"1180\">\n<td><strong data-start=\"1102\" data-end=\"1112\">S\u00faly<\/strong><\/td>\n<td>\u2014 (Nincs megadva)<\/td>\n<\/tr>\n<tr data-start=\"1181\" data-end=\"1261\">\n<td><strong data-start=\"1183\" data-end=\"1195\">\u00c9lettartam<\/strong><\/td>\n<td>Ak\u00e1r 50 000 \u00f3r\u00e1ig <em data-start=\"1231\" data-end=\"1248\">(p\u00e9ld\u00e1ul \u00e9rt\u00e9k)<\/em><\/td>\n<\/tr>\n<tr data-start=\"1262\" data-end=\"1347\">\n<td><strong data-start=\"1264\" data-end=\"1287\">Tov\u00e1bbi funkci\u00f3k<\/strong><\/td>\n<td>Intelligens vez\u00e9rl\u00e9s, \u00e1ll\u00edthat\u00f3 f\u00e9nyer\u0151, modul\u00e1ris kialak\u00edt\u00e1s<\/td>\n<\/tr>\n<\/tbody>\n<\/table>\n<ul>\n<li>\n<p data-path-to-node=\"18,0,0\"><b>Pro szint\u0171 teljes\u00edtm\u00e9ny:<\/b> Leny\u0171g\u00f6z\u0151 <b>3000lm<\/b> f\u00e9nyer\u0151t biztos\u00edt <b>4000K<\/b> semleges feh\u00e9r h\u0151m\u00e9rs\u00e9klettel, biztos\u00edtva a kiv\u00e1l\u00f3 l\u00e1that\u00f3s\u00e1got \u00e9s biztons\u00e1got <b><strong><a href=\"https:\/\/ledsteplight.com\/hu\/5w-led-in-ground-lights-ip65-waterproof-outdoor-driveway-garden-floor-lighting\/\" class=\"waam-auto-link\" title=\"k\u00fcls\u0151 talajvil\u00e1g\u00edt\u00e1shoz\">k\u00fcls\u0151 talajvil\u00e1g\u00edt\u00e1shoz<\/a><\/strong><\/b> v\u00edz\u00e1ll\u00f3 t\u00e1jvil\u00e1g\u00edt\u00e1si<\/p>\n<\/li>\n<li>\n<p data-path-to-node=\"18,1,0\"><b>Intelligens &amp; modul\u00e1ris kialak\u00edt\u00e1s:<\/b> A hagyom\u00e1nyos l\u00e1mpatestekt\u0151l elt\u00e9r\u0151en, az MG-DM36A PRO egy <b>modul\u00e1ris kialak\u00edt\u00e1ssal rendelkezik<\/b> az egyszer\u0171 karbantart\u00e1s \u00e9rdek\u00e9ben, \u00e9s t\u00e1mogatja <b>intelligens vez\u00e9rl\u00e9st<\/b>, lehet\u0151v\u00e9 t\u00e9ve a szab\u00e1lyozhat\u00f3 f\u00e9nyer\u0151t \u00e9s a modern vil\u00e1g\u00edt\u00e1ssal val\u00f3 integr\u00e1ci\u00f3t <strong><a href=\"https:\/\/ledsteplight.com\/hu\/ultimate-guide-to-landscape-inground-lighting-solutions\/\" class=\"waam-auto-link\" title=\"rendszerek\">rendszerek<\/a><\/strong>.<\/p>\n<\/li>\n<li>\n<p data-path-to-node=\"18,2,0\"><b>Massz\u00edv tart\u00f3ss\u00e1g (IP67):<\/b> Az id\u0151j\u00e1r\u00e1s viszontags\u00e1gainak ellen\u00e1ll\u00f3 kialak\u00edt\u00e1s\u00fa, ez a <b>v\u00edz\u00e1ll\u00f3s\u00e1gi <strong><a href=\"https:\/\/ledsteplight.com\/hu\/mistakes-to-avoid-when-installing-in-ground-driveway-lights\/\" class=\"waam-auto-link\" title=\"kertvil\u00e1g\u00edt\u00e1s\">kertvil\u00e1g\u00edt\u00e1s<\/a><\/strong><\/b> rendszer t\u00f6k\u00e9letesen m\u0171k\u00f6dik -20\u00b0C-t\u00f3l +60\u00b0C-ig. Teljesen szigetelt por \u00e9s v\u00edz behatol\u00e1sa ellen.<\/p>\n<\/li>\n<li>\n<p data-path-to-node=\"18,3,0\"><b>Biztons\u00e1g El\u0151tt:<\/b> Biztons\u00e1gos m\u0171k\u00f6d\u00e9sen alapul <b>24V DC<\/b> rendszeren, \u00edgy ide\u00e1lis v\u00e1laszt\u00e1s <b>kisfesz\u00fclts\u00e9g\u0171 <strong><a href=\"https:\/\/ledsteplight.com\/hu\/the-ultimate-guide-to-led-landscape-lighting-design-installation-and-costs\/\" class=\"waam-auto-link\" title=\"LED t\u00e1jvil\u00e1g\u00edt\u00e1si\">LED t\u00e1jvil\u00e1g\u00edt\u00e1si<\/a><\/strong><\/b> ahol a biztons\u00e1g els\u0151dleges.<\/p>\n<\/li>\n<\/ul>","protected":false},"excerpt":{"rendered":"<p data-start=\"3357\" data-end=\"4242\" data-is-last-node=\"\" data-is-only-node=\"\"><b>Fedezze fel az MG-DM36A PRO-t: Egy magas hat\u00e9konys\u00e1g\u00fa LED f\u00f6ldalatti vil\u00e1g\u00edt\u00e1si rendszer. Jellemz\u0151i 3000lm teljes\u00edtm\u00e9ny, okos vez\u00e9rl\u00e9s \u00e9s IP67 v\u00edz\u00e1ll\u00f3 v\u00e9delem k\u00fclt\u00e9ri projektekhez.<\/b><\/p>","protected":false},"featured_media":37234,"comment_status":"open","ping_status":"closed","template":"","meta":[],"product_brand":[],"product_cat":[100,426,427,428,439,429,440,430,73,441,126,431,442,443,432,433,444,112,464,445,446,106,434,435,436,437],"product_tag":[103,76,77,127,113,78,108],"class_list":{"0":"post-38020","1":"product","2":"type-product","3":"status-publish","4":"has-post-thumbnail","6":"product_cat-aluminum-ground-light","7":"product_cat-ceiling-recessed","8":"product_cat-ceiling-surface","9":"product_cat-ceiling-suspended","10":"product_cat-commercial","11":"product_cat-drivers","12":"product_cat-education","13":"product_cat-freestanding-light","14":"product_cat-ground-light","15":"product_cat-hospitality","16":"product_cat-in-ground-light","17":"product_cat-industrial","18":"product_cat-infrastructure","19":"product_cat-landscape","20":"product_cat-landscaping","21":"product_cat-linear","22":"product_cat-office","23":"product_cat-outdoor-ground-light","24":"product_cat-c-outdoor-lighting","25":"product_cat-residential","26":"product_cat-retail","27":"product_cat-round-ground-light","28":"product_cat-table-lamp","29":"product_cat-track","30":"product_cat-wall-recessed","31":"product_cat-wall-surface","32":"product_tag-aluminum-ground-light","33":"product_tag-aluminum-housing","34":"product_tag-ground-light","35":"product_tag-in-ground-light","36":"product_tag-outdoor-ground-light","37":"product_tag-outdoor-lighting","38":"product_tag-round-ground-light","40":"first","41":"instock","42":"shipping-taxable","43":"product-type-simple"},"_links":{"self":[{"href":"https:\/\/ledsteplight.com\/hu\/wp-json\/wp\/v2\/product\/38020","targetHints":{"allow":["GET"]}}],"collection":[{"href":"https:\/\/ledsteplight.com\/hu\/wp-json\/wp\/v2\/product"}],"about":[{"href":"https:\/\/ledsteplight.com\/hu\/wp-json\/wp\/v2\/types\/product"}],"replies":[{"embeddable":true,"href":"https:\/\/ledsteplight.com\/hu\/wp-json\/wp\/v2\/comments?post=38020"}],"version-history":[{"count":3,"href":"https:\/\/ledsteplight.com\/hu\/wp-json\/wp\/v2\/product\/38020\/revisions"}],"predecessor-version":[{"id":38638,"href":"https:\/\/ledsteplight.com\/hu\/wp-json\/wp\/v2\/product\/38020\/revisions\/38638"}],"wp:featuredmedia":[{"embeddable":true,"href":"https:\/\/ledsteplight.com\/hu\/wp-json\/wp\/v2\/media\/37234"}],"wp:attachment":[{"href":"https:\/\/ledsteplight.com\/hu\/wp-json\/wp\/v2\/media?parent=38020"}],"wp:term":[{"taxonomy":"product_brand","embeddable":true,"href":"https:\/\/ledsteplight.com\/hu\/wp-json\/wp\/v2\/product_brand?post=38020"},{"taxonomy":"product_cat","embeddable":true,"href":"https:\/\/ledsteplight.com\/hu\/wp-json\/wp\/v2\/product_cat?post=38020"},{"taxonomy":"product_tag","embeddable":true,"href":"https:\/\/ledsteplight.com\/hu\/wp-json\/wp\/v2\/product_tag?post=38020"}],"curies":[{"name":"wp","href":"https:\/\/api.w.org\/{rel}","templated":true}]}}