{"id":38021,"date":"2025-09-08T13:04:17","date_gmt":"2025-09-08T13:04:17","guid":{"rendered":"https:\/\/ledsteplight.com\/import-placeholder-for-37155\/"},"modified":"2026-01-19T02:15:14","modified_gmt":"2026-01-19T02:15:14","slug":"sn035-70-smart-outdoor-light-sensor-ip67-led-landscape-lighting-control","status":"publish","type":"product","link":"https:\/\/ledsteplight.com\/hu\/sn035-70-smart-outdoor-light-sensor-ip67-led-landscape-lighting-control\/","title":{"rendered":"SN035-70 Okos k\u00fclt\u00e9ri f\u00e9ny\u00e9rz\u00e9kel\u0151 | IP67 LED t\u00e1jvil\u00e1g\u00edt\u00e1s vez\u00e9rl\u00e9s"},"content":{"rendered":"<table data-start=\"114\" data-end=\"1402\">\n<thead data-start=\"114\" data-end=\"193\">\n<tr data-start=\"114\" data-end=\"193\">\n<th data-start=\"114\" data-end=\"142\"><strong data-start=\"116\" data-end=\"129\">Param\u00e9ter<\/strong><\/th>\n<th data-start=\"142\" data-end=\"193\"><strong data-start=\"144\" data-end=\"173\">Jellemz\u0151 \/ Le\u00edr\u00e1s<\/strong><\/th>\n<\/tr>\n<\/thead>\n<tbody data-start=\"274\" data-end=\"1402\">\n<tr data-start=\"274\" data-end=\"353\">\n<td><strong data-start=\"276\" data-end=\"293\">Term\u00e9kk\u00f3d<\/strong><\/td>\n<td>MG-SN035-70<\/td>\n<\/tr>\n<tr data-start=\"354\" data-end=\"433\">\n<td><strong data-start=\"356\" data-end=\"376\">Term\u00e9kkateg\u00f3ria<\/strong><\/td>\n<td>Okos f\u00e9ny\u00e9rz\u00e9kel\u0151<\/td>\n<\/tr>\n<tr data-start=\"434\" data-end=\"513\">\n<td><strong data-start=\"436\" data-end=\"457\"><strong><a href=\"https:\/\/ledsteplight.com\/hu\/dm36b-pro-honeycomb-anti-glare-led-in-ground-light-ip67-24v-dc\/\" class=\"waam-auto-link\" title=\"\u00dczemi fesz\u00fclts\u00e9g\">\u00dczemi fesz\u00fclts\u00e9g<\/a><\/strong><\/strong><\/td>\n<td>12V DC<\/td>\n<\/tr>\n<tr data-start=\"514\" data-end=\"593\">\n<td><strong data-start=\"516\" data-end=\"537\">\u00dczemi \u00e1ram<\/strong><\/td>\n<td>\u2014 (Nincs megadva)<\/td>\n<\/tr>\n<tr data-start=\"594\" data-end=\"673\">\n<td><strong data-start=\"596\" data-end=\"617\">Fogyaszt\u00e1s<\/strong><\/td>\n<td>&lt; 0,4W<\/td>\n<\/tr>\n<tr data-start=\"674\" data-end=\"753\">\n<td><strong data-start=\"676\" data-end=\"701\">\u00c9rz\u00e9kenys\u00e9g \u00e9rz\u00e9kel\u00e9se<\/strong><\/td>\n<td>Ultra magas \u00e9rz\u00e9kenys\u00e9g<\/td>\n<\/tr>\n<tr data-start=\"754\" data-end=\"833\">\n<td><strong data-start=\"756\" data-end=\"769\">IP besorol\u00e1s<\/strong><\/td>\n<td>IP67 (V\u00edz\u00e1ll\u00f3 \u00e9s por\u00e1ll\u00f3)<\/td>\n<\/tr>\n<tr data-start=\"834\" data-end=\"913\">\n<td><strong data-start=\"836\" data-end=\"861\">\u00dczemel\u00e9si h\u0151m\u00e9rs\u00e9klet<\/strong><\/td>\n<td>-20\u00b0C-t\u00f3l +60\u00b0C-ig<\/td>\n<\/tr>\n<tr data-start=\"914\" data-end=\"993\">\n<td><strong data-start=\"916\" data-end=\"930\">M\u00e9ret<\/strong><\/td>\n<td>\u2014 (Nincs megadva)<\/td>\n<\/tr>\n<tr data-start=\"994\" data-end=\"1073\">\n<td><strong data-start=\"996\" data-end=\"1006\">S\u00faly<\/strong><\/td>\n<td>\u2014 (Nincs megadva)<\/td>\n<\/tr>\n<tr data-start=\"1074\" data-end=\"1153\">\n<td><strong data-start=\"1076\" data-end=\"1094\">Interf\u00e9sz t\u00edpus<\/strong><\/td>\n<td>\u2014 (Nincs megadva)<\/td>\n<\/tr>\n<tr data-start=\"1154\" data-end=\"1233\">\n<td><strong data-start=\"1156\" data-end=\"1182\">Kommunik\u00e1ci\u00f3s protokoll<\/strong><\/td>\n<td>\u2014 (Nincs megadva)<\/td>\n<\/tr>\n<tr data-start=\"1234\" data-end=\"1313\">\n<td><strong data-start=\"1236\" data-end=\"1259\">Szerel\u00e9si m\u00f3d<\/strong><\/td>\n<td>\u2014 (Nincs megadva)<\/td>\n<\/tr>\n<tr data-start=\"1314\" data-end=\"1402\">\n<td><strong data-start=\"1316\" data-end=\"1339\">Tov\u00e1bbi funkci\u00f3k<\/strong><\/td>\n<td>Fejlett precizit\u00e1s, be\u00e9p\u00edtett id\u0151z\u00edt\u0151, \u00e1ll\u00edthat\u00f3 k\u00fcsz\u00f6b\u00e9rt\u00e9k<\/td>\n<\/tr>\n<\/tbody>\n<\/table>\n<p>&nbsp;<\/p>\n<p><strong data-start=\"413\" data-end=\"455\">MG-SN035-70 okos k\u00fclt\u00e9ri f\u00e9ny\u00e9rz\u00e9kel\u0151<\/strong> tervezve van <strong data-start=\"472\" data-end=\"504\">f\u00f6ldbe s\u00fcllyesztett <strong><a href=\"https:\/\/ledsteplight.com\/hu\/the-ultimate-guide-to-led-landscape-lighting-design-installation-and-costs\/\" class=\"waam-auto-link\" title=\"kertvil\u00e1g\u00edt\u00e1s\">kertvil\u00e1g\u00edt\u00e1s<\/a><\/strong><\/strong>, <strong data-start=\"506\" data-end=\"531\"><strong><a href=\"https:\/\/ledsteplight.com\/hu\/mistakes-to-avoid-when-installing-in-ground-driveway-lights\/\" class=\"waam-auto-link\" title=\"k\u00fclt\u00e9ri talajvil\u00e1g\u00edt\u00e1si\">k\u00fclt\u00e9ri talajvil\u00e1g\u00edt\u00e1si<\/a><\/strong><\/strong>, \u00e9s <strong data-start=\"537\" data-end=\"573\">kisfesz\u00fclts\u00e9g\u0171 LED vil\u00e1g\u00edt\u00e1si rendszerekhez<\/strong>. Az <strong data-start=\"580\" data-end=\"616\">ultra magas \u00e9rz\u00e9kel\u00e9si \u00e9rz\u00e9kenys\u00e9ggel<\/strong>, <strong data-start=\"618\" data-end=\"648\">IP67 v\u00edz\u00e1ll\u00f3s\u00e1gi v\u00e9delemmel<\/strong>, \u00e9s <strong data-start=\"654\" data-end=\"691\">&lt;0,4W ultra alacsony energiafogyaszt\u00e1ssal<\/strong>, ez az \u00e9rz\u00e9kel\u0151 megb\u00edzhat\u00f3 teljes\u00edtm\u00e9nyt ny\u00fajt kertek, s\u00e9t\u00e1nyok, bej\u00e1r\u00f3k \u00e9s \u00e9p\u00edt\u00e9szeti k\u00fclt\u00e9ri vil\u00e1g\u00edt\u00e1s sz\u00e1m\u00e1ra.<\/p>","protected":false},"excerpt":{"rendered":"<p data-start=\"2358\" data-end=\"2539\">SN035-70 okos k\u00fclt\u00e9ri f\u00e9ny\u00e9rz\u00e9kel\u0151 IP67 v\u00e9delemmel, ultra-magas \u00e9rz\u00e9kenys\u00e9ggel \u00e9s alacsony fogyaszt\u00e1ssal rendelkezik\u2014ide\u00e1lis LED t\u00e1j-, j\u00e1rda- \u00e9s f\u00f6ld alatti vil\u00e1g\u00edt\u00e1si rendszerekhez.<\/p>","protected":false},"featured_media":37235,"comment_status":"open","ping_status":"closed","template":"","meta":[],"product_brand":[],"product_cat":[100,426,427,428,439,429,440,430,441,431,442,443,432,433,444,112,464,445,446,434,435,436,437],"product_tag":[103,76,111,110,113,78,114],"class_list":{"0":"post-38021","1":"product","2":"type-product","3":"status-publish","4":"has-post-thumbnail","6":"product_cat-aluminum-ground-light","7":"product_cat-ceiling-recessed","8":"product_cat-ceiling-surface","9":"product_cat-ceiling-suspended","10":"product_cat-commercial","11":"product_cat-drivers","12":"product_cat-education","13":"product_cat-freestanding-light","14":"product_cat-hospitality","15":"product_cat-industrial","16":"product_cat-infrastructure","17":"product_cat-landscape","18":"product_cat-landscaping","19":"product_cat-linear","20":"product_cat-office","21":"product_cat-outdoor-ground-light","22":"product_cat-c-outdoor-lighting","23":"product_cat-residential","24":"product_cat-retail","25":"product_cat-table-lamp","26":"product_cat-track","27":"product_cat-wall-recessed","28":"product_cat-wall-surface","29":"product_tag-aluminum-ground-light","30":"product_tag-aluminum-housing","31":"product_tag-garden-lighting","32":"product_tag-landscape-light","33":"product_tag-outdoor-ground-light","34":"product_tag-outdoor-lighting","35":"product_tag-pathway-light","37":"first","38":"instock","39":"shipping-taxable","40":"product-type-simple"},"_links":{"self":[{"href":"https:\/\/ledsteplight.com\/hu\/wp-json\/wp\/v2\/product\/38021","targetHints":{"allow":["GET"]}}],"collection":[{"href":"https:\/\/ledsteplight.com\/hu\/wp-json\/wp\/v2\/product"}],"about":[{"href":"https:\/\/ledsteplight.com\/hu\/wp-json\/wp\/v2\/types\/product"}],"replies":[{"embeddable":true,"href":"https:\/\/ledsteplight.com\/hu\/wp-json\/wp\/v2\/comments?post=38021"}],"version-history":[{"count":3,"href":"https:\/\/ledsteplight.com\/hu\/wp-json\/wp\/v2\/product\/38021\/revisions"}],"predecessor-version":[{"id":38639,"href":"https:\/\/ledsteplight.com\/hu\/wp-json\/wp\/v2\/product\/38021\/revisions\/38639"}],"wp:featuredmedia":[{"embeddable":true,"href":"https:\/\/ledsteplight.com\/hu\/wp-json\/wp\/v2\/media\/37235"}],"wp:attachment":[{"href":"https:\/\/ledsteplight.com\/hu\/wp-json\/wp\/v2\/media?parent=38021"}],"wp:term":[{"taxonomy":"product_brand","embeddable":true,"href":"https:\/\/ledsteplight.com\/hu\/wp-json\/wp\/v2\/product_brand?post=38021"},{"taxonomy":"product_cat","embeddable":true,"href":"https:\/\/ledsteplight.com\/hu\/wp-json\/wp\/v2\/product_cat?post=38021"},{"taxonomy":"product_tag","embeddable":true,"href":"https:\/\/ledsteplight.com\/hu\/wp-json\/wp\/v2\/product_tag?post=38021"}],"curies":[{"name":"wp","href":"https:\/\/api.w.org\/{rel}","templated":true}]}}