{"id":38025,"date":"2025-09-08T13:04:17","date_gmt":"2025-09-08T13:04:17","guid":{"rendered":"https:\/\/ledsteplight.com\/import-placeholder-for-37171\/"},"modified":"2026-01-19T02:15:13","modified_gmt":"2026-01-19T02:15:13","slug":"mg-sn028b-aluminum-86-type-step-light-1w-led-recessed-indoor-stair-light","status":"publish","type":"product","link":"https:\/\/ledsteplight.com\/hu\/mg-sn028b-aluminum-86-type-step-light-1w-led-recessed-indoor-stair-light\/","title":{"rendered":"MG-SN028B Alum\u00ednium 86 T\u00edpus\u00fa l\u00e9pcs\u0151f\u00e9ny \u2013 1W LED be\u00e9p\u00edtett belt\u00e9ri l\u00e9pcs\u0151f\u00e9ny"},"content":{"rendered":"<table data-start=\"120\" data-end=\"1225\">\n<thead data-start=\"120\" data-end=\"183\">\n<tr data-start=\"120\" data-end=\"183\">\n<th data-start=\"120\" data-end=\"145\">Specifik\u00e1ci\u00f3<\/th>\n<th data-start=\"145\" data-end=\"183\">R\u00e9szletek<\/th>\n<\/tr>\n<\/thead>\n<tbody data-start=\"245\" data-end=\"1225\">\n<tr data-start=\"245\" data-end=\"305\">\n<td><strong data-start=\"247\" data-end=\"264\">Term\u00e9kk\u00f3d<\/strong><\/td>\n<td>MG-SN028B<\/td>\n<\/tr>\n<tr data-start=\"306\" data-end=\"366\">\n<td><strong data-start=\"308\" data-end=\"324\">Term\u00e9k m\u00e9rete<\/strong><\/td>\n<td>L86 \u00d7 W86 \u00d7 H30mm<\/td>\n<\/tr>\n<tr data-start=\"367\" data-end=\"431\">\n<td><strong data-start=\"369\" data-end=\"381\">V\u00e1g\u00e1si m\u00e9ret<\/strong><\/td>\n<td>\u00c1ltal\u00e1nos Szabv\u00e1ny 86 Be\u00e9p\u00edtett Doboz<\/td>\n<\/tr>\n<tr data-start=\"432\" data-end=\"492\">\n<td><strong data-start=\"434\" data-end=\"454\">Funkci\u00f3vez\u00e9rl\u00e9s<\/strong><\/td>\n<td>Kapcsol\u00f3vez\u00e9rl\u00e9s<\/td>\n<\/tr>\n<tr data-start=\"493\" data-end=\"553\">\n<td><strong data-start=\"495\" data-end=\"511\">F\u00e9nyforr\u00e1s<\/strong><\/td>\n<td>Epistar 3014 LED<\/td>\n<\/tr>\n<tr data-start=\"554\" data-end=\"614\">\n<td><strong data-start=\"556\" data-end=\"577\"><strong><a href=\"https:\/\/ledsteplight.com\/hu\/dm36b-pro-honeycomb-anti-glare-led-in-ground-light-ip67-24v-dc\/\" class=\"waam-auto-link\" title=\"Fogyaszt\u00e1s\">Fogyaszt\u00e1s<\/a><\/strong><\/strong><\/td>\n<td>1W (300mA)<\/td>\n<\/tr>\n<tr data-start=\"615\" data-end=\"675\">\n<td><strong data-start=\"617\" data-end=\"627\">S\u00faly<\/strong><\/td>\n<td>0,40kg<\/td>\n<\/tr>\n<tr data-start=\"676\" data-end=\"736\">\n<td><strong data-start=\"678\" data-end=\"698\">AC bemeneti fesz\u00fclts\u00e9g<\/strong><\/td>\n<td>100-240V, 50~60Hz<\/td>\n<\/tr>\n<tr data-start=\"737\" data-end=\"797\">\n<td><strong data-start=\"739\" data-end=\"749\">Vez\u00e9rl\u0151<\/strong><\/td>\n<td>CAIJIE<\/td>\n<\/tr>\n<tr data-start=\"798\" data-end=\"859\">\n<td><strong data-start=\"800\" data-end=\"819\">Reflektor sz\u00f6g<\/strong><\/td>\n<td>N\/A<\/td>\n<\/tr>\n<tr data-start=\"860\" data-end=\"920\">\n<td><strong data-start=\"862\" data-end=\"883\">Sz\u00ednh\u0151m\u00e9rs\u00e9klet<\/strong><\/td>\n<td>3000K, 4000K, 5700K<\/td>\n<\/tr>\n<tr data-start=\"921\" data-end=\"982\">\n<td><strong data-start=\"923\" data-end=\"942\">Csatlakoz\u00e1si t\u00edpus<\/strong><\/td>\n<td>N\/A<\/td>\n<\/tr>\n<tr data-start=\"983\" data-end=\"1043\">\n<td><strong data-start=\"985\" data-end=\"997\">Anyag<\/strong><\/td>\n<td>Alum\u00ednium<\/td>\n<\/tr>\n<tr data-start=\"1044\" data-end=\"1104\">\n<td><strong data-start=\"1046\" data-end=\"1066\">El\u00e9rhet\u0151 sz\u00ednek<\/strong><\/td>\n<td>Feh\u00e9r, Fekete, Ez\u00fcst<\/td>\n<\/tr>\n<tr data-start=\"1105\" data-end=\"1164\">\n<td><strong data-start=\"1107\" data-end=\"1120\">IP besorol\u00e1s<\/strong><\/td>\n<td>IP20 (Belt\u00e9ri haszn\u00e1latra)<\/td>\n<\/tr>\n<tr data-start=\"1165\" data-end=\"1225\">\n<td><strong data-start=\"1167\" data-end=\"1190\">Szerel\u00e9si m\u00f3d<\/strong><\/td>\n<td>Rejtett telep\u00edt\u00e9s<\/td>\n<\/tr>\n<\/tbody>\n<\/table>\n<p data-start=\"547\" data-end=\"868\"><strong data-start=\"551\" data-end=\"592\">MG-SN028B Alum\u00ednium 86 T\u00edpus\u00fa L\u00e9p\u00e9svil\u00e1g\u00edt\u00e1s<\/strong> st\u00edlusos \u00e9s hat\u00e9kony belt\u00e9ri vil\u00e1g\u00edt\u00e1shoz tervezve. Tart\u00f3s alum\u00ednium testtel k\u00e9sz\u00fclt, \u00e9s kompatibilis az univerz\u00e1lis 86-os be\u00e9p\u00edtett falifi\u00f3kkal, ez <strong><a href=\"https:\/\/ledsteplight.com\/hu\/pir-sensor-step-light-top-advantages-for-safety\/\" class=\"waam-auto-link\" title=\"be\u00e9p\u00edtett l\u00e9pcs\u0151fokvil\u00e1g\u00edt\u00e1s\">be\u00e9p\u00edtett l\u00e9pcs\u0151fokvil\u00e1g\u00edt\u00e1s<\/a><\/strong> l\u00e1gy, k\u00e9nyelmes vil\u00e1g\u00edt\u00e1st biztos\u00edt l\u00e9pcs\u0151kh\u00f6z, folyos\u00f3khoz, valamint lak\u00f3- vagy kereskedelmi bels\u0151 terekhez.<\/p>\n<p data-start=\"870\" data-end=\"1213\">Megb\u00edzhat\u00f3val felszerelve <strong data-start=\"895\" data-end=\"915\">Epistar 3014 LED<\/strong>, ez a l\u00e1mpa csak <strong data-start=\"944\" data-end=\"950\">1W<\/strong>, energiahat\u00e9konys\u00e1got biztos\u00edt, mik\u00f6zben stabil \u00e9s tart\u00f3s f\u00e9nykibocs\u00e1t\u00e1st tart fenn. El\u00e9rhet\u0151 <strong data-start=\"1052\" data-end=\"1080\">Feh\u00e9r, Fekete \u00e9s Ez\u00fcst<\/strong>, a minimalista kialak\u00edt\u00e1s modern bels\u0151 terekkel harmoniz\u00e1l. IP20 <strong data-start=\"1153\" data-end=\"1168\">besorol\u00e1ssal<\/strong>, alkalmas minden belt\u00e9ri alkalmaz\u00e1sra.<\/p>","protected":false},"excerpt":{"rendered":"<p data-start=\"3018\" data-end=\"3294\">Tart\u00f3s alum\u00ednium 86 t\u00edpus\u00fa l\u00e9pcs\u0151f\u00e9ny energiatakar\u00e9kos LED-del. Ide\u00e1lis belt\u00e9ri \u00e9s k\u00fclt\u00e9ri l\u00e9pcs\u0151h\u00e1zak, folyos\u00f3k \u00e9s j\u00e1rd\u00e1k sz\u00e1m\u00e1ra. Egyszer\u0171 telep\u00edt\u00e9s \u00e9s modern kialak\u00edt\u00e1s.<\/p>","protected":false},"featured_media":37038,"comment_status":"closed","ping_status":"closed","template":"","meta":[],"product_brand":[],"product_cat":[100,426,427,428,439,429,440,430,441,431,442,443,432,433,444,464,445,446,434,435,436,437],"product_tag":[103,76,111,110,109,115],"class_list":{"0":"post-38025","1":"product","2":"type-product","3":"status-publish","4":"has-post-thumbnail","6":"product_cat-aluminum-ground-light","7":"product_cat-ceiling-recessed","8":"product_cat-ceiling-surface","9":"product_cat-ceiling-suspended","10":"product_cat-commercial","11":"product_cat-drivers","12":"product_cat-education","13":"product_cat-freestanding-light","14":"product_cat-hospitality","15":"product_cat-industrial","16":"product_cat-infrastructure","17":"product_cat-landscape","18":"product_cat-landscaping","19":"product_cat-linear","20":"product_cat-office","21":"product_cat-c-outdoor-lighting","22":"product_cat-residential","23":"product_cat-retail","24":"product_cat-table-lamp","25":"product_cat-track","26":"product_cat-wall-recessed","27":"product_cat-wall-surface","28":"product_tag-aluminum-ground-light","29":"product_tag-aluminum-housing","30":"product_tag-garden-lighting","31":"product_tag-landscape-light","32":"product_tag-led-fixture","33":"product_tag-recessed-light","35":"first","36":"instock","37":"shipping-taxable","38":"product-type-simple"},"_links":{"self":[{"href":"https:\/\/ledsteplight.com\/hu\/wp-json\/wp\/v2\/product\/38025","targetHints":{"allow":["GET"]}}],"collection":[{"href":"https:\/\/ledsteplight.com\/hu\/wp-json\/wp\/v2\/product"}],"about":[{"href":"https:\/\/ledsteplight.com\/hu\/wp-json\/wp\/v2\/types\/product"}],"replies":[{"embeddable":true,"href":"https:\/\/ledsteplight.com\/hu\/wp-json\/wp\/v2\/comments?post=38025"}],"version-history":[{"count":3,"href":"https:\/\/ledsteplight.com\/hu\/wp-json\/wp\/v2\/product\/38025\/revisions"}],"predecessor-version":[{"id":38627,"href":"https:\/\/ledsteplight.com\/hu\/wp-json\/wp\/v2\/product\/38025\/revisions\/38627"}],"wp:featuredmedia":[{"embeddable":true,"href":"https:\/\/ledsteplight.com\/hu\/wp-json\/wp\/v2\/media\/37038"}],"wp:attachment":[{"href":"https:\/\/ledsteplight.com\/hu\/wp-json\/wp\/v2\/media?parent=38025"}],"wp:term":[{"taxonomy":"product_brand","embeddable":true,"href":"https:\/\/ledsteplight.com\/hu\/wp-json\/wp\/v2\/product_brand?post=38025"},{"taxonomy":"product_cat","embeddable":true,"href":"https:\/\/ledsteplight.com\/hu\/wp-json\/wp\/v2\/product_cat?post=38025"},{"taxonomy":"product_tag","embeddable":true,"href":"https:\/\/ledsteplight.com\/hu\/wp-json\/wp\/v2\/product_tag?post=38025"}],"curies":[{"name":"wp","href":"https:\/\/api.w.org\/{rel}","templated":true}]}}