{"id":38026,"date":"2025-09-08T13:04:17","date_gmt":"2025-09-08T13:04:17","guid":{"rendered":"https:\/\/ledsteplight.com\/import-placeholder-for-37172\/"},"modified":"2026-01-19T02:15:12","modified_gmt":"2026-01-19T02:15:12","slug":"ip65-motion-activated-ground-light-ac85-265v-recessed","status":"publish","type":"product","link":"https:\/\/ledsteplight.com\/hu\/ip65-motion-activated-ground-light-ac85-265v-recessed\/","title":{"rendered":"IP65 Mozg\u00e1s\u00e9rz\u00e9kel\u0151s F\u00f6ldi L\u00e1mpa | AC85-265V Be\u00e9p\u00edtett"},"content":{"rendered":"<table data-start=\"45\" data-end=\"980\">\n<thead data-start=\"45\" data-end=\"116\">\n<tr data-start=\"45\" data-end=\"116\">\n<th data-start=\"45\" data-end=\"70\"><strong data-start=\"47\" data-end=\"60\">Param\u00e9ter<\/strong><\/th>\n<th data-start=\"70\" data-end=\"116\"><strong data-start=\"72\" data-end=\"83\">R\u00e9szletek<\/strong><\/th>\n<\/tr>\n<\/thead>\n<tbody data-start=\"189\" data-end=\"980\">\n<tr data-start=\"189\" data-end=\"260\">\n<td><strong data-start=\"191\" data-end=\"200\">Teljes\u00edtm\u00e9ny<\/strong><\/td>\n<td>45W<\/td>\n<\/tr>\n<tr data-start=\"261\" data-end=\"332\">\n<td><strong data-start=\"263\" data-end=\"279\">F\u00e9nyforr\u00e1s<\/strong><\/td>\n<td>LED<\/td>\n<\/tr>\n<tr data-start=\"333\" data-end=\"404\">\n<td><strong data-start=\"335\" data-end=\"352\">Bemeneti fesz\u00fclts\u00e9g<\/strong><\/td>\n<td>AC85-265V<\/td>\n<\/tr>\n<tr data-start=\"405\" data-end=\"476\">\n<td><strong data-start=\"407\" data-end=\"428\"><strong><a href=\"https:\/\/ledsteplight.com\/hu\/dm36b-pro-honeycomb-anti-glare-led-in-ground-light-ip67-24v-dc\/\" class=\"waam-auto-link\" title=\"Sz\u00ednh\u0151m\u00e9rs\u00e9klet\">Sz\u00ednh\u0151m\u00e9rs\u00e9klet<\/a><\/strong><\/strong><\/td>\n<td>3000K (Meleg Feh\u00e9r) \/ 6000K (Hideg Feh\u00e9r)<\/td>\n<\/tr>\n<tr data-start=\"477\" data-end=\"548\">\n<td><strong data-start=\"479\" data-end=\"496\">F\u00e9ny\u00e1ram<\/strong><\/td>\n<td>100-120LM\/W<\/td>\n<\/tr>\n<tr data-start=\"549\" data-end=\"620\">\n<td><strong data-start=\"551\" data-end=\"565\">F\u00e9nycs\u00f3va sz\u00f6ge<\/strong><\/td>\n<td>120\u00b0<\/td>\n<\/tr>\n<tr data-start=\"621\" data-end=\"692\">\n<td><strong data-start=\"623\" data-end=\"635\">Anyag<\/strong><\/td>\n<td>\u00f6nt\u00f6tt alum\u00ednium<\/td>\n<\/tr>\n<tr data-start=\"693\" data-end=\"764\">\n<td><strong data-start=\"695\" data-end=\"708\">IP besorol\u00e1s<\/strong><\/td>\n<td>IP65 (V\u00edz\u00e1ll\u00f3 \u00e9s por\u00e1ll\u00f3)<\/td>\n<\/tr>\n<tr data-start=\"765\" data-end=\"836\">\n<td><strong data-start=\"767\" data-end=\"779\">\u00c9lettartam<\/strong><\/td>\n<td>40 000 \u00f3ra<\/td>\n<\/tr>\n<tr data-start=\"837\" data-end=\"908\">\n<td><strong data-start=\"839\" data-end=\"862\">Szerel\u00e9si m\u00f3d<\/strong><\/td>\n<td>Rejtett szerel\u00e9s<\/td>\n<\/tr>\n<tr data-start=\"909\" data-end=\"980\">\n<td><strong data-start=\"911\" data-end=\"923\">Garancia<\/strong><\/td>\n<td>3 \u00e9v<\/td>\n<\/tr>\n<\/tbody>\n<\/table>\n<p data-path-to-node=\"10\"><b>Term\u00e9k \u00e1ttekint\u00e9se<\/b> Friss\u00edtse ingatlana biztons\u00e1g\u00e1t \u00e9s eszt\u00e9tik\u00e1j\u00e1t a <b>GYD013-45A Villa K\u00f6rk\u00f6r\u00f6s <strong><a href=\"https:\/\/ledsteplight.com\/hu\/pir-sensor-step-light-top-advantages-for-safety\/\" class=\"waam-auto-link\" title=\"Mozg\u00e1s\u00e9rz\u00e9kel\u0151\">Mozg\u00e1s\u00e9rz\u00e9kel\u0151<\/a><\/strong> LED f\u00f6ldvil\u00e1g\u00edt\u00f3<\/b>. Ez a hat\u00e9kony <b>45W-os f\u00f6ldbe s\u00fcllyesztett l\u00e1mpa<\/b> magas lumen-kimenettel \u00e9s okos \u00e9rz\u00e9kel\u00e9si technol\u00f3gi\u00e1val \u00f6tv\u00f6zi, \u00edgy a t\u00f6k\u00e9letes megold\u00e1s <b><strong><a href=\"https:\/\/ledsteplight.com\/hu\/30w-linear-in-ground-light-narrow-frame-outdoor-led-floor-lamp\/\" class=\"waam-auto-link\" title=\"j\u00e1rd\u00e1k vil\u00e1g\u00edt\u00e1s\u00e1ra a f\u00f6ld\u00f6n\">j\u00e1rd\u00e1k vil\u00e1g\u00edt\u00e1s\u00e1ra a f\u00f6ld\u00f6n<\/a><\/strong><\/b> \u00e9s luxus villa bej\u00e1ratokhoz.<\/p>\n<p data-path-to-node=\"11\"><b>Okos mozg\u00e1s\u00e9rz\u00e9kel\u00e9s \u00e9s nagy teljes\u00edtm\u00e9ny<\/b> A standard l\u00e1mp\u00e1kkal ellent\u00e9tben ez <b><strong><a href=\"https:\/\/ledsteplight.com\/hu\/5w-led-in-ground-lights-ip65-waterproof-outdoor-driveway-garden-floor-lighting\/\" class=\"waam-auto-link\" title=\"k\u00fcls\u0151 talajvil\u00e1g\u00edt\u00e1shoz\">k\u00fcls\u0151 talajvil\u00e1g\u00edt\u00e1shoz<\/a><\/strong><\/b> be\u00e9p\u00edtett mozg\u00e1s\u00e9rz\u00e9kel\u0151vel rendelkezik. Automatikusan felkapcsol, amikor mozg\u00e1st \u00e9szlel, k\u00e9nyelmet ny\u00fajtva a parkol\u00e1sn\u00e1l \u00e9s fokozva az otthona biztons\u00e1g\u00e1t. Az <b>100-120LM\/W<\/b> hat\u00e9konys\u00e1ggal a 45W-os LED er\u0151s 120\u00b0-os f\u00e9ny\u00e1rny\u00e9kot biztos\u00edt, sokkal jobb, mint a tipikus <b>j\u00e1rdavil\u00e1g\u00edt\u00e1s<\/b>.<\/p>\n<p data-path-to-node=\"12\"><b>Massz\u00edv \u00e9s v\u00edz\u00e1ll\u00f3 kialak\u00edt\u00e1s<\/b> K\u00edm\u00e9letlen k\u00f6rnyezetekre tervezve, az <b>\u00f6nt\u00f6tt alum\u00ednium<\/b> h\u00e1za kiv\u00e1l\u00f3 h\u0151elvezet\u00e9st biztos\u00edt. Oszt\u00e1lyozva <b>IP65 v\u00edz\u00e1ll\u00f3<\/b>, ezek <b>f\u00e9nyek a talajhoz<\/b> teljes m\u00e9rt\u00e9kben v\u00e9dettek az es\u0151 \u00e9s por ellen. A <b>be\u00e1gyazott szerel\u00e9s<\/b> tervez\u00e9se lehet\u0151v\u00e9 teszi a z\u00f6kken\u0151mentes telep\u00edt\u00e9st betonban vagy t\u00e9rk\u0151ben.<\/p>","protected":false},"excerpt":{"rendered":"<p data-start=\"4243\" data-end=\"4628\">Nagykereskedelmi 45W LED f\u00f6ldalatti l\u00e1mpa mozg\u00e1s\u00e9rz\u00e9kel\u0151vel. AC85-265V, IP65 alum\u00ednium h\u00e1z. Tart\u00f3s k\u00fclt\u00e9ri padl\u00f3l\u00e1mp\u00e1k t\u00e1j\u00e9p\u00edt\u00e9shez \u00e9s parkol\u00f3ter\u00fcletekre.<\/p>","protected":false},"featured_media":37248,"comment_status":"closed","ping_status":"closed","template":"","meta":[],"product_brand":[],"product_cat":[105,100,426,427,428,439,429,440,430,441,431,442,443,432,433,444,112,464,445,446,106,101,434,435,436,437],"product_tag":[107,103,76,77,113,78,108,104],"class_list":{"0":"post-38026","1":"product","2":"type-product","3":"status-publish","4":"has-post-thumbnail","6":"product_cat-015-series","7":"product_cat-aluminum-ground-light","8":"product_cat-ceiling-recessed","9":"product_cat-ceiling-surface","10":"product_cat-ceiling-suspended","11":"product_cat-commercial","12":"product_cat-drivers","13":"product_cat-education","14":"product_cat-freestanding-light","15":"product_cat-hospitality","16":"product_cat-industrial","17":"product_cat-infrastructure","18":"product_cat-landscape","19":"product_cat-landscaping","20":"product_cat-linear","21":"product_cat-office","22":"product_cat-outdoor-ground-light","23":"product_cat-c-outdoor-lighting","24":"product_cat-residential","25":"product_cat-retail","26":"product_cat-round-ground-light","27":"product_cat-sensor-ground-light","28":"product_cat-table-lamp","29":"product_cat-track","30":"product_cat-wall-recessed","31":"product_cat-wall-surface","32":"product_tag-015-series","33":"product_tag-aluminum-ground-light","34":"product_tag-aluminum-housing","35":"product_tag-ground-light","36":"product_tag-outdoor-ground-light","37":"product_tag-outdoor-lighting","38":"product_tag-round-ground-light","39":"product_tag-sensor-ground-light","41":"first","42":"instock","43":"featured","44":"shipping-taxable","45":"product-type-simple"},"_links":{"self":[{"href":"https:\/\/ledsteplight.com\/hu\/wp-json\/wp\/v2\/product\/38026","targetHints":{"allow":["GET"]}}],"collection":[{"href":"https:\/\/ledsteplight.com\/hu\/wp-json\/wp\/v2\/product"}],"about":[{"href":"https:\/\/ledsteplight.com\/hu\/wp-json\/wp\/v2\/types\/product"}],"replies":[{"embeddable":true,"href":"https:\/\/ledsteplight.com\/hu\/wp-json\/wp\/v2\/comments?post=38026"}],"version-history":[{"count":3,"href":"https:\/\/ledsteplight.com\/hu\/wp-json\/wp\/v2\/product\/38026\/revisions"}],"predecessor-version":[{"id":38628,"href":"https:\/\/ledsteplight.com\/hu\/wp-json\/wp\/v2\/product\/38026\/revisions\/38628"}],"wp:featuredmedia":[{"embeddable":true,"href":"https:\/\/ledsteplight.com\/hu\/wp-json\/wp\/v2\/media\/37248"}],"wp:attachment":[{"href":"https:\/\/ledsteplight.com\/hu\/wp-json\/wp\/v2\/media?parent=38026"}],"wp:term":[{"taxonomy":"product_brand","embeddable":true,"href":"https:\/\/ledsteplight.com\/hu\/wp-json\/wp\/v2\/product_brand?post=38026"},{"taxonomy":"product_cat","embeddable":true,"href":"https:\/\/ledsteplight.com\/hu\/wp-json\/wp\/v2\/product_cat?post=38026"},{"taxonomy":"product_tag","embeddable":true,"href":"https:\/\/ledsteplight.com\/hu\/wp-json\/wp\/v2\/product_tag?post=38026"}],"curies":[{"name":"wp","href":"https:\/\/api.w.org\/{rel}","templated":true}]}}