{"id":38028,"date":"2025-09-08T13:04:17","date_gmt":"2025-09-08T13:04:17","guid":{"rendered":"https:\/\/ledsteplight.com\/import-placeholder-for-37174\/"},"modified":"2026-01-19T02:15:11","modified_gmt":"2026-01-19T02:15:11","slug":"00wb11036-frameless-led-ground-light-strip-10w-12w-ip65","status":"publish","type":"product","link":"https:\/\/ledsteplight.com\/hu\/00wb11036-frameless-led-ground-light-strip-10w-12w-ip65\/","title":{"rendered":"00WB11036 Keret n\u00e9lk\u00fcli LED f\u00f6ldvil\u00e1g\u00edt\u00e1s szalag | 10W\/12W IP65"},"content":{"rendered":"<table data-start=\"121\" data-end=\"988\">\n<thead data-start=\"121\" data-end=\"180\">\n<tr data-start=\"121\" data-end=\"180\">\n<th data-start=\"121\" data-end=\"142\">Specifik\u00e1ci\u00f3<\/th>\n<th data-start=\"142\" data-end=\"180\">R\u00e9szletek<\/th>\n<\/tr>\n<\/thead>\n<tbody data-start=\"238\" data-end=\"988\">\n<tr data-start=\"238\" data-end=\"295\">\n<td><strong data-start=\"240\" data-end=\"249\">Teljes\u00edtm\u00e9ny<\/strong><\/td>\n<td>10W \/ 12W<\/td>\n<\/tr>\n<tr data-start=\"296\" data-end=\"353\">\n<td><strong data-start=\"298\" data-end=\"314\">F\u00e9nyforr\u00e1s<\/strong><\/td>\n<td>COB LED<\/td>\n<\/tr>\n<tr data-start=\"354\" data-end=\"412\">\n<td><strong data-start=\"356\" data-end=\"373\">Bemeneti fesz\u00fclts\u00e9g<\/strong><\/td>\n<td>AC85-265V<\/td>\n<\/tr>\n<tr data-start=\"413\" data-end=\"470\">\n<td><strong data-start=\"415\" data-end=\"436\"><strong><a href=\"https:\/\/ledsteplight.com\/hu\/dm36b-pro-honeycomb-anti-glare-led-in-ground-light-ip67-24v-dc\/\" class=\"waam-auto-link\" title=\"Sz\u00ednh\u0151m\u00e9rs\u00e9klet\">Sz\u00ednh\u0151m\u00e9rs\u00e9klet<\/a><\/strong><\/strong><\/td>\n<td>3000K \/ 4000K \/ 6000K<\/td>\n<\/tr>\n<tr data-start=\"471\" data-end=\"526\">\n<td><strong data-start=\"473\" data-end=\"496\">F\u00e9nyhat\u00e9konys\u00e1g<\/strong><\/td>\n<td>90-110LM\/W<\/td>\n<\/tr>\n<tr data-start=\"527\" data-end=\"584\">\n<td><strong data-start=\"529\" data-end=\"543\">F\u00e9nycs\u00f3va sz\u00f6ge<\/strong><\/td>\n<td>24\u00b0 \/ 36\u00b0<\/td>\n<\/tr>\n<tr data-start=\"585\" data-end=\"642\">\n<td><strong data-start=\"587\" data-end=\"599\">Anyag<\/strong><\/td>\n<td>\u00f6nt\u00f6tt alum\u00ednium<\/td>\n<\/tr>\n<tr data-start=\"643\" data-end=\"700\">\n<td><strong data-start=\"645\" data-end=\"658\">IP besorol\u00e1s<\/strong><\/td>\n<td>IP65 (V\u00edz\u00e1ll\u00f3 \u00e9s por\u00e1ll\u00f3)<\/td>\n<\/tr>\n<tr data-start=\"701\" data-end=\"757\">\n<td><strong data-start=\"703\" data-end=\"726\">Szerel\u00e9si m\u00f3d<\/strong><\/td>\n<td>Fali szerel\u00e9s<\/td>\n<\/tr>\n<tr data-start=\"758\" data-end=\"815\">\n<td><strong data-start=\"760\" data-end=\"772\">\u00c9lettartam<\/strong><\/td>\n<td>40 000 \u00f3ra<\/td>\n<\/tr>\n<tr data-start=\"816\" data-end=\"873\">\n<td><strong data-start=\"818\" data-end=\"826\">M\u00e9ret<\/strong><\/td>\n<td>110mm x 36mm<\/td>\n<\/tr>\n<tr data-start=\"874\" data-end=\"930\">\n<td><strong data-start=\"876\" data-end=\"894\">Tan\u00fas\u00edtv\u00e1nyok<\/strong><\/td>\n<td>CE, RoHS<\/td>\n<\/tr>\n<tr data-start=\"931\" data-end=\"988\">\n<td><strong data-start=\"933\" data-end=\"945\">Garancia<\/strong><\/td>\n<td>3 \u00e9v<\/td>\n<\/tr>\n<\/tbody>\n<\/table>\n<p data-start=\"438\" data-end=\"909\">00WB11036 Keret n\u00e9lk\u00fcli LED <strong><a href=\"https:\/\/ledsteplight.com\/hu\/5w-led-in-ground-lights-ip65-waterproof-outdoor-driveway-garden-floor-lighting\/\" class=\"waam-auto-link\" title=\"F\u00f6ldi f\u00e9ny\">F\u00f6ldi f\u00e9ny<\/a><\/strong> Cs\u00edkot tiszta, <strong><a href=\"https:\/\/ledsteplight.com\/hu\/cree-bridgelux-chip-ip65-led-fixture-for-garden-facade-lighting\/\" class=\"waam-auto-link\" title=\"modern k\u00fclt\u00e9ri vil\u00e1g\u00edt\u00e1si\">modern k\u00fclt\u00e9ri vil\u00e1g\u00edt\u00e1si<\/a><\/strong> projektekhez tervezt\u00e9k. Magas hat\u00e9konys\u00e1g\u00fa COB LED-et haszn\u00e1lva, f\u00f3kusz\u00e1lt 24\u00b0 vagy 36\u00b0-os sugarat biztos\u00edt, sz\u00ednh\u0151m\u00e9rs\u00e9kleti lehet\u0151s\u00e9gekkel 3000K, 4000K \u00e9s 6000K. Kompakt 110\u00d736mm-es form\u00e1ja alkalmass\u00e1 teszi s\u00e9t\u00e1nyszeg\u00e9lyekhez, falra szerelhet\u0151 <strong><a href=\"https:\/\/ledsteplight.com\/hu\/decoration\/\" class=\"waam-auto-link\" title=\"kiemel\u0151 vil\u00e1g\u00edt\u00e1ssal\">kiemel\u0151 vil\u00e1g\u00edt\u00e1ssal<\/a><\/strong>, \u00e9s kort\u00e1rs t\u00e1j\u00e9p\u00edt\u00e9szeti tervekhez. Az \u00f6nt\u00f6tt alum\u00ednium h\u00e1z \u00e9s az IP65 v\u00edz\u00e1ll\u00f3 v\u00e9delem biztos\u00edtja a stabil m\u0171k\u00f6d\u00e9st k\u00fclt\u00e9ri k\u00f6rnyezetben.<\/p>\n<p data-start=\"911\" data-end=\"1238\" data-is-last-node=\"\" data-is-only-node=\"\">K\u00f6zvetlen gy\u00e1rt\u00f3k\u00e9nt mind 10W, mind 12W opci\u00f3kat k\u00edn\u00e1lunk, AC85-265V sz\u00e9les fesz\u00fclts\u00e9g-tartom\u00e1nnyal \u00e9s 40 000 \u00f3r\u00e1s \u00e9lettartammal. A l\u00e1mpatest CE \u00e9s RoHS tan\u00fas\u00edtv\u00e1nnyal rendelkezik, hossz\u00fa t\u00e1v\u00fa tart\u00f3ss\u00e1gra tervezve, \u00e9s 3 \u00e9ves garanci\u00e1val t\u00e1mogatott.<\/p>","protected":false},"excerpt":{"rendered":"<p data-start=\"3124\" data-end=\"3463\">Keret n\u00e9lk\u00fcli 10W\/12W LED f\u00f6ldvil\u00e1g\u00edt\u00e1s szalag COB LED-del, IP65 besorol\u00e1ssal, \u00e9s 3000K\u20136000K opci\u00f3kkal. Ide\u00e1lis k\u00fclt\u00e9ri f\u00f6ldvil\u00e1g\u00edt\u00e1shoz \u00e9s t\u00e1j\u00e9p\u00edt\u00e9szeti projektekhez. Gy\u00e1ri k\u00f6zvetlen sz\u00e1ll\u00edt\u00e1s.<\/p>","protected":false},"featured_media":37258,"comment_status":"open","ping_status":"closed","template":"","meta":[],"product_brand":[],"product_cat":[100,426,427,428,439,429,440,118,430,73,441,431,442,443,432,433,444,464,445,446,434,435,436,437],"product_tag":[103,76,119,77,109,114,115],"class_list":{"0":"post-38028","1":"product","2":"type-product","3":"status-publish","4":"has-post-thumbnail","6":"product_cat-aluminum-ground-light","7":"product_cat-ceiling-recessed","8":"product_cat-ceiling-surface","9":"product_cat-ceiling-suspended","10":"product_cat-commercial","11":"product_cat-drivers","12":"product_cat-education","13":"product_cat-frameless-ground-light","14":"product_cat-freestanding-light","15":"product_cat-ground-light","16":"product_cat-hospitality","17":"product_cat-industrial","18":"product_cat-infrastructure","19":"product_cat-landscape","20":"product_cat-landscaping","21":"product_cat-linear","22":"product_cat-office","23":"product_cat-c-outdoor-lighting","24":"product_cat-residential","25":"product_cat-retail","26":"product_cat-table-lamp","27":"product_cat-track","28":"product_cat-wall-recessed","29":"product_cat-wall-surface","30":"product_tag-aluminum-ground-light","31":"product_tag-aluminum-housing","32":"product_tag-frameless-ground-light","33":"product_tag-ground-light","34":"product_tag-led-fixture","35":"product_tag-pathway-light","36":"product_tag-recessed-light","38":"first","39":"instock","40":"shipping-taxable","41":"product-type-simple"},"_links":{"self":[{"href":"https:\/\/ledsteplight.com\/hu\/wp-json\/wp\/v2\/product\/38028","targetHints":{"allow":["GET"]}}],"collection":[{"href":"https:\/\/ledsteplight.com\/hu\/wp-json\/wp\/v2\/product"}],"about":[{"href":"https:\/\/ledsteplight.com\/hu\/wp-json\/wp\/v2\/types\/product"}],"replies":[{"embeddable":true,"href":"https:\/\/ledsteplight.com\/hu\/wp-json\/wp\/v2\/comments?post=38028"}],"version-history":[{"count":3,"href":"https:\/\/ledsteplight.com\/hu\/wp-json\/wp\/v2\/product\/38028\/revisions"}],"predecessor-version":[{"id":38630,"href":"https:\/\/ledsteplight.com\/hu\/wp-json\/wp\/v2\/product\/38028\/revisions\/38630"}],"wp:featuredmedia":[{"embeddable":true,"href":"https:\/\/ledsteplight.com\/hu\/wp-json\/wp\/v2\/media\/37258"}],"wp:attachment":[{"href":"https:\/\/ledsteplight.com\/hu\/wp-json\/wp\/v2\/media?parent=38028"}],"wp:term":[{"taxonomy":"product_brand","embeddable":true,"href":"https:\/\/ledsteplight.com\/hu\/wp-json\/wp\/v2\/product_brand?post=38028"},{"taxonomy":"product_cat","embeddable":true,"href":"https:\/\/ledsteplight.com\/hu\/wp-json\/wp\/v2\/product_cat?post=38028"},{"taxonomy":"product_tag","embeddable":true,"href":"https:\/\/ledsteplight.com\/hu\/wp-json\/wp\/v2\/product_tag?post=38028"}],"curies":[{"name":"wp","href":"https:\/\/api.w.org\/{rel}","templated":true}]}}