{"id":38029,"date":"2025-09-08T13:04:17","date_gmt":"2025-09-08T13:04:17","guid":{"rendered":"https:\/\/ledsteplight.com\/import-placeholder-for-37175\/"},"modified":"2026-01-19T02:15:11","modified_gmt":"2026-01-19T02:15:11","slug":"60w-led-recessed-outdoor-ground-fixture-ip65-waterproof-landscape-uplight","status":"publish","type":"product","link":"https:\/\/ledsteplight.com\/hu\/60w-led-recessed-outdoor-ground-fixture-ip65-waterproof-landscape-uplight\/","title":{"rendered":"60W LED be\u00e9p\u00edthet\u0151 k\u00fclt\u00e9ri f\u00f6ldbe szerelhet\u0151 l\u00e1mpa | IP65 v\u00edz\u00e1ll\u00f3 t\u00e1j\u00e9koz\u00f3d\u00f3 vil\u00e1g\u00edt\u00e1s"},"content":{"rendered":"<table data-start=\"40\" data-end=\"975\">\n<thead data-start=\"40\" data-end=\"111\">\n<tr data-start=\"40\" data-end=\"111\">\n<th data-start=\"40\" data-end=\"65\"><strong data-start=\"42\" data-end=\"55\">Param\u00e9ter<\/strong><\/th>\n<th data-start=\"65\" data-end=\"111\"><strong data-start=\"67\" data-end=\"78\">R\u00e9szletek<\/strong><\/th>\n<\/tr>\n<\/thead>\n<tbody data-start=\"184\" data-end=\"975\">\n<tr data-start=\"184\" data-end=\"255\">\n<td><strong data-start=\"186\" data-end=\"195\">Teljes\u00edtm\u00e9ny<\/strong><\/td>\n<td>60W<\/td>\n<\/tr>\n<tr data-start=\"256\" data-end=\"327\">\n<td><strong data-start=\"258\" data-end=\"274\">F\u00e9nyforr\u00e1s<\/strong><\/td>\n<td>LED<\/td>\n<\/tr>\n<tr data-start=\"328\" data-end=\"399\">\n<td><strong data-start=\"330\" data-end=\"347\">Bemeneti fesz\u00fclts\u00e9g<\/strong><\/td>\n<td>AC85-265V<\/td>\n<\/tr>\n<tr data-start=\"400\" data-end=\"471\">\n<td><strong data-start=\"402\" data-end=\"423\"><strong><a href=\"https:\/\/ledsteplight.com\/hu\/dm36b-pro-honeycomb-anti-glare-led-in-ground-light-ip67-24v-dc\/\" class=\"waam-auto-link\" title=\"Sz\u00ednh\u0151m\u00e9rs\u00e9klet\">Sz\u00ednh\u0151m\u00e9rs\u00e9klet<\/a><\/strong><\/strong><\/td>\n<td>3000K (Meleg Feh\u00e9r) \/ 6000K (Hideg Feh\u00e9r)<\/td>\n<\/tr>\n<tr data-start=\"472\" data-end=\"543\">\n<td><strong data-start=\"474\" data-end=\"491\">F\u00e9ny\u00e1ram<\/strong><\/td>\n<td>120-130LM\/W<\/td>\n<\/tr>\n<tr data-start=\"544\" data-end=\"615\">\n<td><strong data-start=\"546\" data-end=\"560\">F\u00e9nycs\u00f3va sz\u00f6ge<\/strong><\/td>\n<td>120\u00b0<\/td>\n<\/tr>\n<tr data-start=\"616\" data-end=\"687\">\n<td><strong data-start=\"618\" data-end=\"630\">Anyag<\/strong><\/td>\n<td>\u00f6nt\u00f6tt alum\u00ednium<\/td>\n<\/tr>\n<tr data-start=\"688\" data-end=\"759\">\n<td><strong data-start=\"690\" data-end=\"703\">IP besorol\u00e1s<\/strong><\/td>\n<td>IP65 (V\u00edz\u00e1ll\u00f3 \u00e9s por\u00e1ll\u00f3)<\/td>\n<\/tr>\n<tr data-start=\"760\" data-end=\"831\">\n<td><strong data-start=\"762\" data-end=\"774\">\u00c9lettartam<\/strong><\/td>\n<td>40 000 \u00f3ra<\/td>\n<\/tr>\n<tr data-start=\"832\" data-end=\"903\">\n<td><strong data-start=\"834\" data-end=\"857\">Szerel\u00e9si m\u00f3d<\/strong><\/td>\n<td>Rejtett szerel\u00e9s<\/td>\n<\/tr>\n<tr data-start=\"904\" data-end=\"975\">\n<td><strong data-start=\"906\" data-end=\"918\">Garancia<\/strong><\/td>\n<td>3 \u00e9v<\/td>\n<\/tr>\n<\/tbody>\n<\/table>\n<p data-start=\"606\" data-end=\"1020\"><strong data-start=\"610\" data-end=\"645\">DM70 Anti-Reflexi\u00f3s F\u00f6ldalatti Vil\u00e1g\u00edt\u00e1s<\/strong> egy magas teljes\u00edtm\u00e9ny\u0171 k\u00fclt\u00e9ri <strong><a href=\"https:\/\/ledsteplight.com\/hu\/design-trends\/\" class=\"waam-auto-link\" title=\"vil\u00e1g\u00edt\u00f3test\">vil\u00e1g\u00edt\u00f3test<\/a><\/strong> tervezve professzion\u00e1lis t\u00e1j\u00e9p\u00edt\u00e9szeti \u00e9s \u00e9p\u00edt\u00e9szeti alkalmaz\u00e1sokhoz. Jellemz\u0151en egy er\u0151teljes <strong data-start=\"782\" data-end=\"793\">60W LED<\/strong> leny\u0171g\u00f6z\u0151 <strong data-start=\"813\" data-end=\"828\">120\u2013130LM\/W<\/strong> f\u00e9nyhat\u00e9konys\u00e1ggal, ez a felfel\u00e9 vil\u00e1g\u00edt\u00f3 l\u00e1mpa f\u00e9nyes, m\u00e9gis k\u00e9nyelmes megvil\u00e1g\u00edt\u00e1st ny\u00fajt an\u00e9lk\u00fcl, hogy vak\u00edtana \u2014 t\u00f6k\u00e9letes s\u00e9t\u00e1nyok, kertek, bej\u00e1r\u00f3k, \u00e9p\u00fclethomlokzatok \u00e9s k\u00fclt\u00e9ri nyilv\u00e1nos terek kiemel\u00e9s\u00e9re.<\/p>\n<p data-start=\"1022\" data-end=\"1392\">Massz\u00edv <strong data-start=\"1040\" data-end=\"1061\">\u00f6nt\u00f6tt alum\u00ednium<\/strong> \u00e9s <strong data-start=\"1072\" data-end=\"1080\">IP65<\/strong>min\u0151s\u00edt\u00e9ssel <strong data-start=\"1160\" data-end=\"1188\">, a DM70 ellen\u00e1ll az es\u0151nek, nedvess\u00e9gnek, porral \u00e9s kem\u00e9ny k\u00fclt\u00e9ri k\u00f6rnyezeteknek. Be\u00e9p\u00edtett<\/strong> rejtett szerel\u00e9si kialak\u00edt\u00e1s <strong data-start=\"1271\" data-end=\"1291\">biztos\u00edtja a tiszta, modern megjelen\u00e9st, mik\u00f6zben stabil talajvil\u00e1g\u00edt\u00e1st ny\u00fajt. El\u00e9rhet\u0151<\/strong> \u00e9s <strong data-start=\"1296\" data-end=\"1316\">3000K meleg feh\u00e9r<\/strong>6000K hideg feh\u00e9r<\/p>\n<p data-start=\"1394\" data-end=\"1581\">, rugalmas sz\u00ednv\u00e1laszt\u00e9kot k\u00edn\u00e1lva, hogy k\u00fcl\u00f6nb\u00f6z\u0151 t\u00e1jhangulatokhoz illeszkedjen. <strong data-start=\"1406\" data-end=\"1430\">Hossz\u00fa<\/strong> 40 000 \u00f3r\u00e1s \u00e9lettartammal <strong data-start=\"1447\" data-end=\"1466\">3 \u00e9ves garancia<\/strong>, a DM70 megb\u00edzhat\u00f3s\u00e1got \u00e9s hossz\u00fa t\u00e1v\u00fa \u00e9rt\u00e9ket k\u00edn\u00e1l lakoss\u00e1gi, kereskedelmi \u00e9s <strong><a href=\"https:\/\/ledsteplight.com\/hu\/cree-bridgelux-chip-ip65-led-fixture-for-garden-facade-lighting\/\" class=\"waam-auto-link\" title=\"\u00e9p\u00edt\u00e9szeti vil\u00e1g\u00edt\u00e1st\">\u00e9p\u00edt\u00e9szeti vil\u00e1g\u00edt\u00e1st<\/a><\/strong> v\u00edz\u00e1ll\u00f3 t\u00e1jvil\u00e1g\u00edt\u00e1si<\/p>","protected":false},"excerpt":{"rendered":"<p>DM70 60W anti-glare f\u00f6ldbe s\u00fcllyesztett l\u00e1mpa magas hat\u00e9konys\u00e1g\u00fa LED kimenettel, IP65 v\u00edz\u00e1ll\u00f3 v\u00e9delemmel \u00e9s be\u00e9p\u00edtett telep\u00edt\u00e9ssel rendelkezik\u2014ide\u00e1lis j\u00e1rd\u00e1khoz, kertekhez \u00e9s \u00e9p\u00edt\u00e9szeti vil\u00e1g\u00edt\u00e1shoz.<\/p>","protected":false},"featured_media":37263,"comment_status":"open","ping_status":"closed","template":"","meta":[],"product_brand":[],"product_cat":[100,426,427,428,439,429,440,430,441,126,431,442,443,432,433,444,112,464,445,446,106,434,435,436,437],"product_tag":[103,76,77,127,113,78,108],"class_list":{"0":"post-38029","1":"product","2":"type-product","3":"status-publish","4":"has-post-thumbnail","6":"product_cat-aluminum-ground-light","7":"product_cat-ceiling-recessed","8":"product_cat-ceiling-surface","9":"product_cat-ceiling-suspended","10":"product_cat-commercial","11":"product_cat-drivers","12":"product_cat-education","13":"product_cat-freestanding-light","14":"product_cat-hospitality","15":"product_cat-in-ground-light","16":"product_cat-industrial","17":"product_cat-infrastructure","18":"product_cat-landscape","19":"product_cat-landscaping","20":"product_cat-linear","21":"product_cat-office","22":"product_cat-outdoor-ground-light","23":"product_cat-c-outdoor-lighting","24":"product_cat-residential","25":"product_cat-retail","26":"product_cat-round-ground-light","27":"product_cat-table-lamp","28":"product_cat-track","29":"product_cat-wall-recessed","30":"product_cat-wall-surface","31":"product_tag-aluminum-ground-light","32":"product_tag-aluminum-housing","33":"product_tag-ground-light","34":"product_tag-in-ground-light","35":"product_tag-outdoor-ground-light","36":"product_tag-outdoor-lighting","37":"product_tag-round-ground-light","39":"first","40":"instock","41":"shipping-taxable","42":"product-type-simple"},"_links":{"self":[{"href":"https:\/\/ledsteplight.com\/hu\/wp-json\/wp\/v2\/product\/38029","targetHints":{"allow":["GET"]}}],"collection":[{"href":"https:\/\/ledsteplight.com\/hu\/wp-json\/wp\/v2\/product"}],"about":[{"href":"https:\/\/ledsteplight.com\/hu\/wp-json\/wp\/v2\/types\/product"}],"replies":[{"embeddable":true,"href":"https:\/\/ledsteplight.com\/hu\/wp-json\/wp\/v2\/comments?post=38029"}],"version-history":[{"count":3,"href":"https:\/\/ledsteplight.com\/hu\/wp-json\/wp\/v2\/product\/38029\/revisions"}],"predecessor-version":[{"id":38631,"href":"https:\/\/ledsteplight.com\/hu\/wp-json\/wp\/v2\/product\/38029\/revisions\/38631"}],"wp:featuredmedia":[{"embeddable":true,"href":"https:\/\/ledsteplight.com\/hu\/wp-json\/wp\/v2\/media\/37263"}],"wp:attachment":[{"href":"https:\/\/ledsteplight.com\/hu\/wp-json\/wp\/v2\/media?parent=38029"}],"wp:term":[{"taxonomy":"product_brand","embeddable":true,"href":"https:\/\/ledsteplight.com\/hu\/wp-json\/wp\/v2\/product_brand?post=38029"},{"taxonomy":"product_cat","embeddable":true,"href":"https:\/\/ledsteplight.com\/hu\/wp-json\/wp\/v2\/product_cat?post=38029"},{"taxonomy":"product_tag","embeddable":true,"href":"https:\/\/ledsteplight.com\/hu\/wp-json\/wp\/v2\/product_tag?post=38029"}],"curies":[{"name":"wp","href":"https:\/\/api.w.org\/{rel}","templated":true}]}}