{"id":38030,"date":"2025-09-08T13:04:17","date_gmt":"2025-09-08T13:04:17","guid":{"rendered":"https:\/\/ledsteplight.com\/import-placeholder-for-37176\/"},"modified":"2026-01-19T02:15:10","modified_gmt":"2026-01-19T02:15:10","slug":"6w-anti-glare-in-ground-light-dm60-ip65-outdoor-driveway-patio-lighting","status":"publish","type":"product","link":"https:\/\/ledsteplight.com\/hu\/6w-anti-glare-in-ground-light-dm60-ip65-outdoor-driveway-patio-lighting\/","title":{"rendered":"6W Anti-Glare F\u00f6ldbe S\u00fcllyesztett L\u00e1mpa (DM60) | IP65 K\u00fclt\u00e9ri Bej\u00e1rati \u00e9s Terasz Vil\u00e1g\u00edt\u00e1s"},"content":{"rendered":"<h3 data-start=\"84\" data-end=\"116\"><\/h3>\n<table data-start=\"118\" data-end=\"902\">\n<thead data-start=\"118\" data-end=\"174\">\n<tr data-start=\"118\" data-end=\"174\">\n<th data-start=\"118\" data-end=\"137\">Specifik\u00e1ci\u00f3<\/th>\n<th data-start=\"137\" data-end=\"174\">R\u00e9szletek<\/th>\n<\/tr>\n<\/thead>\n<tbody data-start=\"230\" data-end=\"902\">\n<tr data-start=\"230\" data-end=\"285\">\n<td><strong data-start=\"232\" data-end=\"241\">Teljes\u00edtm\u00e9ny<\/strong><\/td>\n<td>6W<\/td>\n<\/tr>\n<tr data-start=\"286\" data-end=\"342\">\n<td><strong data-start=\"288\" data-end=\"304\">F\u00e9nyforr\u00e1s<\/strong><\/td>\n<td>COB<\/td>\n<\/tr>\n<tr data-start=\"343\" data-end=\"399\">\n<td><strong data-start=\"345\" data-end=\"362\">Bemeneti fesz\u00fclts\u00e9g<\/strong><\/td>\n<td>AC85<\/td>\n<\/tr>\n<tr data-start=\"400\" data-end=\"455\">\n<td><strong data-start=\"402\" data-end=\"423\"><strong><a href=\"https:\/\/ledsteplight.com\/hu\/dm36b-pro-honeycomb-anti-glare-led-in-ground-light-ip67-24v-dc\/\" class=\"waam-auto-link\" title=\"Sz\u00ednh\u0151m\u00e9rs\u00e9klet\">Sz\u00ednh\u0151m\u00e9rs\u00e9klet<\/a><\/strong><\/strong><\/td>\n<td>3000<\/td>\n<\/tr>\n<tr data-start=\"456\" data-end=\"510\">\n<td><strong data-start=\"458\" data-end=\"481\">F\u00e9nyhat\u00e9konys\u00e1g<\/strong><\/td>\n<td>9<\/td>\n<\/tr>\n<tr data-start=\"511\" data-end=\"566\">\n<td><strong data-start=\"513\" data-end=\"525\">Anyag<\/strong><\/td>\n<td>Alum\u00ednium\u00f6tv\u00f6zet<\/td>\n<\/tr>\n<tr data-start=\"567\" data-end=\"622\">\n<td><strong data-start=\"569\" data-end=\"582\">IP besorol\u00e1s<\/strong><\/td>\n<td>IP65 (V\u00edz\u00e1ll\u00f3 \u00e9s por\u00e1ll\u00f3)<\/td>\n<\/tr>\n<tr data-start=\"623\" data-end=\"678\">\n<td><strong data-start=\"625\" data-end=\"648\">Szerel\u00e9si m\u00f3d<\/strong><\/td>\n<td>Rejtett szerel\u00e9s<\/td>\n<\/tr>\n<tr data-start=\"679\" data-end=\"734\">\n<td><strong data-start=\"681\" data-end=\"693\">\u00c9lettartam<\/strong><\/td>\n<td>40 000 \u00f3ra<\/td>\n<\/tr>\n<tr data-start=\"735\" data-end=\"790\">\n<td><strong data-start=\"737\" data-end=\"745\">M\u00e9ret<\/strong><\/td>\n<td>\u00c1tm\u00e9r\u0151 60mm<\/td>\n<\/tr>\n<tr data-start=\"791\" data-end=\"846\">\n<td><strong data-start=\"793\" data-end=\"811\">Tan\u00fas\u00edtv\u00e1nyok<\/strong><\/td>\n<td>CE, RoHS<\/td>\n<\/tr>\n<tr data-start=\"847\" data-end=\"902\">\n<td><strong data-start=\"849\" data-end=\"861\">Garancia<\/strong><\/td>\n<td>3 \u00e9v<\/td>\n<\/tr>\n<\/tbody>\n<\/table>\n<p data-path-to-node=\"15\">Emelje ki k\u00fcls\u0151 ter\u00e9t a DM60 6W Anti-Glare-vel <b>In-<strong><a href=\"https:\/\/ledsteplight.com\/hu\/cree-bridgelux-chip-ip65-led-fixture-for-garden-facade-lighting\/\" class=\"waam-auto-link\" title=\"F\u00f6ldi f\u00e9ny\">F\u00f6ldi f\u00e9ny<\/a><\/strong><\/b>, kifejezetten a biztons\u00e1g, tart\u00f3ss\u00e1g \u00e9s kiv\u00e1l\u00f3 eszt\u00e9tika \u00e9rdek\u00e9ben tervezve. T\u00f6k\u00e9letes forgalmas ter\u00fcletekre, ez a be\u00e9p\u00edtett COB l\u00e1mpa er\u0151teljes, f\u00f3kusz\u00e1lt <strong><a href=\"https:\/\/ledsteplight.com\/hu\/pir-sensor-step-light-top-advantages-for-safety\/\" class=\"waam-auto-link\" title=\"megvil\u00e1g\u00edt\u00e1s\u00e9rt\">megvil\u00e1g\u00edt\u00e1s\u00e9rt<\/a><\/strong> an\u00e9lk\u00fcl, hogy zavar\u00f3 er\u0151s ragyog\u00e1st okozna, ami rontan\u00e1 a t\u00e1jk\u00e9pet.<\/p>\n<p data-path-to-node=\"16\">\n<h4><b>F\u0151 jellemz\u0151k \u00e9s el\u0151ny\u00f6k:<\/b><\/h4>\n<p>&nbsp;<\/p>\n<ul data-path-to-node=\"17\">\n<li>\n<p data-path-to-node=\"17,0,0\"><b>Anti-Glare kialak\u00edt\u00e1s:<\/b> M\u00e9lys\u00e9gben s\u00fcllyesztett COB f\u00e9nyforr\u00e1st tartalmaz, hogy minimaliz\u00e1lja a szemf\u00e1radts\u00e1got \u00e9s a f\u00e9ny szennyez\u00e9s\u00e9t, \u00edgy ide\u00e1lis teraszokra, j\u00e1rd\u00e1kra \u00e9s \u00fcl\u0151helyekre.<\/p>\n<\/li>\n<li>\n<p data-path-to-node=\"17,1,0\"><b>Az elemek ellen tervezve:<\/b> Magas <b>IP65<\/b> \u00e9rt\u00e9kel\u00e9ssel az alum\u00ednium \u00f6tv\u00f6zet h\u00e1z teljesen v\u00e9dett a por \u00e9s a v\u00edzsugarak ellen, biztos\u00edtva megb\u00edzhat\u00f3, hossz\u00fa t\u00e1v\u00fa m\u0171k\u00f6d\u00e9st <b><strong><a href=\"https:\/\/ledsteplight.com\/hu\/5w-led-in-ground-lights-ip65-waterproof-outdoor-driveway-garden-floor-lighting\/\" class=\"waam-auto-link\" title=\"k\u00fcls\u0151 talajvil\u00e1g\u00edt\u00e1shoz\">k\u00fcls\u0151 talajvil\u00e1g\u00edt\u00e1shoz<\/a><\/strong><\/b>.<\/p>\n<\/li>\n<li>\n<p data-path-to-node=\"17,2,0\"><b>K\u00f6zvetlen telep\u00edt\u00e9s:<\/b> Z\u00f6kken\u0151mentesen m\u0171k\u00f6dik az <b>AC85V<\/b> bemeneti fesz\u00fclts\u00e9gen, \u00edgy nincs sz\u00fcks\u00e9g k\u00fcl\u00f6n transzform\u00e1torra vagy alacsony fesz\u00fclts\u00e9g\u0171 vezet\u00e9k rendszerre, egyszer\u0171s\u00edtve a telep\u00edt\u00e9st.<\/p>\n<\/li>\n<li>\n<p data-path-to-node=\"17,3,0\"><b>\u00c9l\u00e9nk, meleg f\u00e9ny:<\/b> A 6W COB forr\u00e1s 3000K meleg feh\u00e9r f\u00e9nyt ad, bar\u00e1ts\u00e1gos \u00e9s kifinomult hangulatot teremtve az \u00d6n <b>kert\u00e9szeti \u00f6sv\u00e9nyvil\u00e1g\u00edt\u00e1sra<\/b>.<\/p>\n<\/li>\n<li>\n<p data-path-to-node=\"17,4,0\"><b>Hossz\u00fa \u00e9lettartam\u00fa min\u0151s\u00e9g:<\/b> Tan\u00fas\u00edtott 40 000 \u00f3r\u00e1s \u00e9lettartammal \u00e9s 3 \u00e9ves garanci\u00e1val a DM60 karbantart\u00e1smentes <b>f\u00f6ld alatti vil\u00e1g\u00edt\u00e1s<\/b> b\u00edzhatsz benne.<\/p>\n<\/li>\n<\/ul>","protected":false},"excerpt":{"rendered":"<p><b>DM60 6W Anti-Glare LED F\u00f6ld alatti l\u00e1mpa<\/b> kiv\u00e1l\u00f3 felaj\u00e1nl\u00e1sokat ny\u00fajt <b>k\u00fcls\u0151 talajvil\u00e1g\u00edt\u00e1shoz<\/b> IP65-\u00f6s <b>v\u00edz\u00e1ll\u00f3s\u00e1gi<\/b> alum\u00ednium test. T\u00f6k\u00e9letes <b>j\u00e1rd\u00e1k vil\u00e1g\u00edt\u00e1s\u00e1ra a f\u00f6ld\u00f6n<\/b> \u00e9s j\u00e1rda vil\u00e1g\u00edt\u00e1s\u00e1ra. AC85V bemenet a k\u00f6nny\u0171 telep\u00edt\u00e9shez. V\u00e1s\u00e1roljon tart\u00f3s <b>f\u00f6ld alatti l\u00e1mp\u00e1t<\/b> l\u00e1mpatestek 3 \u00e9ves garanci\u00e1val<\/p>","protected":false},"featured_media":37268,"comment_status":"open","ping_status":"closed","template":"","meta":[],"product_brand":[],"product_cat":[100,426,427,428,439,429,440,430,441,126,431,442,443,432,433,444,112,464,445,446,106,434,435,436,437],"product_tag":[103,76,77,127,113,78,108],"class_list":{"0":"post-38030","1":"product","2":"type-product","3":"status-publish","4":"has-post-thumbnail","6":"product_cat-aluminum-ground-light","7":"product_cat-ceiling-recessed","8":"product_cat-ceiling-surface","9":"product_cat-ceiling-suspended","10":"product_cat-commercial","11":"product_cat-drivers","12":"product_cat-education","13":"product_cat-freestanding-light","14":"product_cat-hospitality","15":"product_cat-in-ground-light","16":"product_cat-industrial","17":"product_cat-infrastructure","18":"product_cat-landscape","19":"product_cat-landscaping","20":"product_cat-linear","21":"product_cat-office","22":"product_cat-outdoor-ground-light","23":"product_cat-c-outdoor-lighting","24":"product_cat-residential","25":"product_cat-retail","26":"product_cat-round-ground-light","27":"product_cat-table-lamp","28":"product_cat-track","29":"product_cat-wall-recessed","30":"product_cat-wall-surface","31":"product_tag-aluminum-ground-light","32":"product_tag-aluminum-housing","33":"product_tag-ground-light","34":"product_tag-in-ground-light","35":"product_tag-outdoor-ground-light","36":"product_tag-outdoor-lighting","37":"product_tag-round-ground-light","39":"first","40":"instock","41":"shipping-taxable","42":"product-type-simple"},"_links":{"self":[{"href":"https:\/\/ledsteplight.com\/hu\/wp-json\/wp\/v2\/product\/38030","targetHints":{"allow":["GET"]}}],"collection":[{"href":"https:\/\/ledsteplight.com\/hu\/wp-json\/wp\/v2\/product"}],"about":[{"href":"https:\/\/ledsteplight.com\/hu\/wp-json\/wp\/v2\/types\/product"}],"replies":[{"embeddable":true,"href":"https:\/\/ledsteplight.com\/hu\/wp-json\/wp\/v2\/comments?post=38030"}],"version-history":[{"count":3,"href":"https:\/\/ledsteplight.com\/hu\/wp-json\/wp\/v2\/product\/38030\/revisions"}],"predecessor-version":[{"id":38632,"href":"https:\/\/ledsteplight.com\/hu\/wp-json\/wp\/v2\/product\/38030\/revisions\/38632"}],"wp:featuredmedia":[{"embeddable":true,"href":"https:\/\/ledsteplight.com\/hu\/wp-json\/wp\/v2\/media\/37268"}],"wp:attachment":[{"href":"https:\/\/ledsteplight.com\/hu\/wp-json\/wp\/v2\/media?parent=38030"}],"wp:term":[{"taxonomy":"product_brand","embeddable":true,"href":"https:\/\/ledsteplight.com\/hu\/wp-json\/wp\/v2\/product_brand?post=38030"},{"taxonomy":"product_cat","embeddable":true,"href":"https:\/\/ledsteplight.com\/hu\/wp-json\/wp\/v2\/product_cat?post=38030"},{"taxonomy":"product_tag","embeddable":true,"href":"https:\/\/ledsteplight.com\/hu\/wp-json\/wp\/v2\/product_tag?post=38030"}],"curies":[{"name":"wp","href":"https:\/\/api.w.org\/{rel}","templated":true}]}}