{"id":38031,"date":"2025-09-08T13:04:17","date_gmt":"2025-09-08T13:04:17","guid":{"rendered":"https:\/\/ledsteplight.com\/import-placeholder-for-37177\/"},"modified":"2026-01-19T02:15:10","modified_gmt":"2026-01-19T02:15:10","slug":"00cx-series-smart-motion-sensor-led-stair-hallway-light-recessed-indoor-step-lighting","status":"publish","type":"product","link":"https:\/\/ledsteplight.com\/hu\/00cx-series-smart-motion-sensor-led-stair-hallway-light-recessed-indoor-step-lighting\/","title":{"rendered":"00CX Sorozat Okos Mozg\u00e1s\u00e9rz\u00e9kel\u0151s LED L\u00e9pcs\u0151- \u00e9s Folyos\u00f3 Vil\u00e1g\u00edt\u00e1s | Be\u00e9p\u00edtett Belt\u00e9ri L\u00e9pcs\u0151 Vil\u00e1g\u00edt\u00e1s"},"content":{"rendered":"<table data-start=\"123\" data-end=\"1504\">\n<thead data-start=\"123\" data-end=\"198\">\n<tr data-start=\"123\" data-end=\"198\">\n<th data-start=\"123\" data-end=\"148\">Specifik\u00e1ci\u00f3<\/th>\n<th data-start=\"148\" data-end=\"198\">R\u00e9szletek<\/th>\n<\/tr>\n<\/thead>\n<tbody data-start=\"274\" data-end=\"1504\">\n<tr data-start=\"274\" data-end=\"348\">\n<td><strong data-start=\"276\" data-end=\"293\">Term\u00e9kk\u00f3d<\/strong><\/td>\n<td>MG-CX Sorozat<\/td>\n<\/tr>\n<tr data-start=\"349\" data-end=\"423\">\n<td><strong data-start=\"351\" data-end=\"367\">Term\u00e9k m\u00e9rete<\/strong><\/td>\n<td>L87 \u00d7 Sz87 \u00d7 Ma30mm<\/td>\n<\/tr>\n<tr data-start=\"424\" data-end=\"498\">\n<td><strong data-start=\"426\" data-end=\"438\">V\u00e1g\u00e1si m\u00e9ret<\/strong><\/td>\n<td>86 Be\u00e1gyazott Doboz<\/td>\n<\/tr>\n<tr data-start=\"499\" data-end=\"572\">\n<td><strong data-start=\"501\" data-end=\"521\">Funkci\u00f3vez\u00e9rl\u00e9s<\/strong><\/td>\n<td><strong><a href=\"https:\/\/ledsteplight.com\/hu\/pir-sensor-step-light-top-advantages-for-safety\/\" class=\"waam-auto-link\" title=\"Mozg\u00e1s\u00e9rz\u00e9kel\u0151\">Mozg\u00e1s\u00e9rz\u00e9kel\u0151<\/a><\/strong> \/ Mozg\u00e1s- \u00e9s f\u00e9ny\u00e9rz\u00e9kel\u0151<\/td>\n<\/tr>\n<tr data-start=\"573\" data-end=\"647\">\n<td><strong data-start=\"575\" data-end=\"591\">F\u00e9nyforr\u00e1s<\/strong><\/td>\n<td>OSRAM LED (RA &gt;90)<\/td>\n<\/tr>\n<tr data-start=\"648\" data-end=\"722\">\n<td><strong data-start=\"650\" data-end=\"671\"><strong><a href=\"https:\/\/ledsteplight.com\/hu\/dm36b-pro-honeycomb-anti-glare-led-in-ground-light-ip67-24v-dc\/\" class=\"waam-auto-link\" title=\"Fogyaszt\u00e1s\">Fogyaszt\u00e1s<\/a><\/strong><\/strong><\/td>\n<td>2W (600mA)<\/td>\n<\/tr>\n<tr data-start=\"723\" data-end=\"796\">\n<td><strong data-start=\"725\" data-end=\"735\">S\u00faly<\/strong><\/td>\n<td>0,5kg<\/td>\n<\/tr>\n<tr data-start=\"797\" data-end=\"871\">\n<td><strong data-start=\"799\" data-end=\"819\">AC bemeneti fesz\u00fclts\u00e9g<\/strong><\/td>\n<td>100-240V, 50~60Hz<\/td>\n<\/tr>\n<tr data-start=\"872\" data-end=\"945\">\n<td><strong data-start=\"874\" data-end=\"884\">Vez\u00e9rl\u0151<\/strong><\/td>\n<td>Be\u00e9p\u00edtett<\/td>\n<\/tr>\n<tr data-start=\"946\" data-end=\"1019\">\n<td><strong data-start=\"948\" data-end=\"967\">Reflektor sz\u00f6g<\/strong><\/td>\n<td>N\/A<\/td>\n<\/tr>\n<tr data-start=\"1020\" data-end=\"1094\">\n<td><strong data-start=\"1022\" data-end=\"1043\">Sz\u00ednh\u0151m\u00e9rs\u00e9klet<\/strong><\/td>\n<td>3000K, 4000K, 5700K<\/td>\n<\/tr>\n<tr data-start=\"1095\" data-end=\"1168\">\n<td><strong data-start=\"1097\" data-end=\"1116\">Csatlakoz\u00e1si t\u00edpus<\/strong><\/td>\n<td>N\/A<\/td>\n<\/tr>\n<tr data-start=\"1169\" data-end=\"1241\">\n<td><strong data-start=\"1171\" data-end=\"1183\">Anyag<\/strong><\/td>\n<td>Alum\u00ednium<\/td>\n<\/tr>\n<tr data-start=\"1242\" data-end=\"1357\">\n<td><strong data-start=\"1244\" data-end=\"1264\">El\u00e9rhet\u0151 sz\u00ednek<\/strong><\/td>\n<td>Matt Feh\u00e9r, Brushed Fekete, Brushed Ez\u00fcst <em data-start=\"1311\" data-end=\"1353\">(Brushed Arany\/Brushed Sz\u00fcrke testreszabhat\u00f3)<\/em><\/td>\n<\/tr>\n<tr data-start=\"1358\" data-end=\"1431\">\n<td><strong data-start=\"1360\" data-end=\"1373\">IP besorol\u00e1s<\/strong><\/td>\n<td>IP20 (Belt\u00e9ri haszn\u00e1latra)<\/td>\n<\/tr>\n<tr data-start=\"1432\" data-end=\"1504\">\n<td><strong data-start=\"1434\" data-end=\"1457\">Szerel\u00e9si m\u00f3d<\/strong><\/td>\n<td>Rejtett telep\u00edt\u00e9s<\/td>\n<\/tr>\n<\/tbody>\n<\/table>\n<p>&nbsp;<\/p>\n<p data-start=\"606\" data-end=\"1028\">Az 00CX sorozat okos mozg\u00e1s\u00e9rz\u00e9kel\u0151 LED <strong><a href=\"https:\/\/ledsteplight.com\/hu\/cree-bridgelux-chip-ip65-led-fixture-for-garden-facade-lighting\/\" class=\"waam-auto-link\" title=\"F\u00f6ldi f\u00e9ny\">F\u00f6ldi f\u00e9ny<\/a><\/strong> tervezve, hogy biztons\u00e1gos, finom \u00fatvonalvil\u00e1g\u00edt\u00e1st ny\u00fajtson belt\u00e9ri helyis\u00e9gekben. Integr\u00e1lt mozg\u00e1s\u00e9rz\u00e9kel\u0151vel \u00e9s opcion\u00e1lis f\u00e9ny\u00e9rz\u00e9kel\u0151 m\u00f3ddal rendelkezik, automatikusan bekapcsol, amikor mozg\u00e1st \u00e9szlel. Az OSRAM LED forr\u00e1s l\u00e1gy, k\u00e9nyelmes vil\u00e1g\u00edt\u00e1st biztos\u00edt magas CRI \u00e9rt\u00e9kkel (RA&gt;90), \u00edgy a f\u00e9ny term\u00e9szetesnek \u00e9s k\u00f6nnyen szemmel tarthat\u00f3nak t\u0171nik gyenge f\u00e9nyviszonyok k\u00f6z\u00f6tt.<\/p>\n<p data-start=\"1030\" data-end=\"1437\">Kompakt rejtett kialak\u00edt\u00e1s\u00e1nak k\u00f6sz\u00f6nhet\u0151en, amely illeszkedik egy standard 86-os dobozhoz, tiszt\u00e1n telep\u00edthet\u0151 l\u00e9pcs\u0151fokokra, folyos\u00f3falakra vagy l\u00e1bazatokra. Az alum\u00ednium h\u00e1z pr\u00e9mium, modern megjelen\u00e9st k\u00f6lcs\u00f6n\u00f6z, matt feh\u00e9r, brushed fekete, brushed ez\u00fcst \u00e9s testreszabhat\u00f3 opci\u00f3kban el\u00e9rhet\u0151. Ide\u00e1lis lak\u00f3h\u00e1zak folyos\u00f3ira, sz\u00e1llodai folyos\u00f3kra, sz\u00ednh\u00e1zakba, t\u00e1rsash\u00e1zak l\u00e9pcs\u0151h\u00e1zaira \u00e9s m\u00e1s alacsony szint\u0171 ir\u00e1ny\u00edt\u00f3 vil\u00e1g\u00edt\u00e1si alkalmaz\u00e1sokhoz.<\/p>","protected":false},"excerpt":{"rendered":"<p data-start=\"4009\" data-end=\"4283\">Belt\u00e9ri mozg\u00e1s\u00e9rz\u00e9kel\u0151s LED l\u00e9p\u00e9svil\u00e1g\u00edt\u00e1s folyos\u00f3k \u00e9s l\u00e9pcs\u0151h\u00e1zak sz\u00e1m\u00e1ra. Be\u00e9p\u00edtett kialak\u00edt\u00e1s, l\u00e1gy ir\u00e1nyf\u00e9ny, magas CRI OSRAM LED, \u00e9s modern alum\u00ednium fel\u00fclet.<\/p>","protected":false},"featured_media":37272,"comment_status":"open","ping_status":"closed","template":"","meta":[],"product_brand":[],"product_cat":[116,99,100,426,427,428,439,429,440,430,441,431,442,443,432,433,444,464,445,446,101,434,435,436,437],"product_tag":[117,102,103,76,77,110,109,104],"class_list":{"0":"post-38031","1":"product","2":"type-product","3":"status-publish","4":"has-post-thumbnail","6":"product_cat-038-series","7":"product_cat-039-series","8":"product_cat-aluminum-ground-light","9":"product_cat-ceiling-recessed","10":"product_cat-ceiling-surface","11":"product_cat-ceiling-suspended","12":"product_cat-commercial","13":"product_cat-drivers","14":"product_cat-education","15":"product_cat-freestanding-light","16":"product_cat-hospitality","17":"product_cat-industrial","18":"product_cat-infrastructure","19":"product_cat-landscape","20":"product_cat-landscaping","21":"product_cat-linear","22":"product_cat-office","23":"product_cat-c-outdoor-lighting","24":"product_cat-residential","25":"product_cat-retail","26":"product_cat-sensor-ground-light","27":"product_cat-table-lamp","28":"product_cat-track","29":"product_cat-wall-recessed","30":"product_cat-wall-surface","31":"product_tag-038-series","32":"product_tag-039-series","33":"product_tag-aluminum-ground-light","34":"product_tag-aluminum-housing","35":"product_tag-ground-light","36":"product_tag-landscape-light","37":"product_tag-led-fixture","38":"product_tag-sensor-ground-light","40":"first","41":"instock","42":"shipping-taxable","43":"product-type-simple"},"_links":{"self":[{"href":"https:\/\/ledsteplight.com\/hu\/wp-json\/wp\/v2\/product\/38031","targetHints":{"allow":["GET"]}}],"collection":[{"href":"https:\/\/ledsteplight.com\/hu\/wp-json\/wp\/v2\/product"}],"about":[{"href":"https:\/\/ledsteplight.com\/hu\/wp-json\/wp\/v2\/types\/product"}],"replies":[{"embeddable":true,"href":"https:\/\/ledsteplight.com\/hu\/wp-json\/wp\/v2\/comments?post=38031"}],"version-history":[{"count":3,"href":"https:\/\/ledsteplight.com\/hu\/wp-json\/wp\/v2\/product\/38031\/revisions"}],"predecessor-version":[{"id":38633,"href":"https:\/\/ledsteplight.com\/hu\/wp-json\/wp\/v2\/product\/38031\/revisions\/38633"}],"wp:featuredmedia":[{"embeddable":true,"href":"https:\/\/ledsteplight.com\/hu\/wp-json\/wp\/v2\/media\/37272"}],"wp:attachment":[{"href":"https:\/\/ledsteplight.com\/hu\/wp-json\/wp\/v2\/media?parent=38031"}],"wp:term":[{"taxonomy":"product_brand","embeddable":true,"href":"https:\/\/ledsteplight.com\/hu\/wp-json\/wp\/v2\/product_brand?post=38031"},{"taxonomy":"product_cat","embeddable":true,"href":"https:\/\/ledsteplight.com\/hu\/wp-json\/wp\/v2\/product_cat?post=38031"},{"taxonomy":"product_tag","embeddable":true,"href":"https:\/\/ledsteplight.com\/hu\/wp-json\/wp\/v2\/product_tag?post=38031"}],"curies":[{"name":"wp","href":"https:\/\/api.w.org\/{rel}","templated":true}]}}