{"id":38032,"date":"2025-09-08T13:04:17","date_gmt":"2025-09-08T13:04:17","guid":{"rendered":"https:\/\/ledsteplight.com\/import-placeholder-for-37190\/"},"modified":"2026-01-19T02:15:10","modified_gmt":"2026-01-19T02:15:10","slug":"0086-box-recessed-led-step-ground-light-ip67-outdoor-stair-lighting","status":"publish","type":"product","link":"https:\/\/ledsteplight.com\/hu\/0086-box-recessed-led-step-ground-light-ip67-outdoor-stair-lighting\/","title":{"rendered":"0086 Dobozos Be\u00e9p\u00edtett LED L\u00e9pcs\u0151 \u00e9s F\u00f6ld Vil\u00e1g\u00edt\u00e1s | IP67 K\u00fclt\u00e9ri L\u00e9pcs\u0151 Vil\u00e1g\u00edt\u00e1s"},"content":{"rendered":"<blockquote>\n<table data-start=\"97\" data-end=\"983\">\n<thead data-start=\"97\" data-end=\"156\">\n<tr data-start=\"97\" data-end=\"156\">\n<th data-start=\"97\" data-end=\"118\">Specifik\u00e1ci\u00f3<\/th>\n<th data-start=\"118\" data-end=\"156\">R\u00e9szletek<\/th>\n<\/tr>\n<\/thead>\n<tbody data-start=\"214\" data-end=\"983\">\n<tr data-start=\"214\" data-end=\"272\">\n<td><strong data-start=\"216\" data-end=\"225\">Teljes\u00edtm\u00e9ny<\/strong><\/td>\n<td>3W \/ 5W \/ 7W<\/td>\n<\/tr>\n<tr data-start=\"273\" data-end=\"331\">\n<td><strong data-start=\"275\" data-end=\"291\">F\u00e9nyforr\u00e1s<\/strong><\/td>\n<td>Magas Hat\u00e9konys\u00e1g\u00fa LED<\/td>\n<\/tr>\n<tr data-start=\"332\" data-end=\"390\">\n<td><strong data-start=\"334\" data-end=\"351\">Bemeneti fesz\u00fclts\u00e9g<\/strong><\/td>\n<td>AC85-265V \/ DC12V \/ DC24V<\/td>\n<\/tr>\n<tr data-start=\"391\" data-end=\"448\">\n<td><strong data-start=\"393\" data-end=\"414\"><strong><a href=\"https:\/\/ledsteplight.com\/hu\/dm36b-pro-honeycomb-anti-glare-led-in-ground-light-ip67-24v-dc\/\" class=\"waam-auto-link\" title=\"Sz\u00ednh\u0151m\u00e9rs\u00e9klet\">Sz\u00ednh\u0151m\u00e9rs\u00e9klet<\/a><\/strong><\/strong><\/td>\n<td>3000K \/ 4000K \/ 6000K<\/td>\n<\/tr>\n<tr data-start=\"449\" data-end=\"504\">\n<td><strong data-start=\"451\" data-end=\"474\">F\u00e9nyhat\u00e9konys\u00e1g<\/strong><\/td>\n<td>90-110LM\/W<\/td>\n<\/tr>\n<tr data-start=\"505\" data-end=\"563\">\n<td><strong data-start=\"507\" data-end=\"521\">F\u00e9nycs\u00f3va sz\u00f6ge<\/strong><\/td>\n<td>30\u00b0 \/ 45\u00b0 \/ 60\u00b0<\/td>\n<\/tr>\n<tr data-start=\"564\" data-end=\"630\">\n<td><strong data-start=\"566\" data-end=\"578\">Anyag<\/strong><\/td>\n<td>\u00d6nt\u00f6tt alum\u00ednium + rozsdamentes ac\u00e9l burkolat<\/td>\n<\/tr>\n<tr data-start=\"631\" data-end=\"688\">\n<td><strong data-start=\"633\" data-end=\"646\">IP besorol\u00e1s<\/strong><\/td>\n<td>IP67 (V\u00edz\u00e1ll\u00f3 \u00e9s por\u00e1ll\u00f3)<\/td>\n<\/tr>\n<tr data-start=\"689\" data-end=\"752\">\n<td><strong data-start=\"691\" data-end=\"714\">Szerel\u00e9si m\u00f3d<\/strong><\/td>\n<td>0086 t\u00edpus\u00fa doboz be\u00e9p\u00edtett szerel\u00e9s<\/td>\n<\/tr>\n<tr data-start=\"753\" data-end=\"810\">\n<td><strong data-start=\"755\" data-end=\"767\">\u00c9lettartam<\/strong><\/td>\n<td>40 000 \u00f3ra<\/td>\n<\/tr>\n<tr data-start=\"811\" data-end=\"868\">\n<td><strong data-start=\"813\" data-end=\"821\">M\u00e9ret<\/strong><\/td>\n<td>Standard 0086 doboz kompatibilis<\/td>\n<\/tr>\n<tr data-start=\"869\" data-end=\"925\">\n<td><strong data-start=\"871\" data-end=\"889\">Tan\u00fas\u00edtv\u00e1nyok<\/strong><\/td>\n<td>CE, RoHS<\/td>\n<\/tr>\n<tr data-start=\"926\" data-end=\"983\">\n<td><strong data-start=\"928\" data-end=\"940\">Garancia<\/strong><\/td>\n<td>3 \u00e9v<\/td>\n<\/tr>\n<\/tbody>\n<\/table>\n<p data-start=\"518\" data-end=\"904\">0086 t\u00edpus\u00fa be\u00e9p\u00edtett LED-es doboz <strong><a href=\"https:\/\/ledsteplight.com\/hu\/cree-bridgelux-chip-ip65-led-fixture-for-garden-facade-lighting\/\" class=\"waam-auto-link\" title=\"F\u00f6ldi f\u00e9ny\">F\u00f6ldi f\u00e9ny<\/a><\/strong> tiszt\u00e1n, alacsony profil\u00fa vil\u00e1g\u00edt\u00e1st biztos\u00edt l\u00e9pcs\u0151k, j\u00e1rd\u00e1k \u00e9s k\u00fclt\u00e9ri \u00e9p\u00edt\u00e9szeti terek ment\u00e9n. A szabv\u00e1nyos 86-os doboz telep\u00edt\u00e9si m\u00e9rethez lett tervezve, biztons\u00e1gos \u00e9s s\u00edk fel\u00fclet\u0171 r\u00f6gz\u00edt\u00e9st k\u00edn\u00e1l extra v\u00e1g\u00e1s vagy m\u00f3dos\u00edt\u00e1s n\u00e9lk\u00fcl. A l\u00e1mpa magas hat\u00e9konys\u00e1g\u00fa LED-chipet haszn\u00e1l, \u00e9s stabil, egyenletes vil\u00e1g\u00edt\u00e1st ny\u00fajt kiv\u00e1l\u00f3 f\u00e9nykibocs\u00e1t\u00e1ssal.<\/p>\n<p data-start=\"906\" data-end=\"1341\">\u00d6nt\u00f6tt alum\u00edniumb\u00f3l k\u00e9sz\u00fclt, rozsdamentes ac\u00e9l burkolattal, ez a l\u00e1mpa hossz\u00fa t\u00e1v\u00fa k\u00fclt\u00e9ri haszn\u00e1latra lett tervezve. IP67 v\u00edz\u00e1ll\u00f3s\u00e1gi besorol\u00e1ssal rendelkezik, k\u00f6nnyed\u00e9n ellen\u00e1ll az es\u0151nek, porral \u00e9s mindennapi kop\u00e1snak. T\u00f6bb watt- \u00e9s sz\u00ednh\u0151m\u00e9rs\u00e9kletben, valamint sug\u00e1rir\u00e1nyban el\u00e9rhet\u0151, j\u00f3l m\u0171k\u00f6dik lakoss\u00e1gi \u00e9s kereskedelmi projektekben \u2013 bele\u00e9rtve vill\u00e1kat, lak\u00e1sl\u00e9pcs\u0151ket, sz\u00e1llodai s\u00e9t\u00e1nyokat, kertl\u00e9pcs\u0151ket, medence melletti elemeket \u00e9s t\u00e1jbej\u00e1ratokat.<\/p>\n<\/blockquote>","protected":false},"excerpt":{"rendered":"<p data-start=\"3132\" data-end=\"3491\">Be\u00e9p\u00edtett LED l\u00e9pcs\u0151- \u00e9s talajvil\u00e1g\u00edt\u00e1s 0086 dobozba szerel\u00e9shez. IP67 v\u00edz\u00e1ll\u00f3, t\u00f6bb watt- \u00e9s sug\u00e1rir\u00e1ny-be\u00e1ll\u00edt\u00e1si lehet\u0151s\u00e9g. Ide\u00e1lis k\u00fclt\u00e9ri l\u00e9pcs\u0151kh\u00f6z, j\u00e1rd\u00e1khoz \u00e9s \u00e9p\u00edt\u00e9szeti vil\u00e1g\u00edt\u00e1shoz.<\/p>","protected":false},"featured_media":37273,"comment_status":"open","ping_status":"closed","template":"","meta":[],"product_brand":[],"product_cat":[116,99,100,426,427,428,439,429,440,430,441,431,442,443,432,433,444,464,445,446,434,435,436,437],"product_tag":[117,102,103,76,77,110,114,115],"class_list":{"0":"post-38032","1":"product","2":"type-product","3":"status-publish","4":"has-post-thumbnail","6":"product_cat-038-series","7":"product_cat-039-series","8":"product_cat-aluminum-ground-light","9":"product_cat-ceiling-recessed","10":"product_cat-ceiling-surface","11":"product_cat-ceiling-suspended","12":"product_cat-commercial","13":"product_cat-drivers","14":"product_cat-education","15":"product_cat-freestanding-light","16":"product_cat-hospitality","17":"product_cat-industrial","18":"product_cat-infrastructure","19":"product_cat-landscape","20":"product_cat-landscaping","21":"product_cat-linear","22":"product_cat-office","23":"product_cat-c-outdoor-lighting","24":"product_cat-residential","25":"product_cat-retail","26":"product_cat-table-lamp","27":"product_cat-track","28":"product_cat-wall-recessed","29":"product_cat-wall-surface","30":"product_tag-038-series","31":"product_tag-039-series","32":"product_tag-aluminum-ground-light","33":"product_tag-aluminum-housing","34":"product_tag-ground-light","35":"product_tag-landscape-light","36":"product_tag-pathway-light","37":"product_tag-recessed-light","39":"first","40":"instock","41":"shipping-taxable","42":"product-type-simple"},"_links":{"self":[{"href":"https:\/\/ledsteplight.com\/hu\/wp-json\/wp\/v2\/product\/38032","targetHints":{"allow":["GET"]}}],"collection":[{"href":"https:\/\/ledsteplight.com\/hu\/wp-json\/wp\/v2\/product"}],"about":[{"href":"https:\/\/ledsteplight.com\/hu\/wp-json\/wp\/v2\/types\/product"}],"replies":[{"embeddable":true,"href":"https:\/\/ledsteplight.com\/hu\/wp-json\/wp\/v2\/comments?post=38032"}],"version-history":[{"count":3,"href":"https:\/\/ledsteplight.com\/hu\/wp-json\/wp\/v2\/product\/38032\/revisions"}],"predecessor-version":[{"id":38634,"href":"https:\/\/ledsteplight.com\/hu\/wp-json\/wp\/v2\/product\/38032\/revisions\/38634"}],"wp:featuredmedia":[{"embeddable":true,"href":"https:\/\/ledsteplight.com\/hu\/wp-json\/wp\/v2\/media\/37273"}],"wp:attachment":[{"href":"https:\/\/ledsteplight.com\/hu\/wp-json\/wp\/v2\/media?parent=38032"}],"wp:term":[{"taxonomy":"product_brand","embeddable":true,"href":"https:\/\/ledsteplight.com\/hu\/wp-json\/wp\/v2\/product_brand?post=38032"},{"taxonomy":"product_cat","embeddable":true,"href":"https:\/\/ledsteplight.com\/hu\/wp-json\/wp\/v2\/product_cat?post=38032"},{"taxonomy":"product_tag","embeddable":true,"href":"https:\/\/ledsteplight.com\/hu\/wp-json\/wp\/v2\/product_tag?post=38032"}],"curies":[{"name":"wp","href":"https:\/\/api.w.org\/{rel}","templated":true}]}}