{"id":38033,"date":"2025-09-08T13:04:17","date_gmt":"2025-09-08T13:04:17","guid":{"rendered":"https:\/\/ledsteplight.com\/import-placeholder-for-37191\/"},"modified":"2026-01-19T02:14:24","modified_gmt":"2026-01-19T02:14:24","slug":"outdoor-pir-motion-sensor-led-security-spotlight-15w-ip65-wall-light","status":"publish","type":"product","link":"https:\/\/ledsteplight.com\/hu\/outdoor-pir-motion-sensor-led-security-spotlight-15w-ip65-wall-light\/","title":{"rendered":"K\u00fclt\u00e9ri PIR mozg\u00e1s\u00e9rz\u00e9kel\u0151s LED biztons\u00e1gi reflektor | 15W IP65 falil\u00e1mpa"},"content":{"rendered":"<table data-start=\"45\" data-end=\"980\">\n<thead data-start=\"45\" data-end=\"116\">\n<tr data-start=\"45\" data-end=\"116\">\n<th data-start=\"45\" data-end=\"70\"><strong data-start=\"47\" data-end=\"60\">Param\u00e9ter<\/strong><\/th>\n<th data-start=\"70\" data-end=\"116\"><strong data-start=\"72\" data-end=\"83\">R\u00e9szletek<\/strong><\/th>\n<\/tr>\n<\/thead>\n<tbody data-start=\"189\" data-end=\"980\">\n<tr data-start=\"189\" data-end=\"260\">\n<td><strong data-start=\"191\" data-end=\"200\">Teljes\u00edtm\u00e9ny<\/strong><\/td>\n<td>15W<\/td>\n<\/tr>\n<tr data-start=\"261\" data-end=\"332\">\n<td><strong data-start=\"263\" data-end=\"279\">F\u00e9nyforr\u00e1s<\/strong><\/td>\n<td>LED<\/td>\n<\/tr>\n<tr data-start=\"333\" data-end=\"404\">\n<td><strong data-start=\"335\" data-end=\"352\">Bemeneti fesz\u00fclts\u00e9g<\/strong><\/td>\n<td>AC85-265V<\/td>\n<\/tr>\n<tr data-start=\"405\" data-end=\"476\">\n<td><strong data-start=\"407\" data-end=\"428\"><strong><a href=\"https:\/\/ledsteplight.com\/hu\/dm36b-pro-honeycomb-anti-glare-led-in-ground-light-ip67-24v-dc\/\" class=\"waam-auto-link\" title=\"Sz\u00ednh\u0151m\u00e9rs\u00e9klet\">Sz\u00ednh\u0151m\u00e9rs\u00e9klet<\/a><\/strong><\/strong><\/td>\n<td>3000K (Meleg Feh\u00e9r) \/ 6000K (Hideg Feh\u00e9r)<\/td>\n<\/tr>\n<tr data-start=\"477\" data-end=\"548\">\n<td><strong data-start=\"479\" data-end=\"496\">F\u00e9ny\u00e1ram<\/strong><\/td>\n<td>100-110LM\/W<\/td>\n<\/tr>\n<tr data-start=\"549\" data-end=\"620\">\n<td><strong data-start=\"551\" data-end=\"565\">F\u00e9nycs\u00f3va sz\u00f6ge<\/strong><\/td>\n<td>120\u00b0<\/td>\n<\/tr>\n<tr data-start=\"621\" data-end=\"692\">\n<td><strong data-start=\"623\" data-end=\"635\">Anyag<\/strong><\/td>\n<td>\u00f6nt\u00f6tt alum\u00ednium<\/td>\n<\/tr>\n<tr data-start=\"693\" data-end=\"764\">\n<td><strong data-start=\"695\" data-end=\"708\">IP besorol\u00e1s<\/strong><\/td>\n<td>IP65 (V\u00edz\u00e1ll\u00f3 \u00e9s por\u00e1ll\u00f3)<\/td>\n<\/tr>\n<tr data-start=\"765\" data-end=\"836\">\n<td><strong data-start=\"767\" data-end=\"779\">\u00c9lettartam<\/strong><\/td>\n<td>40 000 \u00f3ra<\/td>\n<\/tr>\n<tr data-start=\"837\" data-end=\"908\">\n<td><strong data-start=\"839\" data-end=\"862\">Szerel\u00e9si m\u00f3d<\/strong><\/td>\n<td>Fel\u00fcletre szerelhet\u0151<\/td>\n<\/tr>\n<tr data-start=\"909\" data-end=\"980\">\n<td><strong data-start=\"911\" data-end=\"923\">Garancia<\/strong><\/td>\n<td>3 \u00e9v<\/td>\n<\/tr>\n<\/tbody>\n<\/table>\n<p data-start=\"611\" data-end=\"928\">MG-TSD01-GYD <strong><a href=\"https:\/\/ledsteplight.com\/hu\/pir-sensor-step-light-top-advantages-for-safety\/\" class=\"waam-auto-link\" title=\"mozg\u00e1s\u00e9rz\u00e9kel\u0151t\u0151l\">mozg\u00e1s\u00e9rz\u00e9kel\u0151t\u0151l<\/a><\/strong> MG-TSD01-GYD mozg\u00e1s\u00e9rz\u00e9kel\u0151s reflektor biztos\u00edt megb\u00edzhat\u00f3 vil\u00e1g\u00edt\u00e1st k\u00fclt\u00e9ri j\u00e1rd\u00e1khoz, \u00e9p\u00fcletek bej\u00e1rat\u00e1hoz, parkol\u00f3helyekhez \u00e9s k\u00f6rbiztons\u00e1gi ter\u00fcletekhez. Be\u00e9p\u00edtett PIR \u00e9rz\u00e9kel\u0151vel rendelkezik, a f\u00e9ny automatikusan bekapcsol, amikor mozg\u00e1st \u00e9szlel, \u00e9s kikapcsol, amikor az adott ter\u00fclet \u00fcres, seg\u00edtve ezzel a felesleges energiafogyaszt\u00e1s cs\u00f6kkent\u00e9s\u00e9t.<\/p>\n<p data-start=\"930\" data-end=\"1295\">\u00d6nt\u00f6tt alum\u00edniumb\u00f3l k\u00e9sz\u00fclt, IP65 besorol\u00e1ssal, ez a l\u00e1mpa es\u0151, por \u00e9s napi k\u00fclt\u00e9ri haszn\u00e1lat ellen van kialak\u00edtva. A sz\u00e9les 120\u00b0-os sug\u00e1rir\u00e1ny sz\u00e9les k\u00f6r\u0171 megvil\u00e1g\u00edt\u00e1st biztos\u00edt, \u00edgy alkalmas mind lakoss\u00e1gi, mind kereskedelmi k\u00f6rnyezetben. Meleg \u00e9s hideg feh\u00e9r v\u00e1ltozatban el\u00e9rhet\u0151, k\u00f6nnyen illeszthet\u0151. <strong><a href=\"https:\/\/ledsteplight.com\/hu\/cree-bridgelux-chip-ip65-led-fixture-for-garden-facade-lighting\/\" class=\"waam-auto-link\" title=\"\u00e9p\u00edt\u00e9szeti vil\u00e1g\u00edt\u00e1st\">\u00e9p\u00edt\u00e9szeti vil\u00e1g\u00edt\u00e1st<\/a><\/strong> st\u00edlusokhoz \u00e9s projektk\u00f6vetelm\u00e9nyekhez.<\/p>\n<p data-start=\"930\" data-end=\"1295\">","protected":false},"excerpt":{"rendered":"<p data-start=\"4269\" data-end=\"4615\">15W k\u00fclt\u00e9ri mozg\u00e1s\u00e9rz\u00e9kel\u0151s LED reflektor IP65 v\u00edz\u00e1ll\u00f3 kialak\u00edt\u00e1ssal. Ide\u00e1lis \u00e9p\u00fcletek bej\u00e1rataihoz, j\u00e1rd\u00e1khoz \u00e9s biztons\u00e1gi vil\u00e1g\u00edt\u00e1shoz. Tart\u00f3s \u00f6nt\u00f6tt alum\u00ednium h\u00e1z energiatakar\u00e9kos automatikus vez\u00e9rl\u00e9ssel.<\/p>","protected":false},"featured_media":37285,"comment_status":"open","ping_status":"closed","template":"","meta":[],"product_brand":[],"product_cat":[426,427,428,439,429,440,430,441,431,442,443,432,433,444,464,445,446,434,435,436,437],"product_tag":[111,110,109,114,115],"class_list":{"0":"post-38033","1":"product","2":"type-product","3":"status-publish","4":"has-post-thumbnail","6":"product_cat-ceiling-recessed","7":"product_cat-ceiling-surface","8":"product_cat-ceiling-suspended","9":"product_cat-commercial","10":"product_cat-drivers","11":"product_cat-education","12":"product_cat-freestanding-light","13":"product_cat-hospitality","14":"product_cat-industrial","15":"product_cat-infrastructure","16":"product_cat-landscape","17":"product_cat-landscaping","18":"product_cat-linear","19":"product_cat-office","20":"product_cat-c-outdoor-lighting","21":"product_cat-residential","22":"product_cat-retail","23":"product_cat-table-lamp","24":"product_cat-track","25":"product_cat-wall-recessed","26":"product_cat-wall-surface","27":"product_tag-garden-lighting","28":"product_tag-landscape-light","29":"product_tag-led-fixture","30":"product_tag-pathway-light","31":"product_tag-recessed-light","33":"first","34":"instock","35":"shipping-taxable","36":"product-type-simple"},"_links":{"self":[{"href":"https:\/\/ledsteplight.com\/hu\/wp-json\/wp\/v2\/product\/38033","targetHints":{"allow":["GET"]}}],"collection":[{"href":"https:\/\/ledsteplight.com\/hu\/wp-json\/wp\/v2\/product"}],"about":[{"href":"https:\/\/ledsteplight.com\/hu\/wp-json\/wp\/v2\/types\/product"}],"replies":[{"embeddable":true,"href":"https:\/\/ledsteplight.com\/hu\/wp-json\/wp\/v2\/comments?post=38033"}],"version-history":[{"count":3,"href":"https:\/\/ledsteplight.com\/hu\/wp-json\/wp\/v2\/product\/38033\/revisions"}],"predecessor-version":[{"id":38635,"href":"https:\/\/ledsteplight.com\/hu\/wp-json\/wp\/v2\/product\/38033\/revisions\/38635"}],"wp:featuredmedia":[{"embeddable":true,"href":"https:\/\/ledsteplight.com\/hu\/wp-json\/wp\/v2\/media\/37285"}],"wp:attachment":[{"href":"https:\/\/ledsteplight.com\/hu\/wp-json\/wp\/v2\/media?parent=38033"}],"wp:term":[{"taxonomy":"product_brand","embeddable":true,"href":"https:\/\/ledsteplight.com\/hu\/wp-json\/wp\/v2\/product_brand?post=38033"},{"taxonomy":"product_cat","embeddable":true,"href":"https:\/\/ledsteplight.com\/hu\/wp-json\/wp\/v2\/product_cat?post=38033"},{"taxonomy":"product_tag","embeddable":true,"href":"https:\/\/ledsteplight.com\/hu\/wp-json\/wp\/v2\/product_tag?post=38033"}],"curies":[{"name":"wp","href":"https:\/\/api.w.org\/{rel}","templated":true}]}}