{"id":38034,"date":"2025-09-08T13:04:18","date_gmt":"2025-09-08T13:04:18","guid":{"rendered":"https:\/\/ledsteplight.com\/import-placeholder-for-37192\/"},"modified":"2026-01-19T02:14:23","modified_gmt":"2026-01-19T02:14:23","slug":"mg-dm80c-8w-recessed-ground-light-indoor-led-in-ground-lighting-fixture","status":"publish","type":"product","link":"https:\/\/ledsteplight.com\/hu\/mg-dm80c-8w-recessed-ground-light-indoor-led-in-ground-lighting-fixture\/","title":{"rendered":"MG-DM80c 8W Be\u00e9p\u00edtett F\u00f6ldi L\u00e1mpa \u2013 Belt\u00e9ri LED F\u00f6ld alatti Vil\u00e1g\u00edt\u00e1si L\u00e1mpa"},"content":{"rendered":"<blockquote>\n<table data-start=\"114\" data-end=\"1000\">\n<thead data-start=\"114\" data-end=\"184\">\n<tr data-start=\"114\" data-end=\"184\">\n<th data-start=\"114\" data-end=\"138\"><strong data-start=\"116\" data-end=\"129\">Param\u00e9ter<\/strong><\/th>\n<th data-start=\"138\" data-end=\"184\"><strong data-start=\"140\" data-end=\"157\">Specifik\u00e1ci\u00f3<\/strong><\/th>\n<\/tr>\n<\/thead>\n<tbody data-start=\"253\" data-end=\"1000\">\n<tr data-start=\"253\" data-end=\"320\">\n<td><strong data-start=\"255\" data-end=\"272\">Term\u00e9kk\u00f3d<\/strong><\/td>\n<td>MG-DM80c<\/td>\n<\/tr>\n<tr data-start=\"321\" data-end=\"388\">\n<td><strong data-start=\"323\" data-end=\"339\">Term\u00e9k m\u00e9rete<\/strong><\/td>\n<td>\u03c680mm x 30mm<\/td>\n<\/tr>\n<tr data-start=\"389\" data-end=\"456\">\n<td><strong data-start=\"391\" data-end=\"407\">Kiv\u00e1g\u00e1si M\u00e9ret<\/strong><\/td>\n<td>\u03c670mm<\/td>\n<\/tr>\n<tr data-start=\"457\" data-end=\"524\">\n<td><strong data-start=\"459\" data-end=\"475\">F\u00e9nyforr\u00e1s<\/strong><\/td>\n<td>Magas Hat\u00e9konys\u00e1g\u00fa COB LED<\/td>\n<\/tr>\n<tr data-start=\"525\" data-end=\"592\">\n<td><strong data-start=\"527\" data-end=\"538\">Teljes\u00edtm\u00e9ny<\/strong><\/td>\n<td>8W<\/td>\n<\/tr>\n<tr data-start=\"593\" data-end=\"660\">\n<td><strong data-start=\"595\" data-end=\"616\">Sz\u00ednh\u0151m\u00e9rs\u00e9klet<\/strong><\/td>\n<td>4000K \/ 6000K (Hideg Feh\u00e9r)<\/td>\n<\/tr>\n<tr data-start=\"661\" data-end=\"728\">\n<td><strong data-start=\"663\" data-end=\"680\">Bemeneti fesz\u00fclts\u00e9g<\/strong><\/td>\n<td>AC100-240V \/ DC12\/24V<\/td>\n<\/tr>\n<tr data-start=\"729\" data-end=\"796\">\n<td><strong data-start=\"731\" data-end=\"741\">Vez\u00e9rl\u0151<\/strong><\/td>\n<td>Integr\u00e1lt DC24V Meghajt\u00f3<\/td>\n<\/tr>\n<tr data-start=\"797\" data-end=\"864\">\n<td><strong data-start=\"799\" data-end=\"811\">Anyag<\/strong><\/td>\n<td>Alum\u00ednium<\/td>\n<\/tr>\n<tr data-start=\"865\" data-end=\"932\">\n<td><strong data-start=\"867\" data-end=\"880\">IP besorol\u00e1s<\/strong><\/td>\n<td>IP20 (Belt\u00e9ri haszn\u00e1latra)<\/td>\n<\/tr>\n<tr data-start=\"933\" data-end=\"1000\">\n<td><strong data-start=\"935\" data-end=\"951\">Telep\u00edt\u00e9s<\/strong><\/td>\n<td>Rejtett Mennyezeti R\u00f6gz\u00edt\u00e9s<\/td>\n<\/tr>\n<\/tbody>\n<\/table>\n<p data-start=\"343\" data-end=\"792\"><strong data-start=\"347\" data-end=\"385\">MG-DM80c be\u00e9p\u00edthet\u0151 LED <strong><a href=\"https:\/\/ledsteplight.com\/hu\/5w-led-in-ground-lights-ip65-waterproof-outdoor-driveway-garden-floor-lighting\/\" class=\"waam-auto-link\" title=\"f\u00f6ldi vil\u00e1g\u00edt\u00e1s\">f\u00f6ldi vil\u00e1g\u00edt\u00e1s<\/a><\/strong><\/strong> modern <strong data-start=\"409\" data-end=\"435\">belt\u00e9ri <strong><a href=\"https:\/\/ledsteplight.com\/hu\/ultimate-guide-to-landscape-inground-lighting-solutions\/\" class=\"waam-auto-link\" title=\"f\u00f6ldi vil\u00e1g\u00edt\u00e1s\">f\u00f6ldi vil\u00e1g\u00edt\u00e1s<\/a><\/strong><\/strong> \u00e9s <strong data-start=\"440\" data-end=\"468\">mennyezeti be\u00e9p\u00edt\u00e9ssel<\/strong>. Jellemz\u0151en egy <strong data-start=\"482\" data-end=\"509\">magas hat\u00e9konys\u00e1g\u00fa COB LED<\/strong> \u00e9s tart\u00f3s <strong data-start=\"522\" data-end=\"542\">alum\u00ednium h\u00e1z<\/strong>, f\u00e9nyes \u00e9s egyenletes <strong><a href=\"https:\/\/ledsteplight.com\/hu\/pir-sensor-step-light-top-advantages-for-safety\/\" class=\"waam-auto-link\" title=\"megvil\u00e1g\u00edt\u00e1s\u00e9rt\">megvil\u00e1g\u00edt\u00e1s\u00e9rt<\/a><\/strong> ide\u00e1lis <strong data-start=\"598\" data-end=\"669\">folyos\u00f3k, gal\u00e9ri\u00e1k, bemutat\u00f3termek \u00e9s <strong><a href=\"https:\/\/ledsteplight.com\/hu\/cree-bridgelux-chip-ip65-led-fixture-for-garden-facade-lighting\/\" class=\"waam-auto-link\" title=\"\u00e9p\u00edt\u00e9szeti vil\u00e1g\u00edt\u00e1st\">\u00e9p\u00edt\u00e9szeti vil\u00e1g\u00edt\u00e1st<\/a><\/strong> projektek<\/strong>. Azzal <strong data-start=\"680\" data-end=\"702\">kompakt \u03c680mm m\u00e9ret\u00e9vel<\/strong>, ez <strong data-start=\"709\" data-end=\"734\">f\u00f6ldbe s\u00fcllyesztett LED l\u00e1mpatest<\/strong> egyar\u00e1nt k\u00edn\u00e1l eszt\u00e9tikai vonzer\u0151t \u00e9s gyakorlati teljes\u00edtm\u00e9nyt.<\/p>\n<hr data-start=\"794\" data-end=\"797\" \/>\n<h2 data-start=\"799\" data-end=\"821\"><strong data-start=\"802\" data-end=\"819\">F\u0151 Jellemz\u0151k:<\/strong><\/h2>\n<ul data-start=\"822\" data-end=\"1664\">\n<li data-start=\"822\" data-end=\"910\">\n<p data-start=\"824\" data-end=\"910\"><strong data-start=\"824\" data-end=\"851\">Magas Hat\u00e9konys\u00e1g\u00fa COB LED<\/strong> \u2013 Stabil f\u00e9nyer\u0151t biztos\u00edt alacsony <strong><a href=\"https:\/\/ledsteplight.com\/hu\/dm36b-pro-honeycomb-anti-glare-led-in-ground-light-ip67-24v-dc\/\" class=\"waam-auto-link\" title=\"energiafogyaszt\u00e1st\">energiafogyaszt\u00e1st<\/a><\/strong>.<\/p>\n<\/li>\n<li data-start=\"911\" data-end=\"1007\">\n<p data-start=\"913\" data-end=\"1007\"><strong data-start=\"913\" data-end=\"932\">8W Teljes\u00edtm\u00e9ny Kimenet<\/strong> \u2013 Magas f\u00e9nyhat\u00e9konys\u00e1got ny\u00fajt, ide\u00e1lis hangs\u00faly- vagy j\u00e1rdavil\u00e1g\u00edt\u00e1shoz.<\/p>\n<\/li>\n<li data-start=\"1008\" data-end=\"1119\">\n<p data-start=\"1010\" data-end=\"1119\"><strong data-start=\"1010\" data-end=\"1042\">Rejtett Telep\u00edt\u00e9si Tervez\u00e9s<\/strong> \u2013 Z\u00f6kken\u0151mentesen integr\u00e1l\u00f3dik mennyezetekbe vagy padl\u00f3kba a tiszta, minimalista megjelen\u00e9s\u00e9rt.<\/p>\n<\/li>\n<li data-start=\"1120\" data-end=\"1217\">\n<p data-start=\"1122\" data-end=\"1217\"><strong data-start=\"1122\" data-end=\"1155\">Pr\u00e9mium Alum\u00ednium Konstrukci\u00f3<\/strong> \u2013 Kiv\u00e1l\u00f3 h\u0151elvezet\u00e9st \u00e9s hossz\u00fa \u00e9lettartamot biztos\u00edt.<\/p>\n<\/li>\n<li data-start=\"1218\" data-end=\"1339\">\n<p data-start=\"1220\" data-end=\"1339\"><strong data-start=\"1220\" data-end=\"1267\">T\u00f6bb Sz\u00ednh\u0151m\u00e9rs\u00e9klet (4000K \/ 6000K)<\/strong> \u2013 V\u00e1lasszon semleges vagy hideg feh\u00e9r k\u00f6z\u00f6tt, hogy illeszkedjen bels\u0151 kialak\u00edt\u00e1s\u00e1hoz.<\/p>\n<\/li>\n<li data-start=\"1340\" data-end=\"1458\">\n<p data-start=\"1342\" data-end=\"1458\"><strong data-start=\"1342\" data-end=\"1401\">Sz\u00e9les Fesz\u00fclts\u00e9gkompatibilit\u00e1s (AC100-240V \/ DC12V \/ DC24V)<\/strong> \u2013 Alkalmas mind lakoss\u00e1gi, mind kereskedelmi k\u00f6rnyezetben.<\/p>\n<\/li>\n<li data-start=\"1459\" data-end=\"1544\">\n<p data-start=\"1461\" data-end=\"1544\"><strong data-start=\"1461\" data-end=\"1488\">Integr\u00e1lt DC24V Meghajt\u00f3<\/strong> \u2013 Stabil \u00e1ramell\u00e1t\u00e1s a k\u00f6vetkezetes vil\u00e1g\u00edt\u00e1si teljes\u00edtm\u00e9ny\u00e9rt.<\/p>\n<\/li>\n<li data-start=\"1545\" data-end=\"1664\">\n<p data-start=\"1547\" data-end=\"1664\"><strong data-start=\"1547\" data-end=\"1573\">IP20 V\u00e9delmi Oszt\u00e1lyzat<\/strong> \u2013 Alkalmas belt\u00e9ri k\u00f6rnyezetekhez, p\u00e9ld\u00e1ul folyos\u00f3khoz, hallokhoz, irod\u00e1khoz \u00e9s bemutat\u00f3terekhez.<\/p>\n<\/li>\n<\/ul>\n<\/blockquote>","protected":false},"excerpt":{"rendered":"<p>V\u00e1s\u00e1rolja meg az MG-DM80c 8W be\u00e9p\u00edtett f\u00f6ld alatti l\u00e1mp\u00e1t, amelyet modern belt\u00e9ri vil\u00e1g\u00edt\u00e1shoz terveztek. COB LED-et, alum\u00ednium h\u00e1zat \u00e9s sz\u00e9les fesz\u00fclts\u00e9g-alkalmazhat\u00f3s\u00e1got k\u00edn\u00e1l, ez a f\u00f6ldbe s\u00fcllyesztett LED l\u00e1mpa hat\u00e9kony, er\u0151s \u00e9s tart\u00f3s vil\u00e1g\u00edt\u00e1st biztos\u00edt mennyezetekhez, j\u00e1rd\u00e1khoz \u00e9s belt\u00e9ri kialak\u00edt\u00e1sokhoz.<\/p>","protected":false},"featured_media":37288,"comment_status":"open","ping_status":"closed","template":"","meta":[],"product_brand":[],"product_cat":[99,100,426,427,428,439,429,440,430,441,431,442,443,432,433,444,464,445,446,434,435,436,437],"product_tag":[102,103,76,111,109,114,115],"class_list":{"0":"post-38034","1":"product","2":"type-product","3":"status-publish","4":"has-post-thumbnail","6":"product_cat-039-series","7":"product_cat-aluminum-ground-light","8":"product_cat-ceiling-recessed","9":"product_cat-ceiling-surface","10":"product_cat-ceiling-suspended","11":"product_cat-commercial","12":"product_cat-drivers","13":"product_cat-education","14":"product_cat-freestanding-light","15":"product_cat-hospitality","16":"product_cat-industrial","17":"product_cat-infrastructure","18":"product_cat-landscape","19":"product_cat-landscaping","20":"product_cat-linear","21":"product_cat-office","22":"product_cat-c-outdoor-lighting","23":"product_cat-residential","24":"product_cat-retail","25":"product_cat-table-lamp","26":"product_cat-track","27":"product_cat-wall-recessed","28":"product_cat-wall-surface","29":"product_tag-039-series","30":"product_tag-aluminum-ground-light","31":"product_tag-aluminum-housing","32":"product_tag-garden-lighting","33":"product_tag-led-fixture","34":"product_tag-pathway-light","35":"product_tag-recessed-light","37":"first","38":"instock","39":"shipping-taxable","40":"product-type-simple"},"_links":{"self":[{"href":"https:\/\/ledsteplight.com\/hu\/wp-json\/wp\/v2\/product\/38034","targetHints":{"allow":["GET"]}}],"collection":[{"href":"https:\/\/ledsteplight.com\/hu\/wp-json\/wp\/v2\/product"}],"about":[{"href":"https:\/\/ledsteplight.com\/hu\/wp-json\/wp\/v2\/types\/product"}],"replies":[{"embeddable":true,"href":"https:\/\/ledsteplight.com\/hu\/wp-json\/wp\/v2\/comments?post=38034"}],"version-history":[{"count":3,"href":"https:\/\/ledsteplight.com\/hu\/wp-json\/wp\/v2\/product\/38034\/revisions"}],"predecessor-version":[{"id":38620,"href":"https:\/\/ledsteplight.com\/hu\/wp-json\/wp\/v2\/product\/38034\/revisions\/38620"}],"wp:featuredmedia":[{"embeddable":true,"href":"https:\/\/ledsteplight.com\/hu\/wp-json\/wp\/v2\/media\/37288"}],"wp:attachment":[{"href":"https:\/\/ledsteplight.com\/hu\/wp-json\/wp\/v2\/media?parent=38034"}],"wp:term":[{"taxonomy":"product_brand","embeddable":true,"href":"https:\/\/ledsteplight.com\/hu\/wp-json\/wp\/v2\/product_brand?post=38034"},{"taxonomy":"product_cat","embeddable":true,"href":"https:\/\/ledsteplight.com\/hu\/wp-json\/wp\/v2\/product_cat?post=38034"},{"taxonomy":"product_tag","embeddable":true,"href":"https:\/\/ledsteplight.com\/hu\/wp-json\/wp\/v2\/product_tag?post=38034"}],"curies":[{"name":"wp","href":"https:\/\/api.w.org\/{rel}","templated":true}]}}