{"id":38035,"date":"2025-09-08T13:04:18","date_gmt":"2025-09-08T13:04:18","guid":{"rendered":"https:\/\/ledsteplight.com\/import-placeholder-for-37193\/"},"modified":"2026-01-19T02:14:23","modified_gmt":"2026-01-19T02:14:23","slug":"gyd038pc-premium-indoor-led-ground-light-recessed-floor-lighting","status":"publish","type":"product","link":"https:\/\/ledsteplight.com\/hu\/gyd038pc-premium-indoor-led-ground-light-recessed-floor-lighting\/","title":{"rendered":"GYD038PC Pr\u00e9mium Belt\u00e9ri LED F\u00f6ldi L\u00e1mpa | Be\u00e9p\u00edtett Padl\u00f3 Vil\u00e1g\u00edt\u00e1s"},"content":{"rendered":"<table class=\"OxEWNITQ\">\n<thead>\n<tr>\n<th><strong>Param\u00e9ter<\/strong><\/th>\n<th><strong>Specifik\u00e1ci\u00f3<\/strong><\/th>\n<\/tr>\n<\/thead>\n<tbody>\n<tr>\n<td><strong>Term\u00e9kk\u00f3d<\/strong><\/td>\n<td>MG-GYD038PC Sorozat<\/td>\n<\/tr>\n<tr>\n<td><strong>Term\u00e9k M\u00e9retek<\/strong><\/td>\n<td>L86<em>W86<\/em>H28mm<\/td>\n<\/tr>\n<tr>\n<td><strong>Kiv\u00e1g\u00e1si M\u00e9ret<\/strong><\/td>\n<td>86 El\u0151re be\u00e1gyazott doboz (Standard 86-os doboz)<\/td>\n<\/tr>\n<tr>\n<td><strong>Funkci\u00f3vez\u00e9rl\u00e9s<\/strong><\/td>\n<td>Ember <strong><a href=\"https:\/\/ledsteplight.com\/hu\/pir-sensor-step-light-top-advantages-for-safety\/\" class=\"waam-auto-link\" title=\"Mozg\u00e1s\u00e9rz\u00e9kel\u0151\">Mozg\u00e1s\u00e9rz\u00e9kel\u0151<\/a><\/strong> Mozg\u00e1s- \u00e9s f\u00e9ny\u00e9rz\u00e9kel\u0151<\/td>\n<\/tr>\n<tr>\n<td><strong>F\u00e9nyforr\u00e1s<\/strong><\/td>\n<td>SMD (Fel\u00fcleti szerel\u00e9s\u0171 eszk\u00f6z)<\/td>\n<\/tr>\n<tr>\n<td><strong>Teljes\u00edtm\u00e9ny<\/strong><\/td>\n<td>0,6W<\/td>\n<\/tr>\n<tr>\n<td><strong>Term\u00e9k S\u00falya<\/strong><\/td>\n<td>0,25kg<\/td>\n<\/tr>\n<tr>\n<td><strong>Bemeneti fesz\u00fclts\u00e9g<\/strong><\/td>\n<td>100-240V, 50~60HZ<\/td>\n<\/tr>\n<tr>\n<td><strong>Vez\u00e9rl\u0151<\/strong><\/td>\n<td>Be\u00e9p\u00edtett<\/td>\n<\/tr>\n<tr>\n<td><strong>Reflektor sz\u00f6g<\/strong><\/td>\n<td>Nem megadott<\/td>\n<\/tr>\n<tr>\n<td><strong><strong><a href=\"https:\/\/ledsteplight.com\/hu\/dm36b-pro-honeycomb-anti-glare-led-in-ground-light-ip67-24v-dc\/\" class=\"waam-auto-link\" title=\"Sz\u00ednh\u0151m\u00e9rs\u00e9klet\">Sz\u00ednh\u0151m\u00e9rs\u00e9klet<\/a><\/strong><\/strong><\/td>\n<td>3000K (Meleg Feh\u00e9r)<\/td>\n<\/tr>\n<tr>\n<td><strong>Vezet\u00e9kez\u00e9s\/Hossz\/Csatlakoz\u00f3<\/strong><\/td>\n<td>Nem megadott (Megfelel\u0151 vezet\u00e9k biztos\u00edtott)<\/td>\n<\/tr>\n<tr>\n<td><strong>Anyag<\/strong><\/td>\n<td>PC (Polikarbon\u00e1t)<\/td>\n<\/tr>\n<tr>\n<td><strong>Sz\u00edn\/Bevonat<\/strong><\/td>\n<td>Matt Feh\u00e9r, Krist\u00e1lyfekete, Misztikus Sz\u00fcrke<\/td>\n<\/tr>\n<tr>\n<td><strong>IP besorol\u00e1s<\/strong><\/td>\n<td>IP20 (Por\u00e1ll\u00f3)<\/td>\n<\/tr>\n<tr>\n<td><strong>Szerel\u00e9si m\u00f3d<\/strong><\/td>\n<td>Rejtett be\u00e9p\u00edt\u00e9s (Fel\u00fclet vagy mennyezet alatti)<\/td>\n<\/tr>\n<\/tbody>\n<\/table>\n<p id=\"\">","protected":false},"excerpt":{"rendered":"<p>Friss\u00edtse belt\u00e9ri kialak\u00edt\u00e1s\u00e1t a GYD038PC pr\u00e9mium LED belt\u00e9ri f\u00f6ldalatti l\u00e1mp\u00e1val. Eleg\u00e1ns be\u00e9p\u00edtett kialak\u00edt\u00e1s, tart\u00f3s szerkezet \u00e9s hat\u00e9kony vil\u00e1g\u00edt\u00e1s folyos\u00f3khoz, el\u0151csarnokokhoz \u00e9s \u00e9p\u00edt\u00e9szeti terekhez.<\/p>","protected":false},"featured_media":37289,"comment_status":"open","ping_status":"closed","template":"","meta":[],"product_brand":[],"product_cat":[116,99,100,426,427,428,439,429,440,430,441,431,442,443,432,433,444,464,445,446,434,435,436,437],"product_tag":[117,102,103,76,77,110,114,115],"class_list":{"0":"post-38035","1":"product","2":"type-product","3":"status-publish","4":"has-post-thumbnail","6":"product_cat-038-series","7":"product_cat-039-series","8":"product_cat-aluminum-ground-light","9":"product_cat-ceiling-recessed","10":"product_cat-ceiling-surface","11":"product_cat-ceiling-suspended","12":"product_cat-commercial","13":"product_cat-drivers","14":"product_cat-education","15":"product_cat-freestanding-light","16":"product_cat-hospitality","17":"product_cat-industrial","18":"product_cat-infrastructure","19":"product_cat-landscape","20":"product_cat-landscaping","21":"product_cat-linear","22":"product_cat-office","23":"product_cat-c-outdoor-lighting","24":"product_cat-residential","25":"product_cat-retail","26":"product_cat-table-lamp","27":"product_cat-track","28":"product_cat-wall-recessed","29":"product_cat-wall-surface","30":"product_tag-038-series","31":"product_tag-039-series","32":"product_tag-aluminum-ground-light","33":"product_tag-aluminum-housing","34":"product_tag-ground-light","35":"product_tag-landscape-light","36":"product_tag-pathway-light","37":"product_tag-recessed-light","39":"first","40":"instock","41":"shipping-taxable","42":"product-type-simple"},"_links":{"self":[{"href":"https:\/\/ledsteplight.com\/hu\/wp-json\/wp\/v2\/product\/38035","targetHints":{"allow":["GET"]}}],"collection":[{"href":"https:\/\/ledsteplight.com\/hu\/wp-json\/wp\/v2\/product"}],"about":[{"href":"https:\/\/ledsteplight.com\/hu\/wp-json\/wp\/v2\/types\/product"}],"replies":[{"embeddable":true,"href":"https:\/\/ledsteplight.com\/hu\/wp-json\/wp\/v2\/comments?post=38035"}],"version-history":[{"count":3,"href":"https:\/\/ledsteplight.com\/hu\/wp-json\/wp\/v2\/product\/38035\/revisions"}],"predecessor-version":[{"id":38621,"href":"https:\/\/ledsteplight.com\/hu\/wp-json\/wp\/v2\/product\/38035\/revisions\/38621"}],"wp:featuredmedia":[{"embeddable":true,"href":"https:\/\/ledsteplight.com\/hu\/wp-json\/wp\/v2\/media\/37289"}],"wp:attachment":[{"href":"https:\/\/ledsteplight.com\/hu\/wp-json\/wp\/v2\/media?parent=38035"}],"wp:term":[{"taxonomy":"product_brand","embeddable":true,"href":"https:\/\/ledsteplight.com\/hu\/wp-json\/wp\/v2\/product_brand?post=38035"},{"taxonomy":"product_cat","embeddable":true,"href":"https:\/\/ledsteplight.com\/hu\/wp-json\/wp\/v2\/product_cat?post=38035"},{"taxonomy":"product_tag","embeddable":true,"href":"https:\/\/ledsteplight.com\/hu\/wp-json\/wp\/v2\/product_tag?post=38035"}],"curies":[{"name":"wp","href":"https:\/\/api.w.org\/{rel}","templated":true}]}}