{"id":38037,"date":"2025-09-08T13:04:18","date_gmt":"2025-09-08T13:04:18","guid":{"rendered":"https:\/\/ledsteplight.com\/import-placeholder-for-37195\/"},"modified":"2026-01-19T02:14:22","modified_gmt":"2026-01-19T02:14:22","slug":"wb30rc-outdoor-stair-wall-light-hotel-corridor-lighting-manufacturer","status":"publish","type":"product","link":"https:\/\/ledsteplight.com\/hu\/wb30rc-outdoor-stair-wall-light-hotel-corridor-lighting-manufacturer\/","title":{"rendered":"WB30Rc k\u00fclt\u00e9ri l\u00e9pcs\u0151fal l\u00e1mpa | Sz\u00e1lloda \u00e9s folyos\u00f3 vil\u00e1g\u00edt\u00e1s gy\u00e1rt\u00f3"},"content":{"rendered":"<table data-start=\"72\" data-end=\"1252\">\n<thead data-start=\"72\" data-end=\"162\">\n<tr data-start=\"72\" data-end=\"162\">\n<th data-start=\"72\" data-end=\"100\"><strong data-start=\"74\" data-end=\"87\">Param\u00e9ter<\/strong><\/th>\n<th data-start=\"100\" data-end=\"162\"><strong data-start=\"102\" data-end=\"119\">Specifik\u00e1ci\u00f3<\/strong><\/th>\n<\/tr>\n<\/thead>\n<tbody data-start=\"254\" data-end=\"1252\">\n<tr data-start=\"254\" data-end=\"347\">\n<td><strong data-start=\"256\" data-end=\"265\">C\u00edm<\/strong><\/td>\n<td>MG-WB30Rc Ultra-Slim LED <strong><a href=\"https:\/\/ledsteplight.com\/hu\/cree-bridgelux-chip-ip65-led-fixture-for-garden-facade-lighting\/\" class=\"waam-auto-link\" title=\"Fali l\u00e1mpa\">Fali l\u00e1mpa<\/a><\/strong> | 5W, IP65, Dimmelhet\u0151 Most<\/td>\n<\/tr>\n<tr data-start=\"348\" data-end=\"437\">\n<td><strong data-start=\"350\" data-end=\"367\">Term\u00e9kk\u00f3d<\/strong><\/td>\n<td>MG-WB30Rc<\/td>\n<\/tr>\n<tr data-start=\"438\" data-end=\"528\">\n<td><strong data-start=\"440\" data-end=\"454\">M\u00e9ret<\/strong><\/td>\n<td>\u00d870mm x H150mm x 30mm m\u00e9lys\u00e9g<\/td>\n<\/tr>\n<tr data-start=\"529\" data-end=\"619\">\n<td><strong data-start=\"531\" data-end=\"545\">LED Modul<\/strong><\/td>\n<td>Magas hat\u00e9konys\u00e1g\u00fa 5W LED<\/td>\n<\/tr>\n<tr data-start=\"620\" data-end=\"710\">\n<td><strong data-start=\"622\" data-end=\"643\"><strong><a href=\"https:\/\/ledsteplight.com\/hu\/dm36b-pro-honeycomb-anti-glare-led-in-ground-light-ip67-24v-dc\/\" class=\"waam-auto-link\" title=\"Sz\u00ednh\u0151m\u00e9rs\u00e9klet\">Sz\u00ednh\u0151m\u00e9rs\u00e9klet<\/a><\/strong><\/strong><\/td>\n<td>3000K \/ 4000K \/ 5700K<\/td>\n<\/tr>\n<tr data-start=\"711\" data-end=\"801\">\n<td><strong data-start=\"713\" data-end=\"730\">Bemeneti fesz\u00fclts\u00e9g<\/strong><\/td>\n<td>AC100-240V, 50-60Hz<\/td>\n<\/tr>\n<tr data-start=\"802\" data-end=\"890\">\n<td><strong data-start=\"804\" data-end=\"814\">Vez\u00e9rl\u0151<\/strong><\/td>\n<td>Integr\u00e1lt \u00e1lland\u00f3 fesz\u00fclts\u00e9g (DC24V)<\/td>\n<\/tr>\n<tr data-start=\"891\" data-end=\"981\">\n<td><strong data-start=\"893\" data-end=\"905\">Anyag<\/strong><\/td>\n<td>\u00f6nt\u00f6tt alum\u00ednium<\/td>\n<\/tr>\n<tr data-start=\"982\" data-end=\"1072\">\n<td><strong data-start=\"984\" data-end=\"994\">Fel\u00fclet<\/strong><\/td>\n<td>Feh\u00e9r \/ Fekete<\/td>\n<\/tr>\n<tr data-start=\"1073\" data-end=\"1163\">\n<td><strong data-start=\"1075\" data-end=\"1088\">IP besorol\u00e1s<\/strong><\/td>\n<td>IP65<\/td>\n<\/tr>\n<tr data-start=\"1164\" data-end=\"1252\">\n<td><strong data-start=\"1166\" data-end=\"1186\">Dimmel\u00e9si funkci\u00f3<\/strong><\/td>\n<td>Opcion\u00e1lis (kompatibilis driverrel)<\/td>\n<\/tr>\n<\/tbody>\n<\/table>\n<p data-start=\"897\" data-end=\"1276\"><strong data-start=\"901\" data-end=\"937\">WB30Rc ultra-v\u00e9kony LED fali l\u00e1mpa<\/strong> ide\u00e1lis v\u00e1laszt\u00e1s <strong data-start=\"961\" data-end=\"1013\">sz\u00e1llodai folyos\u00f3k, l\u00e9pcs\u0151h\u00e1zak \u00e9s k\u00fclt\u00e9ri j\u00e1rd\u00e1k sz\u00e1m\u00e1ra<\/strong>, mind funkcionalit\u00e1st, mind eleg\u00e1ns \u00e9p\u00edt\u00e9szeti megjelen\u00e9st k\u00edn\u00e1lva. Egy <strong data-start=\"1084\" data-end=\"1107\"><strong><a href=\"https:\/\/ledsteplight.com\/hu\/5w-led-in-ground-lights-ip65-waterproof-outdoor-driveway-garden-floor-lighting\/\" class=\"waam-auto-link\" title=\"5W LED f\u00e9ny\">5W LED f\u00e9ny<\/a><\/strong> forr\u00e1s<\/strong> \u00e9s <strong data-start=\"1112\" data-end=\"1138\">IP65 v\u00edz\u00e1ll\u00f3 besorol\u00e1s<\/strong>, f\u00e9nyes, t\u00fckr\u00f6z\u00e9smentes vil\u00e1g\u00edt\u00e1st ny\u00fajt <strong><a href=\"https:\/\/ledsteplight.com\/hu\/pir-sensor-step-light-top-advantages-for-safety\/\" class=\"waam-auto-link\" title=\"megvil\u00e1g\u00edt\u00e1s\u00e9rt\">megvil\u00e1g\u00edt\u00e1s\u00e9rt<\/a><\/strong> mik\u00f6zben meg\u0151rzi a karcs\u00fa, modern profilt, amely alkalmas kereskedelmi \u00e9s lakoss\u00e1gi projektekhez.<\/p>\n<p data-start=\"1278\" data-end=\"1640\">Mint megb\u00edzhat\u00f3 <strong data-start=\"1291\" data-end=\"1348\">LED falvil\u00e1g\u00edt\u00f3 gy\u00e1rt\u00f3 \u00e9s OEM besz\u00e1ll\u00edt\u00f3 K\u00edn\u00e1ban<\/strong>, mi biztos\u00edtjuk <strong data-start=\"1361\" data-end=\"1394\">egyedi vil\u00e1g\u00edt\u00e1si megold\u00e1sok<\/strong> \u00e9p\u00edt\u00e9szek, kivitelez\u0151k \u00e9s projekttervez\u0151k sz\u00e1m\u00e1ra vil\u00e1gszerte. A <strong data-start=\"1461\" data-end=\"1491\">WB30Rc be\u00e9p\u00edthet\u0151 falil\u00e1mpa<\/strong> biztos\u00edt stabil m\u0171k\u00f6d\u00e9st, hossz\u00fa \u00e9lettartamot \u00e9s energiahat\u00e9konys\u00e1got\u2014ide\u00e1lis <strong data-start=\"1569\" data-end=\"1637\">\u00e9p\u00fcletek homlokzat\u00e1ra, l\u00e9pcs\u0151kre, teraszokra \u00e9s t\u00e1jk\u00e9pi k\u00f6rnyezetekbe<\/strong>.<\/p>\n<p>&nbsp;<\/p>","protected":false},"excerpt":{"rendered":"<p>WB30Rc k\u00fclt\u00e9ri l\u00e9pcs\u0151fal l\u00e1mpa sz\u00e1llod\u00e1k \u00e9s folyos\u00f3k vil\u00e1g\u00edt\u00e1s\u00e1hoz. 5W LED, IP65 v\u00edz\u00e1ll\u00f3, OEM\/ODM gy\u00e1rt\u00f3 modern \u00e9p\u00edt\u00e9szeti vil\u00e1g\u00edt\u00e1sban K\u00edn\u00e1ban.<\/p>","protected":false},"featured_media":37301,"comment_status":"open","ping_status":"closed","template":"","meta":[],"product_brand":[],"product_cat":[69,100,426,427,428,439,429,440,118,430,441,431,442,443,432,433,444,464,445,446,434,435,436,437],"product_tag":[74,103,76,119,83],"class_list":{"0":"post-38037","1":"product","2":"type-product","3":"status-publish","4":"has-post-thumbnail","6":"product_cat-5w","7":"product_cat-aluminum-ground-light","8":"product_cat-ceiling-recessed","9":"product_cat-ceiling-surface","10":"product_cat-ceiling-suspended","11":"product_cat-commercial","12":"product_cat-drivers","13":"product_cat-education","14":"product_cat-frameless-ground-light","15":"product_cat-freestanding-light","16":"product_cat-hospitality","17":"product_cat-industrial","18":"product_cat-infrastructure","19":"product_cat-landscape","20":"product_cat-landscaping","21":"product_cat-linear","22":"product_cat-office","23":"product_cat-c-outdoor-lighting","24":"product_cat-residential","25":"product_cat-retail","26":"product_cat-table-lamp","27":"product_cat-track","28":"product_cat-wall-recessed","29":"product_cat-wall-surface","30":"product_tag-5w-led","31":"product_tag-aluminum-ground-light","32":"product_tag-aluminum-housing","33":"product_tag-frameless-ground-light","34":"product_tag-waterproof-fixture","36":"first","37":"instock","38":"shipping-taxable","39":"product-type-simple"},"_links":{"self":[{"href":"https:\/\/ledsteplight.com\/hu\/wp-json\/wp\/v2\/product\/38037","targetHints":{"allow":["GET"]}}],"collection":[{"href":"https:\/\/ledsteplight.com\/hu\/wp-json\/wp\/v2\/product"}],"about":[{"href":"https:\/\/ledsteplight.com\/hu\/wp-json\/wp\/v2\/types\/product"}],"replies":[{"embeddable":true,"href":"https:\/\/ledsteplight.com\/hu\/wp-json\/wp\/v2\/comments?post=38037"}],"version-history":[{"count":3,"href":"https:\/\/ledsteplight.com\/hu\/wp-json\/wp\/v2\/product\/38037\/revisions"}],"predecessor-version":[{"id":38623,"href":"https:\/\/ledsteplight.com\/hu\/wp-json\/wp\/v2\/product\/38037\/revisions\/38623"}],"wp:featuredmedia":[{"embeddable":true,"href":"https:\/\/ledsteplight.com\/hu\/wp-json\/wp\/v2\/media\/37301"}],"wp:attachment":[{"href":"https:\/\/ledsteplight.com\/hu\/wp-json\/wp\/v2\/media?parent=38037"}],"wp:term":[{"taxonomy":"product_brand","embeddable":true,"href":"https:\/\/ledsteplight.com\/hu\/wp-json\/wp\/v2\/product_brand?post=38037"},{"taxonomy":"product_cat","embeddable":true,"href":"https:\/\/ledsteplight.com\/hu\/wp-json\/wp\/v2\/product_cat?post=38037"},{"taxonomy":"product_tag","embeddable":true,"href":"https:\/\/ledsteplight.com\/hu\/wp-json\/wp\/v2\/product_tag?post=38037"}],"curies":[{"name":"wp","href":"https:\/\/api.w.org\/{rel}","templated":true}]}}