{"id":38038,"date":"2025-09-08T13:04:18","date_gmt":"2025-09-08T13:04:18","guid":{"rendered":"https:\/\/ledsteplight.com\/import-placeholder-for-37196\/"},"modified":"2026-01-19T02:14:22","modified_gmt":"2026-01-19T02:14:22","slug":"3w-low-voltage-led-in-ground-light-waterproof-ip65-recessed-ground-lamp-for-path-driveway","status":"publish","type":"product","link":"https:\/\/ledsteplight.com\/hu\/3w-low-voltage-led-in-ground-light-waterproof-ip65-recessed-ground-lamp-for-path-driveway\/","title":{"rendered":"3W alacsony fesz\u00fclts\u00e9g\u0171 LED f\u00f6ldbe s\u00fcllyesztett l\u00e1mpa | V\u00edz\u00e1ll\u00f3 IP65 be\u00e9p\u00edtett f\u00f6ldalatti l\u00e1mpa j\u00e1rd\u00e1hoz \u00e9s aut\u00f3be\u00e1ll\u00f3hoz"},"content":{"rendered":"<table class=\"OxEWNITQ\">\n<thead>\n<tr>\n<th>Param\u00e9ter<\/th>\n<th>Specifik\u00e1ci\u00f3<\/th>\n<\/tr>\n<\/thead>\n<tbody>\n<tr>\n<td>Term\u00e9kk\u00f3d<\/td>\n<td>MG-WB3636<\/td>\n<\/tr>\n<tr>\n<td>Term\u00e9k m\u00e9rete (M\u00e9ret)<\/td>\n<td>L136<em>W100<\/em>H50mm<\/td>\n<\/tr>\n<tr>\n<td>V\u00e1g\u00e1si m\u00e9ret (V\u00e1g\u00e1si m\u00e9ret)<\/td>\n<td>Szerel\u00e9si rajz a specifik\u00e1ci\u00f3kra utal<\/td>\n<\/tr>\n<tr>\n<td>Funkci\u00f3 vez\u00e9rl\u00e9s (Funkci\u00f3 vez\u00e9rl\u00e9s)<\/td>\n<td>Kapcsol\u00f3vez\u00e9rl\u00e9s<\/td>\n<\/tr>\n<tr>\n<td>F\u00e9nyforr\u00e1s (F\u00e9nyforr\u00e1s)<\/td>\n<td>OSRAM \/ CREE<\/td>\n<\/tr>\n<tr>\n<td>Fogyaszt\u00e1s (Watt)<\/td>\n<td>3W (700mA)<\/td>\n<\/tr>\n<tr>\n<td>Term\u00e9k S\u00falya (S\u00faly)<\/td>\n<td>0,7kg<\/td>\n<\/tr>\n<tr>\n<td>Bemeneti Elektromos Param\u00e9terek (AC Bemenet)<\/td>\n<td>100-240V, 50~60HZ<\/td>\n<\/tr>\n<tr>\n<td>Vez\u00e9rl\u0151 (Vez\u00e9rl\u0151)<\/td>\n<td>(Nem szerepel az eredeti adatok k\u00f6z\u00f6tt, \u00e1ltal\u00e1ban integr\u00e1lt vagy k\u00fcls\u0151 vez\u00e9rl\u0151t haszn\u00e1lnak)<\/td>\n<\/tr>\n<tr>\n<td>Reflektor Sz\u00f6ge (Reflektor Sz\u00f6ge)<\/td>\n<td>(Nem szerepel az adatok k\u00f6z\u00f6tt)<\/td>\n<\/tr>\n<tr>\n<td>Sz\u00ednh\u0151m\u00e9rs\u00e9klet (Sz\u00ednh\u0151m\u00e9rs\u00e9klet)<\/td>\n<td>2700K, 3000K, 4000K, 6000K<\/td>\n<\/tr>\n<tr>\n<td>Vezet\u00e9k\/Hossz\/Csatlakoz\u00f3 (Csatlakoz\u00e1s)<\/td>\n<td>(Nem szerepel az eredeti adatok k\u00f6z\u00f6tt)<\/td>\n<\/tr>\n<tr>\n<td>Term\u00e9k Anyaga (Anyag)<\/td>\n<td>(Nem szerepel kifejezetten r\u00f6vid\u00edtve, de \u00e1ltal\u00e1ban Alum\u00ednium vagy hasonl\u00f3 ilyen term\u00e9kekhez)<\/td>\n<\/tr>\n<tr>\n<td>Sz\u00edn\/Bevonat (Sz\u00edn)<\/td>\n<td>Feh\u00e9r \/ Fekete<\/td>\n<\/tr>\n<tr>\n<td>IP Oszt\u00e1lyoz\u00e1s (IP)<\/td>\n<td>IP20\/IP65<\/td>\n<\/tr>\n<tr>\n<td>Szerel\u00e9si M\u00f3d (Szerel\u00e9s)<\/td>\n<td>Rejtett Be\u00e9p\u00edt\u00e9s (el\u0151re be\u00e1gyazott dobozzal a szerel\u00e9si rajz szerint)<\/td>\n<\/tr>\n<\/tbody>\n<\/table>\n<p>&nbsp;<\/p>\n<div id=\"product_tag\" class=\"tagsdiv\"><\/div>\n<p><b>MG-WB3636 3W alacsony fesz\u00fclts\u00e9g <strong><a href=\"https:\/\/ledsteplight.com\/hu\/dm36b-pro-honeycomb-anti-glare-led-in-ground-light-ip67-24v-dc\/\" class=\"waam-auto-link\" title=\"LED f\u00f6ldbe s\u00fcllyesztett l\u00e1mpa\">LED f\u00f6ldbe s\u00fcllyesztett l\u00e1mpa<\/a><\/strong><\/b> egy massz\u00edv \u00e9s energiatakar\u00e9kos megold\u00e1s, amelyet professzion\u00e1lis k\u00fclt\u00e9ri t\u00e1j\u00e9p\u00edt\u00e9szeti projektekhez terveztek. A z\u00f6kken\u0151mentes integr\u00e1ci\u00f3 \u00e9rdek\u00e9ben kialak\u00edtva, ez az egys\u00e9g pr\u00e9mium v\u00e1laszt\u00e1s az \u00f6sv\u00e9nyek, bej\u00e1ratok, kert\u00e9szeti elemek \u00e9s \u00e9p\u00edt\u00e9szeti d\u00edsz\u00edt\u0151elemek megvil\u00e1g\u00edt\u00e1s\u00e1ra. Magas teljes\u00edtm\u00e9ny\u0171 <b>3W OSRAM \/ <strong><a href=\"https:\/\/ledsteplight.com\/hu\/cree-bridgelux-chip-ip65-led-fixture-for-garden-facade-lighting\/\" class=\"waam-auto-link\" title=\"CREE LED\">CREE LED<\/a><\/strong> chipek<\/b> haszn\u00e1l, hogy kiv\u00e1l\u00f3 f\u00e9nyer\u0151t \u00e9s sz\u00ednkonzisztenci\u00e1t biztos\u00edtson, hossz\u00fa t\u00e1v\u00fa megb\u00edzhat\u00f3s\u00e1got garant\u00e1lva. Egy <b>kisfesz\u00fclts\u00e9g\u0171<\/b> rendszeren m\u0171k\u00f6dik, amely megk\u00f6nny\u00edti a telep\u00edt\u00e9st \u00e9s jelent\u0151sen n\u00f6veli a biztons\u00e1got a magas fesz\u00fclts\u00e9g\u0171 alternat\u00edv\u00e1khoz k\u00e9pest. Kiv\u00e1l\u00f3 <b>IP65 v\u00e9detts\u00e9gi besorol\u00e1ssal<\/b>, az MG-WB3636 teljesen z\u00e1rt, hogy ellen\u00e1lljon a zord id\u0151j\u00e1r\u00e1si k\u00f6r\u00fclm\u00e9nyeknek, bele\u00e9rtve az er\u0151s es\u0151t \u00e9s a port, garant\u00e1lva a tart\u00f3s teljes\u00edtm\u00e9nyt b\u00e1rmilyen k\u00fcls\u0151 k\u00f6rnyezetben.<\/p>\n<p>Ez a be\u00e9p\u00edtett f\u00f6ldalatti l\u00e1mpa kompakt kialak\u00edt\u00e1ssal rendelkezik (L136mm x W100mm x H50mm kiv\u00e1g\u00e1si m\u00e9ret), \u00e9s egy <b>be\u00e9p\u00edtett rejtett m\u00f3dszerrel<\/b> telep\u00edtik el\u0151re be\u00e1sott dobozzal, \u00edgy nappal szinte l\u00e1thatatlan. Kiv\u00e9teles sokoldal\u00fas\u00e1got k\u00edn\u00e1l t\u00f6bb <b>Sz\u00ednh\u0151m\u00e9rs\u00e9klet (CCT)<\/b> opci\u00f3val: Meleg Feh\u00e9r (2700K\/3000K) a hangulatos atmoszf\u00e9ra \u00e9rdek\u00e9ben, vagy H\u0171v\u00f6s Feh\u00e9r (4000K\/6000K) a vil\u00e1gosabb, modern megjelen\u00e9shez. Az univerz\u00e1lis <b>100-240V AC bemenettel<\/b> egyszer\u0171s\u00edti a glob\u00e1lis telep\u00edt\u00e9st. Feh\u00e9r vagy Fekete kivitelben el\u00e9rhet\u0151, a MG-WB3636 k\u00fclt\u00e9ri tereket alak\u00edt \u00e1t azzal, hogy c\u00e9lzott <b>f\u00e9nyemel\u00e9st<\/b> ny\u00fajt f\u00e1k \u00e9s falak sz\u00e1m\u00e1ra, vagy alapvet\u0151 <b><strong><a href=\"https:\/\/ledsteplight.com\/hu\/mistakes-to-avoid-when-installing-in-ground-driveway-lights\/\" class=\"waam-auto-link\" title=\"f\u00f6ldmegvil\u00e1g\u00edt\u00e1st\">f\u00f6ldmegvil\u00e1g\u00edt\u00e1st<\/a><\/strong><\/b> biztos\u00edt a biztons\u00e1gos \u00e9s st\u00edlusos navig\u00e1ci\u00f3 \u00e9rdek\u00e9ben az \u00f6sv\u00e9nyeken \u00e9s l\u00e9pcs\u0151k\u00f6n. A professzion\u00e1lis szint\u0171 vil\u00e1g\u00edt\u00e1s, biztons\u00e1g \u00e9s diszkr\u00e9t kialak\u00edt\u00e1s t\u00f6k\u00e9letes kombin\u00e1ci\u00f3j\u00e1t k\u00e9pviseli.<\/p>","protected":false},"excerpt":{"rendered":"<p><b>MG-WB3636 3W alacsony fesz\u00fclts\u00e9g\u0171 LED f\u00f6ldbe s\u00fcllyesztett l\u00e1mpa<\/b> egy <b>IP65 v\u00edz\u00e1ll\u00f3 be\u00e9p\u00edtett f\u00f6ldalatti l\u00e1mpa<\/b> OSRAM\/CREE chipekkel. Ide\u00e1lis professzion\u00e1lis <b>t\u00e1j\u00e9p\u00edt\u00e9szeti \u00f6sv\u00e9ny- \u00e9s bej\u00e1rati vil\u00e1g\u00edt\u00e1shoz<\/b>. Tart\u00f3s \u00e9s magas teljes\u00edtm\u00e9ny\u0171, el\u00e9rhet\u0151 2700K-6000K CCT-ben.<\/p>","protected":false},"featured_media":37306,"comment_status":"open","ping_status":"closed","template":"","meta":[],"product_brand":[],"product_cat":[100,426,427,428,439,429,440,118,430,441,431,442,443,432,433,444,464,445,446,434,435,436,437],"product_tag":[132,121,133,122,134,103,124,135],"class_list":{"0":"post-38038","1":"product","2":"type-product","3":"status-publish","4":"has-post-thumbnail","6":"product_cat-aluminum-ground-light","7":"product_cat-ceiling-recessed","8":"product_cat-ceiling-surface","9":"product_cat-ceiling-suspended","10":"product_cat-commercial","11":"product_cat-drivers","12":"product_cat-education","13":"product_cat-frameless-ground-light","14":"product_cat-freestanding-light","15":"product_cat-hospitality","16":"product_cat-industrial","17":"product_cat-infrastructure","18":"product_cat-landscape","19":"product_cat-landscaping","20":"product_cat-linear","21":"product_cat-office","22":"product_cat-c-outdoor-lighting","23":"product_cat-residential","24":"product_cat-retail","25":"product_cat-table-lamp","26":"product_cat-track","27":"product_cat-wall-recessed","28":"product_cat-wall-surface","29":"product_tag-2700k-led-light","30":"product_tag-3000k-led-light","31":"product_tag-3w-led-light-fixture","32":"product_tag-4000k-led-light","33":"product_tag-6000k-led-light","34":"product_tag-aluminum-ground-light","35":"product_tag-aluminum-led-light","36":"product_tag-architectural-led-lighting","38":"first","39":"instock","40":"shipping-taxable","41":"product-type-simple"},"_links":{"self":[{"href":"https:\/\/ledsteplight.com\/hu\/wp-json\/wp\/v2\/product\/38038","targetHints":{"allow":["GET"]}}],"collection":[{"href":"https:\/\/ledsteplight.com\/hu\/wp-json\/wp\/v2\/product"}],"about":[{"href":"https:\/\/ledsteplight.com\/hu\/wp-json\/wp\/v2\/types\/product"}],"replies":[{"embeddable":true,"href":"https:\/\/ledsteplight.com\/hu\/wp-json\/wp\/v2\/comments?post=38038"}],"version-history":[{"count":3,"href":"https:\/\/ledsteplight.com\/hu\/wp-json\/wp\/v2\/product\/38038\/revisions"}],"predecessor-version":[{"id":38624,"href":"https:\/\/ledsteplight.com\/hu\/wp-json\/wp\/v2\/product\/38038\/revisions\/38624"}],"wp:featuredmedia":[{"embeddable":true,"href":"https:\/\/ledsteplight.com\/hu\/wp-json\/wp\/v2\/media\/37306"}],"wp:attachment":[{"href":"https:\/\/ledsteplight.com\/hu\/wp-json\/wp\/v2\/media?parent=38038"}],"wp:term":[{"taxonomy":"product_brand","embeddable":true,"href":"https:\/\/ledsteplight.com\/hu\/wp-json\/wp\/v2\/product_brand?post=38038"},{"taxonomy":"product_cat","embeddable":true,"href":"https:\/\/ledsteplight.com\/hu\/wp-json\/wp\/v2\/product_cat?post=38038"},{"taxonomy":"product_tag","embeddable":true,"href":"https:\/\/ledsteplight.com\/hu\/wp-json\/wp\/v2\/product_tag?post=38038"}],"curies":[{"name":"wp","href":"https:\/\/api.w.org\/{rel}","templated":true}]}}