{"id":38039,"date":"2025-09-08T13:04:18","date_gmt":"2025-09-08T13:04:18","guid":{"rendered":"https:\/\/ledsteplight.com\/import-placeholder-for-37209\/"},"modified":"2026-01-19T02:14:21","modified_gmt":"2026-01-19T02:14:21","slug":"sn039-18525-outdoor-led-ground-light-landscape-pathway-lighting-manufacturer","status":"publish","type":"product","link":"https:\/\/ledsteplight.com\/hu\/sn039-18525-outdoor-led-ground-light-landscape-pathway-lighting-manufacturer\/","title":{"rendered":"SN039-18525 K\u00fclt\u00e9ri LED talajf\u00e9ny | T\u00e1j- \u00e9s j\u00e1rdavil\u00e1g\u00edt\u00e1s Gy\u00e1rt\u00f3"},"content":{"rendered":"<table data-start=\"98\" data-end=\"1501\">\n<thead data-start=\"98\" data-end=\"185\">\n<tr data-start=\"98\" data-end=\"185\">\n<th data-start=\"98\" data-end=\"126\"><strong data-start=\"100\" data-end=\"113\">Param\u00e9ter<\/strong><\/th>\n<th data-start=\"126\" data-end=\"185\"><strong data-start=\"128\" data-end=\"145\">Specifik\u00e1ci\u00f3<\/strong><\/th>\n<\/tr>\n<\/thead>\n<tbody data-start=\"274\" data-end=\"1501\">\n<tr data-start=\"274\" data-end=\"361\">\n<td><strong data-start=\"276\" data-end=\"293\">Term\u00e9kk\u00f3d<\/strong><\/td>\n<td>MG-SN039-18525<\/td>\n<\/tr>\n<tr data-start=\"362\" data-end=\"449\">\n<td><strong data-start=\"364\" data-end=\"380\">Term\u00e9k m\u00e9rete<\/strong><\/td>\n<td>\u00d839mm x H185mm<\/td>\n<\/tr>\n<tr data-start=\"450\" data-end=\"537\">\n<td><strong data-start=\"452\" data-end=\"468\">Kiv\u00e1g\u00e1si M\u00e9ret<\/strong><\/td>\n<td>\u00d835mm (k\u00f6r\u00fclbel\u00fcl)<\/td>\n<\/tr>\n<tr data-start=\"538\" data-end=\"625\">\n<td><strong data-start=\"540\" data-end=\"560\">Funkci\u00f3vez\u00e9rl\u00e9s<\/strong><\/td>\n<td>Be\/Ki; opcion\u00e1lis f\u00e9nyer\u0151-szab\u00e1lyoz\u00e1s el\u00e9rhet\u0151<\/td>\n<\/tr>\n<tr data-start=\"626\" data-end=\"713\">\n<td><strong data-start=\"628\" data-end=\"644\">F\u00e9nyforr\u00e1s<\/strong><\/td>\n<td>Magas hat\u00e9konys\u00e1g\u00fa CREE LED<\/td>\n<\/tr>\n<tr data-start=\"714\" data-end=\"799\">\n<td><strong data-start=\"716\" data-end=\"727\">Teljes\u00edtm\u00e9ny<\/strong><\/td>\n<td>6W<\/td>\n<\/tr>\n<tr data-start=\"800\" data-end=\"887\">\n<td><strong data-start=\"802\" data-end=\"812\">S\u00faly<\/strong><\/td>\n<td>0,45kg (k\u00f6r\u00fclbel\u00fcl)<\/td>\n<\/tr>\n<tr data-start=\"888\" data-end=\"975\">\n<td><strong data-start=\"890\" data-end=\"902\">AC bemenet<\/strong><\/td>\n<td>100-240V, 50-60Hz<\/td>\n<\/tr>\n<tr data-start=\"976\" data-end=\"1063\">\n<td><strong data-start=\"978\" data-end=\"988\">Vez\u00e9rl\u0151<\/strong><\/td>\n<td>Integr\u00e1lt driver<\/td>\n<\/tr>\n<tr data-start=\"1064\" data-end=\"1151\">\n<td><strong data-start=\"1066\" data-end=\"1087\"><strong><a href=\"https:\/\/ledsteplight.com\/hu\/dm36b-pro-honeycomb-anti-glare-led-in-ground-light-ip67-24v-dc\/\" class=\"waam-auto-link\" title=\"Sz\u00ednh\u0151m\u00e9rs\u00e9klet\">Sz\u00ednh\u0151m\u00e9rs\u00e9klet<\/a><\/strong><\/strong><\/td>\n<td>3000K, 4000K, 5700K<\/td>\n<\/tr>\n<tr data-start=\"1152\" data-end=\"1239\">\n<td><strong data-start=\"1154\" data-end=\"1166\">Anyag<\/strong><\/td>\n<td>Alum\u00ednium\u00f6tv\u00f6zet<\/td>\n<\/tr>\n<tr data-start=\"1240\" data-end=\"1327\">\n<td><strong data-start=\"1242\" data-end=\"1259\">Sz\u00ednv\u00e1laszt\u00e9k<\/strong><\/td>\n<td>Feh\u00e9r \/ Fekete<\/td>\n<\/tr>\n<tr data-start=\"1328\" data-end=\"1413\">\n<td><strong data-start=\"1330\" data-end=\"1343\">IP besorol\u00e1s<\/strong><\/td>\n<td>IP65<\/td>\n<\/tr>\n<tr data-start=\"1414\" data-end=\"1501\">\n<td><strong data-start=\"1416\" data-end=\"1432\">Telep\u00edt\u00e9s<\/strong><\/td>\n<td>Rejtett f\u00f6ldbe s\u00fcllyesztett szerel\u00e9s<\/td>\n<\/tr>\n<\/tbody>\n<\/table>\n<p data-start=\"876\" data-end=\"1288\"><strong data-start=\"880\" data-end=\"920\">SN039-18525 K\u00fclt\u00e9ri LED <strong><a href=\"https:\/\/ledsteplight.com\/hu\/5w-led-in-ground-lights-ip65-waterproof-outdoor-driveway-garden-floor-lighting\/\" class=\"waam-auto-link\" title=\"F\u00f6ldi f\u00e9ny\">F\u00f6ldi f\u00e9ny<\/a><\/strong><\/strong> tervezve van <strong data-start=\"937\" data-end=\"996\">kert, s\u00e9t\u00e1ny, \u00e9s <strong><a href=\"https:\/\/ledsteplight.com\/hu\/cree-bridgelux-chip-ip65-led-fixture-for-garden-facade-lighting\/\" class=\"waam-auto-link\" title=\"\u00e9p\u00edt\u00e9szeti vil\u00e1g\u00edt\u00e1st\">\u00e9p\u00edt\u00e9szeti vil\u00e1g\u00edt\u00e1st<\/a><\/strong> projektek<\/strong> amelyek tart\u00f3ss\u00e1got \u00e9s eleganci\u00e1t ig\u00e9nyelnek. Egy <strong data-start=\"1039\" data-end=\"1065\">6W magas hat\u00e9konys\u00e1g\u00fa LED<\/strong> \u00e9s <strong data-start=\"1070\" data-end=\"1100\">IP67 v\u00edz\u00e1ll\u00f3s\u00e1gi v\u00e9delemmel<\/strong>, f\u00e9nyes, egyenletes <strong><a href=\"https:\/\/ledsteplight.com\/hu\/pir-sensor-step-light-top-advantages-for-safety\/\" class=\"waam-auto-link\" title=\"megvil\u00e1g\u00edt\u00e1s\u00e9rt\">megvil\u00e1g\u00edt\u00e1s\u00e9rt<\/a><\/strong> a <strong data-start=\"1144\" data-end=\"1196\">kertek, behajt\u00f3k, teraszok \u00e9s k\u00fclt\u00e9ri s\u00e9t\u00e1nyok sz\u00e1m\u00e1ra<\/strong>. Robusztus szerkezete biztos\u00edtja a stabil m\u0171k\u00f6d\u00e9st \u00e9s az id\u0151j\u00e1r\u00e1snak, valamint a korr\u00f3zi\u00f3nak val\u00f3 ellen\u00e1ll\u00e1st.<\/p>\n<p data-start=\"1290\" data-end=\"1661\">Mint professzion\u00e1lis <strong data-start=\"1308\" data-end=\"1350\">LED f\u00f6ldvil\u00e1g\u00edt\u00f3 gy\u00e1rt\u00f3 K\u00edn\u00e1ban<\/strong>, szakosodott <strong data-start=\"1369\" data-end=\"1420\">OEM, ODM, \u00e9s egyedi <strong><a href=\"https:\/\/ledsteplight.com\/hu\/low-voltage-landscape-lighting-effective-outdoor-solutions\/\" class=\"waam-auto-link\" title=\"k\u00fclt\u00e9ri vil\u00e1g\u00edt\u00e1s\">k\u00fclt\u00e9ri vil\u00e1g\u00edt\u00e1s<\/a><\/strong> megold\u00e1sok<\/strong> import\u0151r\u00f6k, kivitelez\u0151k \u00e9s tervez\u0151k sz\u00e1m\u00e1ra. A SN039-18525 hossz\u00fa \u00e9lettartamot, energiatakar\u00e9kos kialak\u00edt\u00e1st \u00e9s st\u00edlusos rejtett fel\u00fcletet k\u00edn\u00e1l\u2014ide\u00e1lis <strong data-start=\"1564\" data-end=\"1624\">kereskedelmi t\u00e1j\u00e9p\u00edt\u00e9szet, sz\u00e1llod\u00e1k \u00e9s \u00e9p\u00edt\u00e9szeti homlokzatok sz\u00e1m\u00e1ra<\/strong> magas sz\u00ednvonal\u00fa vil\u00e1g\u00edt\u00e1st keres.<\/p>","protected":false},"excerpt":{"rendered":"<p>SN039-18525 6W k\u00fclt\u00e9ri LED f\u00f6ldl\u00e1mpa t\u00e1j- \u00e9s j\u00e1rdavil\u00e1g\u00edt\u00e1shoz. IP67 v\u00edz\u00e1ll\u00f3, OEM\/ODM gy\u00e1rt\u00f3 K\u00edn\u00e1ban \u00e9p\u00edt\u00e9szeti k\u00fclt\u00e9ri projektekhez.<\/p>","protected":false},"featured_media":37309,"comment_status":"open","ping_status":"closed","template":"","meta":[],"product_brand":[],"product_cat":[99,100,426,427,428,439,429,440,430,441,431,442,443,432,433,444,464,445,446,434,435,436,437],"product_tag":[102,103,76,77,78],"class_list":{"0":"post-38039","1":"product","2":"type-product","3":"status-publish","4":"has-post-thumbnail","6":"product_cat-039-series","7":"product_cat-aluminum-ground-light","8":"product_cat-ceiling-recessed","9":"product_cat-ceiling-surface","10":"product_cat-ceiling-suspended","11":"product_cat-commercial","12":"product_cat-drivers","13":"product_cat-education","14":"product_cat-freestanding-light","15":"product_cat-hospitality","16":"product_cat-industrial","17":"product_cat-infrastructure","18":"product_cat-landscape","19":"product_cat-landscaping","20":"product_cat-linear","21":"product_cat-office","22":"product_cat-c-outdoor-lighting","23":"product_cat-residential","24":"product_cat-retail","25":"product_cat-table-lamp","26":"product_cat-track","27":"product_cat-wall-recessed","28":"product_cat-wall-surface","29":"product_tag-039-series","30":"product_tag-aluminum-ground-light","31":"product_tag-aluminum-housing","32":"product_tag-ground-light","33":"product_tag-outdoor-lighting","35":"first","36":"instock","37":"shipping-taxable","38":"product-type-simple"},"_links":{"self":[{"href":"https:\/\/ledsteplight.com\/hu\/wp-json\/wp\/v2\/product\/38039","targetHints":{"allow":["GET"]}}],"collection":[{"href":"https:\/\/ledsteplight.com\/hu\/wp-json\/wp\/v2\/product"}],"about":[{"href":"https:\/\/ledsteplight.com\/hu\/wp-json\/wp\/v2\/types\/product"}],"replies":[{"embeddable":true,"href":"https:\/\/ledsteplight.com\/hu\/wp-json\/wp\/v2\/comments?post=38039"}],"version-history":[{"count":3,"href":"https:\/\/ledsteplight.com\/hu\/wp-json\/wp\/v2\/product\/38039\/revisions"}],"predecessor-version":[{"id":38625,"href":"https:\/\/ledsteplight.com\/hu\/wp-json\/wp\/v2\/product\/38039\/revisions\/38625"}],"wp:featuredmedia":[{"embeddable":true,"href":"https:\/\/ledsteplight.com\/hu\/wp-json\/wp\/v2\/media\/37309"}],"wp:attachment":[{"href":"https:\/\/ledsteplight.com\/hu\/wp-json\/wp\/v2\/media?parent=38039"}],"wp:term":[{"taxonomy":"product_brand","embeddable":true,"href":"https:\/\/ledsteplight.com\/hu\/wp-json\/wp\/v2\/product_brand?post=38039"},{"taxonomy":"product_cat","embeddable":true,"href":"https:\/\/ledsteplight.com\/hu\/wp-json\/wp\/v2\/product_cat?post=38039"},{"taxonomy":"product_tag","embeddable":true,"href":"https:\/\/ledsteplight.com\/hu\/wp-json\/wp\/v2\/product_tag?post=38039"}],"curies":[{"name":"wp","href":"https:\/\/api.w.org\/{rel}","templated":true}]}}