{"id":38070,"date":"2025-09-08T13:04:26","date_gmt":"2025-09-08T13:04:26","guid":{"rendered":"https:\/\/ledsteplight.com\/import-placeholder-for-37210\/"},"modified":"2026-01-19T02:14:21","modified_gmt":"2026-01-19T02:14:21","slug":"mg-wb65130-led-wall-light-building-facade-hotel-lighting-manufacturer","status":"publish","type":"product","link":"https:\/\/ledsteplight.com\/hu\/mg-wb65130-led-wall-light-building-facade-hotel-lighting-manufacturer\/","title":{"rendered":"MG-WB65130 LED fali l\u00e1mpa | \u00c9p\u00fclet homlokzat \u00e9s sz\u00e1lloda vil\u00e1g\u00edt\u00e1s gy\u00e1rt\u00f3"},"content":{"rendered":"<table data-start=\"123\" data-end=\"1444\">\n<thead data-start=\"123\" data-end=\"210\">\n<tr data-start=\"123\" data-end=\"210\">\n<th data-start=\"123\" data-end=\"152\"><strong data-start=\"125\" data-end=\"138\">Param\u00e9ter<\/strong><\/th>\n<th data-start=\"152\" data-end=\"210\"><strong data-start=\"154\" data-end=\"183\">Jellemz\u0151 \/ Le\u00edr\u00e1s<\/strong><\/th>\n<\/tr>\n<\/thead>\n<tbody data-start=\"299\" data-end=\"1444\">\n<tr data-start=\"299\" data-end=\"386\">\n<td><strong data-start=\"301\" data-end=\"318\">Term\u00e9kk\u00f3d<\/strong><\/td>\n<td>MG-WB65130<\/td>\n<\/tr>\n<tr data-start=\"387\" data-end=\"474\">\n<td><strong data-start=\"389\" data-end=\"409\">Term\u00e9kkateg\u00f3ria<\/strong><\/td>\n<td>LED Fal Vil\u00e1g\u00edt\u00e1si Rendszer<\/td>\n<\/tr>\n<tr data-start=\"475\" data-end=\"562\">\n<td><strong data-start=\"477\" data-end=\"498\"><strong><a href=\"https:\/\/ledsteplight.com\/hu\/dm36b-pro-honeycomb-anti-glare-led-in-ground-light-ip67-24v-dc\/\" class=\"waam-auto-link\" title=\"\u00dczemi fesz\u00fclts\u00e9g\">\u00dczemi fesz\u00fclts\u00e9g<\/a><\/strong><\/strong><\/td>\n<td>220-240V AC <em data-start=\"518\" data-end=\"535\">(p\u00e9ld\u00e1ul \u00e9rt\u00e9k)<\/em><\/td>\n<\/tr>\n<tr data-start=\"563\" data-end=\"650\">\n<td><strong data-start=\"565\" data-end=\"586\">\u00dczemi \u00e1ram<\/strong><\/td>\n<td>\u2014 (Nincs megadva)<\/td>\n<\/tr>\n<tr data-start=\"651\" data-end=\"738\">\n<td><strong data-start=\"653\" data-end=\"674\">Fogyaszt\u00e1s<\/strong><\/td>\n<td>&lt; 65W <em data-start=\"688\" data-end=\"705\">(p\u00e9ld\u00e1ul \u00e9rt\u00e9k)<\/em><\/td>\n<\/tr>\n<tr data-start=\"739\" data-end=\"826\">\n<td><strong data-start=\"741\" data-end=\"757\">Lumen kimenet<\/strong><\/td>\n<td>6500 lm <em data-start=\"778\" data-end=\"795\">(p\u00e9ld\u00e1ul \u00e9rt\u00e9k)<\/em><\/td>\n<\/tr>\n<tr data-start=\"827\" data-end=\"914\">\n<td><strong data-start=\"829\" data-end=\"850\">Sz\u00ednh\u0151m\u00e9rs\u00e9klet<\/strong><\/td>\n<td>4000K (Semleges Feh\u00e9r)<\/td>\n<\/tr>\n<tr data-start=\"915\" data-end=\"1002\">\n<td><strong data-start=\"917\" data-end=\"930\">IP besorol\u00e1s<\/strong><\/td>\n<td>IP65 (alkalmas belt\u00e9ri\/ k\u00fclt\u00e9ri alkalmaz\u00e1sokhoz)<\/td>\n<\/tr>\n<tr data-start=\"1003\" data-end=\"1090\">\n<td><strong data-start=\"1005\" data-end=\"1030\">\u00dczemel\u00e9si h\u0151m\u00e9rs\u00e9klet<\/strong><\/td>\n<td>-10\u00b0C-t\u00f3l +50\u00b0C-ig<\/td>\n<\/tr>\n<tr data-start=\"1091\" data-end=\"1178\">\n<td><strong data-start=\"1093\" data-end=\"1107\">M\u00e9ret<\/strong><\/td>\n<td>\u2014 (Nincs megadva)<\/td>\n<\/tr>\n<tr data-start=\"1179\" data-end=\"1266\">\n<td><strong data-start=\"1181\" data-end=\"1191\">S\u00faly<\/strong><\/td>\n<td>\u2014 (Nincs megadva)<\/td>\n<\/tr>\n<tr data-start=\"1267\" data-end=\"1354\">\n<td><strong data-start=\"1269\" data-end=\"1281\">\u00c9lettartam<\/strong><\/td>\n<td>Ak\u00e1r 40 000 \u00f3r\u00e1ig <em data-start=\"1317\" data-end=\"1334\">(p\u00e9ld\u00e1ul \u00e9rt\u00e9k)<\/em><\/td>\n<\/tr>\n<tr data-start=\"1355\" data-end=\"1444\">\n<td><strong data-start=\"1357\" data-end=\"1380\">Tov\u00e1bbi funkci\u00f3k<\/strong><\/td>\n<td>Okos vez\u00e9rl\u00e9s, dimmelhet\u0151, energiatakar\u00e9kos, robusztus kialak\u00edt\u00e1s<\/td>\n<\/tr>\n<\/tbody>\n<\/table>\n<p data-start=\"723\" data-end=\"1139\"><strong data-start=\"727\" data-end=\"766\">MG-WB65130 LED Fal Vil\u00e1g\u00edt\u00e1si Rendszer<\/strong> tervezve van <strong data-start=\"785\" data-end=\"818\">modern <strong><a href=\"https:\/\/ledsteplight.com\/hu\/cree-bridgelux-chip-ip65-led-fixture-for-garden-facade-lighting\/\" class=\"waam-auto-link\" title=\"\u00e9p\u00edt\u00e9szeti vil\u00e1g\u00edt\u00e1st\">\u00e9p\u00edt\u00e9szeti vil\u00e1g\u00edt\u00e1st<\/a><\/strong><\/strong> kereskedelmi \u00e9p\u00fcletekben, sz\u00e1llod\u00e1kban \u00e9s nyilv\u00e1nos terekben. Jellemz\u0151je <strong data-start=\"883\" data-end=\"910\">65W magas hat\u00e9konys\u00e1g\u00fa LED<\/strong> val <strong data-start=\"916\" data-end=\"951\">4000K l\u00e1gy semleges feh\u00e9r f\u00e9nykibocs\u00e1t\u00e1s<\/strong>, egyenletes falmos\u00e1st biztos\u00edt <strong><a href=\"https:\/\/ledsteplight.com\/hu\/pir-sensor-step-light-top-advantages-for-safety\/\" class=\"waam-auto-link\" title=\"megvil\u00e1g\u00edt\u00e1s\u00e9rt\">megvil\u00e1g\u00edt\u00e1s\u00e9rt<\/a><\/strong> amely fokozza az \u00e9p\u00fclet text\u00far\u00e1j\u00e1t \u00e9s tervez\u00e9si eszt\u00e9tik\u00e1j\u00e1t. A <strong data-start=\"1058\" data-end=\"1073\">IP65 besorol\u00e1s<\/strong> megb\u00edzhat\u00f3 haszn\u00e1latot biztos\u00edt belt\u00e9ri \u00e9s k\u00fclt\u00e9ri k\u00f6rnyezetben egyar\u00e1nt.<\/p>\n<p data-start=\"1141\" data-end=\"1583\">Mint professzion\u00e1lis <strong data-start=\"1159\" data-end=\"1193\">LED fal vil\u00e1g\u00edt\u00e1s gy\u00e1rt\u00f3<\/strong>, mi biztos\u00edtjuk <strong data-start=\"1206\" data-end=\"1256\">OEM, ODM \u00e9s egyedi homlokzati vil\u00e1g\u00edt\u00e1si megold\u00e1sok<\/strong> vil\u00e1g\u00edt\u00e1si forgalmaz\u00f3k, m\u00e9rn\u00f6ki v\u00e1llalkoz\u00e1sok \u00e9s \u00e9p\u00edt\u00e9szeti tervez\u0151k sz\u00e1m\u00e1ra. A MG-WB65130 t\u00e1mogatja <strong data-start=\"1362\" data-end=\"1391\">okos vez\u00e9rl\u00e9st \u00e9s dimmel\u00e9st<\/strong>, ak\u00e1r 40 000 \u00f3r\u00e1s \u00e9lettartamot k\u00edn\u00e1l, \u00e9s ide\u00e1lis <strong data-start=\"1451\" data-end=\"1535\">\u00e9p\u00fclet homlokzatokhoz, sz\u00e1lloda k\u00fcls\u0151kh\u00f6z, folyos\u00f3khoz, terekhez \u00e9s t\u00e1jk\u00e9pi k\u00f6rnyezethez<\/strong> magas teljes\u00edtm\u00e9ny\u0171 falvil\u00e1g\u00edt\u00e1s ig\u00e9nye.<\/p>","protected":false},"excerpt":{"rendered":"<p data-start=\"4282\" data-end=\"4724\">MG-WB65130 LED falikar \u00e9p\u00fclets\u00edvekhez \u00e9s sz\u00e1llod\u00e1khoz. 65W, IP65, modern \u00e9p\u00edt\u00e9szeti vil\u00e1g\u00edt\u00e1s. K\u00fcls\u0151 falvil\u00e1g\u00edt\u00e1si rendszerek OEM\/ODM gy\u00e1rt\u00f3ja.<\/p>","protected":false},"featured_media":37312,"comment_status":"open","ping_status":"closed","template":"","meta":[],"product_brand":[],"product_cat":[100,426,427,428,439,429,440,118,430,441,431,442,443,432,433,444,464,445,446,434,435,436,437],"product_tag":[103,76,119,111,110,109,115],"class_list":{"0":"post-38070","1":"product","2":"type-product","3":"status-publish","4":"has-post-thumbnail","6":"product_cat-aluminum-ground-light","7":"product_cat-ceiling-recessed","8":"product_cat-ceiling-surface","9":"product_cat-ceiling-suspended","10":"product_cat-commercial","11":"product_cat-drivers","12":"product_cat-education","13":"product_cat-frameless-ground-light","14":"product_cat-freestanding-light","15":"product_cat-hospitality","16":"product_cat-industrial","17":"product_cat-infrastructure","18":"product_cat-landscape","19":"product_cat-landscaping","20":"product_cat-linear","21":"product_cat-office","22":"product_cat-c-outdoor-lighting","23":"product_cat-residential","24":"product_cat-retail","25":"product_cat-table-lamp","26":"product_cat-track","27":"product_cat-wall-recessed","28":"product_cat-wall-surface","29":"product_tag-aluminum-ground-light","30":"product_tag-aluminum-housing","31":"product_tag-frameless-ground-light","32":"product_tag-garden-lighting","33":"product_tag-landscape-light","34":"product_tag-led-fixture","35":"product_tag-recessed-light","37":"first","38":"instock","39":"shipping-taxable","40":"product-type-simple"},"_links":{"self":[{"href":"https:\/\/ledsteplight.com\/hu\/wp-json\/wp\/v2\/product\/38070","targetHints":{"allow":["GET"]}}],"collection":[{"href":"https:\/\/ledsteplight.com\/hu\/wp-json\/wp\/v2\/product"}],"about":[{"href":"https:\/\/ledsteplight.com\/hu\/wp-json\/wp\/v2\/types\/product"}],"replies":[{"embeddable":true,"href":"https:\/\/ledsteplight.com\/hu\/wp-json\/wp\/v2\/comments?post=38070"}],"version-history":[{"count":3,"href":"https:\/\/ledsteplight.com\/hu\/wp-json\/wp\/v2\/product\/38070\/revisions"}],"predecessor-version":[{"id":38613,"href":"https:\/\/ledsteplight.com\/hu\/wp-json\/wp\/v2\/product\/38070\/revisions\/38613"}],"wp:featuredmedia":[{"embeddable":true,"href":"https:\/\/ledsteplight.com\/hu\/wp-json\/wp\/v2\/media\/37312"}],"wp:attachment":[{"href":"https:\/\/ledsteplight.com\/hu\/wp-json\/wp\/v2\/media?parent=38070"}],"wp:term":[{"taxonomy":"product_brand","embeddable":true,"href":"https:\/\/ledsteplight.com\/hu\/wp-json\/wp\/v2\/product_brand?post=38070"},{"taxonomy":"product_cat","embeddable":true,"href":"https:\/\/ledsteplight.com\/hu\/wp-json\/wp\/v2\/product_cat?post=38070"},{"taxonomy":"product_tag","embeddable":true,"href":"https:\/\/ledsteplight.com\/hu\/wp-json\/wp\/v2\/product_tag?post=38070"}],"curies":[{"name":"wp","href":"https:\/\/api.w.org\/{rel}","templated":true}]}}