{"id":38071,"date":"2025-09-08T13:04:26","date_gmt":"2025-09-08T13:04:26","guid":{"rendered":"https:\/\/ledsteplight.com\/import-placeholder-for-37211\/"},"modified":"2026-01-19T02:14:20","modified_gmt":"2026-01-19T02:14:20","slug":"outdoor-led-linear-wall-wash-light-24v-30w-ip65-architectural-lighting","status":"publish","type":"product","link":"https:\/\/ledsteplight.com\/hu\/outdoor-led-linear-wall-wash-light-24v-30w-ip65-architectural-lighting\/","title":{"rendered":"Szabadt\u00e9ri LED line\u00e1ris falmos\u00f3 l\u00e1mpa | 24V, 30W, IP65 \u00c9p\u00edt\u00e9szeti vil\u00e1g\u00edt\u00e1s"},"content":{"rendered":"<table data-start=\"121\" data-end=\"1338\">\n<thead data-start=\"121\" data-end=\"201\">\n<tr data-start=\"121\" data-end=\"201\">\n<th data-start=\"121\" data-end=\"150\"><strong data-start=\"123\" data-end=\"136\">Param\u00e9ter<\/strong><\/th>\n<th data-start=\"150\" data-end=\"201\"><strong data-start=\"152\" data-end=\"181\">Jellemz\u0151 \/ Le\u00edr\u00e1s<\/strong><\/th>\n<\/tr>\n<\/thead>\n<tbody data-start=\"283\" data-end=\"1338\">\n<tr data-start=\"283\" data-end=\"364\">\n<td><strong data-start=\"285\" data-end=\"302\">Term\u00e9kk\u00f3d<\/strong><\/td>\n<td>MG-LL-830-1Y<\/td>\n<\/tr>\n<tr data-start=\"365\" data-end=\"446\">\n<td><strong data-start=\"367\" data-end=\"387\">Term\u00e9kkateg\u00f3ria<\/strong><\/td>\n<td>LED line\u00e1ris vil\u00e1g\u00edt\u00e1si rendszer<\/td>\n<\/tr>\n<tr data-start=\"447\" data-end=\"527\">\n<td><strong data-start=\"449\" data-end=\"470\"><strong><a href=\"https:\/\/ledsteplight.com\/hu\/dm36b-pro-honeycomb-anti-glare-led-in-ground-light-ip67-24v-dc\/\" class=\"waam-auto-link\" title=\"\u00dczemi fesz\u00fclts\u00e9g\">\u00dczemi fesz\u00fclts\u00e9g<\/a><\/strong><\/strong><\/td>\n<td>24V DC <em data-start=\"485\" data-end=\"502\">(p\u00e9ld\u00e1ul \u00e9rt\u00e9k)<\/em><\/td>\n<\/tr>\n<tr data-start=\"528\" data-end=\"608\">\n<td><strong data-start=\"530\" data-end=\"551\">\u00dczemi \u00e1ram<\/strong><\/td>\n<td>\u2014 (Nincs megadva)<\/td>\n<\/tr>\n<tr data-start=\"609\" data-end=\"689\">\n<td><strong data-start=\"611\" data-end=\"632\">Fogyaszt\u00e1s<\/strong><\/td>\n<td>&lt; 30W <em data-start=\"646\" data-end=\"663\">(p\u00e9ld\u00e1ul \u00e9rt\u00e9k)<\/em><\/td>\n<\/tr>\n<tr data-start=\"690\" data-end=\"770\">\n<td><strong data-start=\"692\" data-end=\"708\">Lumen kimenet<\/strong><\/td>\n<td>830 lm <em data-start=\"728\" data-end=\"757\">(a modell \u00e1ltal jelzett m\u00f3don)<\/em><\/td>\n<\/tr>\n<tr data-start=\"771\" data-end=\"850\">\n<td><strong data-start=\"773\" data-end=\"794\">Sz\u00ednh\u0151m\u00e9rs\u00e9klet<\/strong><\/td>\n<td>4000K<\/td>\n<\/tr>\n<tr data-start=\"851\" data-end=\"931\">\n<td><strong data-start=\"853\" data-end=\"866\">IP besorol\u00e1s<\/strong><\/td>\n<td>IP65 (alkalmas belt\u00e9ri\/ k\u00fclt\u00e9ri alkalmaz\u00e1sokhoz)<\/td>\n<\/tr>\n<tr data-start=\"932\" data-end=\"1012\">\n<td><strong data-start=\"934\" data-end=\"959\">\u00dczemel\u00e9si h\u0151m\u00e9rs\u00e9klet<\/strong><\/td>\n<td>-10\u00b0C-t\u00f3l +50\u00b0C-ig<\/td>\n<\/tr>\n<tr data-start=\"1013\" data-end=\"1093\">\n<td><strong data-start=\"1015\" data-end=\"1029\">M\u00e9ret<\/strong><\/td>\n<td>\u2014 (Nincs megadva)<\/td>\n<\/tr>\n<tr data-start=\"1094\" data-end=\"1174\">\n<td><strong data-start=\"1096\" data-end=\"1106\">S\u00faly<\/strong><\/td>\n<td>\u2014 (Nincs megadva)<\/td>\n<\/tr>\n<tr data-start=\"1175\" data-end=\"1255\">\n<td><strong data-start=\"1177\" data-end=\"1189\">\u00c9lettartam<\/strong><\/td>\n<td>Ak\u00e1r 40 000 \u00f3r\u00e1ig <em data-start=\"1225\" data-end=\"1242\">(p\u00e9ld\u00e1ul \u00e9rt\u00e9k)<\/em><\/td>\n<\/tr>\n<tr data-start=\"1256\" data-end=\"1338\">\n<td><strong data-start=\"1258\" data-end=\"1281\">Tov\u00e1bbi funkci\u00f3k<\/strong><\/td>\n<td>Dimmelhet\u0151, rugalmas telep\u00edt\u00e9s, energiatakar\u00e9kos<\/td>\n<\/tr>\n<\/tbody>\n<\/table>\n<p data-start=\"160\" data-end=\"544\">MG-LL-830-1Y egy v\u00e9kony \u00e9s tiszta vonalvezet\u00e9s\u0171 LED line\u00e1ris vil\u00e1g\u00edt\u00e1s, amely a modern <strong><a href=\"https:\/\/ledsteplight.com\/hu\/cree-bridgelux-chip-ip65-led-fixture-for-garden-facade-lighting\/\" class=\"waam-auto-link\" title=\"\u00e9p\u00edt\u00e9szeti vil\u00e1g\u00edt\u00e1st\">\u00e9p\u00edt\u00e9szeti vil\u00e1g\u00edt\u00e1st<\/a><\/strong>. Biztons\u00e1gos 24V-os alacsony fesz\u00fclts\u00e9g\u0171 rendszeren m\u0171k\u00f6dik, \u00e9s sima, egyenletes <strong><a href=\"https:\/\/ledsteplight.com\/hu\/pir-sensor-step-light-top-advantages-for-safety\/\" class=\"waam-auto-link\" title=\"megvil\u00e1g\u00edt\u00e1s\u00e9rt\">megvil\u00e1g\u00edt\u00e1s\u00e9rt<\/a><\/strong> \u00e1rny\u00e9kmentes f\u00e9nyt biztos\u00edt. Az IP65 v\u00edz\u00e1ll\u00f3s\u00e1gi besorol\u00e1snak k\u00f6sz\u00f6nhet\u0151en megb\u00edzhat\u00f3an m\u0171k\u00f6dik mind belt\u00e9ren, mind k\u00fclt\u00e9ren, \u00edgy alkalmas \u00e9p\u00fcletek homlokzat\u00e1ra, t\u00e1j\u00e9koz\u00e1si szeg\u00e9lyekre, mennyezeti d\u00edsz\u00edt\u0151elemekre \u00e9s j\u00e1rd\u00e1k falvil\u00e1g\u00edt\u00e1s\u00e1ra.<\/p>\n<p data-start=\"546\" data-end=\"946\">Kompakt profilja lehet\u0151v\u00e9 teszi a rugalmas telep\u00edt\u00e9st\u2014fel lehet szerelni falak ment\u00e9n, p\u00e1rk\u00e1nyok alatt vagy be\u00e9p\u00edteni szerkezeti r\u00e9szletekbe. A 4000K semleges feh\u00e9r f\u00e9ny kiegyens\u00falyozott t\u00f3nust biztos\u00edt, amely j\u00f3l m\u0171k\u00f6dik kereskedelmi, lakoss\u00e1gi \u00e9s vend\u00e9gl\u00e1t\u00f3 k\u00f6rnyezetben. Energiatakar\u00e9kos, tart\u00f3s, \u00e9s konzisztens f\u00e9nykibocs\u00e1t\u00e1st k\u00edn\u00e1l, amely kiemeli a teret an\u00e9lk\u00fcl, hogy a l\u00e1mpatestet felh\u00edvn\u00e1 a figyelmet.<\/p>","protected":false},"excerpt":{"rendered":"<p>K\u00fclt\u00e9ri LED line\u00e1ris falmos\u00f3 l\u00e1mpa \u00e9p\u00edt\u00e9szeti \u00e9s t\u00e1jvil\u00e1g\u00edt\u00e1shoz. 24V-os alacsony fesz\u00fclts\u00e9g\u0171 kialak\u00edt\u00e1s IP65 id\u0151j\u00e1r\u00e1s\u00e1ll\u00f3 v\u00e9delemmel. Ide\u00e1lis \u00e9p\u00fcletek homlokzat\u00e1hoz, mennyezetekhez, s\u00e9t\u00e1nyokhoz, kertfalakhoz \u00e9s kereskedelmi hangs\u00falyvil\u00e1g\u00edt\u00e1shoz.<\/p>","protected":false},"featured_media":37314,"comment_status":"open","ping_status":"closed","template":"","meta":[],"product_brand":[],"product_cat":[100,426,427,428,439,429,440,430,441,431,442,443,432,433,444,464,445,446,106,434,435,436,437],"product_tag":[103,76,111,110,109,115,108],"class_list":{"0":"post-38071","1":"product","2":"type-product","3":"status-publish","4":"has-post-thumbnail","6":"product_cat-aluminum-ground-light","7":"product_cat-ceiling-recessed","8":"product_cat-ceiling-surface","9":"product_cat-ceiling-suspended","10":"product_cat-commercial","11":"product_cat-drivers","12":"product_cat-education","13":"product_cat-freestanding-light","14":"product_cat-hospitality","15":"product_cat-industrial","16":"product_cat-infrastructure","17":"product_cat-landscape","18":"product_cat-landscaping","19":"product_cat-linear","20":"product_cat-office","21":"product_cat-c-outdoor-lighting","22":"product_cat-residential","23":"product_cat-retail","24":"product_cat-round-ground-light","25":"product_cat-table-lamp","26":"product_cat-track","27":"product_cat-wall-recessed","28":"product_cat-wall-surface","29":"product_tag-aluminum-ground-light","30":"product_tag-aluminum-housing","31":"product_tag-garden-lighting","32":"product_tag-landscape-light","33":"product_tag-led-fixture","34":"product_tag-recessed-light","35":"product_tag-round-ground-light","37":"first","38":"instock","39":"shipping-taxable","40":"product-type-simple"},"_links":{"self":[{"href":"https:\/\/ledsteplight.com\/hu\/wp-json\/wp\/v2\/product\/38071","targetHints":{"allow":["GET"]}}],"collection":[{"href":"https:\/\/ledsteplight.com\/hu\/wp-json\/wp\/v2\/product"}],"about":[{"href":"https:\/\/ledsteplight.com\/hu\/wp-json\/wp\/v2\/types\/product"}],"replies":[{"embeddable":true,"href":"https:\/\/ledsteplight.com\/hu\/wp-json\/wp\/v2\/comments?post=38071"}],"version-history":[{"count":3,"href":"https:\/\/ledsteplight.com\/hu\/wp-json\/wp\/v2\/product\/38071\/revisions"}],"predecessor-version":[{"id":38614,"href":"https:\/\/ledsteplight.com\/hu\/wp-json\/wp\/v2\/product\/38071\/revisions\/38614"}],"wp:featuredmedia":[{"embeddable":true,"href":"https:\/\/ledsteplight.com\/hu\/wp-json\/wp\/v2\/media\/37314"}],"wp:attachment":[{"href":"https:\/\/ledsteplight.com\/hu\/wp-json\/wp\/v2\/media?parent=38071"}],"wp:term":[{"taxonomy":"product_brand","embeddable":true,"href":"https:\/\/ledsteplight.com\/hu\/wp-json\/wp\/v2\/product_brand?post=38071"},{"taxonomy":"product_cat","embeddable":true,"href":"https:\/\/ledsteplight.com\/hu\/wp-json\/wp\/v2\/product_cat?post=38071"},{"taxonomy":"product_tag","embeddable":true,"href":"https:\/\/ledsteplight.com\/hu\/wp-json\/wp\/v2\/product_tag?post=38071"}],"curies":[{"name":"wp","href":"https:\/\/api.w.org\/{rel}","templated":true}]}}