{"id":38072,"date":"2025-09-08T13:04:26","date_gmt":"2025-09-08T13:04:26","guid":{"rendered":"https:\/\/ledsteplight.com\/import-placeholder-for-37212\/"},"modified":"2026-01-19T02:14:20","modified_gmt":"2026-01-19T02:14:20","slug":"smart-ambient-ground-light-sensor-ip67-waterproof-custom-manufacturing-wholesale","status":"publish","type":"product","link":"https:\/\/ledsteplight.com\/hu\/smart-ambient-ground-light-sensor-ip67-waterproof-custom-manufacturing-wholesale\/","title":{"rendered":"Okos K\u00f6rnyezeti F\u00f6ldi F\u00e9ny\u00e9rz\u00e9kel\u0151 | IP67 V\u00edz\u00e1ll\u00f3 | Egyedi Gy\u00e1rt\u00e1s \u00e9s Nagykereskedelem"},"content":{"rendered":"<table data-start=\"129\" data-end=\"1382\">\n<thead data-start=\"129\" data-end=\"211\">\n<tr data-start=\"129\" data-end=\"211\">\n<th data-start=\"129\" data-end=\"158\"><strong data-start=\"131\" data-end=\"144\">Param\u00e9ter<\/strong><\/th>\n<th data-start=\"158\" data-end=\"211\"><strong data-start=\"160\" data-end=\"189\">Jellemz\u0151 \/ Le\u00edr\u00e1s<\/strong><\/th>\n<\/tr>\n<\/thead>\n<tbody data-start=\"295\" data-end=\"1382\">\n<tr data-start=\"295\" data-end=\"377\">\n<td><strong data-start=\"297\" data-end=\"314\">Term\u00e9kk\u00f3d<\/strong><\/td>\n<td>MG-SN026<\/td>\n<\/tr>\n<tr data-start=\"378\" data-end=\"460\">\n<td><strong data-start=\"380\" data-end=\"400\">Term\u00e9kkateg\u00f3ria<\/strong><\/td>\n<td>Okos K\u00f6rnyezeti F\u00e9ny\u00e9rz\u00e9kel\u0151<\/td>\n<\/tr>\n<tr data-start=\"461\" data-end=\"543\">\n<td><strong data-start=\"463\" data-end=\"484\"><strong><a href=\"https:\/\/ledsteplight.com\/hu\/dm36b-pro-honeycomb-anti-glare-led-in-ground-light-ip67-24v-dc\/\" class=\"waam-auto-link\" title=\"\u00dczemi fesz\u00fclts\u00e9g\">\u00dczemi fesz\u00fclts\u00e9g<\/a><\/strong><\/strong><\/td>\n<td>12V DC <em data-start=\"499\" data-end=\"516\">(p\u00e9ld\u00e1ul \u00e9rt\u00e9k)<\/em><\/td>\n<\/tr>\n<tr data-start=\"544\" data-end=\"626\">\n<td><strong data-start=\"546\" data-end=\"567\">\u00dczemi \u00e1ram<\/strong><\/td>\n<td>\u2014 (Nincs megadva)<\/td>\n<\/tr>\n<tr data-start=\"627\" data-end=\"709\">\n<td><strong data-start=\"629\" data-end=\"650\">Fogyaszt\u00e1s<\/strong><\/td>\n<td>&lt; 0,4W <em data-start=\"665\" data-end=\"682\">(p\u00e9ld\u00e1ul \u00e9rt\u00e9k)<\/em><\/td>\n<\/tr>\n<tr data-start=\"710\" data-end=\"792\">\n<td><strong data-start=\"712\" data-end=\"737\">\u00c9rz\u00e9kenys\u00e9g \u00e9rz\u00e9kel\u00e9se<\/strong><\/td>\n<td>Magas \u00e9rz\u00e9kenys\u00e9g \u00e1ll\u00edthat\u00f3 k\u00fcsz\u00f6b\u00e9rt\u00e9kkel<\/td>\n<\/tr>\n<tr data-start=\"793\" data-end=\"875\">\n<td><strong data-start=\"795\" data-end=\"812\">V\u00e1laszid\u0151<\/strong><\/td>\n<td>&lt; 0,15 sec <em data-start=\"835\" data-end=\"852\">(p\u00e9ld\u00e1ul \u00e9rt\u00e9k)<\/em><\/td>\n<\/tr>\n<tr data-start=\"876\" data-end=\"958\">\n<td><strong data-start=\"878\" data-end=\"891\">IP besorol\u00e1s<\/strong><\/td>\n<td>IP67 (V\u00edz\u00e1ll\u00f3 \u00e9s por\u00e1ll\u00f3)<\/td>\n<\/tr>\n<tr data-start=\"959\" data-end=\"1041\">\n<td><strong data-start=\"961\" data-end=\"986\">\u00dczemel\u00e9si h\u0151m\u00e9rs\u00e9klet<\/strong><\/td>\n<td>-20\u00b0C-t\u00f3l +60\u00b0C-ig<\/td>\n<\/tr>\n<tr data-start=\"1042\" data-end=\"1124\">\n<td><strong data-start=\"1044\" data-end=\"1058\">M\u00e9ret<\/strong><\/td>\n<td>\u2014 (Nincs megadva)<\/td>\n<\/tr>\n<tr data-start=\"1125\" data-end=\"1207\">\n<td><strong data-start=\"1127\" data-end=\"1137\">S\u00faly<\/strong><\/td>\n<td>\u2014 (Nincs megadva)<\/td>\n<\/tr>\n<tr data-start=\"1208\" data-end=\"1290\">\n<td><strong data-start=\"1210\" data-end=\"1222\">\u00c9lettartam<\/strong><\/td>\n<td>Ak\u00e1r 50 000 \u00f3r\u00e1ig <em data-start=\"1258\" data-end=\"1275\">(p\u00e9ld\u00e1ul \u00e9rt\u00e9k)<\/em><\/td>\n<\/tr>\n<tr data-start=\"1291\" data-end=\"1382\">\n<td><strong data-start=\"1293\" data-end=\"1316\">Tov\u00e1bbi funkci\u00f3k<\/strong><\/td>\n<td>Intelligens vez\u00e9rl\u00e9s integr\u00e1ci\u00f3, energiatakar\u00e9kos, robusztus kialak\u00edt\u00e1s<\/td>\n<\/tr>\n<\/tbody>\n<\/table>\n<p data-start=\"651\" data-end=\"1139\"><strong data-start=\"655\" data-end=\"707\">MG-SN026 Intelligens K\u00f6rnyezet <strong><a href=\"https:\/\/ledsteplight.com\/hu\/5w-led-in-ground-lights-ip65-waterproof-outdoor-driveway-garden-floor-lighting\/\" class=\"waam-auto-link\" title=\"F\u00f6ldi f\u00e9ny\">F\u00f6ldi f\u00e9ny<\/a><\/strong> Szenzor<\/strong> fejlett <strong data-start=\"733\" data-end=\"767\">okos <strong><a href=\"https:\/\/ledsteplight.com\/hu\/low-voltage-landscape-lighting-effective-outdoor-solutions\/\" class=\"waam-auto-link\" title=\"k\u00fclt\u00e9ri vil\u00e1g\u00edt\u00e1s\">k\u00fclt\u00e9ri vil\u00e1g\u00edt\u00e1s<\/a><\/strong> <strong><a href=\"https:\/\/ledsteplight.com\/hu\/ultimate-guide-to-landscape-inground-lighting-solutions\/\" class=\"waam-auto-link\" title=\"rendszerek\">rendszerek<\/a><\/strong><\/strong>, pontos f\u00e9ny\u00e9rz\u00e9kel\u00e9st \u00e9s energiatakar\u00e9kos m\u0171k\u00f6d\u00e9st k\u00edn\u00e1l. Az <strong data-start=\"843\" data-end=\"863\">magas \u00e9rz\u00e9kenys\u00e9ggel<\/strong> \u00e9s gyors v\u00e1laszid\u0151 (&lt;0,15 sec), automatikusan igazodik <strong><a href=\"https:\/\/ledsteplight.com\/hu\/pir-sensor-step-light-top-advantages-for-safety\/\" class=\"waam-auto-link\" title=\"megvil\u00e1g\u00edt\u00e1s\u00e9rt\">megvil\u00e1g\u00edt\u00e1s\u00e9rt<\/a><\/strong> a k\u00f6rnyezeti f\u00e9nyer\u0151 alapj\u00e1n. A <strong data-start=\"971\" data-end=\"997\">IP67 v\u00edz\u00e1ll\u00f3 besorol\u00e1ssal<\/strong> megb\u00edzhat\u00f3 teljes\u00edtm\u00e9nyt biztos\u00edt kem\u00e9ny k\u00fclt\u00e9ri k\u00f6rnyezetben, ide\u00e1liss\u00e1 t\u00e9ve kertekhez, s\u00e9t\u00e1nyokhoz \u00e9s <strong><a href=\"https:\/\/ledsteplight.com\/hu\/cree-bridgelux-chip-ip65-led-fixture-for-garden-facade-lighting\/\" class=\"waam-auto-link\" title=\"\u00e9p\u00edt\u00e9szeti vil\u00e1g\u00edt\u00e1st\">\u00e9p\u00edt\u00e9szeti vil\u00e1g\u00edt\u00e1st<\/a><\/strong> alkalmaz\u00e1sokhoz.<\/p>\n<p data-start=\"1141\" data-end=\"1511\">Mint professzion\u00e1lis <strong data-start=\"1159\" data-end=\"1192\">LED f\u00f6ldalatti l\u00e1mpa gy\u00e1rt\u00f3<\/strong>, mi biztos\u00edtjuk <strong data-start=\"1205\" data-end=\"1252\">OEM \u00e9s testreszabott okos vil\u00e1g\u00edt\u00e1si megold\u00e1sok<\/strong> k\u00fcl\u00f6nb\u00f6z\u0151 telep\u00edt\u00e9si \u00e9s tervez\u00e9si ig\u00e9nyek kiel\u00e9g\u00edt\u00e9s\u00e9re. A MG-SN026 alacsony fogyaszt\u00e1ssal (&lt;0,4W), hossz\u00fa \u00e9lettartammal ak\u00e1r <strong data-start=\"1375\" data-end=\"1391\">50 000 \u00f3r\u00e1ig<\/strong>, \u00e9s z\u00f6kken\u0151mentes integr\u00e1ci\u00f3val intelligens vil\u00e1g\u00edt\u00e1svez\u00e9rl\u0151 rendszerekkel\u2014ide\u00e1lis modern, fenntarthat\u00f3 k\u00fclt\u00e9ri projektekhez.<\/p>","protected":false},"excerpt":{"rendered":"<p data-start=\"3636\" data-end=\"4116\">MG-SN026 okos k\u00f6rnyezeti talajf\u00e9ny \u00e9rz\u00e9kel\u0151. IP67 v\u00edz\u00e1ll\u00f3, nagy \u00e9rz\u00e9kenys\u00e9g\u0171, energiatakar\u00e9kos, OEM \u00e9s egyedi vil\u00e1g\u00edt\u00e1s gy\u00e1rt\u00f3 k\u00fclt\u00e9ri alkalmaz\u00e1sokhoz.<\/p>","protected":false},"featured_media":37320,"comment_status":"open","ping_status":"closed","template":"","meta":[],"product_brand":[],"product_cat":[100,426,427,428,439,429,440,430,441,431,442,443,432,433,444,112,464,445,446,434,435,436,437],"product_tag":[103,76,77,113,78],"class_list":{"0":"post-38072","1":"product","2":"type-product","3":"status-publish","4":"has-post-thumbnail","6":"product_cat-aluminum-ground-light","7":"product_cat-ceiling-recessed","8":"product_cat-ceiling-surface","9":"product_cat-ceiling-suspended","10":"product_cat-commercial","11":"product_cat-drivers","12":"product_cat-education","13":"product_cat-freestanding-light","14":"product_cat-hospitality","15":"product_cat-industrial","16":"product_cat-infrastructure","17":"product_cat-landscape","18":"product_cat-landscaping","19":"product_cat-linear","20":"product_cat-office","21":"product_cat-outdoor-ground-light","22":"product_cat-c-outdoor-lighting","23":"product_cat-residential","24":"product_cat-retail","25":"product_cat-table-lamp","26":"product_cat-track","27":"product_cat-wall-recessed","28":"product_cat-wall-surface","29":"product_tag-aluminum-ground-light","30":"product_tag-aluminum-housing","31":"product_tag-ground-light","32":"product_tag-outdoor-ground-light","33":"product_tag-outdoor-lighting","35":"first","36":"instock","37":"shipping-taxable","38":"product-type-simple"},"_links":{"self":[{"href":"https:\/\/ledsteplight.com\/hu\/wp-json\/wp\/v2\/product\/38072","targetHints":{"allow":["GET"]}}],"collection":[{"href":"https:\/\/ledsteplight.com\/hu\/wp-json\/wp\/v2\/product"}],"about":[{"href":"https:\/\/ledsteplight.com\/hu\/wp-json\/wp\/v2\/types\/product"}],"replies":[{"embeddable":true,"href":"https:\/\/ledsteplight.com\/hu\/wp-json\/wp\/v2\/comments?post=38072"}],"version-history":[{"count":3,"href":"https:\/\/ledsteplight.com\/hu\/wp-json\/wp\/v2\/product\/38072\/revisions"}],"predecessor-version":[{"id":38615,"href":"https:\/\/ledsteplight.com\/hu\/wp-json\/wp\/v2\/product\/38072\/revisions\/38615"}],"wp:featuredmedia":[{"embeddable":true,"href":"https:\/\/ledsteplight.com\/hu\/wp-json\/wp\/v2\/media\/37320"}],"wp:attachment":[{"href":"https:\/\/ledsteplight.com\/hu\/wp-json\/wp\/v2\/media?parent=38072"}],"wp:term":[{"taxonomy":"product_brand","embeddable":true,"href":"https:\/\/ledsteplight.com\/hu\/wp-json\/wp\/v2\/product_brand?post=38072"},{"taxonomy":"product_cat","embeddable":true,"href":"https:\/\/ledsteplight.com\/hu\/wp-json\/wp\/v2\/product_cat?post=38072"},{"taxonomy":"product_tag","embeddable":true,"href":"https:\/\/ledsteplight.com\/hu\/wp-json\/wp\/v2\/product_tag?post=38072"}],"curies":[{"name":"wp","href":"https:\/\/api.w.org\/{rel}","templated":true}]}}