{"id":38073,"date":"2025-09-08T13:04:26","date_gmt":"2025-09-08T13:04:26","guid":{"rendered":"https:\/\/ledsteplight.com\/import-placeholder-for-37213\/"},"modified":"2026-01-19T02:14:20","modified_gmt":"2026-01-19T02:14:20","slug":"custom-smart-ground-lights-with-dual-mode-sensor-wholesale-manufacturer-ip67","status":"publish","type":"product","link":"https:\/\/ledsteplight.com\/hu\/custom-smart-ground-lights-with-dual-mode-sensor-wholesale-manufacturer-ip67\/","title":{"rendered":"Egyedi okos talajvil\u00e1g\u00edt\u00e1s kett\u0151s m\u00f3d\u00fa \u00e9rz\u00e9kel\u0151vel | Nagykereskedelmi gy\u00e1rt\u00f3 | IP67"},"content":{"rendered":"<table data-start=\"122\" data-end=\"1475\">\n<thead data-start=\"122\" data-end=\"210\">\n<tr data-start=\"122\" data-end=\"210\">\n<th data-start=\"122\" data-end=\"151\"><strong data-start=\"124\" data-end=\"137\">Param\u00e9ter<\/strong><\/th>\n<th data-start=\"151\" data-end=\"210\"><strong data-start=\"153\" data-end=\"182\">Jellemz\u0151 \/ Le\u00edr\u00e1s<\/strong><\/th>\n<\/tr>\n<\/thead>\n<tbody data-start=\"300\" data-end=\"1475\">\n<tr data-start=\"300\" data-end=\"387\">\n<td><strong data-start=\"302\" data-end=\"319\">Term\u00e9kk\u00f3d<\/strong><\/td>\n<td>MG-SN027<\/td>\n<\/tr>\n<tr data-start=\"388\" data-end=\"476\">\n<td><strong data-start=\"390\" data-end=\"410\">Term\u00e9kkateg\u00f3ria<\/strong><\/td>\n<td>Du\u00e1l-\u00dczemm\u00f3d Okos Szenzor<\/td>\n<\/tr>\n<tr data-start=\"477\" data-end=\"565\">\n<td><strong data-start=\"479\" data-end=\"500\"><strong><a href=\"https:\/\/ledsteplight.com\/hu\/dm36b-pro-honeycomb-anti-glare-led-in-ground-light-ip67-24v-dc\/\" class=\"waam-auto-link\" title=\"\u00dczemi fesz\u00fclts\u00e9g\">\u00dczemi fesz\u00fclts\u00e9g<\/a><\/strong><\/strong><\/td>\n<td>12V DC <em data-start=\"515\" data-end=\"532\">(p\u00e9ld\u00e1ul \u00e9rt\u00e9k)<\/em><\/td>\n<\/tr>\n<tr data-start=\"566\" data-end=\"654\">\n<td><strong data-start=\"568\" data-end=\"589\">\u00dczemi \u00e1ram<\/strong><\/td>\n<td>\u2014 (Nincs megadva)<\/td>\n<\/tr>\n<tr data-start=\"655\" data-end=\"743\">\n<td><strong data-start=\"657\" data-end=\"678\">Fogyaszt\u00e1s<\/strong><\/td>\n<td>&lt; 0,45W <em data-start=\"694\" data-end=\"711\">(p\u00e9ld\u00e1ul \u00e9rt\u00e9k)<\/em><\/td>\n<\/tr>\n<tr data-start=\"744\" data-end=\"832\">\n<td><strong data-start=\"746\" data-end=\"771\">\u00c9rz\u00e9kenys\u00e9g \u00e9rz\u00e9kel\u00e9se<\/strong><\/td>\n<td>Du\u00e1l-\u00fczemm\u00f3d (K\u00f6rnyezeti f\u00e9ny \u00e9s foglalts\u00e1g \u00e9rz\u00e9kel\u00e9se)<\/td>\n<\/tr>\n<tr data-start=\"833\" data-end=\"921\">\n<td><strong data-start=\"835\" data-end=\"852\">V\u00e1laszid\u0151<\/strong><\/td>\n<td>&lt; 0,2 m\u00e1sodperc <em data-start=\"878\" data-end=\"895\">(p\u00e9ld\u00e1ul \u00e9rt\u00e9k)<\/em><\/td>\n<\/tr>\n<tr data-start=\"922\" data-end=\"1010\">\n<td><strong data-start=\"924\" data-end=\"937\">IP besorol\u00e1s<\/strong><\/td>\n<td>IP67 (V\u00edz\u00e1ll\u00f3 \u00e9s por\u00e1ll\u00f3)<\/td>\n<\/tr>\n<tr data-start=\"1011\" data-end=\"1099\">\n<td><strong data-start=\"1013\" data-end=\"1038\">\u00dczemel\u00e9si h\u0151m\u00e9rs\u00e9klet<\/strong><\/td>\n<td>-20\u00b0C-t\u00f3l +60\u00b0C-ig<\/td>\n<\/tr>\n<tr data-start=\"1100\" data-end=\"1188\">\n<td><strong data-start=\"1102\" data-end=\"1116\">M\u00e9ret<\/strong><\/td>\n<td>\u2014 (Nincs megadva)<\/td>\n<\/tr>\n<tr data-start=\"1189\" data-end=\"1277\">\n<td><strong data-start=\"1191\" data-end=\"1201\">S\u00faly<\/strong><\/td>\n<td>\u2014 (Nincs megadva)<\/td>\n<\/tr>\n<tr data-start=\"1278\" data-end=\"1366\">\n<td><strong data-start=\"1280\" data-end=\"1292\">\u00c9lettartam<\/strong><\/td>\n<td>Ak\u00e1r 50 000 \u00f3r\u00e1ig <em data-start=\"1328\" data-end=\"1345\">(p\u00e9ld\u00e1ul \u00e9rt\u00e9k)<\/em><\/td>\n<\/tr>\n<tr data-start=\"1367\" data-end=\"1475\">\n<td><strong data-start=\"1369\" data-end=\"1392\">Tov\u00e1bbi funkci\u00f3k<\/strong><\/td>\n<td>\u00c1ll\u00edthat\u00f3 k\u00fcsz\u00f6b\u00e9rt\u00e9k, okos integr\u00e1ci\u00f3, gyors reakci\u00f3, du\u00e1l-\u00fczemm\u00f3d \u00e9rz\u00e9kel\u00e9s<\/td>\n<\/tr>\n<\/tbody>\n<\/table>\n<p data-start=\"655\" data-end=\"1075\"><strong data-start=\"659\" data-end=\"694\">MG-SN027 Du\u00e1l-\u00dczemm\u00f3d Okos Szenzor<\/strong> egy fejlett vez\u00e9rl\u00e9si megold\u00e1s, amelyet <strong data-start=\"740\" data-end=\"780\">intelligens <strong><a href=\"https:\/\/ledsteplight.com\/hu\/low-voltage-landscape-lighting-effective-outdoor-solutions\/\" class=\"waam-auto-link\" title=\"k\u00fclt\u00e9ri vil\u00e1g\u00edt\u00e1s\">k\u00fclt\u00e9ri vil\u00e1g\u00edt\u00e1s<\/a><\/strong> rendszerek<\/strong>. Mindkett\u0151t tartalmazza <strong data-start=\"797\" data-end=\"838\">k\u00f6rnyezeti f\u00e9ny \u00e9s foglalts\u00e1g \u00e9rz\u00e9kel\u00e9se<\/strong>, ez gyors reag\u00e1l\u00e1s\u00fa \u00e9s energiatakar\u00e9kos <strong><a href=\"https:\/\/ledsteplight.com\/hu\/pir-sensor-step-light-top-advantages-for-safety\/\" class=\"waam-auto-link\" title=\"megvil\u00e1g\u00edt\u00e1s\u00e9rt\">megvil\u00e1g\u00edt\u00e1s\u00e9rt<\/a><\/strong> \u00fatvonalakhoz, kertekhez \u00e9s \u00e9p\u00edt\u00e9szeti terekhez. Ezzel <strong data-start=\"955\" data-end=\"995\">IP67 v\u00edz\u00e1ll\u00f3 \u00e9s por\u00e1ll\u00f3 kialak\u00edt\u00e1s\u00e1val<\/strong>, a szenzor megb\u00edzhat\u00f3 m\u0171k\u00f6d\u00e9st garant\u00e1l m\u00e9g extr\u00e9m id\u0151j\u00e1r\u00e1si k\u00f6r\u00fclm\u00e9nyek k\u00f6z\u00f6tt is.<\/p>\n<p data-start=\"1077\" data-end=\"1509\">Mint professzion\u00e1lis <strong data-start=\"1095\" data-end=\"1124\">LED vil\u00e1g\u00edt\u00e1s gy\u00e1rt\u00f3<\/strong>, mi biztos\u00edtjuk <strong data-start=\"1137\" data-end=\"1178\">OEM \u00e9s egyedi okos szenzor megold\u00e1sok<\/strong> k\u00fcl\u00f6nb\u00f6z\u0151 vil\u00e1g\u00edt\u00e1si projektekhez. Az MG-SN027 12V DC t\u00e1pl\u00e1l\u00e1ssal m\u0171k\u00f6dik, kevesebb mint 0,45W-t fogyaszt, \u00e9s 0,2 m\u00e1sodpercen bel\u00fcl reag\u00e1l az azonnali teljes\u00edtm\u00e9ny\u00e9rt. Hossz\u00fa t\u00e1v\u00fa stabilit\u00e1sra tervezve, <strong data-start=\"1367\" data-end=\"1398\">\u00e9lettartama ak\u00e1r 50 000 \u00f3ra<\/strong>, ide\u00e1lis modern t\u00e1j\u00e9p\u00edt\u00e9szethez \u00e9s <strong><a href=\"https:\/\/ledsteplight.com\/hu\/cree-bridgelux-chip-ip65-led-fixture-for-garden-facade-lighting\/\" class=\"waam-auto-link\" title=\"\u00e9p\u00edt\u00e9szeti vil\u00e1g\u00edt\u00e1st\">\u00e9p\u00edt\u00e9szeti vil\u00e1g\u00edt\u00e1st<\/a><\/strong> alkalmaz\u00e1sokhoz, amelyek precizit\u00e1st \u00e9s tart\u00f3ss\u00e1got ig\u00e9nyelnek.<\/p>","protected":false},"excerpt":{"rendered":"<p data-start=\"4046\" data-end=\"4490\">MG-SN027 kett\u0151s m\u00f3d\u00fa okos \u00e9rz\u00e9kel\u0151 LED vil\u00e1g\u00edt\u00e1shoz. IP67 v\u00edz\u00e1ll\u00f3, mozg\u00e1s- \u00e9s k\u00f6rnyezeti \u00e9rz\u00e9kel\u00e9s, 12V DC, OEM\/egyedi gy\u00e1rt\u00f3 okos k\u00fclt\u00e9ri vez\u00e9rl\u0151rendszerekhez.<\/p>","protected":false},"featured_media":37322,"comment_status":"open","ping_status":"closed","template":"","meta":[],"product_brand":[],"product_cat":[100,426,427,428,439,429,440,430,441,431,442,443,432,433,444,112,464,445,446,434,435,436,437],"product_tag":[103,76,110,109,113,78,115],"class_list":{"0":"post-38073","1":"product","2":"type-product","3":"status-publish","4":"has-post-thumbnail","6":"product_cat-aluminum-ground-light","7":"product_cat-ceiling-recessed","8":"product_cat-ceiling-surface","9":"product_cat-ceiling-suspended","10":"product_cat-commercial","11":"product_cat-drivers","12":"product_cat-education","13":"product_cat-freestanding-light","14":"product_cat-hospitality","15":"product_cat-industrial","16":"product_cat-infrastructure","17":"product_cat-landscape","18":"product_cat-landscaping","19":"product_cat-linear","20":"product_cat-office","21":"product_cat-outdoor-ground-light","22":"product_cat-c-outdoor-lighting","23":"product_cat-residential","24":"product_cat-retail","25":"product_cat-table-lamp","26":"product_cat-track","27":"product_cat-wall-recessed","28":"product_cat-wall-surface","29":"product_tag-aluminum-ground-light","30":"product_tag-aluminum-housing","31":"product_tag-landscape-light","32":"product_tag-led-fixture","33":"product_tag-outdoor-ground-light","34":"product_tag-outdoor-lighting","35":"product_tag-recessed-light","37":"first","38":"instock","39":"shipping-taxable","40":"product-type-simple"},"_links":{"self":[{"href":"https:\/\/ledsteplight.com\/hu\/wp-json\/wp\/v2\/product\/38073","targetHints":{"allow":["GET"]}}],"collection":[{"href":"https:\/\/ledsteplight.com\/hu\/wp-json\/wp\/v2\/product"}],"about":[{"href":"https:\/\/ledsteplight.com\/hu\/wp-json\/wp\/v2\/types\/product"}],"replies":[{"embeddable":true,"href":"https:\/\/ledsteplight.com\/hu\/wp-json\/wp\/v2\/comments?post=38073"}],"version-history":[{"count":3,"href":"https:\/\/ledsteplight.com\/hu\/wp-json\/wp\/v2\/product\/38073\/revisions"}],"predecessor-version":[{"id":38616,"href":"https:\/\/ledsteplight.com\/hu\/wp-json\/wp\/v2\/product\/38073\/revisions\/38616"}],"wp:featuredmedia":[{"embeddable":true,"href":"https:\/\/ledsteplight.com\/hu\/wp-json\/wp\/v2\/media\/37322"}],"wp:attachment":[{"href":"https:\/\/ledsteplight.com\/hu\/wp-json\/wp\/v2\/media?parent=38073"}],"wp:term":[{"taxonomy":"product_brand","embeddable":true,"href":"https:\/\/ledsteplight.com\/hu\/wp-json\/wp\/v2\/product_brand?post=38073"},{"taxonomy":"product_cat","embeddable":true,"href":"https:\/\/ledsteplight.com\/hu\/wp-json\/wp\/v2\/product_cat?post=38073"},{"taxonomy":"product_tag","embeddable":true,"href":"https:\/\/ledsteplight.com\/hu\/wp-json\/wp\/v2\/product_tag?post=38073"}],"curies":[{"name":"wp","href":"https:\/\/api.w.org\/{rel}","templated":true}]}}