{"id":38074,"date":"2025-09-08T13:04:26","date_gmt":"2025-09-08T13:04:26","guid":{"rendered":"https:\/\/ledsteplight.com\/import-placeholder-for-37225\/"},"modified":"2026-01-19T02:14:19","modified_gmt":"2026-01-19T02:14:19","slug":"gyd027-outdoor-motion-sensor-86-ground-light-oem-factory","status":"publish","type":"product","link":"https:\/\/ledsteplight.com\/hu\/gyd027-outdoor-motion-sensor-86-ground-light-oem-factory\/","title":{"rendered":"GYD027 k\u00fclt\u00e9ri mozg\u00e1s\u00e9rz\u00e9kel\u0151s 86 talajf\u00e9ny | OEM gy\u00e1r"},"content":{"rendered":"<table data-start=\"132\" data-end=\"1461\">\n<thead data-start=\"132\" data-end=\"219\">\n<tr data-start=\"132\" data-end=\"219\">\n<th data-start=\"132\" data-end=\"161\"><strong data-start=\"134\" data-end=\"147\">Param\u00e9ter<\/strong><\/th>\n<th data-start=\"161\" data-end=\"219\"><strong data-start=\"163\" data-end=\"192\">Jellemz\u0151 \/ Le\u00edr\u00e1s<\/strong><\/th>\n<\/tr>\n<\/thead>\n<tbody data-start=\"308\" data-end=\"1461\">\n<tr data-start=\"308\" data-end=\"395\">\n<td><strong data-start=\"310\" data-end=\"327\">Term\u00e9kk\u00f3d<\/strong><\/td>\n<td>MG-GYD027<\/td>\n<\/tr>\n<tr data-start=\"396\" data-end=\"483\">\n<td><strong data-start=\"398\" data-end=\"418\">Term\u00e9kkateg\u00f3ria<\/strong><\/td>\n<td>LED F\u00f6ldalatti L\u00e1mpa<\/td>\n<\/tr>\n<tr data-start=\"484\" data-end=\"571\">\n<td><strong data-start=\"486\" data-end=\"507\"><strong><a href=\"https:\/\/ledsteplight.com\/hu\/dm36b-pro-honeycomb-anti-glare-led-in-ground-light-ip67-24v-dc\/\" class=\"waam-auto-link\" title=\"\u00dczemi fesz\u00fclts\u00e9g\">\u00dczemi fesz\u00fclts\u00e9g<\/a><\/strong><\/strong><\/td>\n<td>24V DC <em data-start=\"522\" data-end=\"539\">(p\u00e9ld\u00e1ul \u00e9rt\u00e9k)<\/em><\/td>\n<\/tr>\n<tr data-start=\"572\" data-end=\"659\">\n<td><strong data-start=\"574\" data-end=\"595\">\u00dczemi \u00e1ram<\/strong><\/td>\n<td>\u2014 (Nincs megadva)<\/td>\n<\/tr>\n<tr data-start=\"660\" data-end=\"747\">\n<td><strong data-start=\"662\" data-end=\"683\">Fogyaszt\u00e1s<\/strong><\/td>\n<td>&lt;35W <em data-start=\"696\" data-end=\"713\">(p\u00e9ld\u00e1ul \u00e9rt\u00e9k)<\/em><\/td>\n<\/tr>\n<tr data-start=\"748\" data-end=\"835\">\n<td><strong data-start=\"750\" data-end=\"766\">Lumen kimenet<\/strong><\/td>\n<td>2700 lm <em data-start=\"787\" data-end=\"804\">(p\u00e9ld\u00e1ul \u00e9rt\u00e9k)<\/em><\/td>\n<\/tr>\n<tr data-start=\"836\" data-end=\"921\">\n<td><strong data-start=\"838\" data-end=\"859\">Sz\u00ednh\u0151m\u00e9rs\u00e9klet<\/strong><\/td>\n<td>4000K<\/td>\n<\/tr>\n<tr data-start=\"922\" data-end=\"1009\">\n<td><strong data-start=\"924\" data-end=\"937\">IP besorol\u00e1s<\/strong><\/td>\n<td>IP67 (V\u00edz\u00e1ll\u00f3 \u00e9s por\u00e1ll\u00f3)<\/td>\n<\/tr>\n<tr data-start=\"1010\" data-end=\"1097\">\n<td><strong data-start=\"1012\" data-end=\"1037\">\u00dczemel\u00e9si h\u0151m\u00e9rs\u00e9klet<\/strong><\/td>\n<td>-20\u00b0C-t\u00f3l +60\u00b0C-ig<\/td>\n<\/tr>\n<tr data-start=\"1098\" data-end=\"1185\">\n<td><strong data-start=\"1100\" data-end=\"1114\">M\u00e9ret<\/strong><\/td>\n<td>\u2014 (Nincs megadva)<\/td>\n<\/tr>\n<tr data-start=\"1186\" data-end=\"1273\">\n<td><strong data-start=\"1188\" data-end=\"1198\">S\u00faly<\/strong><\/td>\n<td>\u2014 (Nincs megadva)<\/td>\n<\/tr>\n<tr data-start=\"1274\" data-end=\"1361\">\n<td><strong data-start=\"1276\" data-end=\"1288\">\u00c9lettartam<\/strong><\/td>\n<td>Ak\u00e1r 50 000 \u00f3r\u00e1ig <em data-start=\"1324\" data-end=\"1341\">(p\u00e9ld\u00e1ul \u00e9rt\u00e9k)<\/em><\/td>\n<\/tr>\n<tr data-start=\"1362\" data-end=\"1461\">\n<td><strong data-start=\"1364\" data-end=\"1387\">Tov\u00e1bbi funkci\u00f3k<\/strong><\/td>\n<td>Intelligens vez\u00e9rl\u00e9s, modul\u00e1ris kialak\u00edt\u00e1s, energiatakar\u00e9kos, k\u00f6nny\u0171 telep\u00edt\u00e9s<\/td>\n<\/tr>\n<\/tbody>\n<\/table>\n<p data-start=\"712\" data-end=\"1176\"><strong data-start=\"716\" data-end=\"764\">GYD027 K\u00fclt\u00e9ri <strong><a href=\"https:\/\/ledsteplight.com\/hu\/pir-sensor-step-light-top-advantages-for-safety\/\" class=\"waam-auto-link\" title=\"Mozg\u00e1s\u00e9rz\u00e9kel\u0151\">Mozg\u00e1s\u00e9rz\u00e9kel\u0151<\/a><\/strong> 86 <strong><a href=\"https:\/\/ledsteplight.com\/hu\/5w-led-in-ground-lights-ip65-waterproof-outdoor-driveway-garden-floor-lighting\/\" class=\"waam-auto-link\" title=\"F\u00f6ldi f\u00e9ny\">F\u00f6ldi f\u00e9ny<\/a><\/strong><\/strong> Eleg\u00e1ns kialak\u00edt\u00e1st \u00f6tv\u00f6z intelligens funkci\u00f3kkal, ide\u00e1liss\u00e1 t\u00e9ve modern <strong data-start=\"848\" data-end=\"882\">kert\u00e9szeti \u00e9s j\u00e1rdavil\u00e1g\u00edt\u00e1si megold\u00e1sokhoz<\/strong>. Felszerelve egy <strong data-start=\"900\" data-end=\"934\">nagy \u00e9rz\u00e9kenys\u00e9g\u0171 mozg\u00e1s\u00e9rz\u00e9kel\u0151vel<\/strong>, ez a l\u00e1mpa automatikusan aktiv\u00e1lja a vil\u00e1g\u00edt\u00e1st mozg\u00e1s \u00e9szlel\u00e9sekor, energiatakar\u00e9kos vil\u00e1g\u00edt\u00e1st \u00e9s fokozott k\u00fclt\u00e9ri biztons\u00e1got ny\u00fajtva. Az <strong data-start=\"1082\" data-end=\"1111\">IP67 v\u00edz\u00e1ll\u00f3 szerkezet<\/strong> hossz\u00fa t\u00e1von biztos\u00edtja a megb\u00edzhat\u00f3 m\u0171k\u00f6d\u00e9st minden id\u0151j\u00e1r\u00e1si k\u00f6r\u00fclm\u00e9ny k\u00f6z\u00f6tt.<\/p>\n<p data-start=\"1178\" data-end=\"1550\">Mint professzion\u00e1lis <strong data-start=\"1196\" data-end=\"1229\">LED f\u00f6ldalatti l\u00e1mpa gy\u00e1rt\u00f3<\/strong>, szakosodott <strong data-start=\"1248\" data-end=\"1285\">OEM \u00e9s egyedi vil\u00e1g\u00edt\u00e1si megold\u00e1sok<\/strong> \u00e9p\u00edt\u00e9szeti \u00e9s kert\u00e9szeti projektekhez igaz\u00edtva. A <strong data-start=\"1341\" data-end=\"1371\">GYD027 \u00e9rz\u00e9kel\u0151s f\u00f6ldalatti l\u00e1mpa<\/strong> 86 t\u00edpus\u00fa telep\u00edt\u00e9st t\u00e1mogat, tart\u00f3s kivitel\u0171, \u00e9s stabil, alacsony fogyaszt\u00e1s\u00fa m\u0171k\u00f6d\u00e9st k\u00edn\u00e1l\u2014ide\u00e1lis kertekhez, bej\u00e1ratokhoz, teraszokhoz \u00e9s okos <strong><a href=\"https:\/\/ledsteplight.com\/hu\/cree-bridgelux-chip-ip65-led-fixture-for-garden-facade-lighting\/\" class=\"waam-auto-link\" title=\"k\u00fclt\u00e9ri vil\u00e1g\u00edt\u00e1s\">k\u00fclt\u00e9ri vil\u00e1g\u00edt\u00e1s<\/a><\/strong> <strong><a href=\"https:\/\/ledsteplight.com\/hu\/ultimate-guide-to-landscape-inground-lighting-solutions\/\" class=\"waam-auto-link\" title=\"rendszerek\">rendszerek<\/a><\/strong>.<\/p>","protected":false},"excerpt":{"rendered":"<p data-start=\"4123\" data-end=\"4584\">mozg\u00e1s\u00e9rz\u00e9kel\u0151s talajl\u00e1mpa, k\u00fclt\u00e9ri LED talajl\u00e1mpa, 86 t\u00edpus\u00fa talajl\u00e1mpa, okos k\u00fclt\u00e9ri vil\u00e1g\u00edt\u00e1s, IP67 v\u00edz\u00e1ll\u00f3 LED, j\u00e1rdavil\u00e1g\u00edt\u00e1s, t\u00e1jvil\u00e1g\u00edt\u00e1s gy\u00e1rt\u00f3, OEM LED vil\u00e1g\u00edt\u00e1s, egyedi talajl\u00e1mpa, mozg\u00e1s\u00e9rz\u00e9kel\u0151s LED<\/p>","protected":false},"featured_media":37324,"comment_status":"open","ping_status":"closed","template":"","meta":[],"product_brand":[],"product_cat":[100,426,427,428,439,429,440,430,441,431,442,443,432,433,444,112,464,445,446,434,435,436,437],"product_tag":[103,76,77,113,78],"class_list":{"0":"post-38074","1":"product","2":"type-product","3":"status-publish","4":"has-post-thumbnail","6":"product_cat-aluminum-ground-light","7":"product_cat-ceiling-recessed","8":"product_cat-ceiling-surface","9":"product_cat-ceiling-suspended","10":"product_cat-commercial","11":"product_cat-drivers","12":"product_cat-education","13":"product_cat-freestanding-light","14":"product_cat-hospitality","15":"product_cat-industrial","16":"product_cat-infrastructure","17":"product_cat-landscape","18":"product_cat-landscaping","19":"product_cat-linear","20":"product_cat-office","21":"product_cat-outdoor-ground-light","22":"product_cat-c-outdoor-lighting","23":"product_cat-residential","24":"product_cat-retail","25":"product_cat-table-lamp","26":"product_cat-track","27":"product_cat-wall-recessed","28":"product_cat-wall-surface","29":"product_tag-aluminum-ground-light","30":"product_tag-aluminum-housing","31":"product_tag-ground-light","32":"product_tag-outdoor-ground-light","33":"product_tag-outdoor-lighting","35":"first","36":"instock","37":"shipping-taxable","38":"product-type-simple"},"_links":{"self":[{"href":"https:\/\/ledsteplight.com\/hu\/wp-json\/wp\/v2\/product\/38074","targetHints":{"allow":["GET"]}}],"collection":[{"href":"https:\/\/ledsteplight.com\/hu\/wp-json\/wp\/v2\/product"}],"about":[{"href":"https:\/\/ledsteplight.com\/hu\/wp-json\/wp\/v2\/types\/product"}],"replies":[{"embeddable":true,"href":"https:\/\/ledsteplight.com\/hu\/wp-json\/wp\/v2\/comments?post=38074"}],"version-history":[{"count":3,"href":"https:\/\/ledsteplight.com\/hu\/wp-json\/wp\/v2\/product\/38074\/revisions"}],"predecessor-version":[{"id":38617,"href":"https:\/\/ledsteplight.com\/hu\/wp-json\/wp\/v2\/product\/38074\/revisions\/38617"}],"wp:featuredmedia":[{"embeddable":true,"href":"https:\/\/ledsteplight.com\/hu\/wp-json\/wp\/v2\/media\/37324"}],"wp:attachment":[{"href":"https:\/\/ledsteplight.com\/hu\/wp-json\/wp\/v2\/media?parent=38074"}],"wp:term":[{"taxonomy":"product_brand","embeddable":true,"href":"https:\/\/ledsteplight.com\/hu\/wp-json\/wp\/v2\/product_brand?post=38074"},{"taxonomy":"product_cat","embeddable":true,"href":"https:\/\/ledsteplight.com\/hu\/wp-json\/wp\/v2\/product_cat?post=38074"},{"taxonomy":"product_tag","embeddable":true,"href":"https:\/\/ledsteplight.com\/hu\/wp-json\/wp\/v2\/product_tag?post=38074"}],"curies":[{"name":"wp","href":"https:\/\/api.w.org\/{rel}","templated":true}]}}