{"id":38075,"date":"2025-09-08T13:04:26","date_gmt":"2025-09-08T13:04:26","guid":{"rendered":"https:\/\/ledsteplight.com\/import-placeholder-for-37226\/"},"modified":"2026-01-19T02:14:19","modified_gmt":"2026-01-19T02:14:19","slug":"sn015xf-dual-mode-smart-sensor-oem-led-step-light-manufacturer-china","status":"publish","type":"product","link":"https:\/\/ledsteplight.com\/hu\/sn015xf-dual-mode-smart-sensor-oem-led-step-light-manufacturer-china\/","title":{"rendered":"SN015XF K\u00e9tm\u00f3d\u00fa okos \u00e9rz\u00e9kel\u0151 | OEM LED l\u00e9p\u00e9sf\u00e9ny gy\u00e1rt\u00f3 Magyarorsz\u00e1g"},"content":{"rendered":"<h3 data-start=\"86\" data-end=\"112\">\u00d6sszes Term\u00e9kparam\u00e9ter<\/h3>\n<table data-start=\"114\" data-end=\"1407\">\n<thead data-start=\"114\" data-end=\"197\">\n<tr data-start=\"114\" data-end=\"197\">\n<th data-start=\"114\" data-end=\"143\"><strong data-start=\"116\" data-end=\"129\">Param\u00e9ter<\/strong><\/th>\n<th data-start=\"143\" data-end=\"197\"><strong data-start=\"145\" data-end=\"174\">Jellemz\u0151 \/ Le\u00edr\u00e1s<\/strong><\/th>\n<\/tr>\n<\/thead>\n<tbody data-start=\"282\" data-end=\"1407\">\n<tr data-start=\"282\" data-end=\"365\">\n<td><strong data-start=\"284\" data-end=\"301\">Term\u00e9kk\u00f3d<\/strong><\/td>\n<td>MG-SN015XF<\/td>\n<\/tr>\n<tr data-start=\"366\" data-end=\"449\">\n<td><strong data-start=\"368\" data-end=\"388\">Term\u00e9kkateg\u00f3ria<\/strong><\/td>\n<td>Fejlett Okos F\u00e9ny\u00e9rz\u00e9kel\u0151<\/td>\n<\/tr>\n<tr data-start=\"450\" data-end=\"533\">\n<td><strong data-start=\"452\" data-end=\"473\"><strong><a href=\"https:\/\/ledsteplight.com\/hu\/dm36b-pro-honeycomb-anti-glare-led-in-ground-light-ip67-24v-dc\/\" class=\"waam-auto-link\" title=\"\u00dczemi fesz\u00fclts\u00e9g\">\u00dczemi fesz\u00fclts\u00e9g<\/a><\/strong><\/strong><\/td>\n<td>12V DC <em data-start=\"488\" data-end=\"505\">(p\u00e9ld\u00e1ul \u00e9rt\u00e9k)<\/em><\/td>\n<\/tr>\n<tr data-start=\"534\" data-end=\"617\">\n<td><strong data-start=\"536\" data-end=\"557\">\u00dczemi \u00e1ram<\/strong><\/td>\n<td>\u2014 (Nincs megadva)<\/td>\n<\/tr>\n<tr data-start=\"618\" data-end=\"701\">\n<td><strong data-start=\"620\" data-end=\"641\">Fogyaszt\u00e1s<\/strong><\/td>\n<td>&lt; 0,45W <em data-start=\"657\" data-end=\"678\">(k\u00f6r\u00fclbel\u00fcli \u00e9rt\u00e9k)<\/em><\/td>\n<\/tr>\n<tr data-start=\"702\" data-end=\"785\">\n<td><strong data-start=\"704\" data-end=\"729\">\u00c9rz\u00e9kenys\u00e9g \u00e9rz\u00e9kel\u00e9se<\/strong><\/td>\n<td>Ultra magas \u00e9rz\u00e9kenys\u00e9g kett\u0151s \u00fczemm\u00f3ddal<\/td>\n<\/tr>\n<tr data-start=\"786\" data-end=\"869\">\n<td><strong data-start=\"788\" data-end=\"805\">V\u00e1laszid\u0151<\/strong><\/td>\n<td>&lt; 0,2 m\u00e1sodperc <em data-start=\"831\" data-end=\"848\">(p\u00e9ld\u00e1ul \u00e9rt\u00e9k)<\/em><\/td>\n<\/tr>\n<tr data-start=\"870\" data-end=\"953\">\n<td><strong data-start=\"872\" data-end=\"885\">IP besorol\u00e1s<\/strong><\/td>\n<td>IP67 (V\u00edz\u00e1ll\u00f3 \u00e9s por\u00e1ll\u00f3)<\/td>\n<\/tr>\n<tr data-start=\"954\" data-end=\"1037\">\n<td><strong data-start=\"956\" data-end=\"981\">\u00dczemel\u00e9si h\u0151m\u00e9rs\u00e9klet<\/strong><\/td>\n<td>-20\u00b0C-t\u00f3l +60\u00b0C-ig<\/td>\n<\/tr>\n<tr data-start=\"1038\" data-end=\"1121\">\n<td><strong data-start=\"1040\" data-end=\"1054\">M\u00e9ret<\/strong><\/td>\n<td>\u2014 (Nincs megadva)<\/td>\n<\/tr>\n<tr data-start=\"1122\" data-end=\"1205\">\n<td><strong data-start=\"1124\" data-end=\"1134\">S\u00faly<\/strong><\/td>\n<td>\u2014 (Nincs megadva)<\/td>\n<\/tr>\n<tr data-start=\"1206\" data-end=\"1289\">\n<td><strong data-start=\"1208\" data-end=\"1220\">\u00c9lettartam<\/strong><\/td>\n<td>Ak\u00e1r 50 000 \u00f3r\u00e1ig <em data-start=\"1256\" data-end=\"1273\">(p\u00e9ld\u00e1ul \u00e9rt\u00e9k)<\/em><\/td>\n<\/tr>\n<tr data-start=\"1290\" data-end=\"1407\">\n<td><strong data-start=\"1292\" data-end=\"1315\">Tov\u00e1bbi funkci\u00f3k<\/strong><\/td>\n<td>\u00c1ll\u00edthat\u00f3 k\u00fcsz\u00f6b\u00e9rt\u00e9k, gyors v\u00e1lasz, okos integr\u00e1ci\u00f3, kett\u0151s \u00fczemm\u00f3d (k\u00f6rnyezeti \u00e9s mozg\u00e1s)<\/td>\n<\/tr>\n<\/tbody>\n<\/table>","protected":false},"excerpt":{"rendered":"<p data-start=\"942\" data-end=\"1381\"><strong data-start=\"946\" data-end=\"992\">SN015XF Kett\u0151s \u00fczemm\u00f3d\u00fa intelligens okos \u00e9rz\u00e9kel\u0151<\/strong> k\u00fcl\u00f6n\u00f6sen a sz\u00e1m\u00e1ra tervezt\u00e9k <strong data-start=\"1019\" data-end=\"1057\">LED l\u00e9pcs\u0151- \u00e9s fali vil\u00e1g\u00edt\u00e1si rendszerekhez<\/strong>, k\u00edn\u00e1lva mindkett\u0151t <strong data-start=\"1073\" data-end=\"1115\">PIR mozg\u00e1s- \u00e9s k\u00f6rnyezeti f\u00e9ny\u00e9rz\u00e9kel\u00e9s<\/strong>. Magas \u00e9rz\u00e9kenys\u00e9g\u0171 kett\u0151s \u00fczemm\u00f3d\u00fa vez\u00e9rl\u00e9se biztos\u00edtja a pontos megvil\u00e1g\u00edt\u00e1st, az energiatakar\u00e9koss\u00e1got \u00e9s a gyors v\u00e1laszid\u0151t\u2014ide\u00e1lis k\u00fclt\u00e9ri j\u00e1rd\u00e1khoz, l\u00e9pcs\u0151kh\u00f6z \u00e9s kereskedelmi vil\u00e1g\u00edt\u00e1si projektekhez. Egy <strong data-start=\"1311\" data-end=\"1337\">IP67 v\u00edz\u00e1ll\u00f3 besorol\u00e1ssal<\/strong>, megb\u00edzhat\u00f3an m\u0171k\u00f6dik b\u00e1rmilyen k\u00f6rnyezetben.<\/p>\n<p data-start=\"1383\" data-end=\"1816\">Mint professzion\u00e1lis <strong data-start=\"1401\" data-end=\"1441\">LED l\u00e9pcs\u0151f\u00e9ny gy\u00e1rt\u00f3 K\u00edn\u00e1ban<\/strong>, mi biztos\u00edtjuk <strong data-start=\"1454\" data-end=\"1503\">OEM, ODM \u00e9s egyedi intelligens vil\u00e1g\u00edt\u00e1si megold\u00e1sokat<\/strong> glob\u00e1lis import\u0151r\u00f6k, kivitelez\u0151k \u00e9s forgalmaz\u00f3k sz\u00e1m\u00e1ra. Az SN015XF \u00e9rz\u00e9kel\u0151 k\u00f6nnyen integr\u00e1lhat\u00f3 <strong data-start=\"1599\" data-end=\"1632\">be\u00e9p\u00edtett fal- \u00e9s l\u00e9pcs\u0151f\u00e9nyekbe<\/strong>, t\u00e1mogatja a rugalmas fesz\u00fclts\u00e9gkonfigur\u00e1ci\u00f3kat, \u00e9s tart\u00f3s kivitel\u0171, <strong data-start=\"1712\" data-end=\"1736\">50 000 \u00f3r\u00e1s \u00e9lettartammal<\/strong>, biztos\u00edtva hossz\u00fa t\u00e1v\u00fa teljes\u00edtm\u00e9nyt \u00e9p\u00edt\u00e9szeti \u00e9s t\u00e1j\u00e9p\u00edt\u00e9szeti alkalmaz\u00e1sokhoz.<\/p>","protected":false},"featured_media":37326,"comment_status":"open","ping_status":"closed","template":"","meta":[],"product_brand":[],"product_cat":[105,100,426,427,428,439,429,440,430,441,431,442,443,432,433,444,464,445,446,106,434,435,436,437],"product_tag":[107,103,76,110,109,114,115,108],"class_list":{"0":"post-38075","1":"product","2":"type-product","3":"status-publish","4":"has-post-thumbnail","6":"product_cat-015-series","7":"product_cat-aluminum-ground-light","8":"product_cat-ceiling-recessed","9":"product_cat-ceiling-surface","10":"product_cat-ceiling-suspended","11":"product_cat-commercial","12":"product_cat-drivers","13":"product_cat-education","14":"product_cat-freestanding-light","15":"product_cat-hospitality","16":"product_cat-industrial","17":"product_cat-infrastructure","18":"product_cat-landscape","19":"product_cat-landscaping","20":"product_cat-linear","21":"product_cat-office","22":"product_cat-c-outdoor-lighting","23":"product_cat-residential","24":"product_cat-retail","25":"product_cat-round-ground-light","26":"product_cat-table-lamp","27":"product_cat-track","28":"product_cat-wall-recessed","29":"product_cat-wall-surface","30":"product_tag-015-series","31":"product_tag-aluminum-ground-light","32":"product_tag-aluminum-housing","33":"product_tag-landscape-light","34":"product_tag-led-fixture","35":"product_tag-pathway-light","36":"product_tag-recessed-light","37":"product_tag-round-ground-light","39":"first","40":"instock","41":"shipping-taxable","42":"product-type-simple"},"_links":{"self":[{"href":"https:\/\/ledsteplight.com\/hu\/wp-json\/wp\/v2\/product\/38075","targetHints":{"allow":["GET"]}}],"collection":[{"href":"https:\/\/ledsteplight.com\/hu\/wp-json\/wp\/v2\/product"}],"about":[{"href":"https:\/\/ledsteplight.com\/hu\/wp-json\/wp\/v2\/types\/product"}],"replies":[{"embeddable":true,"href":"https:\/\/ledsteplight.com\/hu\/wp-json\/wp\/v2\/comments?post=38075"}],"version-history":[{"count":3,"href":"https:\/\/ledsteplight.com\/hu\/wp-json\/wp\/v2\/product\/38075\/revisions"}],"predecessor-version":[{"id":38618,"href":"https:\/\/ledsteplight.com\/hu\/wp-json\/wp\/v2\/product\/38075\/revisions\/38618"}],"wp:featuredmedia":[{"embeddable":true,"href":"https:\/\/ledsteplight.com\/hu\/wp-json\/wp\/v2\/media\/37326"}],"wp:attachment":[{"href":"https:\/\/ledsteplight.com\/hu\/wp-json\/wp\/v2\/media?parent=38075"}],"wp:term":[{"taxonomy":"product_brand","embeddable":true,"href":"https:\/\/ledsteplight.com\/hu\/wp-json\/wp\/v2\/product_brand?post=38075"},{"taxonomy":"product_cat","embeddable":true,"href":"https:\/\/ledsteplight.com\/hu\/wp-json\/wp\/v2\/product_cat?post=38075"},{"taxonomy":"product_tag","embeddable":true,"href":"https:\/\/ledsteplight.com\/hu\/wp-json\/wp\/v2\/product_tag?post=38075"}],"curies":[{"name":"wp","href":"https:\/\/api.w.org\/{rel}","templated":true}]}}