{"id":38076,"date":"2025-09-08T13:04:26","date_gmt":"2025-09-08T13:04:26","guid":{"rendered":"https:\/\/ledsteplight.com\/import-placeholder-for-37227\/"},"modified":"2026-01-19T02:14:19","modified_gmt":"2026-01-19T02:14:19","slug":"wb15015-led-wall-mount-light-outdoor-building-hotel-lighting-manufacturer","status":"publish","type":"product","link":"https:\/\/ledsteplight.com\/hu\/wb15015-led-wall-mount-light-outdoor-building-hotel-lighting-manufacturer\/","title":{"rendered":"WB15015 LED Fali Vil\u00e1g\u00edt\u00e1s | K\u00fclt\u00e9ri \u00c9p\u00fclet \u00e9s Sz\u00e1lloda Vil\u00e1g\u00edt\u00e1s Gy\u00e1rt\u00f3"},"content":{"rendered":"<h3 data-start=\"89\" data-end=\"115\"><\/h3>\n<table data-start=\"117\" data-end=\"1381\">\n<thead data-start=\"117\" data-end=\"200\">\n<tr data-start=\"117\" data-end=\"200\">\n<th data-start=\"117\" data-end=\"146\"><strong data-start=\"119\" data-end=\"132\">Param\u00e9ter<\/strong><\/th>\n<th data-start=\"146\" data-end=\"200\"><strong data-start=\"148\" data-end=\"177\">Jellemz\u0151 \/ Le\u00edr\u00e1s<\/strong><\/th>\n<\/tr>\n<\/thead>\n<tbody data-start=\"285\" data-end=\"1381\">\n<tr data-start=\"285\" data-end=\"368\">\n<td><strong data-start=\"287\" data-end=\"304\">Term\u00e9kk\u00f3d<\/strong><\/td>\n<td>MG-WB15015<\/td>\n<\/tr>\n<tr data-start=\"369\" data-end=\"452\">\n<td><strong data-start=\"371\" data-end=\"391\">Term\u00e9kkateg\u00f3ria<\/strong><\/td>\n<td>LED Fali L\u00e1mpatest<\/td>\n<\/tr>\n<tr data-start=\"453\" data-end=\"536\">\n<td><strong data-start=\"455\" data-end=\"476\"><strong><a href=\"https:\/\/ledsteplight.com\/hu\/dm36b-pro-honeycomb-anti-glare-led-in-ground-light-ip67-24v-dc\/\" class=\"waam-auto-link\" title=\"\u00dczemi fesz\u00fclts\u00e9g\">\u00dczemi fesz\u00fclts\u00e9g<\/a><\/strong><\/strong><\/td>\n<td>220-240V AC <em data-start=\"496\" data-end=\"513\">(p\u00e9ld\u00e1ul \u00e9rt\u00e9k)<\/em><\/td>\n<\/tr>\n<tr data-start=\"537\" data-end=\"620\">\n<td><strong data-start=\"539\" data-end=\"560\">\u00dczemi \u00e1ram<\/strong><\/td>\n<td>\u2014 (Nincs megadva)<\/td>\n<\/tr>\n<tr data-start=\"621\" data-end=\"704\">\n<td><strong data-start=\"623\" data-end=\"644\">Fogyaszt\u00e1s<\/strong><\/td>\n<td>&lt; 50W <em data-start=\"658\" data-end=\"675\">(p\u00e9ld\u00e1ul \u00e9rt\u00e9k)<\/em><\/td>\n<\/tr>\n<tr data-start=\"705\" data-end=\"788\">\n<td><strong data-start=\"707\" data-end=\"723\">Lumen kimenet<\/strong><\/td>\n<td>1500 lm <em data-start=\"744\" data-end=\"761\">(p\u00e9ld\u00e1ul \u00e9rt\u00e9k)<\/em><\/td>\n<\/tr>\n<tr data-start=\"789\" data-end=\"872\">\n<td><strong data-start=\"791\" data-end=\"812\">Sz\u00ednh\u0151m\u00e9rs\u00e9klet<\/strong><\/td>\n<td>4000K<\/td>\n<\/tr>\n<tr data-start=\"873\" data-end=\"956\">\n<td><strong data-start=\"875\" data-end=\"888\">IP besorol\u00e1s<\/strong><\/td>\n<td>IP65 (Belt\u00e9ri\/k\u00fclt\u00e9ri haszn\u00e1latra alkalmas)<\/td>\n<\/tr>\n<tr data-start=\"957\" data-end=\"1040\">\n<td><strong data-start=\"959\" data-end=\"984\">\u00dczemel\u00e9si h\u0151m\u00e9rs\u00e9klet<\/strong><\/td>\n<td>-10\u00b0C-t\u00f3l +50\u00b0C-ig<\/td>\n<\/tr>\n<tr data-start=\"1041\" data-end=\"1124\">\n<td><strong data-start=\"1043\" data-end=\"1057\">M\u00e9ret<\/strong><\/td>\n<td>\u2014 (Nincs megadva)<\/td>\n<\/tr>\n<tr data-start=\"1125\" data-end=\"1208\">\n<td><strong data-start=\"1127\" data-end=\"1137\">S\u00faly<\/strong><\/td>\n<td>\u2014 (Nincs megadva)<\/td>\n<\/tr>\n<tr data-start=\"1209\" data-end=\"1292\">\n<td><strong data-start=\"1211\" data-end=\"1223\">\u00c9lettartam<\/strong><\/td>\n<td>Ak\u00e1r 40 000 \u00f3r\u00e1ig <em data-start=\"1259\" data-end=\"1276\">(p\u00e9ld\u00e1ul \u00e9rt\u00e9k)<\/em><\/td>\n<\/tr>\n<tr data-start=\"1293\" data-end=\"1381\">\n<td><strong data-start=\"1295\" data-end=\"1318\">Tov\u00e1bbi funkci\u00f3k<\/strong><\/td>\n<td>Okos vez\u00e9rl\u00e9s, dimmelhet\u0151, energiahat\u00e9kony, eleg\u00e1ns design<\/td>\n<\/tr>\n<\/tbody>\n<\/table>\n<p data-start=\"762\" data-end=\"1174\"><strong data-start=\"766\" data-end=\"815\">WB15015 Nagy teljes\u00edtm\u00e9ny\u0171 LED Fali L\u00e1mpa<\/strong> er\u0151teljes \u00e9s egys\u00e9ges <strong><a href=\"https:\/\/ledsteplight.com\/hu\/pir-sensor-step-light-top-advantages-for-safety\/\" class=\"waam-auto-link\" title=\"megvil\u00e1g\u00edt\u00e1s\u00e9rt\">megvil\u00e1g\u00edt\u00e1s\u00e9rt<\/a><\/strong> a <strong data-start=\"863\" data-end=\"918\">\u00e9p\u00fcletek, sz\u00e1llod\u00e1k \u00e9s k\u00fclt\u00e9ri \u00e9p\u00edt\u00e9szeti terek sz\u00e1m\u00e1ra<\/strong>. Tart\u00f3s anyagokb\u00f3l k\u00e9sz\u00fclt \u00e9s egy <strong data-start=\"956\" data-end=\"982\">IP65 v\u00edz\u00e1ll\u00f3 besorol\u00e1s<\/strong>, megb\u00edzhat\u00f3 vil\u00e1g\u00edt\u00e1st biztos\u00edt <strong data-start=\"1018\" data-end=\"1055\">homlokzatok, folyos\u00f3k \u00e9s bej\u00e1ratok sz\u00e1m\u00e1ra<\/strong>. A fejlett LED technol\u00f3gia nagy f\u00e9nyer\u0151t biztos\u00edt alacsony energiafogyaszt\u00e1s mellett, ide\u00e1lis a modern k\u00fcls\u0151 kialak\u00edt\u00e1sokhoz. <strong><a href=\"https:\/\/ledsteplight.com\/hu\/ultimate-guide-to-landscape-inground-lighting-solutions\/\" class=\"waam-auto-link\" title=\"tervez\u00e9sek\">tervez\u00e9sek<\/a><\/strong>.<\/p>\n<p data-start=\"1176\" data-end=\"1555\">Mint vezet\u0151 <strong data-start=\"1189\" data-end=\"1246\">LED <strong><a href=\"https:\/\/ledsteplight.com\/hu\/cree-bridgelux-chip-ip65-led-fixture-for-garden-facade-lighting\/\" class=\"waam-auto-link\" title=\"falil\u00e1mpa\">falil\u00e1mpa<\/a><\/strong> gy\u00e1rt\u00f3 \u00e9s OEM besz\u00e1ll\u00edt\u00f3 K\u00edn\u00e1ban<\/strong>, szakosodott <strong data-start=\"1265\" data-end=\"1303\">egyedi \u00e9s t\u00f6meges vil\u00e1g\u00edt\u00e1si megold\u00e1sok<\/strong> \u00e9p\u00edt\u00e9szek, kivitelez\u0151k \u00e9s import\u0151r\u00f6k sz\u00e1m\u00e1ra. A <strong data-start=\"1352\" data-end=\"1370\">WB15015 sorozat<\/strong> az eleg\u00e1ns diz\u00e1jnt a hossz\u00fa \u00e9lettartammal \u00f6tv\u00f6zi, \u00edgy t\u00f6k\u00e9letes <strong data-start=\"1447\" data-end=\"1512\">kereskedelmi \u00e9p\u00fcletek, sz\u00e1llod\u00e1k, \u00e9s <strong><a href=\"https:\/\/ledsteplight.com\/hu\/mistakes-to-avoid-when-installing-in-ground-driveway-lights\/\" class=\"waam-auto-link\" title=\"kertvil\u00e1g\u00edt\u00e1s\">kertvil\u00e1g\u00edt\u00e1s<\/a><\/strong> projektek<\/strong> amelyek professzion\u00e1lis min\u0151s\u00e9get ig\u00e9nyelnek.<\/p>","protected":false},"excerpt":{"rendered":"<p>WB15015 magas teljes\u00edtm\u00e9ny\u0171 LED falra szerelhet\u0151 l\u00e1mpa. IP65 v\u00edz\u00e1ll\u00f3, ide\u00e1lis \u00e9p\u00fclet- \u00e9s sz\u00e1llodai vil\u00e1g\u00edt\u00e1shoz. K\u00ednai \u00e9p\u00edt\u00e9szeti vil\u00e1g\u00edt\u00e1s OEM\/ODM gy\u00e1rt\u00f3.<\/p>","protected":false},"featured_media":37336,"comment_status":"open","ping_status":"closed","template":"","meta":[],"product_brand":[],"product_cat":[100,426,427,428,439,429,440,118,430,441,431,442,443,432,433,444,464,445,446,434,435,436,437],"product_tag":[103,76,119,110,109,114,115],"class_list":{"0":"post-38076","1":"product","2":"type-product","3":"status-publish","4":"has-post-thumbnail","6":"product_cat-aluminum-ground-light","7":"product_cat-ceiling-recessed","8":"product_cat-ceiling-surface","9":"product_cat-ceiling-suspended","10":"product_cat-commercial","11":"product_cat-drivers","12":"product_cat-education","13":"product_cat-frameless-ground-light","14":"product_cat-freestanding-light","15":"product_cat-hospitality","16":"product_cat-industrial","17":"product_cat-infrastructure","18":"product_cat-landscape","19":"product_cat-landscaping","20":"product_cat-linear","21":"product_cat-office","22":"product_cat-c-outdoor-lighting","23":"product_cat-residential","24":"product_cat-retail","25":"product_cat-table-lamp","26":"product_cat-track","27":"product_cat-wall-recessed","28":"product_cat-wall-surface","29":"product_tag-aluminum-ground-light","30":"product_tag-aluminum-housing","31":"product_tag-frameless-ground-light","32":"product_tag-landscape-light","33":"product_tag-led-fixture","34":"product_tag-pathway-light","35":"product_tag-recessed-light","37":"first","38":"instock","39":"shipping-taxable","40":"product-type-simple"},"_links":{"self":[{"href":"https:\/\/ledsteplight.com\/hu\/wp-json\/wp\/v2\/product\/38076","targetHints":{"allow":["GET"]}}],"collection":[{"href":"https:\/\/ledsteplight.com\/hu\/wp-json\/wp\/v2\/product"}],"about":[{"href":"https:\/\/ledsteplight.com\/hu\/wp-json\/wp\/v2\/types\/product"}],"replies":[{"embeddable":true,"href":"https:\/\/ledsteplight.com\/hu\/wp-json\/wp\/v2\/comments?post=38076"}],"version-history":[{"count":3,"href":"https:\/\/ledsteplight.com\/hu\/wp-json\/wp\/v2\/product\/38076\/revisions"}],"predecessor-version":[{"id":38619,"href":"https:\/\/ledsteplight.com\/hu\/wp-json\/wp\/v2\/product\/38076\/revisions\/38619"}],"wp:featuredmedia":[{"embeddable":true,"href":"https:\/\/ledsteplight.com\/hu\/wp-json\/wp\/v2\/media\/37336"}],"wp:attachment":[{"href":"https:\/\/ledsteplight.com\/hu\/wp-json\/wp\/v2\/media?parent=38076"}],"wp:term":[{"taxonomy":"product_brand","embeddable":true,"href":"https:\/\/ledsteplight.com\/hu\/wp-json\/wp\/v2\/product_brand?post=38076"},{"taxonomy":"product_cat","embeddable":true,"href":"https:\/\/ledsteplight.com\/hu\/wp-json\/wp\/v2\/product_cat?post=38076"},{"taxonomy":"product_tag","embeddable":true,"href":"https:\/\/ledsteplight.com\/hu\/wp-json\/wp\/v2\/product_tag?post=38076"}],"curies":[{"name":"wp","href":"https:\/\/api.w.org\/{rel}","templated":true}]}}