{"id":38077,"date":"2025-09-10T13:04:26","date_gmt":"2025-09-10T13:04:26","guid":{"rendered":"https:\/\/ledsteplight.com\/import-placeholder-for-37228\/"},"modified":"2026-01-19T02:13:10","modified_gmt":"2026-01-19T02:13:10","slug":"wb30015-led-landscape-fixture-outdoor-lighting","status":"publish","type":"product","link":"https:\/\/ledsteplight.com\/hu\/wb30015-led-landscape-fixture-outdoor-lighting\/","title":{"rendered":"WB30015 Kereskedelmi k\u00fclt\u00e9ri LED l\u00e1mpa \u2014 IP65, Energiatakar\u00e9kos 5W"},"content":{"rendered":"<table data-start=\"141\" data-end=\"1637\">\n<thead data-start=\"141\" data-end=\"228\">\n<tr data-start=\"141\" data-end=\"228\">\n<th data-start=\"141\" data-end=\"172\"><strong data-start=\"143\" data-end=\"156\">Param\u00e9ter<\/strong><\/th>\n<th data-start=\"172\" data-end=\"228\"><strong data-start=\"174\" data-end=\"185\">R\u00e9szletek<\/strong><\/th>\n<\/tr>\n<\/thead>\n<tbody data-start=\"317\" data-end=\"1637\">\n<tr data-start=\"317\" data-end=\"404\">\n<td><strong data-start=\"319\" data-end=\"328\">Modell<\/strong><\/td>\n<td>MG-WB30015<\/td>\n<\/tr>\n<tr data-start=\"405\" data-end=\"492\">\n<td><strong data-start=\"407\" data-end=\"416\">Teljes\u00edtm\u00e9ny<\/strong><\/td>\n<td>5W<\/td>\n<\/tr>\n<tr data-start=\"493\" data-end=\"580\">\n<td><strong data-start=\"495\" data-end=\"507\">LED T\u00edpus<\/strong><\/td>\n<td>COB LED<\/td>\n<\/tr>\n<tr data-start=\"581\" data-end=\"668\">\n<td><strong data-start=\"583\" data-end=\"600\">Bemeneti fesz\u00fclts\u00e9g<\/strong><\/td>\n<td>AC85-265V<\/td>\n<\/tr>\n<tr data-start=\"669\" data-end=\"756\">\n<td><strong data-start=\"671\" data-end=\"692\"><strong><a href=\"https:\/\/ledsteplight.com\/hu\/dm36b-pro-honeycomb-anti-glare-led-in-ground-light-ip67-24v-dc\/\" class=\"waam-auto-link\" title=\"Sz\u00ednh\u0151m\u00e9rs\u00e9klet\">Sz\u00ednh\u0151m\u00e9rs\u00e9klet<\/a><\/strong><\/strong><\/td>\n<td>3000K \/ 6000K (Meleg Feh\u00e9r \/ Hideg Feh\u00e9r)<\/td>\n<\/tr>\n<tr data-start=\"757\" data-end=\"844\">\n<td><strong data-start=\"759\" data-end=\"771\">\u00c9lettartam<\/strong><\/td>\n<td>Ak\u00e1r 40 000 \u00f3r\u00e1ig<\/td>\n<\/tr>\n<tr data-start=\"845\" data-end=\"932\">\n<td><strong data-start=\"847\" data-end=\"860\">IP besorol\u00e1s<\/strong><\/td>\n<td>IP65 (V\u00edz\u00e1ll\u00f3, Por\u00e1ll\u00f3)<\/td>\n<\/tr>\n<tr data-start=\"933\" data-end=\"1020\">\n<td><strong data-start=\"935\" data-end=\"949\">F\u00e9nycs\u00f3va sz\u00f6ge<\/strong><\/td>\n<td>120\u00b0<\/td>\n<\/tr>\n<tr data-start=\"1021\" data-end=\"1108\">\n<td><strong data-start=\"1023\" data-end=\"1048\">\u00dczemel\u00e9si h\u0151m\u00e9rs\u00e9klet<\/strong><\/td>\n<td>-20\u00b0C-t\u00f3l +40\u00b0C-ig<\/td>\n<\/tr>\n<tr data-start=\"1109\" data-end=\"1196\">\n<td><strong data-start=\"1111\" data-end=\"1132\">Telep\u00edt\u00e9si T\u00edpus<\/strong><\/td>\n<td>F\u00f6ldbe s\u00fcllyesztett \/ Fel\u00fcletre szerelhet\u0151<\/td>\n<\/tr>\n<tr data-start=\"1197\" data-end=\"1284\">\n<td><strong data-start=\"1199\" data-end=\"1211\">Garancia<\/strong><\/td>\n<td>3 \u00e9v<\/td>\n<\/tr>\n<tr data-start=\"1285\" data-end=\"1372\">\n<td><strong data-start=\"1287\" data-end=\"1304\">Tan\u00fas\u00edtv\u00e1ny<\/strong><\/td>\n<td>CE, RoHS<\/td>\n<\/tr>\n<tr data-start=\"1373\" data-end=\"1461\">\n<td><strong data-start=\"1375\" data-end=\"1390\">Alkalmaz\u00e1s<\/strong><\/td>\n<td>K\u00fclt\u00e9ri (Kert, T\u00e1jk\u00e9pi, \u00dat, S\u00e9ta\u00fat, Terasz)<\/td>\n<\/tr>\n<tr data-start=\"1462\" data-end=\"1549\">\n<td><strong data-start=\"1464\" data-end=\"1473\">Sz\u00edn<\/strong><\/td>\n<td>Rozsdamentes Ac\u00e9l \/ Bronzozott Ez\u00fcst<\/td>\n<\/tr>\n<tr data-start=\"1550\" data-end=\"1637\">\n<td><strong data-start=\"1552\" data-end=\"1562\">S\u00faly<\/strong><\/td>\n<td>0,45 kg<\/td>\n<\/tr>\n<\/tbody>\n<\/table>\n<p data-start=\"0\" data-end=\"495\"><strong data-start=\"4\" data-end=\"18\">MG-WB30015<\/strong> egy kompakt, nagy hat\u00e9konys\u00e1g\u00fa k\u00fclt\u00e9ri <strong><a href=\"https:\/\/ledsteplight.com\/hu\/cree-bridgelux-chip-ip65-led-fixture-for-garden-facade-lighting\/\" class=\"waam-auto-link\" title=\"LED l\u00e1mpatest\">LED l\u00e1mpatest<\/a><\/strong> kem\u00e9nyen dolgoz\u00f3 t\u00e1j\u00e9p\u00edt\u00e9szeti <strong><a href=\"https:\/\/ledsteplight.com\/hu\/ultimate-guide-to-landscape-inground-lighting-solutions\/\" class=\"waam-auto-link\" title=\"telep\u00edt\u00e9sekhez\">telep\u00edt\u00e9sekhez<\/a><\/strong>. Ez biztos\u00edtja <strong data-start=\"129\" data-end=\"135\">5W<\/strong> egy COB LED-b\u0151l, m\u0171k\u00f6dik <strong data-start=\"160\" data-end=\"173\">AC85\u2013265V<\/strong>, \u00e9s el\u00e9rhet\u0151 <strong data-start=\"188\" data-end=\"206\">3000K vagy 6000K<\/strong>. Sz\u00e9les <strong data-start=\"220\" data-end=\"233\">120\u00b0-os sug\u00e1rz\u00e1s<\/strong>, <strong data-start=\"235\" data-end=\"243\">IP65<\/strong> \u00e9rt\u00e9kel\u00e9ssel, \u00e9s ak\u00e1r <strong data-start=\"262\" data-end=\"278\">40 000 \u00f3ra<\/strong> \u00e9lettartammal, ide\u00e1lis kertekhez, s\u00e9t\u00e1nyokhoz, teraszokhoz \u00e9s homlokzatmos\u00e1sra. A rozsdamentes\/kr\u00f3mozott ez\u00fcst h\u00e1z tart\u00f3s, f\u00f6ldbe vagy fel\u00fcletre szerelhet\u0151, \u00e9s s\u00falya <strong data-start=\"432\" data-end=\"443\">0,45 kg<\/strong> \u2014 tiszta, alacsony profil\u00fa, \u00e9s kereskedelmi felhaszn\u00e1l\u00e1sra k\u00e9sz.<\/p>\n<p data-start=\"497\" data-end=\"860\" data-is-last-node=\"\" data-is-only-node=\"\">Ezeket a gy\u00e1runkban gy\u00e1rtjuk, k\u00f6zvetlen\u00fcl szerz\u0151d\u0151kkel \u00e9s nagykeresked\u0151kkel sz\u00e1ll\u00edtjuk \u2014 minden sz\u00e9ria tesztelt \u00e9s CE\/RoHS tan\u00fas\u00edtv\u00e1nnyal rendelkezik. OEM lehet\u0151s\u00e9gek k\u00f6z\u00e9 tartoznak az egyedi fel\u00fcletek, meghajt\u00f3k \u00e9s csomagol\u00e1s; mint\u00e1k \u00e9s mennyis\u00e9gi \u00e1raj\u00e1nlatok el\u00e9rhet\u0151k a standard <strong data-start=\"744\" data-end=\"763\">3 \u00e9ves garancia<\/strong>-val. Mondja el projektje m\u00e9ret\u00e9t \u00e9s ig\u00e9nyeit, \u00e9s k\u00fcld\u00fcnk \u00e1tfut\u00e1si id\u0151ket, \u00e1rakat \u00e9s tesztjelent\u00e9seket.<\/p>","protected":false},"excerpt":{"rendered":"<p data-start=\"4350\" data-end=\"4818\">MG-WB30015 5W COB LED t\u00e1jvil\u00e1g\u00edt\u00f3 l\u00e1mpa \u2014 IP65 rozsdamentes h\u00e1z, 120\u00b0 sug\u00e1rz\u00e1s, 3000\/6000K, AC85\u2013265V. CE\/RoHS tan\u00fas\u00edtv\u00e1ny. Mint\u00e1k \u00e9s mennyis\u00e9gi \u00e1rak el\u00e9rhet\u0151k.<\/p>","protected":false},"featured_media":37339,"comment_status":"open","ping_status":"closed","template":"","meta":[],"product_brand":[],"product_cat":[100,426,427,428,439,429,440,118,430,441,431,442,443,432,433,444,464,445,446,434,435,436,437],"product_tag":[103,76,119,111,110,78,115],"class_list":{"0":"post-38077","1":"product","2":"type-product","3":"status-publish","4":"has-post-thumbnail","6":"product_cat-aluminum-ground-light","7":"product_cat-ceiling-recessed","8":"product_cat-ceiling-surface","9":"product_cat-ceiling-suspended","10":"product_cat-commercial","11":"product_cat-drivers","12":"product_cat-education","13":"product_cat-frameless-ground-light","14":"product_cat-freestanding-light","15":"product_cat-hospitality","16":"product_cat-industrial","17":"product_cat-infrastructure","18":"product_cat-landscape","19":"product_cat-landscaping","20":"product_cat-linear","21":"product_cat-office","22":"product_cat-c-outdoor-lighting","23":"product_cat-residential","24":"product_cat-retail","25":"product_cat-table-lamp","26":"product_cat-track","27":"product_cat-wall-recessed","28":"product_cat-wall-surface","29":"product_tag-aluminum-ground-light","30":"product_tag-aluminum-housing","31":"product_tag-frameless-ground-light","32":"product_tag-garden-lighting","33":"product_tag-landscape-light","34":"product_tag-outdoor-lighting","35":"product_tag-recessed-light","37":"first","38":"instock","39":"shipping-taxable","40":"product-type-simple"},"_links":{"self":[{"href":"https:\/\/ledsteplight.com\/hu\/wp-json\/wp\/v2\/product\/38077","targetHints":{"allow":["GET"]}}],"collection":[{"href":"https:\/\/ledsteplight.com\/hu\/wp-json\/wp\/v2\/product"}],"about":[{"href":"https:\/\/ledsteplight.com\/hu\/wp-json\/wp\/v2\/types\/product"}],"replies":[{"embeddable":true,"href":"https:\/\/ledsteplight.com\/hu\/wp-json\/wp\/v2\/comments?post=38077"}],"version-history":[{"count":3,"href":"https:\/\/ledsteplight.com\/hu\/wp-json\/wp\/v2\/product\/38077\/revisions"}],"predecessor-version":[{"id":38588,"href":"https:\/\/ledsteplight.com\/hu\/wp-json\/wp\/v2\/product\/38077\/revisions\/38588"}],"wp:featuredmedia":[{"embeddable":true,"href":"https:\/\/ledsteplight.com\/hu\/wp-json\/wp\/v2\/media\/37339"}],"wp:attachment":[{"href":"https:\/\/ledsteplight.com\/hu\/wp-json\/wp\/v2\/media?parent=38077"}],"wp:term":[{"taxonomy":"product_brand","embeddable":true,"href":"https:\/\/ledsteplight.com\/hu\/wp-json\/wp\/v2\/product_brand?post=38077"},{"taxonomy":"product_cat","embeddable":true,"href":"https:\/\/ledsteplight.com\/hu\/wp-json\/wp\/v2\/product_cat?post=38077"},{"taxonomy":"product_tag","embeddable":true,"href":"https:\/\/ledsteplight.com\/hu\/wp-json\/wp\/v2\/product_tag?post=38077"}],"curies":[{"name":"wp","href":"https:\/\/api.w.org\/{rel}","templated":true}]}}