{"id":38078,"date":"2025-09-08T13:04:27","date_gmt":"2025-09-08T13:04:27","guid":{"rendered":"https:\/\/ledsteplight.com\/import-placeholder-for-37239\/"},"modified":"2026-01-19T02:14:18","modified_gmt":"2026-01-19T02:14:18","slug":"wb30015-high-efficiency-led-wall-light","status":"publish","type":"product","link":"https:\/\/ledsteplight.com\/hu\/wb30015-high-efficiency-led-wall-light\/","title":{"rendered":"WB30015 \u2014 Nagy Hat\u00e9konys\u00e1g\u00fa LED Fali L\u00e1mpa | Gy\u00e1rt\u00f3 &amp; Nagykeresked\u00e9s"},"content":{"rendered":"<table data-start=\"151\" data-end=\"1505\">\n<thead data-start=\"151\" data-end=\"240\">\n<tr data-start=\"151\" data-end=\"240\">\n<th data-start=\"151\" data-end=\"175\"><strong data-start=\"153\" data-end=\"166\">Param\u00e9ter<\/strong><\/th>\n<th data-start=\"175\" data-end=\"240\"><strong data-start=\"177\" data-end=\"194\">Specifik\u00e1ci\u00f3<\/strong><\/th>\n<\/tr>\n<\/thead>\n<tbody data-start=\"331\" data-end=\"1505\">\n<tr data-start=\"331\" data-end=\"420\">\n<td><strong data-start=\"333\" data-end=\"350\">Term\u00e9kk\u00f3d<\/strong><\/td>\n<td>MG-WB30015<\/td>\n<\/tr>\n<tr data-start=\"421\" data-end=\"510\">\n<td><strong data-start=\"423\" data-end=\"439\">Term\u00e9k m\u00e9rete<\/strong><\/td>\n<td>\u03c670 \u00d7 H150mm<\/td>\n<\/tr>\n<tr data-start=\"511\" data-end=\"600\">\n<td><strong data-start=\"513\" data-end=\"533\">Funkci\u00f3vez\u00e9rl\u00e9s<\/strong><\/td>\n<td>Be\/Ki; Dimmelhet\u0151 opci\u00f3 el\u00e9rhet\u0151 (a modellt\u0151l f\u00fcgg\u0151en)<\/td>\n<\/tr>\n<tr data-start=\"601\" data-end=\"691\">\n<td><strong data-start=\"603\" data-end=\"619\">F\u00e9nyforr\u00e1s<\/strong><\/td>\n<td>OSRAM \/ CREE 3014 SMD LED<\/td>\n<\/tr>\n<tr data-start=\"692\" data-end=\"781\">\n<td><strong data-start=\"694\" data-end=\"703\">Watt<\/strong><\/td>\n<td>5W<\/td>\n<\/tr>\n<tr data-start=\"782\" data-end=\"871\">\n<td><strong data-start=\"784\" data-end=\"794\">S\u00faly<\/strong><\/td>\n<td>0,6kg<\/td>\n<\/tr>\n<tr data-start=\"872\" data-end=\"963\">\n<td><strong data-start=\"874\" data-end=\"886\">AC bemenet<\/strong><\/td>\n<td>100-240V, 50-60Hz \/ DC12\/24V<\/td>\n<\/tr>\n<tr data-start=\"964\" data-end=\"1053\">\n<td><strong data-start=\"966\" data-end=\"976\">Vez\u00e9rl\u0151<\/strong><\/td>\n<td>DC24V<\/td>\n<\/tr>\n<tr data-start=\"1054\" data-end=\"1145\">\n<td><strong data-start=\"1056\" data-end=\"1077\"><strong><a href=\"https:\/\/ledsteplight.com\/hu\/dm36b-pro-honeycomb-anti-glare-led-in-ground-light-ip67-24v-dc\/\" class=\"waam-auto-link\" title=\"Sz\u00ednh\u0151m\u00e9rs\u00e9klet\">Sz\u00ednh\u0151m\u00e9rs\u00e9klet<\/a><\/strong><\/strong><\/td>\n<td>3000K, 4000K, 5700K<\/td>\n<\/tr>\n<tr data-start=\"1146\" data-end=\"1235\">\n<td><strong data-start=\"1148\" data-end=\"1160\">Anyag<\/strong><\/td>\n<td>Alum\u00ednium<\/td>\n<\/tr>\n<tr data-start=\"1236\" data-end=\"1325\">\n<td><strong data-start=\"1238\" data-end=\"1247\">Sz\u00edn<\/strong><\/td>\n<td>Feh\u00e9r, Fekete<\/td>\n<\/tr>\n<tr data-start=\"1326\" data-end=\"1415\">\n<td><strong data-start=\"1328\" data-end=\"1341\">IP besorol\u00e1s<\/strong><\/td>\n<td>IP65<\/td>\n<\/tr>\n<tr data-start=\"1416\" data-end=\"1505\">\n<td><strong data-start=\"1418\" data-end=\"1434\">Telep\u00edt\u00e9s<\/strong><\/td>\n<td>Fali szerel\u00e9s\u0171<\/td>\n<\/tr>\n<\/tbody>\n<\/table>\n<p data-start=\"0\" data-end=\"491\"><strong data-start=\"4\" data-end=\"18\">MG-WB30015<\/strong> egy kompakt, magas hat\u00e9konys\u00e1g\u00fa <strong><a href=\"https:\/\/ledsteplight.com\/hu\/cree-bridgelux-chip-ip65-led-fixture-for-garden-facade-lighting\/\" class=\"waam-auto-link\" title=\"falil\u00e1mpa\">falil\u00e1mpa<\/a><\/strong> k\u00fclt\u00e9ri haszn\u00e1latra k\u00e9sz\u00fclt \u2014 \u03c670 \u00d7 H150 mm, tart\u00f3s alum\u00ednium h\u00e1z \u00e9s <strong data-start=\"128\" data-end=\"136\">IP65<\/strong> nedves helyekre min\u0151s\u00edtett. Az <strong data-start=\"173\" data-end=\"179\">5W<\/strong> OSRAM\/CREE 3014 SMD LED-ekkel m\u0171k\u00f6dik, v\u00e1laszthat\u00f3 sz\u00ednh\u0151m\u00e9rs\u00e9klettel (3000K \/ 4000K \/ 5700K), elfogadja <strong data-start=\"266\" data-end=\"278\">100\u2013240V<\/strong> AC vagy <strong data-start=\"285\" data-end=\"297\">DC12\/24V<\/strong> bemenettel \u00e9s egy <strong data-start=\"321\" data-end=\"330\">DC24V<\/strong> vezet\u0151vel sz\u00e1ll\u00edtjuk; a dimmelhet\u0151 opci\u00f3 a modellt\u0151l f\u00fcgg\u0151en el\u00e9rhet\u0151. Tiszta, keskeny profilja ide\u00e1liss\u00e1 teszi sz\u00e1llod\u00e1k homlokzat\u00e1ra, j\u00e1rd\u00e1kra, bej\u00e1ratokra \u00e9s kereskedelmi k\u00fcls\u0151kh\u00f6z.<\/p>\n<p data-start=\"493\" data-end=\"820\" data-is-last-node=\"\" data-is-only-node=\"\">Gy\u00e1ri gy\u00e1rt\u00e1s\u00fa \u00e9s OEM-bar\u00e1t: sorozatban v\u00e9gz\u00fcnk elektromos \u00e9s \u00f6reged\u00e9si ellen\u0151rz\u00e9seket a sz\u00e1ll\u00edt\u00e1s el\u0151tt, \u00e9s t\u00e1mogatjuk a m\u00e1rk\u00e1zott csomagol\u00e1st, alternat\u00edv vezet\u0151ket vagy mennyis\u00e9gi testreszab\u00e1st k\u00e9r\u00e9sre. Sz\u00fcks\u00e9ge van mint\u00e1kra, m\u0171szaki adatlapokra vagy nagy t\u00e9telre vonatkoz\u00f3 \u00e1raj\u00e1nlatra? Mondja meg a mennyis\u00e9get \u00e9s az esetleges k\u00fcl\u00f6nleges k\u00f6vetelm\u00e9nyeket, \u00e9s megkapja az \u00e1rat \u00e9s a sz\u00e1ll\u00edt\u00e1si id\u0151t a gy\u00e1rt\u00f3l.<\/p>","protected":false},"excerpt":{"rendered":"<p data-start=\"3709\" data-end=\"4579\">MG-WB30015 5W LED fali l\u00e1mpa \u2014 IP65 alum\u00ednium szerelv\u00e9ny, 3000\/4000\/5700K. Gy\u00e1ri OEM: mint\u00e1k, nagy t\u00e9tel \u00e1rak \u00e9s egyedi lehet\u0151s\u00e9gek el\u00e9rhet\u0151k<\/p>","protected":false},"featured_media":37339,"comment_status":"open","ping_status":"closed","template":"","meta":[],"product_brand":[],"product_cat":[100,426,427,428,439,429,440,118,430,441,431,442,443,432,433,444,464,445,446,434,435,436,437],"product_tag":[103,76,119,110,109,114,115],"class_list":{"0":"post-38078","1":"product","2":"type-product","3":"status-publish","4":"has-post-thumbnail","6":"product_cat-aluminum-ground-light","7":"product_cat-ceiling-recessed","8":"product_cat-ceiling-surface","9":"product_cat-ceiling-suspended","10":"product_cat-commercial","11":"product_cat-drivers","12":"product_cat-education","13":"product_cat-frameless-ground-light","14":"product_cat-freestanding-light","15":"product_cat-hospitality","16":"product_cat-industrial","17":"product_cat-infrastructure","18":"product_cat-landscape","19":"product_cat-landscaping","20":"product_cat-linear","21":"product_cat-office","22":"product_cat-c-outdoor-lighting","23":"product_cat-residential","24":"product_cat-retail","25":"product_cat-table-lamp","26":"product_cat-track","27":"product_cat-wall-recessed","28":"product_cat-wall-surface","29":"product_tag-aluminum-ground-light","30":"product_tag-aluminum-housing","31":"product_tag-frameless-ground-light","32":"product_tag-landscape-light","33":"product_tag-led-fixture","34":"product_tag-pathway-light","35":"product_tag-recessed-light","37":"first","38":"instock","39":"shipping-taxable","40":"product-type-simple"},"_links":{"self":[{"href":"https:\/\/ledsteplight.com\/hu\/wp-json\/wp\/v2\/product\/38078","targetHints":{"allow":["GET"]}}],"collection":[{"href":"https:\/\/ledsteplight.com\/hu\/wp-json\/wp\/v2\/product"}],"about":[{"href":"https:\/\/ledsteplight.com\/hu\/wp-json\/wp\/v2\/types\/product"}],"replies":[{"embeddable":true,"href":"https:\/\/ledsteplight.com\/hu\/wp-json\/wp\/v2\/comments?post=38078"}],"version-history":[{"count":3,"href":"https:\/\/ledsteplight.com\/hu\/wp-json\/wp\/v2\/product\/38078\/revisions"}],"predecessor-version":[{"id":38604,"href":"https:\/\/ledsteplight.com\/hu\/wp-json\/wp\/v2\/product\/38078\/revisions\/38604"}],"wp:featuredmedia":[{"embeddable":true,"href":"https:\/\/ledsteplight.com\/hu\/wp-json\/wp\/v2\/media\/37339"}],"wp:attachment":[{"href":"https:\/\/ledsteplight.com\/hu\/wp-json\/wp\/v2\/media?parent=38078"}],"wp:term":[{"taxonomy":"product_brand","embeddable":true,"href":"https:\/\/ledsteplight.com\/hu\/wp-json\/wp\/v2\/product_brand?post=38078"},{"taxonomy":"product_cat","embeddable":true,"href":"https:\/\/ledsteplight.com\/hu\/wp-json\/wp\/v2\/product_cat?post=38078"},{"taxonomy":"product_tag","embeddable":true,"href":"https:\/\/ledsteplight.com\/hu\/wp-json\/wp\/v2\/product_tag?post=38078"}],"curies":[{"name":"wp","href":"https:\/\/api.w.org\/{rel}","templated":true}]}}