{"id":38079,"date":"2025-09-08T13:04:27","date_gmt":"2025-09-08T13:04:27","guid":{"rendered":"https:\/\/ledsteplight.com\/import-placeholder-for-37240\/"},"modified":"2026-01-19T02:14:18","modified_gmt":"2026-01-19T02:14:18","slug":"zb17070-a-led-in-ground-light-ip65-landscape","status":"publish","type":"product","link":"https:\/\/ledsteplight.com\/hu\/zb17070-a-led-in-ground-light-ip65-landscape\/","title":{"rendered":"IP65 ZB17070-A LED Be\u00e9p\u00edtett F\u00f6ld Vil\u00e1g\u00edt\u00e1s \u2014 OEM \u00e9s Mint\u00e1k"},"content":{"rendered":"<table class=\"OxEWNITQ\">\n<thead>\n<tr>\n<th><strong>Term\u00e9kk\u00f3d<\/strong><\/th>\n<th>MG-ZB17070-A<\/th>\n<\/tr>\n<\/thead>\n<tbody>\n<tr>\n<td><strong>Term\u00e9k m\u00e9rete<\/strong><\/td>\n<td>170mm (Hossz) x 70mm (Sz\u00e9less\u00e9g) x 48mm (Magass\u00e1g)<\/td>\n<\/tr>\n<tr>\n<td><strong>V\u00e1g\u00e1si m\u00e9ret<\/strong><\/td>\n<td>Az \u00fczembe helyez\u00e9si diagramra hivatkozzon a m\u0171szaki adatok k\u00f6z\u00f6tt<\/td>\n<\/tr>\n<tr>\n<td><strong>Funkci\u00f3vez\u00e9rl\u00e9s<\/strong><\/td>\n<td>Kapcsol\u00f3vez\u00e9rl\u00e9s<\/td>\n<\/tr>\n<tr>\n<td><strong>F\u00e9nyforr\u00e1s<\/strong><\/td>\n<td>OSRAM \/ CREE LED<\/td>\n<\/tr>\n<tr>\n<td><strong>Teljes\u00edtm\u00e9ny<\/strong><\/td>\n<td>3W 700mA-n\u00e1l<\/td>\n<\/tr>\n<tr>\n<td><strong>S\u00faly<\/strong><\/td>\n<td>0,7 kilogramm<\/td>\n<\/tr>\n<tr>\n<td><strong>AC bemenet<\/strong><\/td>\n<td>AC220V \/ DC24V<\/td>\n<\/tr>\n<tr>\n<td><strong>Vez\u00e9rl\u0151<\/strong><\/td>\n<td>Szolg\u00e1ltatva (Gy\u00e1rt\u00f3: KeGu \/ SHIKI)<\/td>\n<\/tr>\n<tr>\n<td><strong>Reflektor sz\u00f6g<\/strong><\/td>\n<td>Nem megadott<\/td>\n<\/tr>\n<tr>\n<td><strong><strong><a href=\"https:\/\/ledsteplight.com\/hu\/dm36b-pro-honeycomb-anti-glare-led-in-ground-light-ip67-24v-dc\/\" class=\"waam-auto-link\" title=\"Sz\u00ednh\u0151m\u00e9rs\u00e9klet\">Sz\u00ednh\u0151m\u00e9rs\u00e9klet<\/a><\/strong><\/strong><\/td>\n<td>2700K, 3000K, 3500K<\/td>\n<\/tr>\n<tr>\n<td><strong>Csatlakoztat\u00e1s (Vezet\u00e9kek\/Hossz\/Csatlakoz\u00f3k)<\/strong><\/td>\n<td>Nem megadott<\/td>\n<\/tr>\n<tr>\n<td><strong>Anyag<\/strong><\/td>\n<td>Vas alum\u00edniummal<\/td>\n<\/tr>\n<tr>\n<td><strong>Sz\u00edn\/Bevonat<\/strong><\/td>\n<td>Feh\u00e9r, Fekete<\/td>\n<\/tr>\n<tr>\n<td><strong>IP besorol\u00e1s<\/strong><\/td>\n<td>IP20 (v\u00e9dett szil\u00e1rd t\u00e1rgyak ellen, nagyobbak mint 12,5mm)<\/td>\n<\/tr>\n<tr>\n<td><strong>Szerel\u00e9si m\u00f3d<\/strong><\/td>\n<td>Rejtett be\u00e9p\u00edt\u00e9s<\/td>\n<\/tr>\n<\/tbody>\n<\/table>\n<p>&nbsp;<\/p>\n<p data-start=\"34\" data-end=\"448\"><strong data-start=\"38\" data-end=\"54\">MG-ZB17070-A<\/strong> egy kompakt be\u00e9p\u00edtett-<strong><a href=\"https:\/\/ledsteplight.com\/hu\/cree-bridgelux-chip-ip65-led-fixture-for-garden-facade-lighting\/\" class=\"waam-auto-link\" title=\"f\u00f6ldi vil\u00e1g\u00edt\u00e1s\">f\u00f6ldi vil\u00e1g\u00edt\u00e1s<\/a><\/strong> (170 \u00d7 70 \u00d7 48 mm, 0,7 kg) tiszta, megb\u00edzhat\u00f3 t\u00e1j- \u00e9s \u00e9p\u00edt\u00e9szeti telep\u00edt\u00e9sekhez k\u00e9sz\u00fclt. Ez haszn\u00e1lja <strong data-start=\"191\" data-end=\"219\">OSRAM vagy CREE 3W (700mA)<\/strong> LED-ket meleg sz\u00ednv\u00e1laszt\u00e9kban (2700K\/3000K\/3500K), sz\u00e1ll\u00edt\u00e1ssal <strong data-start=\"283\" data-end=\"297\">KeGu\/SHIKI<\/strong> vezet\u0151vel \u00e9s t\u00e1mogatja <strong data-start=\"318\" data-end=\"337\">AC220V vagy DC24V<\/strong>. A h\u00e1z vas + alum\u00ednium feh\u00e9r vagy fekete sz\u00ednben; a standard modell <strong data-start=\"403\" data-end=\"411\">IP20<\/strong> v\u00e9dett be\u00e9p\u00edtett alkalmaz\u00e1sokhoz.<\/p>\n<p data-start=\"450\" data-end=\"731\" data-is-last-node=\"\" data-is-only-node=\"\">Gy\u00e1rilag k\u00e9sz\u00edtett \u00e9s OEM-k\u00e9sz \u2014 minden sz\u00e9ria elektromos ellen\u0151rz\u00e9seken \u00e9s \u00f6reged\u00e9si teszteken esik \u00e1t a sz\u00e1ll\u00edt\u00e1s el\u0151tt. Mint\u00e1kat, egyedi vezet\u0151ket, magasabb IP-v\u00e9det \u00e9s m\u00e1rk\u00e1zott csomagol\u00e1st k\u00edn\u00e1lunk. K\u00fcldje el a mennyis\u00e9get \u00e9s b\u00e1rmilyen k\u00fcl\u00f6nleges ig\u00e9nyt, \u00e9s visszakapja a gy\u00e1ri \u00e1raj\u00e1nlatot \u00e9s a sz\u00e1ll\u00edt\u00e1si id\u0151t.<\/p>","protected":false},"excerpt":{"rendered":"<p>MG-ZB17070-A be\u00e9p\u00edthet\u0151 f\u00f6ldalatti l\u00e1mpa \u2014 3W OSRAM\/CREE opci\u00f3kkal, 2700\u20133500K. KeGu\/SHIKI meghajt\u00f3val sz\u00e1ll\u00edtva. IP20 szabv\u00e1ny; k\u00e9r\u00e9sre magasabb IP-vel v\u00edz\u00e1ll\u00f3 v\u00e1ltozatok el\u00e9rhet\u0151k<\/p>","protected":false},"featured_media":37342,"comment_status":"open","ping_status":"closed","template":"","meta":[],"product_brand":[],"product_cat":[100,426,427,428,439,429,440,430,441,431,442,443,432,433,136,444,464,445,446,434,435,436,437],"product_tag":[103,76,77,137,83],"class_list":{"0":"post-38079","1":"product","2":"type-product","3":"status-publish","4":"has-post-thumbnail","6":"product_cat-aluminum-ground-light","7":"product_cat-ceiling-recessed","8":"product_cat-ceiling-surface","9":"product_cat-ceiling-suspended","10":"product_cat-commercial","11":"product_cat-drivers","12":"product_cat-education","13":"product_cat-freestanding-light","14":"product_cat-hospitality","15":"product_cat-industrial","16":"product_cat-infrastructure","17":"product_cat-landscape","18":"product_cat-landscaping","19":"product_cat-linear","20":"product_cat-narrow-border-ground-light","21":"product_cat-office","22":"product_cat-c-outdoor-lighting","23":"product_cat-residential","24":"product_cat-retail","25":"product_cat-table-lamp","26":"product_cat-track","27":"product_cat-wall-recessed","28":"product_cat-wall-surface","29":"product_tag-aluminum-ground-light","30":"product_tag-aluminum-housing","31":"product_tag-ground-light","32":"product_tag-narrow-border-ground-light","33":"product_tag-waterproof-fixture","35":"first","36":"instock","37":"shipping-taxable","38":"product-type-simple"},"_links":{"self":[{"href":"https:\/\/ledsteplight.com\/hu\/wp-json\/wp\/v2\/product\/38079","targetHints":{"allow":["GET"]}}],"collection":[{"href":"https:\/\/ledsteplight.com\/hu\/wp-json\/wp\/v2\/product"}],"about":[{"href":"https:\/\/ledsteplight.com\/hu\/wp-json\/wp\/v2\/types\/product"}],"replies":[{"embeddable":true,"href":"https:\/\/ledsteplight.com\/hu\/wp-json\/wp\/v2\/comments?post=38079"}],"version-history":[{"count":3,"href":"https:\/\/ledsteplight.com\/hu\/wp-json\/wp\/v2\/product\/38079\/revisions"}],"predecessor-version":[{"id":38605,"href":"https:\/\/ledsteplight.com\/hu\/wp-json\/wp\/v2\/product\/38079\/revisions\/38605"}],"wp:featuredmedia":[{"embeddable":true,"href":"https:\/\/ledsteplight.com\/hu\/wp-json\/wp\/v2\/media\/37342"}],"wp:attachment":[{"href":"https:\/\/ledsteplight.com\/hu\/wp-json\/wp\/v2\/media?parent=38079"}],"wp:term":[{"taxonomy":"product_brand","embeddable":true,"href":"https:\/\/ledsteplight.com\/hu\/wp-json\/wp\/v2\/product_brand?post=38079"},{"taxonomy":"product_cat","embeddable":true,"href":"https:\/\/ledsteplight.com\/hu\/wp-json\/wp\/v2\/product_cat?post=38079"},{"taxonomy":"product_tag","embeddable":true,"href":"https:\/\/ledsteplight.com\/hu\/wp-json\/wp\/v2\/product_tag?post=38079"}],"curies":[{"name":"wp","href":"https:\/\/api.w.org\/{rel}","templated":true}]}}