{"id":38080,"date":"2025-09-08T13:04:27","date_gmt":"2025-09-08T13:04:27","guid":{"rendered":"https:\/\/ledsteplight.com\/import-placeholder-for-37241\/"},"modified":"2026-01-19T02:14:17","modified_gmt":"2026-01-19T02:14:17","slug":"mg-zb17070-b-led-in-ground-light-outdoor-landscape-light","status":"publish","type":"product","link":"https:\/\/ledsteplight.com\/hu\/mg-zb17070-b-led-in-ground-light-outdoor-landscape-light\/","title":{"rendered":"MG-ZB17070-B alacsony fesz\u00fclts\u00e9g\u0171 f\u00f6ld alatti vil\u00e1g\u00edt\u00e1s \u2014 10\u00b0\u201360\u00b0 sug\u00e1rir\u00e1ny\u00fa sz\u00f6gek"},"content":{"rendered":"<p>&nbsp;<\/p>\n<table class=\"OxEWNITQ\">\n<thead>\n<tr>\n<th><strong>Term\u00e9kk\u00f3d<\/strong><\/th>\n<th>MG-ZB17070-B<\/th>\n<\/tr>\n<\/thead>\n<tbody>\n<tr>\n<td><strong>Term\u00e9k m\u00e9rete<\/strong><\/td>\n<td>170mm (Hossz) x 70mm (Sz\u00e9less\u00e9g) x 48mm (Magass\u00e1g)<\/td>\n<\/tr>\n<tr>\n<td><strong>V\u00e1g\u00e1si m\u00e9ret<\/strong><\/td>\n<td>Az \u00fczembe helyez\u00e9si diagramra hivatkozzon a m\u0171szaki adatok k\u00f6z\u00f6tt<\/td>\n<\/tr>\n<tr>\n<td><strong>Funkci\u00f3vez\u00e9rl\u00e9s<\/strong><\/td>\n<td>Kapcsol\u00f3vez\u00e9rl\u00e9s<\/td>\n<\/tr>\n<tr>\n<td><strong>F\u00e9nyforr\u00e1s<\/strong><\/td>\n<td>OSRAM \/ <strong><a href=\"https:\/\/ledsteplight.com\/hu\/cree-bridgelux-chip-ip65-led-fixture-for-garden-facade-lighting\/\" class=\"waam-auto-link\" title=\"CREE LED\">CREE LED<\/a><\/strong><\/td>\n<\/tr>\n<tr>\n<td><strong>Teljes\u00edtm\u00e9ny<\/strong><\/td>\n<td>3W 700mA-n\u00e1l<\/td>\n<\/tr>\n<tr>\n<td><strong>S\u00faly<\/strong><\/td>\n<td>0,7 kilogramm<\/td>\n<\/tr>\n<tr>\n<td><strong>AC bemenet<\/strong><\/td>\n<td>AC220V \/ DC24V<\/td>\n<\/tr>\n<tr>\n<td><strong>Vez\u00e9rl\u0151<\/strong><\/td>\n<td>Szolg\u00e1ltatva (Gy\u00e1rt\u00f3: KeGu \/ SHIKI)<\/td>\n<\/tr>\n<tr>\n<td><strong>Reflektor sz\u00f6g<\/strong><\/td>\n<td>Nem megadott<\/td>\n<\/tr>\n<tr>\n<td><strong>Sz\u00ednh\u0151m\u00e9rs\u00e9klet<\/strong><\/td>\n<td>2700K, 3000K, 3500K<\/td>\n<\/tr>\n<tr>\n<td><strong>Csatlakoztat\u00e1s (Vezet\u00e9kek\/Hossz\/Csatlakoz\u00f3k)<\/strong><\/td>\n<td>Nem megadott<\/td>\n<\/tr>\n<tr>\n<td><strong>Anyag<\/strong><\/td>\n<td>Vas alum\u00edniummal<\/td>\n<\/tr>\n<tr>\n<td><strong>Sz\u00edn\/Bevonat<\/strong><\/td>\n<td>Feh\u00e9r, Fekete<\/td>\n<\/tr>\n<tr>\n<td><strong>IP besorol\u00e1s<\/strong><\/td>\n<td>IP20 (v\u00e9dett szil\u00e1rd t\u00e1rgyak ellen, nagyobbak mint 12,5mm)<\/td>\n<\/tr>\n<tr>\n<td><strong>Szerel\u00e9si m\u00f3d<\/strong><\/td>\n<td>Rejtett be\u00e9p\u00edt\u00e9s<\/td>\n<\/tr>\n<\/tbody>\n<\/table>\n<p>&nbsp;<\/p>\n<p data-start=\"422\" data-end=\"686\"><strong data-start=\"426\" data-end=\"442\">MG-ZB17070-B<\/strong> egy kompakt <strong><a href=\"https:\/\/ledsteplight.com\/hu\/dm36b-pro-honeycomb-anti-glare-led-in-ground-light-ip67-24v-dc\/\" class=\"waam-auto-link\" title=\"be\u00e1gyazott talajvil\u00e1g\u00edt\u00e1s\">be\u00e1gyazott talajvil\u00e1g\u00edt\u00e1s<\/a><\/strong> \u00e9p\u00edtve olyan projektekhez, ahol a megb\u00edzhat\u00f3s\u00e1g \u00e9s az ism\u00e9telhet\u0151 teljes\u00edtm\u00e9ny sz\u00e1m\u00edt. Ezeket a gy\u00e1runkban k\u00e9sz\u00edtj\u00fck, \u00e9s gy\u00e1rt\u00e1sra k\u00e9sz egys\u00e9gk\u00e9nt vagy m\u00e1rk\u00e1zott OEM mintak\u00e9nt sz\u00e1ll\u00edtjuk \u2014 b\u00e1rmelyik megfelel a beszerz\u00e9si folyamat\u00e1nak.<\/p>\n<p data-start=\"688\" data-end=\"1096\">Ez a l\u00e1mpa m\u00e9retei <strong data-start=\"710\" data-end=\"730\">170 \u00d7 70 \u00d7 48 mm<\/strong> \u00e9s s\u00falya <strong data-start=\"742\" data-end=\"752\">0,7 kg<\/strong>, \u00edgy k\u00f6nnyen be\u00e9p\u00edthet\u0151 standard be\u00e9p\u00edtett rekeszekbe, \u00e9s a telep\u00edt\u00e9s ut\u00e1n nem akad\u00e1lyozza a k\u00f6rnyezetet. El\u00e9rhet\u0151 <strong data-start=\"865\" data-end=\"887\">OSRAM vagy CREE LED-ekkel<\/strong> at <strong data-start=\"891\" data-end=\"905\">3W (700mA)<\/strong> \u00e9s h\u00e1rom meleg sz\u00edn\u00e1rnyalatban kaphat\u00f3: <strong data-start=\"950\" data-end=\"977\">2700K, 3000K \u00e9s 3500K<\/strong> - kiv\u00e1l\u00f3 t\u00e1jkiemel\u00e9sekhez, sz\u00e1llodai s\u00e9t\u00e1nyokhoz \u00e9s \u00e9p\u00edt\u00e9szeti uplightinghoz, ahol meleg, h\u00edzelg\u0151 f\u00e9ny a prefer\u00e1lt.<\/p>","protected":false},"excerpt":{"rendered":"<p>Gy\u00e1ri OEM: MG-ZB17070-B be\u00e9p\u00edtett f\u00f6ld alatti l\u00e1mpa \u2014 3W OSRAM\/CREE opci\u00f3kkal, 2700\u20133500K. KeGu\/SHIKI meghajt\u00f3val sz\u00e1ll\u00edtva. Vas+alum\u00ednium test. IP20 szabv\u00e1ny; magasabb IP-s verzi\u00f3k k\u00e9r\u00e9sre el\u00e9rhet\u0151ek<\/p>","protected":false},"featured_media":37344,"comment_status":"open","ping_status":"closed","template":"","meta":[],"product_brand":[],"product_cat":[100,426,427,428,439,429,440,430,441,431,442,443,432,433,136,444,464,445,446,434,435,436,437],"product_tag":[103,76,77,137,78],"class_list":{"0":"post-38080","1":"product","2":"type-product","3":"status-publish","4":"has-post-thumbnail","6":"product_cat-aluminum-ground-light","7":"product_cat-ceiling-recessed","8":"product_cat-ceiling-surface","9":"product_cat-ceiling-suspended","10":"product_cat-commercial","11":"product_cat-drivers","12":"product_cat-education","13":"product_cat-freestanding-light","14":"product_cat-hospitality","15":"product_cat-industrial","16":"product_cat-infrastructure","17":"product_cat-landscape","18":"product_cat-landscaping","19":"product_cat-linear","20":"product_cat-narrow-border-ground-light","21":"product_cat-office","22":"product_cat-c-outdoor-lighting","23":"product_cat-residential","24":"product_cat-retail","25":"product_cat-table-lamp","26":"product_cat-track","27":"product_cat-wall-recessed","28":"product_cat-wall-surface","29":"product_tag-aluminum-ground-light","30":"product_tag-aluminum-housing","31":"product_tag-ground-light","32":"product_tag-narrow-border-ground-light","33":"product_tag-outdoor-lighting","35":"first","36":"instock","37":"shipping-taxable","38":"product-type-simple"},"_links":{"self":[{"href":"https:\/\/ledsteplight.com\/hu\/wp-json\/wp\/v2\/product\/38080","targetHints":{"allow":["GET"]}}],"collection":[{"href":"https:\/\/ledsteplight.com\/hu\/wp-json\/wp\/v2\/product"}],"about":[{"href":"https:\/\/ledsteplight.com\/hu\/wp-json\/wp\/v2\/types\/product"}],"replies":[{"embeddable":true,"href":"https:\/\/ledsteplight.com\/hu\/wp-json\/wp\/v2\/comments?post=38080"}],"version-history":[{"count":3,"href":"https:\/\/ledsteplight.com\/hu\/wp-json\/wp\/v2\/product\/38080\/revisions"}],"predecessor-version":[{"id":38606,"href":"https:\/\/ledsteplight.com\/hu\/wp-json\/wp\/v2\/product\/38080\/revisions\/38606"}],"wp:featuredmedia":[{"embeddable":true,"href":"https:\/\/ledsteplight.com\/hu\/wp-json\/wp\/v2\/media\/37344"}],"wp:attachment":[{"href":"https:\/\/ledsteplight.com\/hu\/wp-json\/wp\/v2\/media?parent=38080"}],"wp:term":[{"taxonomy":"product_brand","embeddable":true,"href":"https:\/\/ledsteplight.com\/hu\/wp-json\/wp\/v2\/product_brand?post=38080"},{"taxonomy":"product_cat","embeddable":true,"href":"https:\/\/ledsteplight.com\/hu\/wp-json\/wp\/v2\/product_cat?post=38080"},{"taxonomy":"product_tag","embeddable":true,"href":"https:\/\/ledsteplight.com\/hu\/wp-json\/wp\/v2\/product_tag?post=38080"}],"curies":[{"name":"wp","href":"https:\/\/api.w.org\/{rel}","templated":true}]}}