{"id":38081,"date":"2025-09-08T13:04:27","date_gmt":"2025-09-08T13:04:27","guid":{"rendered":"https:\/\/ledsteplight.com\/import-placeholder-for-37242\/"},"modified":"2026-01-19T02:14:17","modified_gmt":"2026-01-19T02:14:17","slug":"zb17070-c-led-in-ground-light-outdoor-landscape","status":"publish","type":"product","link":"https:\/\/ledsteplight.com\/hu\/zb17070-c-led-in-ground-light-outdoor-landscape\/","title":{"rendered":"ZB17070-C T\u00e1jk\u00e9pi f\u00f6ldbe s\u00fcllyesztett LED | Viszontelad\u00f3i \u00e1rak"},"content":{"rendered":"<table class=\"OxEWNITQ\">\n<thead>\n<tr>\n<th><strong>Term\u00e9kk\u00f3d<\/strong><\/th>\n<th>MG-ZB17070-C<\/th>\n<\/tr>\n<\/thead>\n<tbody>\n<tr>\n<td><strong>Term\u00e9k m\u00e9rete<\/strong><\/td>\n<td>170mm (Hossz) x 70mm (Sz\u00e9less\u00e9g) x 48mm (Magass\u00e1g)<\/td>\n<\/tr>\n<tr>\n<td><strong>V\u00e1g\u00e1si m\u00e9ret<\/strong><\/td>\n<td>Az \u00fczembe helyez\u00e9si diagramra hivatkozzon a m\u0171szaki adatok k\u00f6z\u00f6tt<\/td>\n<\/tr>\n<tr>\n<td><strong>Funkci\u00f3vez\u00e9rl\u00e9s<\/strong><\/td>\n<td>Kapcsol\u00f3vez\u00e9rl\u00e9s<\/td>\n<\/tr>\n<tr>\n<td><strong>F\u00e9nyforr\u00e1s<\/strong><\/td>\n<td>OSRAM \/ CREE LED<\/td>\n<\/tr>\n<tr>\n<td><strong>Teljes\u00edtm\u00e9ny<\/strong><\/td>\n<td>3W 700mA-n\u00e1l<\/td>\n<\/tr>\n<tr>\n<td><strong>S\u00faly<\/strong><\/td>\n<td>0,7 kilogramm<\/td>\n<\/tr>\n<tr>\n<td><strong>AC bemenet<\/strong><\/td>\n<td>AC220V \/ DC24V<\/td>\n<\/tr>\n<tr>\n<td><strong>Vez\u00e9rl\u0151<\/strong><\/td>\n<td>Szolg\u00e1ltatva (Gy\u00e1rt\u00f3: KeGu \/ SHIKI)<\/td>\n<\/tr>\n<tr>\n<td><strong>Reflektor sz\u00f6g<\/strong><\/td>\n<td>Nem megadott<\/td>\n<\/tr>\n<tr>\n<td><strong><strong><a href=\"https:\/\/ledsteplight.com\/hu\/dm36b-pro-honeycomb-anti-glare-led-in-ground-light-ip67-24v-dc\/\" class=\"waam-auto-link\" title=\"Sz\u00ednh\u0151m\u00e9rs\u00e9klet\">Sz\u00ednh\u0151m\u00e9rs\u00e9klet<\/a><\/strong><\/strong><\/td>\n<td>2700K, 3000K, 3500K<\/td>\n<\/tr>\n<tr>\n<td><strong>Csatlakoztat\u00e1s (Vezet\u00e9kek\/Hossz\/Csatlakoz\u00f3k)<\/strong><\/td>\n<td>Nem megadott<\/td>\n<\/tr>\n<tr>\n<td><strong>Anyag<\/strong><\/td>\n<td>Vas alum\u00edniummal<\/td>\n<\/tr>\n<tr>\n<td><strong>Sz\u00edn\/Bevonat<\/strong><\/td>\n<td>Feh\u00e9r, Fekete<\/td>\n<\/tr>\n<tr>\n<td><strong>IP besorol\u00e1s<\/strong><\/td>\n<td>IP20 (v\u00e9dett szil\u00e1rd t\u00e1rgyak ellen, nagyobbak mint 12,5mm)<\/td>\n<\/tr>\n<tr>\n<td><strong>Szerel\u00e9si m\u00f3d<\/strong><\/td>\n<td>Rejtett be\u00e9p\u00edt\u00e9s<\/td>\n<\/tr>\n<\/tbody>\n<\/table>\n<p data-start=\"0\" data-end=\"52\"><strong data-start=\"0\" data-end=\"52\">MG-ZB17070-C Recesszi\u00f3s <strong><a href=\"https:\/\/ledsteplight.com\/hu\/cree-bridgelux-chip-ip65-led-fixture-for-garden-facade-lighting\/\" class=\"waam-auto-link\" title=\"LED l\u00e1mpa\">LED l\u00e1mpa<\/a><\/strong> (IP20, Belt\u00e9ri)<\/strong><\/p>\n<p data-start=\"54\" data-end=\"360\">Tiszta, modern ir\u00e1nyf\u00e9ny keres\u00e9se dr\u00e1ma n\u00e9lk\u00fcl? Az MG-ZB17070-C egyszer\u0171en tartja a dolgokat: megb\u00edzhat\u00f3 OSRAM\/CREE LED-ek, kapcsol\u00f3vez\u00e9rl\u00e9s, \u00e9s egy s\u00edkban \u00fcl\u0151 keret, ami rendezett, be\u00e9p\u00edtett megjelen\u00e9st k\u00f6lcs\u00f6n\u00f6z. A vas test alum\u00ednium d\u00edsz\u00edt\u00e9sekkel szil\u00e1rdnak \u00e9rz\u0151dik, nem gyenge, \u00e9s v\u00e1laszthat feh\u00e9r vagy fekete sz\u00ednt, hogy illeszkedjen a t\u00e9rhez.<\/p>\n<p data-start=\"362\" data-end=\"378\"><strong data-start=\"362\" data-end=\"378\">Mi\u00e9rt m\u0171k\u00f6dik<\/strong><\/p>\n<ul data-start=\"379\" data-end=\"704\">\n<li data-start=\"379\" data-end=\"457\">\n<p data-start=\"381\" data-end=\"457\"><strong data-start=\"381\" data-end=\"397\">Egyszer\u0171 v\u00e1laszt\u00e1s:<\/strong> Egyszer\u0171 kapcsol\u00f3vez\u00e9rl\u00e9s\u2014nincs tanul\u00e1si g\u00f6rbe, nincs alkalmaz\u00e1s sz\u00fcks\u00e9ges.<\/p>\n<\/li>\n<li data-start=\"458\" data-end=\"552\">\n<p data-start=\"460\" data-end=\"552\"><strong data-start=\"460\" data-end=\"478\">Min\u0151s\u00e9gi f\u00e9ny:<\/strong> Hat\u00e9kony LED motor, amely \u00e1lland\u00f3 sz\u00ednnel \u00e9s f\u00e9nyer\u0151vel m\u0171k\u00f6dik mindennapi haszn\u00e1latra.<\/p>\n<\/li>\n<li data-start=\"553\" data-end=\"630\">\n<p data-start=\"555\" data-end=\"630\"><strong data-start=\"555\" data-end=\"572\">Tiszta fel\u00fclet:<\/strong> Rejtett, be\u00e9p\u00edtett telep\u00edt\u00e9s a z\u00f6kken\u0151mentes mennyezeti vonal\u00e9rt.<\/p>\n<\/li>\n<li data-start=\"631\" data-end=\"704\">\n<p data-start=\"633\" data-end=\"704\"><strong data-start=\"633\" data-end=\"659\">Belt\u00e9ri tart\u00f3szerkezet:<\/strong> IP20 besorol\u00e1s, tart\u00f3s f\u00e9mb\u0151l k\u00e9sz\u00fclt kivitel.<\/p>\n<\/li>\n<\/ul>\n<p data-start=\"706\" data-end=\"723\"><strong data-start=\"706\" data-end=\"723\">Hov\u00e1 illik<\/strong><\/p>\n<ul data-start=\"724\" data-end=\"897\">\n<li data-start=\"724\" data-end=\"775\">\n<p data-start=\"726\" data-end=\"775\">Kiskereskedelmi folyos\u00f3k, pr\u00f3baf\u00fclk\u00e9k \u00e9s kiemelt falak<\/p>\n<\/li>\n<li data-start=\"776\" data-end=\"816\">\n<p data-start=\"778\" data-end=\"816\">El\u0151csarnokok, folyos\u00f3k \u00e9s k\u00f6z\u00f6s helyis\u00e9gek<\/p>\n<\/li>\n<li data-start=\"817\" data-end=\"861\">\n<p data-start=\"819\" data-end=\"861\">Konyh\u00e1k, nappalik \u00e9s otthoni irod\u00e1k<\/p>\n<\/li>\n<li data-start=\"862\" data-end=\"897\">\n<p data-start=\"864\" data-end=\"897\">Tal\u00e1lkoz\u00f3termek \u00e9s sz\u00fcnethelyek<\/p>\n<\/li>\n<\/ul>\n<p data-start=\"899\" data-end=\"914\"><strong data-start=\"899\" data-end=\"914\">Gyors adatok<\/strong><\/p>\n<ul data-start=\"915\" data-end=\"1129\">\n<li data-start=\"915\" data-end=\"944\">\n<p data-start=\"917\" data-end=\"944\">LED forr\u00e1s: OSRAM vagy CREE<\/p>\n<\/li>\n<li data-start=\"945\" data-end=\"997\">\n<p data-start=\"947\" data-end=\"997\">\u00c9p\u00edt\u00e9s: Vas h\u00e1z alum\u00ednium d\u00edsz\u00edt\u00e9ssel<\/p>\n<\/li>\n<li data-start=\"998\" data-end=\"1024\">\n<p data-start=\"1000\" data-end=\"1024\">Sz\u00ednek: Feh\u00e9r vagy Fekete<\/p>\n<\/li>\n<li data-start=\"1025\" data-end=\"1050\">\n<p data-start=\"1027\" data-end=\"1050\">Oszt\u00e1lyoz\u00e1s: IP20 (belt\u00e9ri)<\/p>\n<\/li>\n<li data-start=\"1051\" data-end=\"1095\">\n<p data-start=\"1053\" data-end=\"1095\">Felszerel\u00e9s: Recesszi\u00f3s\/<strong><a href=\"https:\/\/ledsteplight.com\/hu\/5w-led-in-ground-lights-ip65-waterproof-outdoor-driveway-garden-floor-lighting\/\" class=\"waam-auto-link\" title=\"be\u00e1gyazott telep\u00edt\u00e9s\">be\u00e1gyazott telep\u00edt\u00e9s<\/a><\/strong><\/p>\n<\/li>\n<li data-start=\"1096\" data-end=\"1129\">\n<p data-start=\"1098\" data-end=\"1129\">Vez\u00e9rl\u00e9s: Szabv\u00e1nyos kapcsol\u00f3<\/p>\n<\/li>\n<\/ul>","protected":false},"excerpt":{"rendered":"<p>MG-ZB17070-C be\u00e9p\u00edthet\u0151 LED l\u00e1mpa irod\u00e1khoz \u00e9s otthonokhoz. OSRAM\/CREE bel\u00fcl, IP20, s\u00edkbe\u00e9p\u00edt\u00e9s, feh\u00e9r\/fekete opci\u00f3k\u2014energiahat\u00e9kony, alacsony f\u00e9nycsillap\u00edt\u00e1s\u00fa, k\u00f6nnyen haszn\u00e1lhat\u00f3<\/p>","protected":false},"featured_media":37347,"comment_status":"open","ping_status":"closed","template":"","meta":[],"product_brand":[],"product_cat":[100,426,427,428,439,429,440,430,441,431,442,443,432,433,136,444,464,445,446,434,435,436,437],"product_tag":[103,76,77,137,78],"class_list":{"0":"post-38081","1":"product","2":"type-product","3":"status-publish","4":"has-post-thumbnail","6":"product_cat-aluminum-ground-light","7":"product_cat-ceiling-recessed","8":"product_cat-ceiling-surface","9":"product_cat-ceiling-suspended","10":"product_cat-commercial","11":"product_cat-drivers","12":"product_cat-education","13":"product_cat-freestanding-light","14":"product_cat-hospitality","15":"product_cat-industrial","16":"product_cat-infrastructure","17":"product_cat-landscape","18":"product_cat-landscaping","19":"product_cat-linear","20":"product_cat-narrow-border-ground-light","21":"product_cat-office","22":"product_cat-c-outdoor-lighting","23":"product_cat-residential","24":"product_cat-retail","25":"product_cat-table-lamp","26":"product_cat-track","27":"product_cat-wall-recessed","28":"product_cat-wall-surface","29":"product_tag-aluminum-ground-light","30":"product_tag-aluminum-housing","31":"product_tag-ground-light","32":"product_tag-narrow-border-ground-light","33":"product_tag-outdoor-lighting","35":"first","36":"instock","37":"shipping-taxable","38":"product-type-simple"},"_links":{"self":[{"href":"https:\/\/ledsteplight.com\/hu\/wp-json\/wp\/v2\/product\/38081","targetHints":{"allow":["GET"]}}],"collection":[{"href":"https:\/\/ledsteplight.com\/hu\/wp-json\/wp\/v2\/product"}],"about":[{"href":"https:\/\/ledsteplight.com\/hu\/wp-json\/wp\/v2\/types\/product"}],"replies":[{"embeddable":true,"href":"https:\/\/ledsteplight.com\/hu\/wp-json\/wp\/v2\/comments?post=38081"}],"version-history":[{"count":3,"href":"https:\/\/ledsteplight.com\/hu\/wp-json\/wp\/v2\/product\/38081\/revisions"}],"predecessor-version":[{"id":38607,"href":"https:\/\/ledsteplight.com\/hu\/wp-json\/wp\/v2\/product\/38081\/revisions\/38607"}],"wp:featuredmedia":[{"embeddable":true,"href":"https:\/\/ledsteplight.com\/hu\/wp-json\/wp\/v2\/media\/37347"}],"wp:attachment":[{"href":"https:\/\/ledsteplight.com\/hu\/wp-json\/wp\/v2\/media?parent=38081"}],"wp:term":[{"taxonomy":"product_brand","embeddable":true,"href":"https:\/\/ledsteplight.com\/hu\/wp-json\/wp\/v2\/product_brand?post=38081"},{"taxonomy":"product_cat","embeddable":true,"href":"https:\/\/ledsteplight.com\/hu\/wp-json\/wp\/v2\/product_cat?post=38081"},{"taxonomy":"product_tag","embeddable":true,"href":"https:\/\/ledsteplight.com\/hu\/wp-json\/wp\/v2\/product_tag?post=38081"}],"curies":[{"name":"wp","href":"https:\/\/api.w.org\/{rel}","templated":true}]}}