{"id":38083,"date":"2025-09-08T13:04:27","date_gmt":"2025-09-08T13:04:27","guid":{"rendered":"https:\/\/ledsteplight.com\/import-placeholder-for-37253\/"},"modified":"2026-01-19T02:14:16","modified_gmt":"2026-01-19T02:14:16","slug":"wholesale-3w-led-in-ground-light-dm36-ss-ip67-stainless-steel-custom-manufacturer","status":"publish","type":"product","link":"https:\/\/ledsteplight.com\/hu\/wholesale-3w-led-in-ground-light-dm36-ss-ip67-stainless-steel-custom-manufacturer\/","title":{"rendered":"Nagykereskedelmi 3W LED f\u00f6ldalatti l\u00e1mpa (DM36-SS) | IP67 rozsdamentes ac\u00e9l | Egyedi gy\u00e1rt\u00f3"},"content":{"rendered":"<div class=\"flex max-w-full flex-col flex-grow\">\n<div class=\"min-h-8 text-message relative flex w-full flex-col items-end gap-2 whitespace-normal break-words text-start [.text-message+&amp;]:mt-5\" dir=\"auto\" data-message-author-role=\"assistant\" data-message-id=\"086f7924-0a83-450b-804e-18a4a3bc035e\" data-message-model-slug=\"gpt-4o\">\n<div class=\"flex w-full flex-col gap-1 empty:hidden first:pt-[3px]\">\n<div class=\"markdown prose w-full break-words dark:prose-invert light\">\n<div class=\"overflow-x-auto contain-inline-size\">\n<table data-start=\"35\" data-end=\"690\" data-is-last-node=\"\" data-is-only-node=\"\">\n<thead data-start=\"35\" data-end=\"76\">\n<tr data-start=\"35\" data-end=\"76\">\n<th data-start=\"35\" data-end=\"56\"><strong data-start=\"37\" data-end=\"54\">Term\u00e9kk\u00f3d<\/strong><\/th>\n<th data-start=\"56\" data-end=\"76\"><strong data-start=\"58\" data-end=\"72\">MG-DM36-SS<\/strong><\/th>\n<\/tr>\n<\/thead>\n<tbody data-start=\"118\" data-end=\"690\" data-is-last-node=\"\">\n<tr data-start=\"118\" data-end=\"168\">\n<td><strong data-start=\"120\" data-end=\"136\">Term\u00e9k m\u00e9rete<\/strong><\/td>\n<td>\u00d850mm \u00d7 H50mm (K\u00f6r alak\u00fa)<\/td>\n<\/tr>\n<tr data-start=\"169\" data-end=\"215\">\n<td><strong data-start=\"171\" data-end=\"183\">V\u00e1g\u00e1si m\u00e9ret<\/strong><\/td>\n<td>\u00d839mm \u00d7 H65mm (K\u00f6r alak\u00fa)<\/td>\n<\/tr>\n<tr data-start=\"216\" data-end=\"247\">\n<td><strong data-start=\"218\" data-end=\"238\">Funkci\u00f3vez\u00e9rl\u00e9s<\/strong><\/td>\n<td>&#8211;<\/td>\n<\/tr>\n<tr data-start=\"248\" data-end=\"286\">\n<td><strong data-start=\"250\" data-end=\"266\">F\u00e9nyforr\u00e1s<\/strong><\/td>\n<td>OSRAM \/ CREE<\/td>\n<\/tr>\n<tr data-start=\"287\" data-end=\"316\">\n<td><strong data-start=\"289\" data-end=\"298\">Watt<\/strong><\/td>\n<td>3W (300mA)<\/td>\n<\/tr>\n<tr data-start=\"317\" data-end=\"343\">\n<td><strong data-start=\"319\" data-end=\"329\">S\u00faly<\/strong><\/td>\n<td>0,45kg<\/td>\n<\/tr>\n<tr data-start=\"344\" data-end=\"374\">\n<td><strong data-start=\"346\" data-end=\"358\">AC bemenet<\/strong><\/td>\n<td>DC12\/24V<\/td>\n<\/tr>\n<tr data-start=\"375\" data-end=\"396\">\n<td><strong data-start=\"377\" data-end=\"387\">Vez\u00e9rl\u0151<\/strong><\/td>\n<td>&#8211;<\/td>\n<\/tr>\n<tr data-start=\"397\" data-end=\"447\">\n<td><strong data-start=\"399\" data-end=\"418\">Reflektor sz\u00f6g<\/strong><\/td>\n<td>15\u00b0 \/ 30\u00b0 \/ 45\u00b0 \/ 60\u00b0<\/td>\n<\/tr>\n<tr data-start=\"448\" data-end=\"492\">\n<td><strong data-start=\"450\" data-end=\"471\"><strong><a href=\"https:\/\/ledsteplight.com\/hu\/dm36b-pro-honeycomb-anti-glare-led-in-ground-light-ip67-24v-dc\/\" class=\"waam-auto-link\" title=\"Sz\u00ednh\u0151m\u00e9rs\u00e9klet\">Sz\u00ednh\u0151m\u00e9rs\u00e9klet<\/a><\/strong><\/strong><\/td>\n<td>3000K \/ 4000K<\/td>\n<\/tr>\n<tr data-start=\"493\" data-end=\"518\">\n<td><strong data-start=\"495\" data-end=\"509\">Csatlakoztat\u00e1s<\/strong><\/td>\n<td>&#8211;<\/td>\n<\/tr>\n<tr data-start=\"519\" data-end=\"567\">\n<td><strong data-start=\"521\" data-end=\"533\">Anyag<\/strong><\/td>\n<td>Alum\u00ednium \/ Rozsdamentes Ac\u00e9l<\/td>\n<\/tr>\n<tr data-start=\"568\" data-end=\"602\">\n<td><strong data-start=\"570\" data-end=\"579\">Sz\u00edn<\/strong><\/td>\n<td>Rozsdamentes ac\u00e9l<\/td>\n<\/tr>\n<tr data-start=\"603\" data-end=\"630\">\n<td><strong data-start=\"605\" data-end=\"618\">IP besorol\u00e1s<\/strong><\/td>\n<td>IP67<\/td>\n<\/tr>\n<tr data-start=\"631\" data-end=\"690\" data-is-last-node=\"\">\n<td><strong data-start=\"633\" data-end=\"649\">Telep\u00edt\u00e9s<\/strong><\/td>\n<td>Rejtett (be\u00e1gyazott alkatr\u00e9szekkel)<\/td>\n<\/tr>\n<\/tbody>\n<\/table>\n<\/div>\n<\/div>\n<\/div>\n<\/div>\n<\/div>\n<div class=\"mb-2 flex gap-3 -ml-2\">\n<div class=\"flex items-center justify-start rounded-xl p-1\">\n<div class=\"flex items-center transition-opacity group-hover\/turn:opacity-100 opacity-100\"><\/div>\n<\/div>\n<\/div>\n<ul>\n<li><b>Massz\u00edv rozsdamentes ac\u00e9l szerkezet:<\/b> Az eg\u00e9sz l\u00e1mpatest magas min\u0151s\u00e9g\u0171 rozsdamentes ac\u00e9lb\u00f3l k\u00e9sz\u00fclt, biztos\u00edtva a hossz\u00fa t\u00e1v\u00fa teljes\u00edtm\u00e9nyt zord k\u00fclt\u00e9ri k\u00f6rnyezetben.<\/li>\n<li><b>IP67 v\u00edz\u00e1ll\u00f3s\u00e1gi besorol\u00e1s:<\/b> Teljesen z\u00e1rt \u00e9s t\u00f6m\u00edtett, a DM36-SS teljes m\u00e9rt\u00e9kben v\u00e9dett a por \u00e9s er\u0151s v\u00edzsugarak ellen, \u00edgy ide\u00e1lis b\u00e1rmilyen id\u0151j\u00e1r\u00e1si k\u00f6r\u00fclm\u00e9nyek k\u00f6z\u00f6tt t\u00f6rt\u00e9n\u0151 telep\u00edt\u00e9shez.<\/li>\n<li><b>Pr\u00e9mium Tier-1 f\u00e9nyforr\u00e1s:<\/b> Egy magas hat\u00e9konys\u00e1g\u00fa 3W-os LED \u00e1ltal m\u0171k\u00f6dtetve, <b>OSRAM<\/b> or <b>CREE<\/b>, megb\u00edzhat\u00f3, magas min\u0151s\u00e9g\u0171 f\u00e9nyt biztos\u00edtva (3000K vagy 4000K).<\/li>\n<li><b>Biztons\u00e1gos alacsony fesz\u00fclts\u00e9g\u0171 m\u0171k\u00f6d\u00e9s:<\/b> Olyan rendszerekhez tervezt\u00e9k, <b>DC12V\/24V<\/b> <strong><a href=\"https:\/\/ledsteplight.com\/hu\/ultimate-guide-to-landscape-inground-lighting-solutions\/\" class=\"waam-auto-link\" title=\"rendszerek\">rendszerek<\/a><\/strong>, biztos\u00edtva a biztons\u00e1got \u00e9s az egyszer\u0171 integr\u00e1ci\u00f3t a szakmai k\u00f6rnyezetbe <strong><a href=\"https:\/\/ledsteplight.com\/hu\/mistakes-to-avoid-when-installing-in-ground-driveway-lights\/\" class=\"waam-auto-link\" title=\"kertvil\u00e1g\u00edt\u00e1s\">kertvil\u00e1g\u00edt\u00e1s<\/a><\/strong> v\u00edz\u00e1ll\u00f3 t\u00e1jvil\u00e1g\u00edt\u00e1si<\/li>\n<li><b>Pontoss\u00e1g optika:<\/b> 15\u00b0, 30\u00b0, 45\u00b0 vagy 60\u00b0 sug\u00e1rir\u00e1ny\u00fa sz\u00f6gekkel el\u00e9rhet\u0151, hogy mindent l\u00e9trehozzon a szoros hangs\u00falyf\u00e9nyekt\u0151l a sz\u00e9les s\u00e1v\u00fa \u00fatjelz\u0151 vil\u00e1g\u00edt\u00e1sig <strong><a href=\"https:\/\/ledsteplight.com\/hu\/pir-sensor-step-light-top-advantages-for-safety\/\" class=\"waam-auto-link\" title=\"megvil\u00e1g\u00edt\u00e1s\u00e9rt\">megvil\u00e1g\u00edt\u00e1s\u00e9rt<\/a><\/strong>.<\/li>\n<\/ul>\n<p><b>Az \u00d6n B2B Gy\u00e1rt\u00e1si Partnere: Nagykereskedelem \u00e9s Egyedi Gy\u00e1rt\u00e1s<\/b><\/p>\n<p>Mi egy k\u00f6zvetlen <b>gy\u00e1rt\u00f3<\/b> a DM36-SS \u00e9s egy teljes sorozat \u00e9p\u00edt\u00e9szeti min\u0151s\u00e9g\u0171 vil\u00e1g\u00edt\u00e1ssal. Szak\u00e9rt\u00fcnk a forgalmaz\u00f3kkal, villanyszerel\u0151kkel \u00e9s t\u00e1j\u00e9p\u00edt\u00e9szekkel val\u00f3 egy\u00fcttm\u0171k\u00f6d\u00e9sben.<\/p>\n<ul>\n<li><b>Nagykereskedelmi \u00e1rak:<\/b> Versenyk\u00e9pes, r\u00e9teges <b>nagykereskedelmet k\u00edn\u00e1lunk<\/b> \u00e1rakat k\u00edn\u00e1lunk nagyobb t\u00e9telekre. Kapcsolatba l\u00e9phet csapatunkkal B2B \u00e1raj\u00e1nlat\u00e9rt.<\/li>\n<li><b>Egyedi (OEM\/ODM) megold\u00e1sok:<\/b> Sz\u00fcks\u00e9ge van m\u00f3dos\u00edt\u00e1sokra? Gy\u00e1rt\u00e1si szolg\u00e1ltat\u00e1sokat ny\u00fajtunk. <b>egyedi<\/b> Legyen sz\u00f3 specifikus sz\u00ednh\u0151m\u00e9rs\u00e9kletr\u0151l, sug\u00e1rir\u00e1nyr\u00f3l, k\u00e1b\u00e9lhosszr\u00f3l vagy m\u00e1rk\u00e1z\u00e1sr\u00f3l, m\u00e9rn\u00f6ki csapatunk az \u00d6n projektj\u00e9nek pontos k\u00f6vetelm\u00e9nyeihez igaz\u00edtja ezt a term\u00e9ket.<\/li>\n<\/ul>","protected":false},"excerpt":{"rendered":"<p>Tal\u00e1lja meg a DM36-SS 3W IP67 f\u00f6ldbe s\u00fcllyesztett l\u00e1mp\u00e1t k\u00f6zvetlen\u00fcl a <b>gy\u00e1rt\u00f3<\/b>. Szak\u00e9rt\u00fcnk <b>nagykereskedelmet k\u00edn\u00e1lunk<\/b> &amp; <b>egyedi<\/b> rozsdamentes ac\u00e9l t\u00e1jvil\u00e1g\u00edt\u00e1sban. 12V\/24V, CREE\/OSRAM chipek.<\/p>","protected":false},"featured_media":37356,"comment_status":"open","ping_status":"closed","template":"","meta":[],"product_brand":[],"product_cat":[100,426,427,428,439,429,440,430,441,126,431,442,443,432,433,444,112,464,445,446,106,434,435,436,437],"product_tag":[103,76,77,127,113,78,108],"class_list":{"0":"post-38083","1":"product","2":"type-product","3":"status-publish","4":"has-post-thumbnail","6":"product_cat-aluminum-ground-light","7":"product_cat-ceiling-recessed","8":"product_cat-ceiling-surface","9":"product_cat-ceiling-suspended","10":"product_cat-commercial","11":"product_cat-drivers","12":"product_cat-education","13":"product_cat-freestanding-light","14":"product_cat-hospitality","15":"product_cat-in-ground-light","16":"product_cat-industrial","17":"product_cat-infrastructure","18":"product_cat-landscape","19":"product_cat-landscaping","20":"product_cat-linear","21":"product_cat-office","22":"product_cat-outdoor-ground-light","23":"product_cat-c-outdoor-lighting","24":"product_cat-residential","25":"product_cat-retail","26":"product_cat-round-ground-light","27":"product_cat-table-lamp","28":"product_cat-track","29":"product_cat-wall-recessed","30":"product_cat-wall-surface","31":"product_tag-aluminum-ground-light","32":"product_tag-aluminum-housing","33":"product_tag-ground-light","34":"product_tag-in-ground-light","35":"product_tag-outdoor-ground-light","36":"product_tag-outdoor-lighting","37":"product_tag-round-ground-light","39":"first","40":"instock","41":"shipping-taxable","42":"product-type-simple"},"_links":{"self":[{"href":"https:\/\/ledsteplight.com\/hu\/wp-json\/wp\/v2\/product\/38083","targetHints":{"allow":["GET"]}}],"collection":[{"href":"https:\/\/ledsteplight.com\/hu\/wp-json\/wp\/v2\/product"}],"about":[{"href":"https:\/\/ledsteplight.com\/hu\/wp-json\/wp\/v2\/types\/product"}],"replies":[{"embeddable":true,"href":"https:\/\/ledsteplight.com\/hu\/wp-json\/wp\/v2\/comments?post=38083"}],"version-history":[{"count":3,"href":"https:\/\/ledsteplight.com\/hu\/wp-json\/wp\/v2\/product\/38083\/revisions"}],"predecessor-version":[{"id":38609,"href":"https:\/\/ledsteplight.com\/hu\/wp-json\/wp\/v2\/product\/38083\/revisions\/38609"}],"wp:featuredmedia":[{"embeddable":true,"href":"https:\/\/ledsteplight.com\/hu\/wp-json\/wp\/v2\/media\/37356"}],"wp:attachment":[{"href":"https:\/\/ledsteplight.com\/hu\/wp-json\/wp\/v2\/media?parent=38083"}],"wp:term":[{"taxonomy":"product_brand","embeddable":true,"href":"https:\/\/ledsteplight.com\/hu\/wp-json\/wp\/v2\/product_brand?post=38083"},{"taxonomy":"product_cat","embeddable":true,"href":"https:\/\/ledsteplight.com\/hu\/wp-json\/wp\/v2\/product_cat?post=38083"},{"taxonomy":"product_tag","embeddable":true,"href":"https:\/\/ledsteplight.com\/hu\/wp-json\/wp\/v2\/product_tag?post=38083"}],"curies":[{"name":"wp","href":"https:\/\/api.w.org\/{rel}","templated":true}]}}