{"id":38084,"date":"2025-09-08T13:04:27","date_gmt":"2025-09-08T13:04:27","guid":{"rendered":"https:\/\/ledsteplight.com\/import-placeholder-for-37254\/"},"modified":"2026-01-19T02:13:17","modified_gmt":"2026-01-19T02:13:17","slug":"mg-dm36-bz-outdoor-in-ground-lights","status":"publish","type":"product","link":"https:\/\/ledsteplight.com\/hu\/mg-dm36-bz-outdoor-in-ground-lights\/","title":{"rendered":"MG-DM36-BZ k\u00fclt\u00e9ri f\u00f6ldbe s\u00fcllyesztett l\u00e1mp\u00e1k | Nagybani \u00e9s OEM gy\u00e1r"},"content":{"rendered":"<table class=\"OxEWNITQ\">\n<thead>\n<tr>\n<th><strong>Term\u00e9kk\u00f3d<\/strong><\/th>\n<th>MG-DM36-BZ<\/th>\n<\/tr>\n<\/thead>\n<tbody>\n<tr>\n<td><strong>Term\u00e9k m\u00e9rete<\/strong><\/td>\n<td>\u00d850mm (\u00c1tm\u00e9r\u0151) x 50mm (Magass\u00e1g)<\/td>\n<\/tr>\n<tr>\n<td><strong>V\u00e1g\u00e1si m\u00e9ret<\/strong><\/td>\n<td>\u00d835mm (\u00c1tm\u00e9r\u0151) x 65mm (Magass\u00e1g) be\u00e9p\u00edtett telep\u00edt\u00e9shez<\/td>\n<\/tr>\n<tr>\n<td><strong>Funkci\u00f3vez\u00e9rl\u00e9s<\/strong><\/td>\n<td>N\/A (Nem szerepel konkr\u00e9t funkci\u00f3vez\u00e9rl\u00e9s)<\/td>\n<\/tr>\n<tr>\n<td><strong>F\u00e9nyforr\u00e1s<\/strong><\/td>\n<td>OSRAM \/ CREE LED<\/td>\n<\/tr>\n<tr>\n<td><strong>Teljes\u00edtm\u00e9ny<\/strong><\/td>\n<td>1-3W 300mA-n\u00e1l<\/td>\n<\/tr>\n<tr>\n<td><strong>S\u00faly<\/strong><\/td>\n<td>0,45 Kilogramm<\/td>\n<\/tr>\n<tr>\n<td><strong>AC bemenet<\/strong><\/td>\n<td>DC12V \/ DC24V<\/td>\n<\/tr>\n<tr>\n<td><strong>Vez\u00e9rl\u0151<\/strong><\/td>\n<td>Nem meghat\u00e1rozott (Lehet integr\u00e1lt vagy k\u00fcls\u0151)<\/td>\n<\/tr>\n<tr>\n<td><strong>Reflektor sz\u00f6g<\/strong><\/td>\n<td>\u00c1ll\u00edthat\u00f3 15, 30, 45 vagy 60 fokra<\/td>\n<\/tr>\n<tr>\n<td><strong><strong><a href=\"https:\/\/ledsteplight.com\/hu\/dm36b-pro-honeycomb-anti-glare-led-in-ground-light-ip67-24v-dc\/\" class=\"waam-auto-link\" title=\"Sz\u00ednh\u0151m\u00e9rs\u00e9klet\">Sz\u00ednh\u0151m\u00e9rs\u00e9klet<\/a><\/strong><\/strong><\/td>\n<td>3000K, 4000K<\/td>\n<\/tr>\n<tr>\n<td><strong>Csatlakoztat\u00e1s (Vezet\u00e9kek\/Hossz\/Csatlakoz\u00f3k)<\/strong><\/td>\n<td>Nem megadott<\/td>\n<\/tr>\n<tr>\n<td><strong>Anyag<\/strong><\/td>\n<td>Alum\u00ednium vagy Rozsdamentes Ac\u00e9l<\/td>\n<\/tr>\n<tr>\n<td><strong>Sz\u00edn\/Bevonat<\/strong><\/td>\n<td>Alum\u00ednium Matt Fel\u00fclet<\/td>\n<\/tr>\n<tr>\n<td><strong>IP besorol\u00e1s<\/strong><\/td>\n<td>IP67 (V\u00e9dett por \u00e9s v\u00edzbe mer\u00edt\u00e9s ellen 1 m\u00e9ter m\u00e9lys\u00e9gig)<\/td>\n<\/tr>\n<tr>\n<td><strong>Szerel\u00e9si m\u00f3d<\/strong><\/td>\n<td>Rejtett be\u00e9p\u00edt\u00e9s opcion\u00e1lis el\u0151re be\u00e1gyazott r\u00e9szekkel<\/td>\n<\/tr>\n<\/tbody>\n<\/table>\n<p>&nbsp;<\/p>\n<p data-start=\"94\" data-end=\"374\"><strong data-start=\"94\" data-end=\"146\">MG-DM36-BZ F\u00f6ldbe s\u00fcllyesztett LED l\u00e1mpa (4000K, ~3600 lm)<\/strong><br data-start=\"146\" data-end=\"149\" \/>Ha sz\u00fcks\u00e9ge van egy be\u00e9p\u00edthet\u0151<strong><a href=\"https:\/\/ledsteplight.com\/hu\/cree-bridgelux-chip-ip65-led-fixture-for-garden-facade-lighting\/\" class=\"waam-auto-link\" title=\"f\u00f6ldi vil\u00e1g\u00edt\u00e1s\">f\u00f6ldi vil\u00e1g\u00edt\u00e1s<\/a><\/strong> eszk\u00f6zre, ami egyszer\u0171en m\u0171k\u00f6dik \u2013 \u00e9s tov\u00e1bbra is m\u0171k\u00f6dik \u2013, akkor ez az. Az MG-DM36-BZ k\u00f6r\u00fclbel\u00fcl 3600 lument sz\u00f3r sz\u00e9t egy semleges 4000K-n, \u00edgy az utak, f\u00e1k \u00e9s homlokzatok tiszt\u00e1n \u00e9s egyenletesen n\u00e9znek ki an\u00e9lk\u00fcl a durva k\u00e9k \u00e1rnyalat n\u00e9lk\u00fcl.<\/p>\n<p data-start=\"1195\" data-end=\"1234\">","protected":false},"excerpt":{"rendered":"<div class=\"flex max-w-full flex-col flex-grow\">\n<div class=\"min-h-8 text-message relative flex w-full flex-col items-end gap-2 whitespace-normal break-words text-start [.text-message+&amp;]:mt-5\" dir=\"auto\" data-message-author-role=\"assistant\" data-message-id=\"5730eb60-14fe-420f-9de1-aa1b84070c8c\" data-message-model-slug=\"o3-mini\">\n<div class=\"flex w-full flex-col gap-1 empty:hidden first:pt-[3px]\">\n<div class=\"markdown prose w-full break-words dark:prose-invert light\">\n<p data-start=\"4032\" data-end=\"4548\">MG-DM36-BZ f\u00f6ldbe s\u00fcllyesztett LED (~3 600 lm, 4000K, IP67). Okos \u00fctemez\u00e9s a hat\u00e9kony, tart\u00f3s vil\u00e1g\u00edt\u00e1shoz s\u00e9t\u00e1nyokon, f\u00e1kon, homlokzatokon \u00e9s t\u00e1j\u00e9p\u00edt\u00e9szeti projekteken.<\/p>\n<\/div>\n<\/div>\n<\/div>\n<\/div>","protected":false},"featured_media":37360,"comment_status":"open","ping_status":"closed","template":"","meta":[],"product_brand":[],"product_cat":[100,426,427,428,439,429,440,430,441,126,431,442,443,432,433,444,112,464,445,446,106,434,435,436,437],"product_tag":[103,76,77,127,113,78,108],"class_list":{"0":"post-38084","1":"product","2":"type-product","3":"status-publish","4":"has-post-thumbnail","6":"product_cat-aluminum-ground-light","7":"product_cat-ceiling-recessed","8":"product_cat-ceiling-surface","9":"product_cat-ceiling-suspended","10":"product_cat-commercial","11":"product_cat-drivers","12":"product_cat-education","13":"product_cat-freestanding-light","14":"product_cat-hospitality","15":"product_cat-in-ground-light","16":"product_cat-industrial","17":"product_cat-infrastructure","18":"product_cat-landscape","19":"product_cat-landscaping","20":"product_cat-linear","21":"product_cat-office","22":"product_cat-outdoor-ground-light","23":"product_cat-c-outdoor-lighting","24":"product_cat-residential","25":"product_cat-retail","26":"product_cat-round-ground-light","27":"product_cat-table-lamp","28":"product_cat-track","29":"product_cat-wall-recessed","30":"product_cat-wall-surface","31":"product_tag-aluminum-ground-light","32":"product_tag-aluminum-housing","33":"product_tag-ground-light","34":"product_tag-in-ground-light","35":"product_tag-outdoor-ground-light","36":"product_tag-outdoor-lighting","37":"product_tag-round-ground-light","39":"first","40":"instock","41":"shipping-taxable","42":"product-type-simple"},"_links":{"self":[{"href":"https:\/\/ledsteplight.com\/hu\/wp-json\/wp\/v2\/product\/38084","targetHints":{"allow":["GET"]}}],"collection":[{"href":"https:\/\/ledsteplight.com\/hu\/wp-json\/wp\/v2\/product"}],"about":[{"href":"https:\/\/ledsteplight.com\/hu\/wp-json\/wp\/v2\/types\/product"}],"replies":[{"embeddable":true,"href":"https:\/\/ledsteplight.com\/hu\/wp-json\/wp\/v2\/comments?post=38084"}],"version-history":[{"count":4,"href":"https:\/\/ledsteplight.com\/hu\/wp-json\/wp\/v2\/product\/38084\/revisions"}],"predecessor-version":[{"id":38610,"href":"https:\/\/ledsteplight.com\/hu\/wp-json\/wp\/v2\/product\/38084\/revisions\/38610"}],"wp:featuredmedia":[{"embeddable":true,"href":"https:\/\/ledsteplight.com\/hu\/wp-json\/wp\/v2\/media\/37360"}],"wp:attachment":[{"href":"https:\/\/ledsteplight.com\/hu\/wp-json\/wp\/v2\/media?parent=38084"}],"wp:term":[{"taxonomy":"product_brand","embeddable":true,"href":"https:\/\/ledsteplight.com\/hu\/wp-json\/wp\/v2\/product_brand?post=38084"},{"taxonomy":"product_cat","embeddable":true,"href":"https:\/\/ledsteplight.com\/hu\/wp-json\/wp\/v2\/product_cat?post=38084"},{"taxonomy":"product_tag","embeddable":true,"href":"https:\/\/ledsteplight.com\/hu\/wp-json\/wp\/v2\/product_tag?post=38084"}],"curies":[{"name":"wp","href":"https:\/\/api.w.org\/{rel}","templated":true}]}}