{"id":38085,"date":"2025-09-08T13:04:27","date_gmt":"2025-09-08T13:04:27","guid":{"rendered":"https:\/\/ledsteplight.com\/import-placeholder-for-37255\/"},"modified":"2025-12-11T15:29:42","modified_gmt":"2025-12-11T15:29:42","slug":"8w-recessed-lighting-manufacturer-mg-dm80c-b2b-wholesale-custom-projects","status":"publish","type":"product","link":"https:\/\/ledsteplight.com\/hu\/8w-recessed-lighting-manufacturer-mg-dm80c-b2b-wholesale-custom-projects\/","title":{"rendered":"8W Be\u00e9p\u00edtett Vil\u00e1g\u00edt\u00e1s Gy\u00e1rt\u00f3 | MG-DM80c | B2B Nagykereskedelem \u00e9s Egyedi Projektek"},"content":{"rendered":"<table class=\"OxEWNITQ\">\n<thead>\n<tr>\n<th>Param\u00e9ter<\/th>\n<th>R\u00e9szletek<\/th>\n<\/tr>\n<\/thead>\n<tbody>\n<tr>\n<td><strong>Term\u00e9kk\u00f3d<\/strong><\/td>\n<td>MG-DM80c<\/td>\n<\/tr>\n<tr>\n<td><strong>Term\u00e9k m\u00e9rete<\/strong><\/td>\n<td>\u00d880mm \u00c1tm\u00e9r\u0151, 40mm Magass\u00e1g<\/td>\n<\/tr>\n<tr>\n<td><strong>Kiv\u00e1g\u00e1si M\u00e9ret<\/strong><\/td>\n<td>\u00d866mm \u00c1tm\u00e9r\u0151, 50mm Magass\u00e1g<\/td>\n<\/tr>\n<tr>\n<td><strong>Funkci\u00f3vez\u00e9rl\u00e9s<\/strong><\/td>\n<td>N\/A (Nem megadott)<\/td>\n<\/tr>\n<tr>\n<td><strong>F\u00e9nyforr\u00e1s<\/strong><\/td>\n<td>COB LED, RA90<\/td>\n<\/tr>\n<tr>\n<td><strong>Teljes\u00edtm\u00e9ny<\/strong><\/td>\n<td>5W-t\u00f3l 10W-ig<\/td>\n<\/tr>\n<tr>\n<td><strong>Term\u00e9k S\u00falya<\/strong><\/td>\n<td>1kg<\/td>\n<\/tr>\n<tr>\n<td><strong>Bemeneti Teljes\u00edtm\u00e9ny Param\u00e9terek<\/strong><\/td>\n<td>DC24V<\/td>\n<\/tr>\n<tr>\n<td><strong>Vez\u00e9rl\u0151<\/strong><\/td>\n<td>N\/A (\u00c1ltal\u00e1ban tartalmazza)<\/td>\n<\/tr>\n<tr>\n<td><strong>Reflektor sz\u00f6g<\/strong><\/td>\n<td>15\u00b0\/24\u00b0\/36\u00b0\/45\u00b0 \/ Aszimmetrikus 30\u00b0X40\u00b0<\/td>\n<\/tr>\n<tr>\n<td><strong><strong><a href=\"https:\/\/ledsteplight.com\/hu\/dm36b-pro-honeycomb-anti-glare-led-in-ground-light-ip67-24v-dc\/\" class=\"waam-auto-link\" title=\"Sz\u00ednh\u0151m\u00e9rs\u00e9klet\">Sz\u00ednh\u0151m\u00e9rs\u00e9klet<\/a><\/strong><\/strong><\/td>\n<td>3000K (Meleg Feh\u00e9r)<\/td>\n<\/tr>\n<tr>\n<td><strong>Vezet\u00e9kez\u00e9s\/Hossz\/Csatlakoz\u00f3<\/strong><\/td>\n<td>N\/A (Nem megadott)<\/td>\n<\/tr>\n<tr>\n<td><strong>Anyag<\/strong><\/td>\n<td>Alum\u00ednium<\/td>\n<\/tr>\n<tr>\n<td><strong>Sz\u00edn\/Szerkezet Fel\u00fclet<\/strong><\/td>\n<td>N\/A (Nem meghat\u00e1rozott, de \u00e1ltal\u00e1ban el\u00e9rhet\u0151 k\u00fcl\u00f6nb\u00f6z\u0151 opci\u00f3kban)<\/td>\n<\/tr>\n<tr>\n<td><strong>IP besorol\u00e1s<\/strong><\/td>\n<td>N\/A (Nem meghat\u00e1rozott, de gyakran utalnak hasonl\u00f3 term\u00e9kekre)<\/td>\n<\/tr>\n<tr>\n<td><strong>Szerel\u00e9si m\u00f3d<\/strong><\/td>\n<td>Rejtett R\u00f6gz\u00edt\u00e9s (Be\u00e9p\u00edtett, opcion\u00e1lis el\u0151re be\u00e1gyazott dobozzal)<\/td>\n<\/tr>\n<\/tbody>\n<\/table>\n<p>Az MG-DM80c egy professzion\u00e1lis szint\u0171 be\u00e9p\u00edthet\u0151 spotl\u00e1mpa, amelyet olyan alkalmaz\u00e1sokhoz terveztek, ahol a sz\u00ednpontoss\u00e1g kiemelten fontos. Magas teljes\u00edtm\u00e9ny\u0171 COB LED-je kiv\u00e9teles RA90 Sz\u00ednvisszaad\u00e1si Indexet (CRI) biztos\u00edt, \u00edgy ide\u00e1lis v\u00e1laszt\u00e1s magas sz\u00ednvonal\u00fa kiskereskedelmi kijelz\u0151kh\u00f6z, m\u0171v\u00e9szeti gal\u00e9ri\u00e1khoz, vend\u00e9gl\u00e1t\u00e1shoz \u00e9s modern lak\u00f3projektekhez.<\/p>\n<p>Massz\u00edv alum\u00ednium testb\u0151l k\u00e9sz\u00fclt, ez a 8W-es l\u00e1mpa optim\u00e1lis h\u0151kezel\u00e9st biztos\u00edt kompakt (\u00d880mm) kialak\u00edt\u00e1sban. Biztons\u00e1gos, hat\u00e9kony DC24V bemeneten m\u0171k\u00f6dik, k\u00f6nnyen integr\u00e1lhat\u00f3 \u00f6sszetett vil\u00e1g\u00edt\u00e1si rendszerekbe. <strong><a href=\"https:\/\/ledsteplight.com\/hu\/ultimate-guide-to-landscape-inground-lighting-solutions\/\" class=\"waam-auto-link\" title=\"rendszerek\">rendszerek<\/a><\/strong>.<\/p>\n<p><b>F\u0151 Jellemz\u0151k:<\/b><\/p>\n<ul>\n<li><b>Kiv\u00e9teles Sz\u00ednpontoss\u00e1g:<\/b> Pr\u00e9mium COB (Chip-on-Board) LED-et tartalmaz <b>CRI RA90<\/b>, biztos\u00edtva, hogy a bels\u0151 fel\u00fcletek, m\u0171alkot\u00e1sok \u00e9s \u00e1ruk val\u00f3di, \u00e9l\u00e9nk sz\u00ednekben legyenek bemutatva.<\/li>\n<li><b>Pontoss\u00e1gi Optikai Ellen\u0151rz\u00e9s:<\/b> El\u00e9rhet\u0151 t\u00f6bb sug\u00e1rir\u00e1ny\u00fa sz\u00f6ggel (15\u00b0\/24\u00b0\/36\u00b0\/45\u00b0) a prec\u00edzi\u00f3s <strong><a href=\"https:\/\/ledsteplight.com\/hu\/decoration\/\" class=\"waam-auto-link\" title=\"kiemel\u0151 vil\u00e1g\u00edt\u00e1ssal\">kiemel\u0151 vil\u00e1g\u00edt\u00e1ssal<\/a><\/strong>.<\/li>\n<li><b>Fejlett Aszimmetrikus Opci\u00f3:<\/b> A <b>Aszimmetrikus 30\u00b0X40\u00b0<\/b> a lencse kifejezetten hat\u00e9kony falmos\u00f3 hat\u00e1sra lett tervezve, oldalra tolva a f\u00e9nyt, hogy egyenletesen vil\u00e1g\u00edtson meg f\u00fcgg\u0151leges fel\u00fcleteket.<\/li>\n<li><b>Biztons\u00e1gos Alacsony Fesz\u00fclts\u00e9g\u0171 Bemenet:<\/b> Alap\u00e9rtelmezett <b>DC24V<\/b> m\u0171k\u00f6d\u00e9s ide\u00e1lis k\u00f6zponti energiaell\u00e1t\u00f3 rendszerekhez, \u00e9s biztons\u00e1got ny\u00fajt.<\/li>\n<li><b>Meleg, h\u00edvogat\u00f3 f\u00e9ny:<\/b> Az alap\u00e9rtelmezett 3000K (Meleg Feh\u00e9r) sz\u00ednh\u0151m\u00e9rs\u00e9klet k\u00e9nyelmes \u00e9s bar\u00e1ts\u00e1gos l\u00e9gk\u00f6rt teremt.<\/li>\n<li><b>Eleg\u00e1ns Telep\u00edt\u00e9s:<\/b> Tiszta, keret n\u00e9lk\u00fcli megjelen\u00e9sre tervezve \u00d866mm kiv\u00e1g\u00e1ssal.<\/li>\n<\/ul>\n<p><b>Az \u00d6n B2B Gy\u00e1rt\u00e1si Partnere<\/b><\/p>\n<p>Mi egy k\u00f6zvetlen <b>gy\u00e1rt\u00f3<\/b> k\u00fcl\u00f6n\u00f6sen magas sz\u00ednvonal\u00fa szak\u00e9rtelemmel <strong><a href=\"https:\/\/ledsteplight.com\/hu\/cree-bridgelux-chip-ip65-led-fixture-for-garden-facade-lighting\/\" class=\"waam-auto-link\" title=\"\u00e9p\u00edt\u00e9szeti vil\u00e1g\u00edt\u00e1st\">\u00e9p\u00edt\u00e9szeti vil\u00e1g\u00edt\u00e1st<\/a><\/strong> nemzetk\u00f6zi piac sz\u00e1m\u00e1ra.<\/p>\n<ul>\n<li><b>Nagykereskedelmi Sz\u00e1ll\u00edt\u00e1s:<\/b> Versenyk\u00e9pes <b>nagykereskedelmet k\u00edn\u00e1lunk<\/b> \u00c1raz\u00e1s vil\u00e1g\u00edt\u00e1stechnikai forgalmaz\u00f3k, elektromos kivitelez\u0151k \u00e9s nagyprojektek beszerz\u00e9se sz\u00e1m\u00e1ra.<\/li>\n<li><b>Egyedi \u00e9s OEM Megold\u00e1sok:<\/b> Gy\u00e1rk\u00e9nt teljes <b>egyedi<\/b> (OEM\/ODM) szolg\u00e1ltat\u00e1sokat ny\u00fajtunk. Testreszabhatjuk a fel\u00fcleteket, sz\u00ednh\u0151m\u00e9rs\u00e9kleteket vagy csatlakoz\u00f3kat, hogy megfeleljenek pontos projektk\u00f6vetelm\u00e9nyeinek. Vegye fel vel\u00fcnk a kapcsolatot az ig\u00e9nyei egyeztet\u00e9se \u00e9rdek\u00e9ben.<\/li>\n<\/ul>","protected":false},"excerpt":{"rendered":"<p>K\u00f6zvetlen <b>gy\u00e1rt\u00f3<\/b> az 8W COB Mennyezeti L\u00e1mpa (MG-DM80c) eset\u00e9ben. Magas CRI (RA90), DC24V, \u00e9s Aszimmetrikus lencse opci\u00f3k. B2B <b>nagykereskedelmet k\u00edn\u00e1lunk<\/b> \u00e1rakat \u00e9s <b>egyedi<\/b> megold\u00e1sokat k\u00edn\u00e1lunk.<\/p>","protected":false},"featured_media":37362,"comment_status":"open","ping_status":"closed","template":"","meta":[],"product_brand":[],"product_cat":[100,426,427,428,439,429,440,430,441,126,431,442,443,432,433,444,112,445,446,106,434,435,436,437],"product_tag":[103,76,127,113,78,114,115,108],"class_list":{"0":"post-38085","1":"product","2":"type-product","3":"status-publish","4":"has-post-thumbnail","6":"product_cat-aluminum-ground-light","7":"product_cat-ceiling-recessed","8":"product_cat-ceiling-surface","9":"product_cat-ceiling-suspended","10":"product_cat-commercial","11":"product_cat-drivers","12":"product_cat-education","13":"product_cat-freestanding-light","14":"product_cat-hospitality","15":"product_cat-in-ground-light","16":"product_cat-industrial","17":"product_cat-infrastructure","18":"product_cat-landscape","19":"product_cat-landscaping","20":"product_cat-linear","21":"product_cat-office","22":"product_cat-outdoor-ground-light","23":"product_cat-residential","24":"product_cat-retail","25":"product_cat-round-ground-light","26":"product_cat-table-lamp","27":"product_cat-track","28":"product_cat-wall-recessed","29":"product_cat-wall-surface","30":"product_tag-aluminum-ground-light","31":"product_tag-aluminum-housing","32":"product_tag-in-ground-light","33":"product_tag-outdoor-ground-light","34":"product_tag-outdoor-lighting","35":"product_tag-pathway-light","36":"product_tag-recessed-light","37":"product_tag-round-ground-light","39":"first","40":"instock","41":"shipping-taxable","42":"product-type-simple"},"_links":{"self":[{"href":"https:\/\/ledsteplight.com\/hu\/wp-json\/wp\/v2\/product\/38085","targetHints":{"allow":["GET"]}}],"collection":[{"href":"https:\/\/ledsteplight.com\/hu\/wp-json\/wp\/v2\/product"}],"about":[{"href":"https:\/\/ledsteplight.com\/hu\/wp-json\/wp\/v2\/types\/product"}],"replies":[{"embeddable":true,"href":"https:\/\/ledsteplight.com\/hu\/wp-json\/wp\/v2\/comments?post=38085"}],"version-history":[{"count":3,"href":"https:\/\/ledsteplight.com\/hu\/wp-json\/wp\/v2\/product\/38085\/revisions"}],"predecessor-version":[{"id":38611,"href":"https:\/\/ledsteplight.com\/hu\/wp-json\/wp\/v2\/product\/38085\/revisions\/38611"}],"wp:featuredmedia":[{"embeddable":true,"href":"https:\/\/ledsteplight.com\/hu\/wp-json\/wp\/v2\/media\/37362"}],"wp:attachment":[{"href":"https:\/\/ledsteplight.com\/hu\/wp-json\/wp\/v2\/media?parent=38085"}],"wp:term":[{"taxonomy":"product_brand","embeddable":true,"href":"https:\/\/ledsteplight.com\/hu\/wp-json\/wp\/v2\/product_brand?post=38085"},{"taxonomy":"product_cat","embeddable":true,"href":"https:\/\/ledsteplight.com\/hu\/wp-json\/wp\/v2\/product_cat?post=38085"},{"taxonomy":"product_tag","embeddable":true,"href":"https:\/\/ledsteplight.com\/hu\/wp-json\/wp\/v2\/product_tag?post=38085"}],"curies":[{"name":"wp","href":"https:\/\/api.w.org\/{rel}","templated":true}]}}